{"id":101,"date":"2022-06-09T08:40:39","date_gmt":"2022-06-09T08:40:39","guid":{"rendered":"http:\/\/www.uhu.es\/fondoubertostabile\/?page_id=101"},"modified":"2022-10-15T17:22:34","modified_gmt":"2022-10-15T17:22:34","slug":"el-fondo","status":"publish","type":"page","link":"http:\/\/www.uhu.es\/fondoubertostabile\/el-fondo\/","title":{"rendered":"El fondo"},"content":{"rendered":"\n\n\t<p><strong>\u00bfC\u00f3mo puedes consultar el fondo?<\/strong><\/p>\n<p>El Fondo est\u00e1 constituido por dos tipos de materiales: revistas de muy diverso formato y libros especializados en poes\u00eda y arte contempor\u00e1neas. Aunque los procesos de ordenaci\u00f3n, descripci\u00f3n y catalogaci\u00f3n est\u00e1n a\u00fan en marcha, se puede consultar el cat\u00e1logo de las obras existentes.<\/p>\n<p>Puedes acceder al cat\u00e1logo a trav\u00e9s de la Biblioteca Universitaria de Huelva aqu\u00ed:<\/p>\n\t\t\t<a href=\"https:\/\/columbus.uhu.es\/discovery\/collectionDiscovery?vid=34CBUA_UHU:VU1&#038;collectionId=81169678710004993\" target=\"_self\" role=\"button\" rel=\"noopener\">\n\t\t\t\t\t\t\tAcceso al Fondo Uberto Stabile\n\t\t\t\t\t<\/a>\n\t<p>Las consultas <em>in situ<\/em> deben realizarse en la sede f\u00edsica del Fondo:<\/p>\nFondo Uberto Stabile<br \/>\nFacultad de Humanidades<br \/>\nAvda 3 de Marzo, s\/n<br \/>\n21007 Huelva\n<p>Horario: Lunes a viernes de 10 a 14h.<\/p>\nContacto:<br \/>\nE-mail:\u00a0<a href=\"mailto:centro.patrimonio@uhu.es\" target=\"_blank\" rel=\"noopener\">centro.patrimonio@uhu.es<\/a><br \/>\nTel\u00e9fono: (+34)959219332\n\n","protected":false},"excerpt":{"rendered":"<p>\u00bfC\u00f3mo puedes consultar el fondo? El Fondo est\u00e1 constituido por dos tipos de materiales: revistas de muy diverso formato y libros especializados en poes\u00eda y arte contempor\u00e1neas. Aunque los procesos de ordenaci\u00f3n, descripci\u00f3n y catalogaci\u00f3n est\u00e1n a\u00fan en marcha, se puede consultar el cat\u00e1logo de las obras existentes. Puedes acceder al cat\u00e1logo a trav\u00e9s de &hellip;<\/p>\n<p class=\"read-more\"> <a class=\"\" href=\"http:\/\/www.uhu.es\/fondoubertostabile\/el-fondo\/\"> <span class=\"screen-reader-text\">El fondo<\/span> Read More &raquo;<\/a><\/p>\n","protected":false},"author":1,"featured_media":0,"parent":0,"menu_order":0,"comment_status":"closed","ping_status":"closed","template":"","meta":{"site-sidebar-layout":"no-sidebar","site-content-layout":"page-builder","ast-global-header-display":"","ast-main-header-display":"","ast-hfb-above-header-display":"","ast-hfb-below-header-display":"","ast-hfb-mobile-header-display":"","site-post-title":"disabled","ast-breadcrumbs-content":"","ast-featured-img":"disabled","footer-sml-layout":"","theme-transparent-header-meta":"default","adv-header-id-meta":"","stick-header-meta":"","header-above-stick-meta":"","header-main-stick-meta":"","header-below-stick-meta":""},"_links":{"self":[{"href":"http:\/\/www.uhu.es\/fondoubertostabile\/wp-json\/wp\/v2\/pages\/101"}],"collection":[{"href":"http:\/\/www.uhu.es\/fondoubertostabile\/wp-json\/wp\/v2\/pages"}],"about":[{"href":"http:\/\/www.uhu.es\/fondoubertostabile\/wp-json\/wp\/v2\/types\/page"}],"author":[{"embeddable":true,"href":"http:\/\/www.uhu.es\/fondoubertostabile\/wp-json\/wp\/v2\/users\/1"}],"replies":[{"embeddable":true,"href":"http:\/\/www.uhu.es\/fondoubertostabile\/wp-json\/wp\/v2\/comments?post=101"}],"version-history":[{"count":4,"href":"http:\/\/www.uhu.es\/fondoubertostabile\/wp-json\/wp\/v2\/pages\/101\/revisions"}],"predecessor-version":[{"id":214,"href":"http:\/\/www.uhu.es\/fondoubertostabile\/wp-json\/wp\/v2\/pages\/101\/revisions\/214"}],"wp:attachment":[{"href":"http:\/\/www.uhu.es\/fondoubertostabile\/wp-json\/wp\/v2\/media?parent=101"}],"curies":[{"name":"wp","href":"https:\/\/api.w.org\/{rel}","templated":true}]}}