{"id":118,"date":"2022-06-09T09:24:11","date_gmt":"2022-06-09T09:24:11","guid":{"rendered":"http:\/\/www.uhu.es\/fondoubertostabile\/?page_id=118"},"modified":"2022-06-09T09:25:32","modified_gmt":"2022-06-09T09:25:32","slug":"presentacion-del-fondo","status":"publish","type":"page","link":"http:\/\/www.uhu.es\/fondoubertostabile\/presentacion-del-fondo\/","title":{"rendered":"Presentaci\u00f3n del Fondo Uberto Stabile, con el poeta Antonio Orihuela (20\/3\/2018)"},"content":{"rendered":"\n\n\t<p><strong>Presentaci\u00f3n del Fondo Uberto Stabile, con el poeta Antonio Orihuela (20\/3\/2018)<\/strong><\/p>\n<p>El Fondo Uberto Stabile se present\u00f3 de manera oficial ante la Universidad y la sociedad onubense el 20 de marzo de 2018, junto con el <a href=\"http:\/\/www.uhu.es\/ciphcn\" target=\"_blank\" rel=\"noopener\">Centro de Investigaci\u00f3n en Patrimonio Hist\u00f3rico, Cultural y Natural<\/a>, del que forma parte.<\/p>\n<p>El acto tuvo lugar en el <a href=\"http:\/\/www.uhu.es\/fhum\" target=\"_blank\" rel=\"noopener\">Aula de Grados de la Facultad<\/a> y en \u00e9l intervinieron Alfonso Doctor, entonces Decano de la Facultad de Humanidades; Juan Campos, director del Centro de Investigaci\u00f3n en Patrimonio Hist\u00f3rico Cultural y Natural; Isabel Lara, Directora de la Biblioteca de la Universidad y el propio Uberto quien cont\u00f3 en primera persona en qu\u00e9 consiste esta enorme colecci\u00f3n que empezar\u00eda a hacer all\u00e1 por el a\u00f1o 1975 hasta nuestros d\u00edas. Como invitado especial al evento, estuvo Antonio Orihuela, poeta y escritor, impulsor del encuentro anual de poes\u00eda &#8220;Voces del Extremo&#8221; y gran\u00a0conocedor del Fondo.<\/p>\n<p>Tras las charlas y ponencias acerca del origen, contenido y futuro m\u00e1s cercano del Fondo Uberto Stabile, se pudo disfrutar de una muestra de aquellas publicaciones m\u00e1s significativas y originales. Los asistentes pudieron, asimismo, realizar una visita al Fondo guiados por el propio Stabile.<\/p>\n\t\t\t\t<img loading=\"lazy\" src=\"http:\/\/www.uhu.es\/fondoubertostabile\/wp-content\/uploads\/2022\/06\/Humanidades-Investigacion-Transferencia-Juan-Alguacil_1228987321_82273618_667x375.jpg\" alt=\"Humanidades-Investigacion-Transferencia-Juan-Alguacil_1228987321_82273618_667x375\" itemprop=\"image\" height=\"375\" width=\"667\" title=\"Humanidades-Investigacion-Transferencia-Juan-Alguacil_1228987321_82273618_667x375\" onerror=\"this.style.display='none'\"  \/>\n\t\t\t\t<img loading=\"lazy\" src=\"http:\/\/www.uhu.es\/fondoubertostabile\/wp-content\/uploads\/2022\/06\/29060551_358390251314325_7642243341623922405_o.jpg\" alt=\"29060551_358390251314325_7642243341623922405_o\" itemprop=\"image\" height=\"1365\" width=\"2048\" title=\"29060551_358390251314325_7642243341623922405_o\" onerror=\"this.style.display='none'\"  \/>\n\t\t\t\t<img loading=\"lazy\" src=\"http:\/\/www.uhu.es\/fondoubertostabile\/wp-content\/uploads\/2022\/06\/28827364_358390417980975_5073214349938138864_o.jpg\" alt=\"28827364_358390417980975_5073214349938138864_o\" itemprop=\"image\" height=\"1365\" width=\"2048\" title=\"28827364_358390417980975_5073214349938138864_o\" onerror=\"this.style.display='none'\"  \/>\n\t\t\t\t<img loading=\"lazy\" src=\"http:\/\/www.uhu.es\/fondoubertostabile\/wp-content\/uploads\/2022\/06\/28828813_358390254647658_4290514841341127258_o.jpg\" alt=\"28828813_358390254647658_4290514841341127258_o\" itemprop=\"image\" height=\"1365\" width=\"2048\" title=\"28828813_358390254647658_4290514841341127258_o\" onerror=\"this.style.display='none'\"  \/>\n\t\t\t\t<img loading=\"lazy\" src=\"http:\/\/www.uhu.es\/fondoubertostabile\/wp-content\/uploads\/2022\/06\/28828500_358390257980991_385953358307572588_o.jpg\" alt=\"28828500_358390257980991_385953358307572588_o\" itemprop=\"image\" height=\"1365\" width=\"2048\" title=\"28828500_358390257980991_385953358307572588_o\" onerror=\"this.style.display='none'\"  \/>\n\t<p><strong>Revista de prensa<\/strong><\/p>\n<p><a href=\"https:\/\/www.huelvainformacion.es\/huelva\/Onubense-dedica-centro-investigacion-patrimonio_0_1228977425.html\" target=\"_blank\" rel=\"noopener\">La Onubense dedica un centro de investigaci\u00f3n al patrimonio &#8211; Huelva Informaci\u00f3n<\/a><\/p>\n<p><a href=\"https:\/\/huelvaya.es\/2018\/03\/20\/centro-de-investigacion-en-patrimonio-y-fondo-uberto-stabile\/\" target=\"_blank\" rel=\"noopener\">Centro de Investigaci\u00f3n en Patrimonio y Fondo Uberto Stabile &#8211; HuelvaYa<\/a><\/p>\n<p><a href=\"https:\/\/www.20minutos.es\/noticia\/3293559\/0\/facultad-humanidades-presenta-centro-investigacion-patrimonio-que-agrupa-50-investigadores\/\" target=\"_blank\" rel=\"noopener\">La Facultad de Humanidades presenta el Centro de Investigaci\u00f3n en Patrimonio que agrupa a 50 investigadores &#8211; 20minutos<\/a><\/p>\n<h1 id=\"m25-24-26\"><\/h1>\n\n","protected":false},"excerpt":{"rendered":"<p>Presentaci\u00f3n del Fondo Uberto Stabile, con el poeta Antonio Orihuela (20\/3\/2018) El Fondo Uberto Stabile se present\u00f3 de manera oficial ante la Universidad y la sociedad onubense el 20 de marzo de 2018, junto con el Centro de Investigaci\u00f3n en Patrimonio Hist\u00f3rico, Cultural y Natural, del que forma parte. El acto tuvo lugar en el &hellip;<\/p>\n<p class=\"read-more\"> <a class=\"\" href=\"http:\/\/www.uhu.es\/fondoubertostabile\/presentacion-del-fondo\/\"> <span class=\"screen-reader-text\">Presentaci\u00f3n del Fondo Uberto Stabile, con el poeta Antonio Orihuela (20\/3\/2018)<\/span> Read More &raquo;<\/a><\/p>\n","protected":false},"author":1,"featured_media":0,"parent":0,"menu_order":0,"comment_status":"closed","ping_status":"closed","template":"","meta":{"site-sidebar-layout":"no-sidebar","site-content-layout":"page-builder","ast-global-header-display":"","ast-main-header-display":"","ast-hfb-above-header-display":"","ast-hfb-below-header-display":"","ast-hfb-mobile-header-display":"","site-post-title":"disabled","ast-breadcrumbs-content":"","ast-featured-img":"disabled","footer-sml-layout":"","theme-transparent-header-meta":"default","adv-header-id-meta":"","stick-header-meta":"","header-above-stick-meta":"","header-main-stick-meta":"","header-below-stick-meta":""},"_links":{"self":[{"href":"http:\/\/www.uhu.es\/fondoubertostabile\/wp-json\/wp\/v2\/pages\/118"}],"collection":[{"href":"http:\/\/www.uhu.es\/fondoubertostabile\/wp-json\/wp\/v2\/pages"}],"about":[{"href":"http:\/\/www.uhu.es\/fondoubertostabile\/wp-json\/wp\/v2\/types\/page"}],"author":[{"embeddable":true,"href":"http:\/\/www.uhu.es\/fondoubertostabile\/wp-json\/wp\/v2\/users\/1"}],"replies":[{"embeddable":true,"href":"http:\/\/www.uhu.es\/fondoubertostabile\/wp-json\/wp\/v2\/comments?post=118"}],"version-history":[{"count":2,"href":"http:\/\/www.uhu.es\/fondoubertostabile\/wp-json\/wp\/v2\/pages\/118\/revisions"}],"predecessor-version":[{"id":124,"href":"http:\/\/www.uhu.es\/fondoubertostabile\/wp-json\/wp\/v2\/pages\/118\/revisions\/124"}],"wp:attachment":[{"href":"http:\/\/www.uhu.es\/fondoubertostabile\/wp-json\/wp\/v2\/media?parent=118"}],"curies":[{"name":"wp","href":"https:\/\/api.w.org\/{rel}","templated":true}]}}