{"id":153,"date":"2022-06-09T10:11:02","date_gmt":"2022-06-09T10:11:02","guid":{"rendered":"http:\/\/www.uhu.es\/fondoubertostabile\/?page_id=153"},"modified":"2022-06-09T10:11:02","modified_gmt":"2022-06-09T10:11:02","slug":"pensamiento-y-cultura-en-valencia","status":"publish","type":"page","link":"http:\/\/www.uhu.es\/fondoubertostabile\/pensamiento-y-cultura-en-valencia\/","title":{"rendered":"Pensamiento y cultura en Valencia (1968-2000) (15\/10\/2019)"},"content":{"rendered":"\n\n\t<p><strong>Pensamiento y cultura en Valencia (1968-2000) (15\/10\/2019)<\/strong><\/p>\n<p>El FUS es un archivo heterog\u00e9neo y personal, que fue conform\u00e1ndose a lo largo de distintas etapas y distintos lugares que son, a su vez, sintom\u00e1ticos de horizontes intelectuales, creativos e hist\u00f3ricos singulares, y esta singularidad parece reclamar una aproximaci\u00f3n biobibliogr\u00e1fica a la carrera de Uberto Stabile.<\/p>\n<p><img loading=\"lazy\" src=\"http:\/\/www.uhu.es\/fondoubertostabile\/wp-content\/uploads\/2022\/06\/cartel_jornadas_def._page-0001-212x300.jpg\" alt=\"\" width=\"212\" height=\"300\" \/>Una etapa clave de su itinerario es la que convirti\u00f3 a Stabile en un destacado creador y dinamizador cultural en la ciudad de Valencia, en un periodo en el que esta viv\u00eda una gran efervescencia y se convert\u00eda en una de las sedes de movimientos contrahegem\u00f3nicos, como pueden ser los alentados por la Uni\u00f3n de Escritores del Pa\u00eds Valenciano (UEPV), que tuvo a Stabile como uno de sus fundadores. La jornada <em>Pensamiento y cultura en Valencia (1968-2000)<\/em>, celebrada el 15 de octubre de 2019 en el Aula de Grados de la Facultad de Humanidades de la Universidad de Huelva, ilumin\u00f3 la actividad intelectual y creativa all\u00ed desarrollada durante los a\u00f1os 70, 80 y 90, a partir de las reflexiones de testigos que vivieron en primera persona esas d\u00e9cadas y contribuyeron con sus trabajos a generar una producci\u00f3n art\u00edstica e intelectual alejada del discurso dominante.<\/p>\n<p>As\u00ed, Antonio M\u00e9ndez Rubio, poeta, cr\u00edtico y profesor de la UV, habl\u00f3 sobre la dimensi\u00f3n ut\u00f3pica de las pr\u00e1cticas culturales del momento, en &#8220;La isla ut\u00f3pica (Subcultura y activismo en Valencia 1986-2006)&#8221;. Le sigui\u00f3 el poeta, cr\u00edtico y profesor de la Universitat de Val\u00e8ncia Jos\u00e9 Luis Falc\u00f3, que repas\u00f3 el panorama po\u00e9tico de esos a\u00f1os en &#8220;Propuestas y editoriales po\u00e9ticas en Valencia en el marco de la poes\u00eda espa\u00f1ola 1968-1980&#8221;. Sigui\u00f3 la jornada Lola Andr\u00e9s, poeta y traductora, que se centr\u00f3 en la trayectoria espec\u00edfica de Stabile, en su charla &#8220;Uberto Stabile: trazas de un poeta outsider (Y alg\u00fan apunte sobre la poes\u00eda de las \u00faltimas d\u00e9cadas del siglo XX en Valencia)&#8221;. Por \u00faltimo, Jes\u00fas Pereira Silvestre, graduado en Gesti\u00f3n Cultural, habl\u00f3 sobre la presencia de la etapa valenciana en los materiales que atesora el Fondo de la Universidad.<\/p>\n\t\t\t\t<img loading=\"lazy\" src=\"http:\/\/www.uhu.es\/fondoubertostabile\/wp-content\/uploads\/2022\/06\/6cb458f0-2d62-4e13-a81a-5665059fb753-1.jpg\" alt=\"6cb458f0-2d62-4e13-a81a-5665059fb753\" itemprop=\"image\" height=\"1200\" width=\"1599\" title=\"6cb458f0-2d62-4e13-a81a-5665059fb753\" onerror=\"this.style.display='none'\"  \/>\n\t\t\t\t<img loading=\"lazy\" src=\"http:\/\/www.uhu.es\/fondoubertostabile\/wp-content\/uploads\/2022\/06\/00dad855-0d83-443d-8e90-366411b81ada.jpg\" alt=\"00dad855-0d83-443d-8e90-366411b81ada\" itemprop=\"image\" height=\"1200\" width=\"1599\" title=\"00dad855-0d83-443d-8e90-366411b81ada\" onerror=\"this.style.display='none'\"  \/>\n\t\t\t\t<img loading=\"lazy\" src=\"http:\/\/www.uhu.es\/fondoubertostabile\/wp-content\/uploads\/2022\/06\/3fa38c29-7a3b-4b87-87f6-4f1cc187ed11.jpg\" alt=\"3fa38c29-7a3b-4b87-87f6-4f1cc187ed11\" itemprop=\"image\" height=\"1200\" width=\"1599\" title=\"3fa38c29-7a3b-4b87-87f6-4f1cc187ed11\" onerror=\"this.style.display='none'\"  \/>\n\n","protected":false},"excerpt":{"rendered":"<p>Pensamiento y cultura en Valencia (1968-2000) (15\/10\/2019) El FUS es un archivo heterog\u00e9neo y personal, que fue conform\u00e1ndose a lo largo de distintas etapas y distintos lugares que son, a su vez, sintom\u00e1ticos de horizontes intelectuales, creativos e hist\u00f3ricos singulares, y esta singularidad parece reclamar una aproximaci\u00f3n biobibliogr\u00e1fica a la carrera de Uberto Stabile. Una &hellip;<\/p>\n<p class=\"read-more\"> <a class=\"\" href=\"http:\/\/www.uhu.es\/fondoubertostabile\/pensamiento-y-cultura-en-valencia\/\"> <span class=\"screen-reader-text\">Pensamiento y cultura en Valencia (1968-2000) (15\/10\/2019)<\/span> Read More &raquo;<\/a><\/p>\n","protected":false},"author":1,"featured_media":0,"parent":0,"menu_order":0,"comment_status":"closed","ping_status":"closed","template":"","meta":{"site-sidebar-layout":"no-sidebar","site-content-layout":"page-builder","ast-global-header-display":"","ast-main-header-display":"","ast-hfb-above-header-display":"","ast-hfb-below-header-display":"","ast-hfb-mobile-header-display":"","site-post-title":"disabled","ast-breadcrumbs-content":"","ast-featured-img":"disabled","footer-sml-layout":"","theme-transparent-header-meta":"default","adv-header-id-meta":"","stick-header-meta":"","header-above-stick-meta":"","header-main-stick-meta":"","header-below-stick-meta":""},"_links":{"self":[{"href":"http:\/\/www.uhu.es\/fondoubertostabile\/wp-json\/wp\/v2\/pages\/153"}],"collection":[{"href":"http:\/\/www.uhu.es\/fondoubertostabile\/wp-json\/wp\/v2\/pages"}],"about":[{"href":"http:\/\/www.uhu.es\/fondoubertostabile\/wp-json\/wp\/v2\/types\/page"}],"author":[{"embeddable":true,"href":"http:\/\/www.uhu.es\/fondoubertostabile\/wp-json\/wp\/v2\/users\/1"}],"replies":[{"embeddable":true,"href":"http:\/\/www.uhu.es\/fondoubertostabile\/wp-json\/wp\/v2\/comments?post=153"}],"version-history":[{"count":2,"href":"http:\/\/www.uhu.es\/fondoubertostabile\/wp-json\/wp\/v2\/pages\/153\/revisions"}],"predecessor-version":[{"id":159,"href":"http:\/\/www.uhu.es\/fondoubertostabile\/wp-json\/wp\/v2\/pages\/153\/revisions\/159"}],"wp:attachment":[{"href":"http:\/\/www.uhu.es\/fondoubertostabile\/wp-json\/wp\/v2\/media?parent=153"}],"curies":[{"name":"wp","href":"https:\/\/api.w.org\/{rel}","templated":true}]}}