{"id":183,"date":"2022-06-09T10:35:59","date_gmt":"2022-06-09T10:35:59","guid":{"rendered":"http:\/\/www.uhu.es\/fondoubertostabile\/?page_id=183"},"modified":"2022-06-09T10:39:16","modified_gmt":"2022-06-09T10:39:16","slug":"recursos-para-docentes","status":"publish","type":"page","link":"http:\/\/www.uhu.es\/fondoubertostabile\/recursos-para-docentes\/","title":{"rendered":"Recursos para docentes"},"content":{"rendered":"\n\n\t<p><strong>Recursos para docentes<\/strong><\/p>\n<p>El Fondo Uberto Stabile proporciona materiales que permiten generar propuestas de intervenci\u00f3n did\u00e1ctica que ensanchen el canon de la historia literaria y cultural reciente. La Facultad de Humanidades organiza <strong><a href=\"http:\/\/www.uhu.es\/fondoubertostabile\/wp-content\/uploads\/2022\/06\/TFG1920-2Taller_page-0001.jpg\" target=\"_blank\" rel=\"noopener\"><u>seminarios peri\u00f3dicos para estudiantes de TFG y TFM<\/u><\/a><\/strong> que quieran trabajar con estas publicaciones y algunos estudiantes del M\u00e1ster de Profesorado han realizado ya sus primeros proyectos did\u00e1cticos sobre el FUS.<\/p>\n<p>Margarita Garc\u00eda Candeira. <strong>&#8220;Mail art y educaci\u00f3n art\u00edstico-literaria: polifon\u00eda y resistencia. Propuesta did\u00e1ctica vinculada con el Fondo Uberto Stabile de la UHU&#8221;<\/strong>, en Miguel L\u00f3pez Verdejo (ed.), <em>Propuestas para una nueva did\u00e1ctica de la literatura (ESO y Bachillerato)<\/em>. Barcelona: Octaedro.<\/p>\n<p>Yohana Anaya Ruiz, <strong><em>Poemas para ver. Taller de poes\u00eda visual para alumnos de 2\u00ba ESO<\/em><\/strong>. Trabajo Fin de M\u00e1ster del M\u00e1ster de Profesorado de la Universidad de Huelva. Curso 2020-2021.<\/p>\n\n\n","protected":false},"excerpt":{"rendered":"<p>Recursos para docentes El Fondo Uberto Stabile proporciona materiales que permiten generar propuestas de intervenci\u00f3n did\u00e1ctica que ensanchen el canon de la historia literaria y cultural reciente. La Facultad de Humanidades organiza seminarios peri\u00f3dicos para estudiantes de TFG y TFM que quieran trabajar con estas publicaciones y algunos estudiantes del M\u00e1ster de Profesorado han realizado &hellip;<\/p>\n<p class=\"read-more\"> <a class=\"\" href=\"http:\/\/www.uhu.es\/fondoubertostabile\/recursos-para-docentes\/\"> <span class=\"screen-reader-text\">Recursos para docentes<\/span> Read More &raquo;<\/a><\/p>\n","protected":false},"author":1,"featured_media":0,"parent":0,"menu_order":0,"comment_status":"closed","ping_status":"closed","template":"","meta":{"site-sidebar-layout":"no-sidebar","site-content-layout":"page-builder","ast-global-header-display":"","ast-main-header-display":"","ast-hfb-above-header-display":"","ast-hfb-below-header-display":"","ast-hfb-mobile-header-display":"","site-post-title":"disabled","ast-breadcrumbs-content":"","ast-featured-img":"disabled","footer-sml-layout":"","theme-transparent-header-meta":"default","adv-header-id-meta":"","stick-header-meta":"","header-above-stick-meta":"","header-main-stick-meta":"","header-below-stick-meta":""},"_links":{"self":[{"href":"http:\/\/www.uhu.es\/fondoubertostabile\/wp-json\/wp\/v2\/pages\/183"}],"collection":[{"href":"http:\/\/www.uhu.es\/fondoubertostabile\/wp-json\/wp\/v2\/pages"}],"about":[{"href":"http:\/\/www.uhu.es\/fondoubertostabile\/wp-json\/wp\/v2\/types\/page"}],"author":[{"embeddable":true,"href":"http:\/\/www.uhu.es\/fondoubertostabile\/wp-json\/wp\/v2\/users\/1"}],"replies":[{"embeddable":true,"href":"http:\/\/www.uhu.es\/fondoubertostabile\/wp-json\/wp\/v2\/comments?post=183"}],"version-history":[{"count":4,"href":"http:\/\/www.uhu.es\/fondoubertostabile\/wp-json\/wp\/v2\/pages\/183\/revisions"}],"predecessor-version":[{"id":189,"href":"http:\/\/www.uhu.es\/fondoubertostabile\/wp-json\/wp\/v2\/pages\/183\/revisions\/189"}],"wp:attachment":[{"href":"http:\/\/www.uhu.es\/fondoubertostabile\/wp-json\/wp\/v2\/media?parent=183"}],"curies":[{"name":"wp","href":"https:\/\/api.w.org\/{rel}","templated":true}]}}