{"id":190,"date":"2022-06-09T10:40:50","date_gmt":"2022-06-09T10:40:50","guid":{"rendered":"http:\/\/www.uhu.es\/fondoubertostabile\/?page_id=190"},"modified":"2022-10-18T11:10:35","modified_gmt":"2022-10-18T11:10:35","slug":"proyecto-de-investigacion","status":"publish","type":"page","link":"http:\/\/www.uhu.es\/fondoubertostabile\/proyecto-de-investigacion\/","title":{"rendered":"Proyecto de Investigaci\u00f3n"},"content":{"rendered":"\n\n\t<p><strong>&#8220;Catalogaci\u00f3n, digitalizaci\u00f3n y estudio del Fondo Uberto Stabile de publicaciones peri\u00f3dicas: hacia una puesta en valor del patrimonio cultural de la Universidad de Huelva (1970-actualidad) (UHU-1260402 )&#8221;<\/strong><\/p>\n<p>&nbsp;<\/p>\n<p>El proyecto tiene como objetivo la puesta en valor y difusi\u00f3n del Fondo Uberto Stabile de publicaciones peri\u00f3dicas contempor\u00e1neas donadas por Stabile a la Universidad de Huelva en 2017 mediante dos tareas fundamentales. La primera es la digitalizaci\u00f3n de las revistas, sobre todo de aquellas cabeceras de especial singularidad y dif\u00edcil acceso para proceder a puesta a disposici\u00f3n de la comunidad intelectual. La segunda consiste en el estudio interpretativo de estas como elementos de emergencia en la historia cultural iberoamericana reciente, susceptibles de generar nuevas propuestas did\u00e1cticas.<\/p>\n<p>Est\u00e1 conformado por un equipo multidisciplinar e internacional, que re\u00fane profesorado especializado en teor\u00eda literaria, poes\u00eda contempor\u00e1nea, literatura comparada y did\u00e1ctica.<\/p>\n<p>El proyecto parte del reconocimiento profundo de las obligaciones inherentes a la administraci\u00f3n p\u00fablica de un legado intelectual y de la importancia del patrimonio y la memoria cultural como factores de dinamizaci\u00f3n intelectual e incluso econ\u00f3mica de un determinado territorio.<\/p>\n\t<p><strong>EQUIPO DE INVESTIGACI\u00d3N<\/strong><\/p>\n\t\t\t\t<img loading=\"lazy\" src=\"http:\/\/www.uhu.es\/fondoubertostabile\/wp-content\/uploads\/2022\/10\/foto-maes-150x150.png\" alt=\"Margarita Garc\u00eda Candeira\" itemprop=\"image\" height=\"150\" width=\"150\" title=\"Margarita Garc\u00eda Candeira\" onerror=\"this.style.display='none'\"  \/>\n\t<strong>IP: Margarita Garc\u00eda Candeira<br \/>\n<a href=\"http:\/\/www.uhu.es\/fondoubertostabile\/wp-content\/uploads\/2022\/10\/CV_MargaritaGarcia.pdf\" target=\"_blank\" rel=\"noopener\">CVA<\/a><\/strong>\n<p>Profesora titular de Did\u00e1ctica de la Lengua y la Literatura en la Universidad de Huelva. Ha estudiado en las Universidades de Santiago, St Andrews, Cambridge, C\u00f3rdoba y Kansas y ha publicado numerosos trabajos sobre l\u00edrica contempor\u00e1nea (Luis Garc\u00eda Montero, Jos\u00e9 \u00c1ngel Valente, Jorge Riechmann, Pere Gimferrer) as\u00ed como sobre educaci\u00f3n literaria.<\/p>\n\t\t\t\t<img loading=\"lazy\" src=\"http:\/\/www.uhu.es\/fondoubertostabile\/wp-content\/uploads\/2022\/10\/foto-Amor-PR-150x150.jpg\" alt=\"Amor P\u00e9rez\" itemprop=\"image\" height=\"150\" width=\"150\" title=\"Amor P\u00e9rez\" onerror=\"this.style.display='none'\"  \/>\n\t<strong>Amor P\u00e9rez Rodr\u00edguez<br \/>\n<a href=\"http:\/\/www.uhu.es\/fondoubertostabile\/wp-content\/uploads\/2022\/10\/CV_AmorPerez.pdf\" target=\"_blank\" rel=\"noopener\">CVA<\/a><\/strong>\n<p>Profesora titular de Did\u00e1ctica de la Lengua y la Literatura en la Universidad de Huelva. Experta en la aplicaci\u00f3n de nuevas tecnolog\u00edas a la ense\u00f1anza de las materias del \u00e1rea, sus reflexiones sobre la competencia medi\u00e1tica, difundidas en revistas de impacto (<em>Prisma Social<\/em>, 2018; <em>Textos. Did\u00e1ctica de la Lengua y la Literatura<\/em>, 2017; <em>Ocnos. Revista de Estudios sobre la Lectura<\/em>, 2016), est\u00e1n en la base de numerosos proyectos did\u00e1cticos que hacen dialogar lo impreso con las TIC.<\/p>\n\t\t\t\t<img loading=\"lazy\" src=\"http:\/\/www.uhu.es\/fondoubertostabile\/wp-content\/uploads\/2022\/10\/IMG_9540-150x150.jpg\" alt=\"Miguel \u00c1ngel M\u00e1rquez\" itemprop=\"image\" height=\"150\" width=\"150\" title=\"Miguel \u00c1ngel M\u00e1rquez\" onerror=\"this.style.display='none'\"  \/>\n\t<strong>Miguel \u00c1ngel M\u00e1rquez Guerrero<br \/>\n<a href=\"http:\/\/www.uhu.es\/fondoubertostabile\/wp-content\/uploads\/2022\/10\/CV_MiguelAngelMarquez.pdf\" target=\"_blank\" rel=\"noopener\">CVA<\/a><\/strong>\n<p>Catedr\u00e1tico de Teor\u00eda de la literatura y Literatura comparada en la Universidad de Huelva. Ha publicado ensayos sobre m\u00e9trica en foros como <em>Revista de Literatura<\/em> (2009), <em>Rhythmica<\/em> (2003) o <em>Bulletin of Hispanic Studies<\/em> (2000) y ha indagado en la interrelaci\u00f3n entre artes en los campos de la mitolog\u00eda comparada y el estudio de la \u00e9cfrasis.<\/p>\n\t\t\t\t<img loading=\"lazy\" src=\"http:\/\/www.uhu.es\/fondoubertostabile\/wp-content\/uploads\/2022\/10\/Alvaro-Salvador-por-Juan-Ortiz2-150x150.jpg\" alt=\"Alvaro Salvador\" itemprop=\"image\" height=\"150\" width=\"150\" title=\"Alvaro Salvador\" onerror=\"this.style.display='none'\"  \/>\n\t<strong>\u00c1lvaro Salvador Jofre<br \/>\n<a href=\"http:\/\/www.uhu.es\/fondoubertostabile\/wp-content\/uploads\/2022\/10\/CV_AlvaroSalvador.pdf\" target=\"_blank\" rel=\"noopener\">CVA<\/a><\/strong>\n<p>Catedr\u00e1tico de Literatura Hispanoamericana en la Universidad de Granada. Ha explorado extensamente la historia literaria iberoamericana en vol\u00famenes como <em>Introducci\u00f3n al estudio de la literatura hispanoamericana<\/em> (1987) o <em>Espacios, estrategias, territorios. Algunas aproximaciones a la literatura hispanoamericana del siglo XX<\/em> (2012). Destacado poeta, ha sido asimismo protagonista de algunos de los movimientos culturales y contraculturales de los a\u00f1os 70 y 80, especialmente en el marco granadino y andaluz, poniendo en marcha revistas de la importancia de <em>Tragaluz<\/em>, <em>Olvidos de Granada<\/em> o <em>Letras del Sur<\/em>.<\/p>\n\t<p><strong>EQUIPO DE TRABAJO<\/strong><\/p>\n\t\t\t\t<img loading=\"lazy\" src=\"http:\/\/www.uhu.es\/fondoubertostabile\/wp-content\/uploads\/2022\/10\/foto_isaac_lourido-150x150.png\" alt=\"Isaac Lourido\" itemprop=\"image\" height=\"150\" width=\"150\" title=\"Isaac Lourido\" onerror=\"this.style.display='none'\"  \/>\n\t<strong>Isaac Lourido Hermida<br \/>\n<a href=\"http:\/\/www.uhu.es\/fondoubertostabile\/wp-content\/uploads\/2022\/10\/CV_IsaacLourido.pdf\" target=\"_blank\" rel=\"noopener\">CVA<\/a><\/strong>\n<p>Profesor de Filolog\u00eda Gallega y Portuguesa en la Universidade da Coru\u00f1a. Gran conocedor del funcionamiento de la historia cultural y literaria, destaca asimismo por sus estudios de las pr\u00e1cticas culturales resistentes en el campo gallego contempor\u00e1neo, como <em>Livros que nom l\u00ea ningu\u00e9m. Poesia, movimentos sociais e antagonismo pol\u00edtico na Galiza<\/em> (2014) o <em>Hist\u00f3ria literaria e conflicto cultural<\/em>. <em>Bases para umha hist\u00f3ria sist\u00e9mica da literatura na Galiza<\/em>\u00a0(2014). Ha analizado el componente performativo y de intervenci\u00f3n p\u00fablica presente en ciertas estrategias po\u00e9ticas caracterizadas por la hibridez y la medialidad.<\/p>\n\t\t\t\t<img loading=\"lazy\" src=\"http:\/\/www.uhu.es\/fondoubertostabile\/wp-content\/uploads\/2022\/10\/Miguel-Lopez-Verdejo-150x150.jpg\" alt=\"Miguel L\u00f3pez Verdejo\" itemprop=\"image\" height=\"150\" width=\"150\" title=\"Miguel L\u00f3pez Verdejo\" onerror=\"this.style.display='none'\"  \/>\n\t<strong>Miguel L\u00f3pez-Verdejo<br \/>\n<\/strong><a href=\"http:\/\/www.uhu.es\/fondoubertostabile\/wp-content\/uploads\/2022\/10\/CV_MiguelLopezVerdejo.pdf\" target=\"_blank\" rel=\"noopener\"><strong>CVA<\/strong><\/a>\n<p>Profesor de ESO en el Centro Virgen del Roc\u00edo de Huelva y profesor asociado en Did\u00e1ctica de la Lengua y la Literatura en la Universidad de Huelva. Doctor en Literatura espa\u00f1ola con una tesis comparat\u00edstica sobre literatura \u00e1urea y m\u00fasica, su investigaci\u00f3n se centra en la literatura infantil y juvenil, las relaciones entre literatura y m\u00fasica y la presencia de los cl\u00e1sicos en las aulas.<\/p>\n\t\t\t\t<img loading=\"lazy\" src=\"http:\/\/www.uhu.es\/fondoubertostabile\/wp-content\/uploads\/2022\/10\/Diseno-sin-titulo.jpg\" alt=\"Dise\u00f1o sin t\u00edtulo\" itemprop=\"image\" height=\"150\" width=\"150\" title=\"Dise\u00f1o sin t\u00edtulo\" onerror=\"this.style.display='none'\"  \/>\n\t<p><strong>Jonathan Mayhew<\/strong><\/p>\n\nCatedr\u00e1tico de Espa\u00f1ol en la University of Kansas (EEUU). Interesado en las relaciones entre las culturas estadounidense y espa\u00f1ola, ha realizado inquisitivas exploraciones cr\u00edticas del canon po\u00e9tico reciente como <em>The Poetics of Self-Consciousness. <\/em><em>Twentieth-Century Spanish Poetry<\/em> (1994) y <em>The Twilight of the Avant-garde. <\/em><em>Spanish Poetry (1980-2000)<\/em> (2009). Ha analizado en profundidad la herencia lorquiana en la cultura actual, en obras como <em>Apocryphal Lorca. <\/em><em>Translation, Parody, Kitsch<\/em> (2009) y <em>Lorca&#8217;s Legacy: Essays in Interpretation <\/em>(2018).\n\t\t\t\t<img loading=\"lazy\" src=\"http:\/\/www.uhu.es\/fondoubertostabile\/wp-content\/uploads\/2022\/10\/Diseno-sin-titulo.jpg\" alt=\"Dise\u00f1o sin t\u00edtulo\" itemprop=\"image\" height=\"150\" width=\"150\" title=\"Dise\u00f1o sin t\u00edtulo\" onerror=\"this.style.display='none'\"  \/>\n\t<p><strong>Manuel Gonz\u00e1lez Mairena<\/strong><\/p>\n\nProfesor de ESO y Bachillerato en el IES Estuaria de Huelva. Doctor en Did\u00e1ctica de la Lengua y la Literatura por la Universidad de Huelva, se ha especializado en el an\u00e1lisis de los gustos y preferencias de los adolescentes en relaci\u00f3n con la poes\u00eda actual. Es autor asimismo de los poemarios <em>Tribulaciones de don Simbad El Marino<\/em> (2009), <em>Memoria extra\u00edble<\/em> (2014) y <em>Los m\u00edos<\/em> (2020).\n\t\t\t\t<img loading=\"lazy\" src=\"http:\/\/www.uhu.es\/fondoubertostabile\/wp-content\/uploads\/2022\/10\/Diseno-sin-titulo.jpg\" alt=\"Dise\u00f1o sin t\u00edtulo\" itemprop=\"image\" height=\"150\" width=\"150\" title=\"Dise\u00f1o sin t\u00edtulo\" onerror=\"this.style.display='none'\"  \/>\n\t<p><strong>Manuel G\u00f3mez N\u00fa\u00f1ez<\/strong><\/p>\n<p>Contratado proyecto. Graduado en el Doble Grado en Filolog\u00eda Hisp\u00e1nica y Estudios Ingleses por la Universidad de Huelva. Premio extraordinario de fin de carrera en Filolog\u00eda Hisp\u00e1nica, Estudios Ingleses y mejor expediente de la Universidad de Huelva en 2019.<\/p>\n\n","protected":false},"excerpt":{"rendered":"<p>&#8220;Catalogaci\u00f3n, digitalizaci\u00f3n y estudio del Fondo Uberto Stabile de publicaciones peri\u00f3dicas: hacia una puesta en valor del patrimonio cultural de la Universidad de Huelva (1970-actualidad) (UHU-1260402 )&#8221; &nbsp; El proyecto tiene como objetivo la puesta en valor y difusi\u00f3n del Fondo Uberto Stabile de publicaciones peri\u00f3dicas contempor\u00e1neas donadas por Stabile a la Universidad de Huelva &hellip;<\/p>\n<p class=\"read-more\"> <a class=\"\" href=\"http:\/\/www.uhu.es\/fondoubertostabile\/proyecto-de-investigacion\/\"> <span class=\"screen-reader-text\">Proyecto de Investigaci\u00f3n<\/span> Read More &raquo;<\/a><\/p>\n","protected":false},"author":1,"featured_media":0,"parent":0,"menu_order":0,"comment_status":"closed","ping_status":"closed","template":"","meta":{"site-sidebar-layout":"no-sidebar","site-content-layout":"page-builder","ast-global-header-display":"","ast-main-header-display":"","ast-hfb-above-header-display":"","ast-hfb-below-header-display":"","ast-hfb-mobile-header-display":"","site-post-title":"disabled","ast-breadcrumbs-content":"","ast-featured-img":"disabled","footer-sml-layout":"","theme-transparent-header-meta":"default","adv-header-id-meta":"","stick-header-meta":"","header-above-stick-meta":"","header-main-stick-meta":"","header-below-stick-meta":""},"_links":{"self":[{"href":"http:\/\/www.uhu.es\/fondoubertostabile\/wp-json\/wp\/v2\/pages\/190"}],"collection":[{"href":"http:\/\/www.uhu.es\/fondoubertostabile\/wp-json\/wp\/v2\/pages"}],"about":[{"href":"http:\/\/www.uhu.es\/fondoubertostabile\/wp-json\/wp\/v2\/types\/page"}],"author":[{"embeddable":true,"href":"http:\/\/www.uhu.es\/fondoubertostabile\/wp-json\/wp\/v2\/users\/1"}],"replies":[{"embeddable":true,"href":"http:\/\/www.uhu.es\/fondoubertostabile\/wp-json\/wp\/v2\/comments?post=190"}],"version-history":[{"count":13,"href":"http:\/\/www.uhu.es\/fondoubertostabile\/wp-json\/wp\/v2\/pages\/190\/revisions"}],"predecessor-version":[{"id":240,"href":"http:\/\/www.uhu.es\/fondoubertostabile\/wp-json\/wp\/v2\/pages\/190\/revisions\/240"}],"wp:attachment":[{"href":"http:\/\/www.uhu.es\/fondoubertostabile\/wp-json\/wp\/v2\/media?parent=190"}],"curies":[{"name":"wp","href":"https:\/\/api.w.org\/{rel}","templated":true}]}}