{"id":77,"date":"2022-06-09T07:32:06","date_gmt":"2022-06-09T07:32:06","guid":{"rendered":"http:\/\/www.uhu.es\/fondoubertostabile\/?page_id=77"},"modified":"2022-06-09T08:11:16","modified_gmt":"2022-06-09T08:11:16","slug":"equipo","status":"publish","type":"page","link":"http:\/\/www.uhu.es\/fondoubertostabile\/equipo\/","title":{"rendered":"Equipo"},"content":{"rendered":"\n\n\t<p><strong><em>Coordinaci\u00f3n<\/em><\/strong><\/p>\n<p>Margarita Garc\u00eda Candeira (PTU de Did\u00e1ctica de la Lengua y la Literatura, Universidad de Huelva)<\/p>\n<p><strong><em>Personal contratado<\/em><\/strong><\/p>\n<p>Manuel G\u00f3mez N\u00fa\u00f1ez (Contratado proyecto UHU-1260402)<\/p>\n<p>Francisco Manuel N\u00fa\u00f1ez D\u00edaz (Contratado SGJ &#8211; CIPHCN).<\/p>\n<p>Mar\u00eda Jos\u00e9 Avil\u00e9s Carrasco (Contratada SGJ &#8211; CIPHCN)<\/p>\n<p>Diana Clemente (Contratada SGJ &#8211; Biblioteca Universitaria)<\/p>\n<p><strong><em>Estudiantes en pr\u00e1cticas<\/em><\/strong><\/p>\n<p>Anna Bertoco (Universit\u00e1 C\u00e0 Foscari, Venecia)<\/p>\n<p>Mar\u00eda Arroyo Dom\u00ednguez (Grado en Filolog\u00eda Hisp\u00e1nica)<\/p>\n<p>Rut Rodr\u00edguez de C\u00f3zar (Grado en Estudios Ingleses)<\/p>\n\n","protected":false},"excerpt":{"rendered":"<p>Coordinaci\u00f3n Margarita Garc\u00eda Candeira (PTU de Did\u00e1ctica de la Lengua y la Literatura, Universidad de Huelva) Personal contratado Manuel G\u00f3mez N\u00fa\u00f1ez (Contratado proyecto UHU-1260402) Francisco Manuel N\u00fa\u00f1ez D\u00edaz (Contratado SGJ &#8211; CIPHCN). Mar\u00eda Jos\u00e9 Avil\u00e9s Carrasco (Contratada SGJ &#8211; CIPHCN) Diana Clemente (Contratada SGJ &#8211; Biblioteca Universitaria) Estudiantes en pr\u00e1cticas Anna Bertoco (Universit\u00e1 C\u00e0 Foscari, &hellip;<\/p>\n<p class=\"read-more\"> <a class=\"\" href=\"http:\/\/www.uhu.es\/fondoubertostabile\/equipo\/\"> <span class=\"screen-reader-text\">Equipo<\/span> Read More &raquo;<\/a><\/p>\n","protected":false},"author":1,"featured_media":0,"parent":0,"menu_order":0,"comment_status":"closed","ping_status":"closed","template":"","meta":{"site-sidebar-layout":"no-sidebar","site-content-layout":"page-builder","ast-global-header-display":"","ast-main-header-display":"","ast-hfb-above-header-display":"","ast-hfb-below-header-display":"","ast-hfb-mobile-header-display":"","site-post-title":"disabled","ast-breadcrumbs-content":"","ast-featured-img":"disabled","footer-sml-layout":"","theme-transparent-header-meta":"default","adv-header-id-meta":"","stick-header-meta":"","header-above-stick-meta":"","header-main-stick-meta":"","header-below-stick-meta":""},"_links":{"self":[{"href":"http:\/\/www.uhu.es\/fondoubertostabile\/wp-json\/wp\/v2\/pages\/77"}],"collection":[{"href":"http:\/\/www.uhu.es\/fondoubertostabile\/wp-json\/wp\/v2\/pages"}],"about":[{"href":"http:\/\/www.uhu.es\/fondoubertostabile\/wp-json\/wp\/v2\/types\/page"}],"author":[{"embeddable":true,"href":"http:\/\/www.uhu.es\/fondoubertostabile\/wp-json\/wp\/v2\/users\/1"}],"replies":[{"embeddable":true,"href":"http:\/\/www.uhu.es\/fondoubertostabile\/wp-json\/wp\/v2\/comments?post=77"}],"version-history":[{"count":4,"href":"http:\/\/www.uhu.es\/fondoubertostabile\/wp-json\/wp\/v2\/pages\/77\/revisions"}],"predecessor-version":[{"id":85,"href":"http:\/\/www.uhu.es\/fondoubertostabile\/wp-json\/wp\/v2\/pages\/77\/revisions\/85"}],"wp:attachment":[{"href":"http:\/\/www.uhu.es\/fondoubertostabile\/wp-json\/wp\/v2\/media?parent=77"}],"curies":[{"name":"wp","href":"https:\/\/api.w.org\/{rel}","templated":true}]}}