{"id":2508,"date":"2016-09-30T09:34:23","date_gmt":"2016-09-30T09:34:23","guid":{"rendered":"http:\/\/localhost\/flash-new\/?page_id=4"},"modified":"2025-05-16T16:24:56","modified_gmt":"2025-05-16T14:24:56","slug":"home","status":"publish","type":"page","link":"https:\/\/www.uhu.es\/alprode\/","title":{"rendered":"Home"},"content":{"rendered":"<div id=\"pl-2508\"  class=\"panel-layout\" ><div id=\"pg-2508-0\"  class=\"panel-grid panel-has-style\" ><div class=\"siteorigin-panels-stretch panel-row-style panel-row-style-for-2508-0\" data-stretch-type=\"full-width-stretch\" ><div id=\"pgc-2508-0-0\"  class=\"panel-grid-cell\" ><div id=\"panel-2508-0-0-0\" class=\"so-panel widget widget_themegrill_flash_slider tg-section tg-slider-widget panel-first-child panel-last-child\" data-index=\"0\" ><div class=\"tg-slider-widget slider-dark slider-content-center slider-control-center full-width\">\n\t<div class=\"swiper-container\">\n\t\t<div class=\"swiper-wrapper\">\n\t\t\t\n\t\t\t\t\t<div class=\"swiper-slide\">\n\t\t\t\t\t\t<figure class=\"slider-image\" >\n\t\t\t\t\t\t\t<img width=\"2000\" height=\"1104\"\t\t\t\t\t\t\t\t\tsrc=\"https:\/\/www.uhu.es\/alprode\/wp-content\/uploads\/2025\/04\/WhatsApp-Image-2025-02-13-at-00.21.57-recortada-2.jpeg\"\n\t\t\t\t\t\t\t\t\talt=\"PROYECTO ALPRODE\"\n\t\t\t\t\t\t\t\t\ttitle=\"PROYECTO ALPRODE\"\/>\n\t\t\t\t\t\t\t<div class=\"overlay\"><\/div>\n\t\t\t\t\t\t<\/figure>\n\t\t\t\t\t\t<div class=\"slider-content\">\n\t\t\t\t\t\t\t<div class=\"tg-container\">\n\t\t\t\t\t\t\t\t<div class=\"caption-title\">PROYECTO ALPRODE<\/div>\n\t\t\t\t\t\t\t\t<div class=\"caption-desc\">Innovaci\u00f3n curricular mediante la vinculaci\u00f3n socio-empresarial para el desarrollo productivo sostenible en Colombia y Ecuador<\/div>\n\t\t\t\t\t\t\t\t\t\t\t\t\t\t\t<\/div>\n\t\t\t\t\t\t<\/div>\n\t\t\t\t\t<\/div>\n\n\t\t\t\t\n\t\t\t\t\t<div class=\"swiper-slide\">\n\t\t\t\t\t\t<figure class=\"slider-image\" >\n\t\t\t\t\t\t\t<img width=\"2499\" height=\"1302\"\t\t\t\t\t\t\t\t\tsrc=\"https:\/\/www.uhu.es\/alprode\/wp-content\/uploads\/2025\/04\/reunion-alprode-1-1-1.jpg\"\n\t\t\t\t\t\t\t\t\talt=\"PROYECTO ALPRODE\"\n\t\t\t\t\t\t\t\t\ttitle=\"PROYECTO ALPRODE\"\/>\n\t\t\t\t\t\t\t<div class=\"overlay\"><\/div>\n\t\t\t\t\t\t<\/figure>\n\t\t\t\t\t\t<div class=\"slider-content\">\n\t\t\t\t\t\t\t<div class=\"tg-container\">\n\t\t\t\t\t\t\t\t<div class=\"caption-title\">PROYECTO ALPRODE<\/div>\n\t\t\t\t\t\t\t\t<div class=\"caption-desc\">Innovaci\u00f3n curricular mediante la vinculaci\u00f3n socio-empresarial para el desarrollo productivo sostenible en Colombia y Ecuador<\/div>\n\t\t\t\t\t\t\t\t\t\t\t\t\t\t\t<\/div>\n\t\t\t\t\t\t<\/div>\n\t\t\t\t\t<\/div>\n\n\t\t\t\t\n\t\t\t\t\t<div class=\"swiper-slide\">\n\t\t\t\t\t\t<figure class=\"slider-image\" >\n\t\t\t\t\t\t\t<img width=\"2560\" height=\"1440\"\t\t\t\t\t\t\t\t\tsrc=\"https:\/\/www.uhu.es\/alprode\/wp-content\/uploads\/2025\/05\/P5053979-1-1-scaled.jpg\"\n\t\t\t\t\t\t\t\t\talt=\"PROYECTO ALPRODE\"\n\t\t\t\t\t\t\t\t\ttitle=\"PROYECTO ALPRODE\"\/>\n\t\t\t\t\t\t\t<div class=\"overlay\"><\/div>\n\t\t\t\t\t\t<\/figure>\n\t\t\t\t\t\t<div class=\"slider-content\">\n\t\t\t\t\t\t\t<div class=\"tg-container\">\n\t\t\t\t\t\t\t\t<div class=\"caption-title\">PROYECTO ALPRODE<\/div>\n\t\t\t\t\t\t\t\t<div class=\"caption-desc\">Innovaci\u00f3n curricular mediante la vinculaci\u00f3n socio-empresarial para el desarrollo productivo sostenible en Colombia y Ecuador<\/div>\n\t\t\t\t\t\t\t\t\t\t\t\t\t\t\t<\/div>\n\t\t\t\t\t\t<\/div>\n\t\t\t\t\t<\/div>\n\n\t\t\t\t\n\t\t\t\t\t<div class=\"swiper-slide\">\n\t\t\t\t\t\t<figure class=\"slider-image\" >\n\t\t\t\t\t\t\t<img width=\"1250\" height=\"823\"\t\t\t\t\t\t\t\t\tsrc=\"https:\/\/www.uhu.es\/alprode\/wp-content\/uploads\/2025\/05\/P5094099_resized_resized-3.jpg\"\n\t\t\t\t\t\t\t\t\talt=\"PROYECTO ALPRODE\"\n\t\t\t\t\t\t\t\t\ttitle=\"PROYECTO ALPRODE\"\/>\n\t\t\t\t\t\t\t<div class=\"overlay\"><\/div>\n\t\t\t\t\t\t<\/figure>\n\t\t\t\t\t\t<div class=\"slider-content\">\n\t\t\t\t\t\t\t<div class=\"tg-container\">\n\t\t\t\t\t\t\t\t<div class=\"caption-title\">PROYECTO ALPRODE<\/div>\n\t\t\t\t\t\t\t\t<div class=\"caption-desc\">Innovaci\u00f3n curricular mediante la vinculaci\u00f3n socio-empresarial para el desarrollo productivo sostenible en Colombia y Ecuador<\/div>\n\t\t\t\t\t\t\t\t\t\t\t\t\t\t\t<\/div>\n\t\t\t\t\t\t<\/div>\n\t\t\t\t\t<\/div>\n\n\t\t\t\t\t\t<\/div>\n\t\t<div class=\"swiper-pagination\"><\/div>\n\t\t<div class=\"slider-arrow\">\n\t\t\t<div class=\"swiper-button-next\"><\/div>\n\t\t\t<div class=\"swiper-button-prev\"><\/div>\n\t\t<\/div>\n\t<\/div>\n<\/div>\n<\/div><\/div><\/div><\/div><div id=\"pg-2508-1\"  class=\"panel-grid panel-has-style\" ><div class=\"siteorigin-panels-stretch panel-row-style panel-row-style-for-2508-1\" id=\"portfolio\" data-stretch-type=\"full\" ><div id=\"pgc-2508-1-0\"  class=\"panel-grid-cell\" ><div id=\"panel-2508-1-0-0\" class=\"so-panel widget widget_themegrill_flash_heading tg-widget section-title-wrapper panel-first-child\" data-index=\"1\" ><div class=\"flash_inherit_color panel-widget-style panel-widget-style-for-2508-1-0-0\" >\t<h3 class=\"section-title\">\u00bfQU\u00c9 ES ALPRODE?<\/h3>\n<\/div><\/div><div id=\"panel-2508-1-0-1\" class=\"so-panel widget widget_text panel-last-child\" data-index=\"2\" ><div class=\"panel-widget-style panel-widget-style-for-2508-1-0-1\" >\t\t\t<div class=\"textwidget\"><p><strong>ALPRODE<\/strong>\u00a0pretende promover el crecimiento econ\u00f3mico y sostenible en Ecuador y Colombia a trav\u00e9s de la formaci\u00f3n acad\u00e9mica y la mejora de la empleabilidad en el campo del desarrollo productivo sostenible y la cooperaci\u00f3n internacional, en el marco de esquemas de asociaci\u00f3n de m\u00faltiples partes interesadas<\/p>\n<\/div>\n\t\t<\/div><\/div><\/div><div id=\"pgc-2508-1-1\"  class=\"panel-grid-cell\" ><div id=\"panel-2508-1-1-0\" class=\"so-panel widget widget_themegrill_flash_heading tg-widget section-title-wrapper panel-first-child\" data-index=\"3\" >\t<h3 class=\"section-title\">\u00bfQU\u00c9 HACEMOS?<\/h3>\n<\/div><div id=\"panel-2508-1-1-1\" class=\"so-panel widget widget_text panel-last-child\" data-index=\"4\" ><div class=\"panel-widget-style panel-widget-style-for-2508-1-1-1\" >\t\t\t<div class=\"textwidget\"><p>Promovemos la formaci\u00f3n acad\u00e9mica y la capacitaci\u00f3n laboral sobre cooperaci\u00f3n internacional y desarrollo productivo sostenible en el marco de esquemas de Alianzas Multiactor en Ecuador y Colombia.<\/p>\n<\/div>\n\t\t<\/div><\/div><\/div><\/div><\/div><div id=\"pg-2508-2\"  class=\"panel-grid panel-has-style\" ><div class=\"siteorigin-panels-stretch panel-row-style panel-row-style-for-2508-2\" id=\"portfolio\" data-stretch-type=\"full\" ><div id=\"pgc-2508-2-0\"  class=\"panel-grid-cell\" ><div id=\"panel-2508-2-0-0\" class=\"so-panel widget widget_themegrill_flash_heading tg-widget section-title-wrapper panel-first-child\" data-index=\"5\" >\t<h3 class=\"section-title\">Objetivos<\/h3>\n<\/div><div id=\"panel-2508-2-0-1\" class=\"so-panel widget widget_themegrill_flash_portfolio tg-section feature-product-section panel-last-child\" data-index=\"6\" ><div class=\"tg-feature-product-layout-2 tg-feature-product-filter-layout\"><div class=\"tg-container\"><div class=\"grid\"><div class=\"tg-column-wrapper\"><div class=\"tg-feature-product-widget element-item uxdesign tg-column-3 alprode \" data-category=\"alprode \"><figure><img loading=\"lazy\" decoding=\"async\" width=\"1420\" height=\"824\" src=\"https:\/\/www.uhu.es\/alprode\/wp-content\/uploads\/2025\/04\/WhatsApp-Image-2025-02-11-at-23.42.42-e1745482454149.jpeg\" class=\"attachment-full size-full wp-post-image\" alt=\"\" srcset=\"https:\/\/www.uhu.es\/alprode\/wp-content\/uploads\/2025\/04\/WhatsApp-Image-2025-02-11-at-23.42.42-e1745482454149.jpeg 1420w, https:\/\/www.uhu.es\/alprode\/wp-content\/uploads\/2025\/04\/WhatsApp-Image-2025-02-11-at-23.42.42-e1745482454149-300x174.jpeg 300w, https:\/\/www.uhu.es\/alprode\/wp-content\/uploads\/2025\/04\/WhatsApp-Image-2025-02-11-at-23.42.42-e1745482454149-1024x594.jpeg 1024w, https:\/\/www.uhu.es\/alprode\/wp-content\/uploads\/2025\/04\/WhatsApp-Image-2025-02-11-at-23.42.42-e1745482454149-768x446.jpeg 768w\" sizes=\"(max-width: 1420px) 100vw, 1420px\" \/><\/figure><div class=\"featured-image-desc\"><span><a href=\"https:\/\/www.uhu.es\/alprode\/portfolio\/objetivo-1\/\"><i class=\"fa fa-plus\"><\/i><\/a><\/span><div class=\"feature-inner-block\"><h3 class=\"feature-title-wrap\"><a href=\"https:\/\/www.uhu.es\/alprode\/portfolio\/objetivo-1\/\">Objetivo 1<\/a><\/h3><h4 class=\"feature-desc-wrap\">Fomentar la empleabilidad y el emprendimiento a trav\u00e9s del desarrollo de Alianzas Multiactor entre las universidades, sociedad civil y el [&hellip;]<\/h4><\/div><\/div><\/div><div class=\"tg-feature-product-widget element-item uxdesign tg-column-3 alprode \" data-category=\"alprode \"><figure><img loading=\"lazy\" decoding=\"async\" width=\"2556\" height=\"1506\" src=\"https:\/\/www.uhu.es\/alprode\/wp-content\/uploads\/2025\/03\/CLASES-ELECTIVA-ALPRODE-scaled-e1745482569163.jpeg\" class=\"attachment-full size-full wp-post-image\" alt=\"\" srcset=\"https:\/\/www.uhu.es\/alprode\/wp-content\/uploads\/2025\/03\/CLASES-ELECTIVA-ALPRODE-scaled-e1745482569163.jpeg 2556w, https:\/\/www.uhu.es\/alprode\/wp-content\/uploads\/2025\/03\/CLASES-ELECTIVA-ALPRODE-scaled-e1745482569163-300x177.jpeg 300w, https:\/\/www.uhu.es\/alprode\/wp-content\/uploads\/2025\/03\/CLASES-ELECTIVA-ALPRODE-scaled-e1745482569163-1024x603.jpeg 1024w, https:\/\/www.uhu.es\/alprode\/wp-content\/uploads\/2025\/03\/CLASES-ELECTIVA-ALPRODE-scaled-e1745482569163-768x453.jpeg 768w, https:\/\/www.uhu.es\/alprode\/wp-content\/uploads\/2025\/03\/CLASES-ELECTIVA-ALPRODE-scaled-e1745482569163-1536x905.jpeg 1536w, https:\/\/www.uhu.es\/alprode\/wp-content\/uploads\/2025\/03\/CLASES-ELECTIVA-ALPRODE-scaled-e1745482569163-2048x1207.jpeg 2048w\" sizes=\"(max-width: 2556px) 100vw, 2556px\" \/><\/figure><div class=\"featured-image-desc\"><span><a href=\"https:\/\/www.uhu.es\/alprode\/portfolio\/objetivo-2\/\"><i class=\"fa fa-plus\"><\/i><\/a><\/span><div class=\"feature-inner-block\"><h3 class=\"feature-title-wrap\"><a href=\"https:\/\/www.uhu.es\/alprode\/portfolio\/objetivo-2\/\">Objetivo 2<\/a><\/h3><h4 class=\"feature-desc-wrap\">Promover la Formaci\u00f3n en capacidades para la inserci\u00f3n laboral del alumnado de instituciones de educaci\u00f3n superior de Colombia y Ecuador [&hellip;]<\/h4><\/div><\/div><\/div><div class=\"tg-feature-product-widget element-item uxdesign tg-column-3 alprode \" data-category=\"alprode \"><figure><img loading=\"lazy\" decoding=\"async\" width=\"1260\" height=\"760\" src=\"https:\/\/www.uhu.es\/alprode\/wp-content\/uploads\/2025\/04\/Taller-Tutorias-EC-feb2025-5-e1745483078550.jpeg\" class=\"attachment-full size-full wp-post-image\" alt=\"\" srcset=\"https:\/\/www.uhu.es\/alprode\/wp-content\/uploads\/2025\/04\/Taller-Tutorias-EC-feb2025-5-e1745483078550.jpeg 1260w, https:\/\/www.uhu.es\/alprode\/wp-content\/uploads\/2025\/04\/Taller-Tutorias-EC-feb2025-5-e1745483078550-300x181.jpeg 300w, https:\/\/www.uhu.es\/alprode\/wp-content\/uploads\/2025\/04\/Taller-Tutorias-EC-feb2025-5-e1745483078550-1024x618.jpeg 1024w, https:\/\/www.uhu.es\/alprode\/wp-content\/uploads\/2025\/04\/Taller-Tutorias-EC-feb2025-5-e1745483078550-768x463.jpeg 768w\" sizes=\"(max-width: 1260px) 100vw, 1260px\" \/><\/figure><div class=\"featured-image-desc\"><span><a href=\"https:\/\/www.uhu.es\/alprode\/portfolio\/objetivo-3-2\/\"><i class=\"fa fa-plus\"><\/i><\/a><\/span><div class=\"feature-inner-block\"><h3 class=\"feature-title-wrap\"><a href=\"https:\/\/www.uhu.es\/alprode\/portfolio\/objetivo-3-2\/\">Objetivo 3<\/a><\/h3><h4 class=\"feature-desc-wrap\">Implantar un Programa de Formaci\u00f3n en capacidades acad\u00e9micas e investigadoras sobre cooperaci\u00f3n internacional y desarrollo productivo sostenible en instituciones de [&hellip;]<\/h4><\/div><\/div><\/div><\/div><!-- \/.tg-column-wrapper--><\/div><!-- \/.grid --><\/div><!-- \/.tg-container --><\/div><!-- \/.layout div --><\/div><\/div><\/div><\/div><div id=\"pg-2508-3\"  class=\"panel-grid panel-has-style\" ><div class=\"siteorigin-panels-stretch panel-row-style panel-row-style-for-2508-3\" id=\"contact\" data-stretch-type=\"full\" ><div id=\"pgc-2508-3-0\"  class=\"panel-grid-cell\" ><div id=\"panel-2508-3-0-0\" class=\"so-panel widget widget_themegrill_flash_heading tg-widget section-title-wrapper panel-first-child panel-last-child\" data-index=\"7\" >\t<h3 class=\"section-title\">QUIENES SOMOS<\/h3>\n<\/div><\/div><\/div><\/div><div id=\"pg-2508-4\"  class=\"panel-grid panel-no-style\" ><div id=\"pgc-2508-4-0\"  class=\"panel-grid-cell panel-grid-cell-empty\" ><\/div><div id=\"pgc-2508-4-1\"  class=\"panel-grid-cell\" ><div id=\"panel-2508-4-1-0\" class=\"so-panel widget widget_sow-image panel-first-child panel-last-child\" data-index=\"8\" ><div\n\t\t\t\n\t\t\tclass=\"so-widget-sow-image so-widget-sow-image-default-c67d20f9f743-2924\"\n\t\t\t\n\t\t>\n<div class=\"sow-image-container\">\n\t\t\t<a href=\"https:\/\/www.areandina.edu.co\/\"\n\t\t\t\t\t>\n\t\t\t<img \n\tsrc=\"https:\/\/www.uhu.es\/alprode\/wp-content\/uploads\/2025\/03\/Areandina.png\" width=\"395\" height=\"128\" srcset=\"https:\/\/www.uhu.es\/alprode\/wp-content\/uploads\/2025\/03\/Areandina.png 395w, https:\/\/www.uhu.es\/alprode\/wp-content\/uploads\/2025\/03\/Areandina-300x97.png 300w\" sizes=\"(max-width: 395px) 100vw, 395px\" alt=\"\" \t\tclass=\"so-widget-image\"\/>\n\t\t\t<\/a><\/div>\n\n<h3 class=\"widget-title\"><\/h3><\/div><\/div><\/div><div id=\"pgc-2508-4-2\"  class=\"panel-grid-cell\" ><div id=\"panel-2508-4-2-0\" class=\"so-panel widget widget_sow-image panel-first-child panel-last-child\" data-index=\"9\" ><div\n\t\t\t\n\t\t\tclass=\"so-widget-sow-image so-widget-sow-image-default-c67d20f9f743-2924\"\n\t\t\t\n\t\t>\n<div class=\"sow-image-container\">\n\t\t\t<a href=\"https:\/\/www.ucuenca.edu.ec\/\"\n\t\t\t\t\t>\n\t\t\t<img \n\tsrc=\"https:\/\/www.uhu.es\/alprode\/wp-content\/uploads\/2025\/03\/ucuenca2.png\" width=\"400\" height=\"155\" srcset=\"https:\/\/www.uhu.es\/alprode\/wp-content\/uploads\/2025\/03\/ucuenca2.png 400w, https:\/\/www.uhu.es\/alprode\/wp-content\/uploads\/2025\/03\/ucuenca2-300x116.png 300w\" sizes=\"(max-width: 400px) 100vw, 400px\" alt=\"\" \t\tclass=\"so-widget-image\"\/>\n\t\t\t<\/a><\/div>\n\n<\/div><\/div><\/div><div id=\"pgc-2508-4-3\"  class=\"panel-grid-cell panel-grid-cell-mobile-last\" ><div id=\"panel-2508-4-3-0\" class=\"so-panel widget widget_sow-image panel-first-child panel-last-child\" data-index=\"10\" ><div\n\t\t\t\n\t\t\tclass=\"so-widget-sow-image so-widget-sow-image-default-c67d20f9f743-2924\"\n\t\t\t\n\t\t>\n<div class=\"sow-image-container\">\n\t\t\t<a href=\"https:\/\/www.cideal.org\/\"\n\t\t\t\t\t>\n\t\t\t<img \n\tsrc=\"https:\/\/www.uhu.es\/alprode\/wp-content\/uploads\/2025\/03\/fund_cideal-1-1.png\" width=\"3557\" height=\"812\" srcset=\"https:\/\/www.uhu.es\/alprode\/wp-content\/uploads\/2025\/03\/fund_cideal-1-1.png 3557w, https:\/\/www.uhu.es\/alprode\/wp-content\/uploads\/2025\/03\/fund_cideal-1-1-300x68.png 300w, https:\/\/www.uhu.es\/alprode\/wp-content\/uploads\/2025\/03\/fund_cideal-1-1-1024x234.png 1024w, https:\/\/www.uhu.es\/alprode\/wp-content\/uploads\/2025\/03\/fund_cideal-1-1-768x175.png 768w, https:\/\/www.uhu.es\/alprode\/wp-content\/uploads\/2025\/03\/fund_cideal-1-1-1536x351.png 1536w, https:\/\/www.uhu.es\/alprode\/wp-content\/uploads\/2025\/03\/fund_cideal-1-1-2048x468.png 2048w\" sizes=\"(max-width: 3557px) 100vw, 3557px\" title=\"fund_cideal 1 (1)\" alt=\"\" \t\tclass=\"so-widget-image\"\/>\n\t\t\t<\/a><\/div>\n\n<\/div><\/div><\/div><div id=\"pgc-2508-4-4\"  class=\"panel-grid-cell panel-grid-cell-empty\" ><\/div><\/div><div id=\"pg-2508-5\"  class=\"panel-grid panel-no-style\" ><div id=\"pgc-2508-5-0\"  class=\"panel-grid-cell panel-grid-cell-empty\" ><\/div><div id=\"pgc-2508-5-1\"  class=\"panel-grid-cell\" ><div id=\"panel-2508-5-1-0\" class=\"so-panel widget widget_sow-image panel-first-child panel-last-child\" data-index=\"11\" ><div\n\t\t\t\n\t\t\tclass=\"so-widget-sow-image so-widget-sow-image-default-666aaa52509e-2924\"\n\t\t\t\n\t\t>\n<div class=\"sow-image-container\">\n\t\t\t<a href=\"http:\/\/www.uhu.es\/\"\n\t\t\t\t\t>\n\t\t\t<img \n\tsrc=\"https:\/\/www.uhu.es\/alprode\/wp-content\/uploads\/2025\/03\/uhu-2.png\" width=\"732\" height=\"310\" srcset=\"https:\/\/www.uhu.es\/alprode\/wp-content\/uploads\/2025\/03\/uhu-2.png 732w, https:\/\/www.uhu.es\/alprode\/wp-content\/uploads\/2025\/03\/uhu-2-300x127.png 300w\" sizes=\"(max-width: 732px) 100vw, 732px\" title=\"uhu\" alt=\"\" \t\tclass=\"so-widget-image\"\/>\n\t\t\t<\/a><\/div>\n\n<\/div><\/div><\/div><div id=\"pgc-2508-5-2\"  class=\"panel-grid-cell\" ><div id=\"panel-2508-5-2-0\" class=\"so-panel widget widget_sow-image panel-first-child panel-last-child\" data-index=\"12\" ><div\n\t\t\t\n\t\t\tclass=\"so-widget-sow-image so-widget-sow-image-default-e79ba5593d14-2924\"\n\t\t\t\n\t\t>\n<div class=\"sow-image-container\">\n\t\t\t<a href=\"https:\/\/www.ccb.org.co\/\"\n\t\t\t\t\t>\n\t\t\t<img \n\tsrc=\"https:\/\/www.uhu.es\/alprode\/wp-content\/uploads\/2025\/03\/camara-bogota.png\" width=\"393\" height=\"128\" srcset=\"https:\/\/www.uhu.es\/alprode\/wp-content\/uploads\/2025\/03\/camara-bogota.png 393w, https:\/\/www.uhu.es\/alprode\/wp-content\/uploads\/2025\/03\/camara-bogota-300x98.png 300w\" sizes=\"(max-width: 393px) 100vw, 393px\" title=\"camara bogota\" alt=\"\" \t\tclass=\"so-widget-image\"\/>\n\t\t\t<\/a><\/div>\n\n<\/div><\/div><\/div><div id=\"pgc-2508-5-3\"  class=\"panel-grid-cell panel-grid-cell-mobile-last\" ><div id=\"panel-2508-5-3-0\" class=\"so-panel widget widget_sow-image panel-first-child panel-last-child\" data-index=\"13\" ><div\n\t\t\t\n\t\t\tclass=\"so-widget-sow-image so-widget-sow-image-default-666aaa52509e-2924\"\n\t\t\t\n\t\t>\n<div class=\"sow-image-container\">\n\t\t\t<a href=\"https:\/\/www.ualg.pt\/\"\n\t\t\t\t\t>\n\t\t\t<img \n\tsrc=\"https:\/\/www.uhu.es\/alprode\/wp-content\/uploads\/2025\/03\/ualg-1.png\" width=\"800\" height=\"400\" srcset=\"https:\/\/www.uhu.es\/alprode\/wp-content\/uploads\/2025\/03\/ualg-1.png 800w, https:\/\/www.uhu.es\/alprode\/wp-content\/uploads\/2025\/03\/ualg-1-300x150.png 300w, https:\/\/www.uhu.es\/alprode\/wp-content\/uploads\/2025\/03\/ualg-1-768x384.png 768w\" sizes=\"(max-width: 800px) 100vw, 800px\" title=\"ualg\" alt=\"\" \t\tclass=\"so-widget-image\"\/>\n\t\t\t<\/a><\/div>\n\n<\/div><\/div><\/div><div id=\"pgc-2508-5-4\"  class=\"panel-grid-cell panel-grid-cell-empty\" ><\/div><\/div><div id=\"pg-2508-6\"  class=\"panel-grid panel-no-style\" ><div id=\"pgc-2508-6-0\"  class=\"panel-grid-cell panel-grid-cell-empty\" ><\/div><div id=\"pgc-2508-6-1\"  class=\"panel-grid-cell\" ><div id=\"panel-2508-6-1-0\" class=\"so-panel widget widget_sow-image panel-first-child panel-last-child\" data-index=\"14\" ><div\n\t\t\t\n\t\t\tclass=\"so-widget-sow-image so-widget-sow-image-default-8b5b6f678277-2924\"\n\t\t\t\n\t\t>\n<div class=\"sow-image-container\">\n\t\t\t<a href=\"https:\/\/www.utpl.edu.ec\/\"\n\t\t\t\t\t>\n\t\t\t<img \n\tsrc=\"https:\/\/www.uhu.es\/alprode\/wp-content\/uploads\/2025\/03\/utpl-1.png\" width=\"997\" height=\"400\" srcset=\"https:\/\/www.uhu.es\/alprode\/wp-content\/uploads\/2025\/03\/utpl-1.png 997w, https:\/\/www.uhu.es\/alprode\/wp-content\/uploads\/2025\/03\/utpl-1-300x120.png 300w, https:\/\/www.uhu.es\/alprode\/wp-content\/uploads\/2025\/03\/utpl-1-768x308.png 768w\" sizes=\"(max-width: 997px) 100vw, 997px\" title=\"utpl\" alt=\"\" \t\tclass=\"so-widget-image\"\/>\n\t\t\t<\/a><\/div>\n\n<\/div><\/div><\/div><div id=\"pgc-2508-6-2\"  class=\"panel-grid-cell\" ><div id=\"panel-2508-6-2-0\" class=\"so-panel widget widget_sow-image panel-first-child panel-last-child\" data-index=\"15\" ><div\n\t\t\t\n\t\t\tclass=\"so-widget-sow-image so-widget-sow-image-default-8b5b6f678277-2924\"\n\t\t\t\n\t\t>\n<div class=\"sow-image-container\">\n\t\t\t<a href=\"https:\/\/ccq.ec\/\"\n\t\t\t\t\t>\n\t\t\t<img \n\tsrc=\"https:\/\/www.uhu.es\/alprode\/wp-content\/uploads\/2025\/05\/LOGO-ORIGINAL-CCQ.png\" width=\"550\" height=\"247\" srcset=\"https:\/\/www.uhu.es\/alprode\/wp-content\/uploads\/2025\/05\/LOGO-ORIGINAL-CCQ.png 550w, https:\/\/www.uhu.es\/alprode\/wp-content\/uploads\/2025\/05\/LOGO-ORIGINAL-CCQ-300x135.png 300w\" sizes=\"(max-width: 550px) 100vw, 550px\" title=\"LOGO ORIGINAL CCQ\" alt=\"\" \t\tclass=\"so-widget-image\"\/>\n\t\t\t<\/a><\/div>\n\n<\/div><\/div><\/div><div id=\"pgc-2508-6-3\"  class=\"panel-grid-cell panel-grid-cell-mobile-last\" ><div id=\"panel-2508-6-3-0\" class=\"so-panel widget widget_sow-image panel-first-child panel-last-child\" data-index=\"16\" ><div\n\t\t\t\n\t\t\tclass=\"so-widget-sow-image so-widget-sow-image-default-8b5b6f678277-2924\"\n\t\t\t\n\t\t>\n<div class=\"sow-image-container\">\n\t\t\t<a href=\"https:\/\/www.upm.es\/\"\n\t\t\t\t\t>\n\t\t\t<img \n\tsrc=\"https:\/\/www.uhu.es\/alprode\/wp-content\/uploads\/2025\/03\/upm-1.png\" width=\"863\" height=\"400\" srcset=\"https:\/\/www.uhu.es\/alprode\/wp-content\/uploads\/2025\/03\/upm-1.png 863w, https:\/\/www.uhu.es\/alprode\/wp-content\/uploads\/2025\/03\/upm-1-300x139.png 300w, https:\/\/www.uhu.es\/alprode\/wp-content\/uploads\/2025\/03\/upm-1-768x356.png 768w\" sizes=\"(max-width: 863px) 100vw, 863px\" title=\"upm\" alt=\"\" \t\tclass=\"so-widget-image\"\/>\n\t\t\t<\/a><\/div>\n\n<\/div><\/div><\/div><div id=\"pgc-2508-6-4\"  class=\"panel-grid-cell panel-grid-cell-empty\" ><\/div><\/div><div id=\"pg-2508-7\"  class=\"panel-grid panel-no-style\" ><div id=\"pgc-2508-7-0\"  class=\"panel-grid-cell panel-grid-cell-empty\" ><\/div><div id=\"pgc-2508-7-1\"  class=\"panel-grid-cell\" ><div id=\"panel-2508-7-1-0\" class=\"so-panel widget widget_sow-image panel-first-child panel-last-child\" data-index=\"17\" ><div\n\t\t\t\n\t\t\tclass=\"so-widget-sow-image so-widget-sow-image-default-8b5b6f678277-2924\"\n\t\t\t\n\t\t>\n<div class=\"sow-image-container\">\n\t\t\t<a href=\"https:\/\/uniempresarial.edu.co\/\"\n\t\t\t\t\t>\n\t\t\t<img \n\tsrc=\"https:\/\/www.uhu.es\/alprode\/wp-content\/uploads\/2025\/03\/uniempresarial_1.png\" width=\"1055\" height=\"234\" srcset=\"https:\/\/www.uhu.es\/alprode\/wp-content\/uploads\/2025\/03\/uniempresarial_1.png 1055w, https:\/\/www.uhu.es\/alprode\/wp-content\/uploads\/2025\/03\/uniempresarial_1-300x67.png 300w, https:\/\/www.uhu.es\/alprode\/wp-content\/uploads\/2025\/03\/uniempresarial_1-1024x227.png 1024w, https:\/\/www.uhu.es\/alprode\/wp-content\/uploads\/2025\/03\/uniempresarial_1-768x170.png 768w\" sizes=\"(max-width: 1055px) 100vw, 1055px\" alt=\"\" \t\tclass=\"so-widget-image\"\/>\n\t\t\t<\/a><\/div>\n\n<h3 class=\"widget-title\"><\/h3><\/div><\/div><\/div><div id=\"pgc-2508-7-2\"  class=\"panel-grid-cell\" ><div id=\"panel-2508-7-2-0\" class=\"so-panel widget widget_sow-image panel-first-child panel-last-child\" data-index=\"18\" ><div\n\t\t\t\n\t\t\tclass=\"so-widget-sow-image so-widget-sow-image-default-8b5b6f678277-2924\"\n\t\t\t\n\t\t>\n<div class=\"sow-image-container\">\n\t\t\t<a href=\"https:\/\/www.univalle.edu.co\/\"\n\t\t\t\t\t>\n\t\t\t<img \n\tsrc=\"https:\/\/www.uhu.es\/alprode\/wp-content\/uploads\/2025\/03\/univalle-2.png\" width=\"860\" height=\"277\" srcset=\"https:\/\/www.uhu.es\/alprode\/wp-content\/uploads\/2025\/03\/univalle-2.png 860w, https:\/\/www.uhu.es\/alprode\/wp-content\/uploads\/2025\/03\/univalle-2-300x97.png 300w, https:\/\/www.uhu.es\/alprode\/wp-content\/uploads\/2025\/03\/univalle-2-768x247.png 768w\" sizes=\"(max-width: 860px) 100vw, 860px\" title=\"univalle\" alt=\"\" \t\tclass=\"so-widget-image\"\/>\n\t\t\t<\/a><\/div>\n\n<\/div><\/div><\/div><div id=\"pgc-2508-7-3\"  class=\"panel-grid-cell panel-grid-cell-empty panel-grid-cell-mobile-last\" ><\/div><div id=\"pgc-2508-7-4\"  class=\"panel-grid-cell panel-grid-cell-empty\" ><\/div><\/div><\/div>","protected":false},"excerpt":{"rendered":"<p>ALPRODE\u00a0pretende promover el crecimiento econ\u00f3mico y sostenible en Ecuador y Colombia a trav\u00e9s de la formaci\u00f3n acad\u00e9mica y la mejora [&hellip;]<\/p>\n","protected":false},"author":1,"featured_media":0,"parent":0,"menu_order":0,"comment_status":"closed","ping_status":"closed","template":"page-templates\/pagebuilder.php","meta":{"_bbp_topic_count":0,"_bbp_reply_count":0,"_bbp_total_topic_count":0,"_bbp_total_reply_count":0,"_bbp_voice_count":0,"_bbp_anonymous_reply_count":0,"_bbp_topic_count_hidden":0,"_bbp_reply_count_hidden":0,"_bbp_forum_subforum_count":0,"footnotes":""},"_links":{"self":[{"href":"https:\/\/www.uhu.es\/alprode\/wp-json\/wp\/v2\/pages\/2508"}],"collection":[{"href":"https:\/\/www.uhu.es\/alprode\/wp-json\/wp\/v2\/pages"}],"about":[{"href":"https:\/\/www.uhu.es\/alprode\/wp-json\/wp\/v2\/types\/page"}],"author":[{"embeddable":true,"href":"https:\/\/www.uhu.es\/alprode\/wp-json\/wp\/v2\/users\/1"}],"replies":[{"embeddable":true,"href":"https:\/\/www.uhu.es\/alprode\/wp-json\/wp\/v2\/comments?post=2508"}],"version-history":[{"count":104,"href":"https:\/\/www.uhu.es\/alprode\/wp-json\/wp\/v2\/pages\/2508\/revisions"}],"predecessor-version":[{"id":3025,"href":"https:\/\/www.uhu.es\/alprode\/wp-json\/wp\/v2\/pages\/2508\/revisions\/3025"}],"wp:attachment":[{"href":"https:\/\/www.uhu.es\/alprode\/wp-json\/wp\/v2\/media?parent=2508"}],"curies":[{"name":"wp","href":"https:\/\/api.w.org\/{rel}","templated":true}]}}