{"id":2689,"date":"2025-03-21T14:21:28","date_gmt":"2025-03-21T13:21:28","guid":{"rendered":"https:\/\/aliarquia.com\/?page_id=2689"},"modified":"2025-10-21T18:17:48","modified_gmt":"2025-10-21T16:17:48","slug":"marketplace-2","status":"publish","type":"page","link":"https:\/\/www.uhu.es\/alprode\/marketplace-2\/","title":{"rendered":"Marketplace"},"content":{"rendered":"<div id=\"pl-2689\"  class=\"panel-layout\" ><div id=\"pg-2689-0\"  class=\"panel-grid panel-no-style\" ><div id=\"pgc-2689-0-0\"  class=\"panel-grid-cell\" ><div id=\"panel-2689-0-0-0\" class=\"widget_text so-panel widget widget_custom_html panel-first-child panel-last-child\" data-index=\"0\" ><h3 class=\"widget-title\">Conexi\u00f3n Laboral y Pr\u00e1cticas<\/h3><div class=\"textwidget custom-html-widget\"><div class=\"job-source\">\n  <h3>C\u00e1mara de Comercio de Quito<\/h3>\n\t<p>La C\u00e1mara de Comercio de Quito en alianza con el proyecto ALPRODE, ha establecido un espacio que fomente la empleabilidad de Ecuador, en donde se genere un espacio para el intercambio de ofertas y requerimientos de plazas de trabajo, en beneficio de la poblaci\u00f3n en general y el sector empresarial nacional.<\/p>\n  <a href=\"https:\/\/empleo.ccq.ec\/\" target=\"_blank\" class=\"job-button\" rel=\"noopener\">C\u00e1mara Comercio Quito<\/a>\n<\/div>\n\n<div class=\"job-source\">\n  <h3>C\u00e1mara de Comercio de Bogot\u00e1<\/h3>\n\t<p>La C\u00e1mara de Comercio de Bogot\u00e1, a trav\u00e9s de la estrategia Conexi\u00f3n Laboral y en alianza con el proyecto ALPRODE, articula actores clave para facilitar el acceso a empleo digno a personas con talentos excepcionales, promoviendo una ciudad m\u00e1s equitativa y competitiva. <\/p>\n  <a href=\"https:\/\/www.ccb.org.co\/informacion-especializada\/observatorio\/conducta-empresarial-responsable\/equidad-diversidad-e-inclusion\/conexion\" target=\"_blank\" class=\"job-button\" rel=\"noopener\">C\u00e1mara Comercio Bogot\u00e1<\/a>\n<\/div>\n\n<div class=\"job-source\">\n  <h3>Acceso Ofertas Trabajo<\/h3>\n\t<p>Accede a nuestro LinkedIn para consultar las ofertas de empleo activas. Haz clic en el bot\u00f3n a continuaci\u00f3n.. <\/p>\n  <a href=\"https:\/\/www.linkedin.com\/groups\/10083049\/\" target=\"_blank\" class=\"job-button\" rel=\"noopener\">Red social para Profesionales y Empresas<\/a>\n<\/div>\n\n<style>\n.job-source {\n  background-color: #f1f1f1;\n  padding: 20px;\n  margin-bottom: 20px;\n  border-radius: 8px;\n  text-align: center;\n}\n.job-button {\n  display: inline-block;\n  padding: 10px 20px;\n  background-color: #0077b5;\n  color: white;\n  text-decoration: none;\n  border-radius: 5px;\n  font-weight: bold;\n}\n.job-button:hover {\n  background-color: #005983;\n}\n<\/style>\n\n<\/div><\/div><\/div><div id=\"pgc-2689-0-1\"  class=\"panel-grid-cell\" ><div id=\"panel-2689-0-1-0\" class=\"so-panel widget widget_themegrill_flash_image tg-widget tg-image-widget panel-first-child panel-last-child\" data-index=\"1\" >\t<img decoding=\"async\" src=\"https:\/\/www.uhu.es\/alprode\/wp-content\/uploads\/2025\/05\/P5053888-scaled.jpg\" \/>\n<\/div><\/div><\/div><div id=\"pg-2689-1\"  class=\"panel-grid panel-no-style\" ><div id=\"pgc-2689-1-0\"  class=\"panel-grid-cell panel-grid-cell-empty\" ><\/div><\/div><div id=\"pg-2689-2\"  class=\"panel-grid panel-no-style\" ><div id=\"pgc-2689-2-0\"  class=\"panel-grid-cell panel-grid-cell-empty panel-grid-cell-mobile-last\" ><\/div><div id=\"pgc-2689-2-1\"  class=\"panel-grid-cell panel-grid-cell-empty\" ><\/div><\/div><\/div>","protected":false},"excerpt":{"rendered":"<p>Conexi\u00f3n Laboral y Pr\u00e1cticas C\u00e1mara de Comercio de Quito La C\u00e1mara de Comercio de Quito en alianza con el proyecto [&hellip;]<\/p>\n","protected":false},"author":1,"featured_media":0,"parent":0,"menu_order":0,"comment_status":"closed","ping_status":"closed","template":"","meta":{"_bbp_topic_count":0,"_bbp_reply_count":0,"_bbp_total_topic_count":0,"_bbp_total_reply_count":0,"_bbp_voice_count":0,"_bbp_anonymous_reply_count":0,"_bbp_topic_count_hidden":0,"_bbp_reply_count_hidden":0,"_bbp_forum_subforum_count":0,"footnotes":""},"_links":{"self":[{"href":"https:\/\/www.uhu.es\/alprode\/wp-json\/wp\/v2\/pages\/2689"}],"collection":[{"href":"https:\/\/www.uhu.es\/alprode\/wp-json\/wp\/v2\/pages"}],"about":[{"href":"https:\/\/www.uhu.es\/alprode\/wp-json\/wp\/v2\/types\/page"}],"author":[{"embeddable":true,"href":"https:\/\/www.uhu.es\/alprode\/wp-json\/wp\/v2\/users\/1"}],"replies":[{"embeddable":true,"href":"https:\/\/www.uhu.es\/alprode\/wp-json\/wp\/v2\/comments?post=2689"}],"version-history":[{"count":31,"href":"https:\/\/www.uhu.es\/alprode\/wp-json\/wp\/v2\/pages\/2689\/revisions"}],"predecessor-version":[{"id":3085,"href":"https:\/\/www.uhu.es\/alprode\/wp-json\/wp\/v2\/pages\/2689\/revisions\/3085"}],"wp:attachment":[{"href":"https:\/\/www.uhu.es\/alprode\/wp-json\/wp\/v2\/media?parent=2689"}],"curies":[{"name":"wp","href":"https:\/\/api.w.org\/{rel}","templated":true}]}}