{"id":2698,"date":"2025-03-21T18:47:16","date_gmt":"2025-03-21T17:47:16","guid":{"rendered":"https:\/\/aliarquia.com\/?page_id=2698"},"modified":"2026-04-01T14:33:12","modified_gmt":"2026-04-01T12:33:12","slug":"boletines","status":"publish","type":"page","link":"https:\/\/www.uhu.es\/alprode\/boletines\/","title":{"rendered":"Boletines"},"content":{"rendered":"<div id=\"pl-2698\"  class=\"panel-layout\" ><div id=\"pg-2698-0\"  class=\"panel-grid panel-no-style\" ><div id=\"pgc-2698-0-0\"  class=\"panel-grid-cell\" ><div id=\"panel-2698-0-0-0\" class=\"so-panel widget widget_themegrill_flash_heading tg-widget section-title-wrapper panel-first-child\" data-index=\"0\" >\t<h3 class=\"section-title\">BOLETINES EN ESPA\u00d1OL<\/h3>\n<\/div><div id=\"panel-2698-0-0-1\" class=\"so-panel widget widget_sow-button\" data-index=\"1\" ><div\n\t\t\t\n\t\t\tclass=\"so-widget-sow-button so-widget-sow-button-flat-66466acb9e12-2698\"\n\t\t\t\n\t\t><div class=\"ow-button-base ow-button-align-center\"\n>\n\t\t\t<a\n\t\t\t\t\thref=\"https:\/\/www.uhu.es\/alprode\/wp-content\/uploads\/2025\/03\/BOLETIN-1-ESP.pdf\"\n\t\t\t\t\tclass=\"sowb-button ow-icon-placement-left ow-button-hover\" target=\"_blank\" rel=\"noopener noreferrer\" \t>\n\t\t<span>\n\t\t\t\n\t\t\tBolet\u00edn 1: Puesta en marcha del proyecto Europeo Capacity Building \t\t<\/span>\n\t\t\t<\/a>\n\t<\/div>\n<\/div><\/div><div id=\"panel-2698-0-0-2\" class=\"widget_text so-panel widget widget_custom_html\" data-index=\"2\" ><div class=\"textwidget custom-html-widget\"><div style=\"margin:10px;\">\n\t\n<\/div><\/div><\/div><div id=\"panel-2698-0-0-3\" class=\"so-panel widget widget_sow-button\" data-index=\"3\" ><div\n\t\t\t\n\t\t\tclass=\"so-widget-sow-button so-widget-sow-button-flat-66466acb9e12-2698\"\n\t\t\t\n\t\t><div class=\"ow-button-base ow-button-align-center\"\n>\n\t\t\t<a\n\t\t\t\t\thref=\"https:\/\/www.uhu.es\/alprode\/wp-content\/uploads\/2025\/03\/BOLETIN-2-ESP.pdf\"\n\t\t\t\t\tclass=\"separar-boton sowb-button ow-icon-placement-left ow-button-hover\" target=\"_blank\" rel=\"noopener noreferrer\" \t>\n\t\t<span>\n\t\t\t\n\t\t\tBolet\u00edn 2: Sesi\u00f3n de inicio del proyecto Europeo Capacity Building Alprode \t\t<\/span>\n\t\t\t<\/a>\n\t<\/div>\n<\/div><\/div><div id=\"panel-2698-0-0-4\" class=\"widget_text so-panel widget widget_custom_html\" data-index=\"4\" ><div class=\"textwidget custom-html-widget\"><div style=\"margin:10px;\">\n\t\n<\/div><\/div><\/div><div id=\"panel-2698-0-0-5\" class=\"so-panel widget widget_sow-button\" data-index=\"5\" ><div\n\t\t\t\n\t\t\tclass=\"so-widget-sow-button so-widget-sow-button-flat-66466acb9e12-2698\"\n\t\t\t\n\t\t><div class=\"ow-button-base ow-button-align-center\"\n>\n\t\t\t<a\n\t\t\t\t\thref=\"https:\/\/www.uhu.es\/alprode\/wp-content\/uploads\/2025\/03\/BOLETIN-3-ESP.pdf\"\n\t\t\t\t\tclass=\"sowb-button ow-icon-placement-left ow-button-hover\" target=\"_blank\" rel=\"noopener noreferrer\" \t>\n\t\t<span>\n\t\t\t\n\t\t\tBolet\u00edn 3: Capacitaci\u00f3n en desarrollo sostenible y cooperaci\u00f3n internacional \t\t<\/span>\n\t\t\t<\/a>\n\t<\/div>\n<\/div><\/div><div id=\"panel-2698-0-0-6\" class=\"widget_text so-panel widget widget_custom_html\" data-index=\"6\" ><div class=\"textwidget custom-html-widget\"><div style=\"margin:10px;\">\n\t\n<\/div><\/div><\/div><div id=\"panel-2698-0-0-7\" class=\"widget_text so-panel widget widget_custom_html\" data-index=\"7\" ><div class=\"textwidget custom-html-widget\"><div style=\"margin:10px;\">\n\t\n<\/div><\/div><\/div><div id=\"panel-2698-0-0-8\" class=\"so-panel widget widget_sow-button\" data-index=\"8\" ><div\n\t\t\t\n\t\t\tclass=\"so-widget-sow-button so-widget-sow-button-flat-66466acb9e12-2698\"\n\t\t\t\n\t\t><div class=\"ow-button-base ow-button-align-center\"\n>\n\t\t\t<a\n\t\t\t\t\thref=\"https:\/\/www.uhu.es\/alprode\/wp-content\/uploads\/2025\/10\/boletin-4-ESP-1.pdf\"\n\t\t\t\t\tclass=\"sowb-button ow-icon-placement-left ow-button-hover\" target=\"_blank\" rel=\"noopener noreferrer\" \t>\n\t\t<span>\n\t\t\t\n\t\t\tBolet\u00edn 4: Formaci\u00f3n en tutorizaci\u00f3n de practicas en empresas en Colombia y Ecuador en el marco del proyecto ALPRODE \t\t<\/span>\n\t\t\t<\/a>\n\t<\/div>\n<\/div><\/div><div id=\"panel-2698-0-0-9\" class=\"widget_text so-panel widget widget_custom_html\" data-index=\"9\" ><div class=\"textwidget custom-html-widget\"><div style=\"margin:10px;\">\n\t\n<\/div><\/div><\/div><div id=\"panel-2698-0-0-10\" class=\"widget_text so-panel widget widget_custom_html\" data-index=\"10\" ><div class=\"textwidget custom-html-widget\"><div style=\"margin:10px;\">\n\t\n<\/div><\/div><\/div><div id=\"panel-2698-0-0-11\" class=\"so-panel widget widget_sow-button panel-last-child\" data-index=\"11\" ><div\n\t\t\t\n\t\t\tclass=\"so-widget-sow-button so-widget-sow-button-flat-66466acb9e12-2698\"\n\t\t\t\n\t\t><div class=\"ow-button-base ow-button-align-center\"\n>\n\t\t\t<a\n\t\t\t\t\thref=\"https:\/\/www.uhu.es\/alprode\/wp-content\/uploads\/2026\/04\/boletin-5-ESP.pdf\"\n\t\t\t\t\tclass=\"sowb-button ow-icon-placement-left ow-button-hover\" target=\"_blank\" rel=\"noopener noreferrer\" \t>\n\t\t<span>\n\t\t\t\n\t\t\tBolet\u00edn 5: Foro Alianzas multiactor para la cooperaci\u00f3n y el desarrollo local en Ecuador\t\t<\/span>\n\t\t\t<\/a>\n\t<\/div>\n<\/div><\/div><\/div><div id=\"pgc-2698-0-1\"  class=\"panel-grid-cell\" ><div id=\"panel-2698-0-1-0\" class=\"so-panel widget widget_themegrill_flash_heading tg-widget section-title-wrapper panel-first-child\" data-index=\"12\" >\t<h3 class=\"section-title\">BOLETINES EN PORTUGUES<\/h3>\n<\/div><div id=\"panel-2698-0-1-1\" class=\"so-panel widget widget_sow-button\" data-index=\"13\" ><div\n\t\t\t\n\t\t\tclass=\"so-widget-sow-button so-widget-sow-button-flat-66466acb9e12-2698\"\n\t\t\t\n\t\t><div class=\"ow-button-base ow-button-align-center\"\n>\n\t\t\t<a\n\t\t\t\t\thref=\"https:\/\/www.uhu.es\/alprode\/wp-content\/uploads\/2025\/03\/BOLETIM-1-POR.pdf\"\n\t\t\t\t\tclass=\"sowb-button ow-icon-placement-left ow-button-hover\" target=\"_blank\" rel=\"noopener noreferrer\" \t>\n\t\t<span>\n\t\t\t\n\t\t\tBoletim 1: Puesta en marcha del proyecto Europeo Capacity Building \t\t<\/span>\n\t\t\t<\/a>\n\t<\/div>\n<\/div><\/div><div id=\"panel-2698-0-1-2\" class=\"widget_text so-panel widget widget_custom_html\" data-index=\"14\" ><div class=\"textwidget custom-html-widget\"><div style=\"margin:10px;\">\n\t\n<\/div><\/div><\/div><div id=\"panel-2698-0-1-3\" class=\"so-panel widget widget_sow-button\" data-index=\"15\" ><div\n\t\t\t\n\t\t\tclass=\"so-widget-sow-button so-widget-sow-button-flat-66466acb9e12-2698\"\n\t\t\t\n\t\t><div class=\"ow-button-base ow-button-align-center\"\n>\n\t\t\t<a\n\t\t\t\t\thref=\"https:\/\/www.uhu.es\/alprode\/wp-content\/uploads\/2025\/03\/BOLETIM-2-POR.pdf\"\n\t\t\t\t\tclass=\"separar-boton sowb-button ow-icon-placement-left ow-button-hover\" target=\"_blank\" rel=\"noopener noreferrer\" \t>\n\t\t<span>\n\t\t\t\n\t\t\tBoletim 2: Sesi\u00f3n de inicio del proyecto Europeo Capacity Building Alprode \t\t<\/span>\n\t\t\t<\/a>\n\t<\/div>\n<\/div><\/div><div id=\"panel-2698-0-1-4\" class=\"widget_text so-panel widget widget_custom_html\" data-index=\"16\" ><div class=\"textwidget custom-html-widget\"><div style=\"margin:10px;\">\n\t\n<\/div><\/div><\/div><div id=\"panel-2698-0-1-5\" class=\"so-panel widget widget_sow-button\" data-index=\"17\" ><div\n\t\t\t\n\t\t\tclass=\"so-widget-sow-button so-widget-sow-button-flat-66466acb9e12-2698\"\n\t\t\t\n\t\t><div class=\"ow-button-base ow-button-align-center\"\n>\n\t\t\t<a\n\t\t\t\t\thref=\"https:\/\/www.uhu.es\/alprode\/wp-content\/uploads\/2025\/03\/BOLETIM-3-POR.pdf\"\n\t\t\t\t\tclass=\"sowb-button ow-icon-placement-left ow-button-hover\" target=\"_blank\" rel=\"noopener noreferrer\" \t>\n\t\t<span>\n\t\t\t\n\t\t\tBoletim 3: Capacitaci\u00f3n en desarrollo sostenible y cooperaci\u00f3n internacional \t\t<\/span>\n\t\t\t<\/a>\n\t<\/div>\n<\/div><\/div><div id=\"panel-2698-0-1-6\" class=\"widget_text so-panel widget widget_custom_html\" data-index=\"18\" ><div class=\"textwidget custom-html-widget\"><div style=\"margin:10px;\">\n\t\n<\/div><\/div><\/div><div id=\"panel-2698-0-1-7\" class=\"widget_text so-panel widget widget_custom_html\" data-index=\"19\" ><div class=\"textwidget custom-html-widget\"><div style=\"margin:10px;\">\n\t\n<\/div><\/div><\/div><div id=\"panel-2698-0-1-8\" class=\"so-panel widget widget_sow-button\" data-index=\"20\" ><div\n\t\t\t\n\t\t\tclass=\"so-widget-sow-button so-widget-sow-button-flat-66466acb9e12-2698\"\n\t\t\t\n\t\t><div class=\"ow-button-base ow-button-align-center\"\n>\n\t\t\t<a\n\t\t\t\t\thref=\"https:\/\/www.uhu.es\/alprode\/wp-content\/uploads\/2025\/10\/boletim-4-POR.pdf\"\n\t\t\t\t\tclass=\"sowb-button ow-icon-placement-left ow-button-hover\" target=\"_blank\" rel=\"noopener noreferrer\" \t>\n\t\t<span>\n\t\t\t\n\t\t\tBoletim 4: Formaci\u00f3n en tutorizaci\u00f3n de practicas en empresas en Colombia y Ecuador en el marco del proyecto ALPRODE \t\t<\/span>\n\t\t\t<\/a>\n\t<\/div>\n<\/div><\/div><div id=\"panel-2698-0-1-9\" class=\"widget_text so-panel widget widget_custom_html\" data-index=\"21\" ><div class=\"textwidget custom-html-widget\"><div style=\"margin:10px;\">\n\t\n<\/div><\/div><\/div><div id=\"panel-2698-0-1-10\" class=\"widget_text so-panel widget widget_custom_html\" data-index=\"22\" ><div class=\"textwidget custom-html-widget\"><div style=\"margin:10px;\">\n\t\n<\/div><\/div><\/div><div id=\"panel-2698-0-1-11\" class=\"so-panel widget widget_sow-button panel-last-child\" data-index=\"23\" ><div\n\t\t\t\n\t\t\tclass=\"so-widget-sow-button so-widget-sow-button-flat-66466acb9e12-2698\"\n\t\t\t\n\t\t><div class=\"ow-button-base ow-button-align-center\"\n>\n\t\t\t<a\n\t\t\t\t\thref=\"https:\/\/www.uhu.es\/alprode\/wp-content\/uploads\/2026\/04\/boletim-5-POR.pdf\"\n\t\t\t\t\tclass=\"sowb-button ow-icon-placement-left ow-button-hover\" target=\"_blank\" rel=\"noopener noreferrer\" \t>\n\t\t<span>\n\t\t\t\n\t\t\tBoletim 5: Foro Alianzas multiactor para la cooperaci\u00f3n y el desarrollo local en Ecuador\t\t<\/span>\n\t\t\t<\/a>\n\t<\/div>\n<\/div><\/div><\/div><div id=\"pgc-2698-0-2\"  class=\"panel-grid-cell\" ><div id=\"panel-2698-0-2-0\" class=\"so-panel widget widget_themegrill_flash_heading tg-widget section-title-wrapper panel-first-child\" data-index=\"24\" >\t<h3 class=\"section-title\">BOLETINES EN INGL\u00c9S<\/h3>\n<\/div><div id=\"panel-2698-0-2-1\" class=\"so-panel widget widget_sow-button\" data-index=\"25\" ><div\n\t\t\t\n\t\t\tclass=\"so-widget-sow-button so-widget-sow-button-flat-66466acb9e12-2698\"\n\t\t\t\n\t\t><div class=\"ow-button-base ow-button-align-center\"\n>\n\t\t\t<a\n\t\t\t\t\thref=\"https:\/\/www.uhu.es\/alprode\/wp-content\/uploads\/2025\/03\/BULLETIN-1-ENG.pdf\"\n\t\t\t\t\tclass=\"sowb-button ow-icon-placement-left ow-button-hover\" target=\"_blank\" rel=\"noopener noreferrer\" \t>\n\t\t<span>\n\t\t\t\n\t\t\tBulletin 1: Implementation of the European capacity building project ALPRODE!\t\t<\/span>\n\t\t\t<\/a>\n\t<\/div>\n<\/div><\/div><div id=\"panel-2698-0-2-2\" class=\"widget_text so-panel widget widget_custom_html\" data-index=\"26\" ><div class=\"textwidget custom-html-widget\"><div style=\"margin:10px;\">\n\t\n<\/div><\/div><\/div><div id=\"panel-2698-0-2-3\" class=\"so-panel widget widget_sow-button\" data-index=\"27\" ><div\n\t\t\t\n\t\t\tclass=\"so-widget-sow-button so-widget-sow-button-flat-66466acb9e12-2698\"\n\t\t\t\n\t\t><div class=\"ow-button-base ow-button-align-center\"\n>\n\t\t\t<a\n\t\t\t\t\thref=\"https:\/\/www.uhu.es\/alprode\/wp-content\/uploads\/2025\/03\/BULLETIN-2-ENG.pdf\"\n\t\t\t\t\tclass=\"separar-boton sowb-button ow-icon-placement-left ow-button-hover\" target=\"_blank\" rel=\"noopener noreferrer\" \t>\n\t\t<span>\n\t\t\t\n\t\t\tBulletin 2: Startup session of the European project capacity building ALPRODE\t\t<\/span>\n\t\t\t<\/a>\n\t<\/div>\n<\/div><\/div><div id=\"panel-2698-0-2-4\" class=\"widget_text so-panel widget widget_custom_html\" data-index=\"28\" ><div class=\"textwidget custom-html-widget\"><div style=\"margin:10px;\">\n\t\n<\/div><\/div><\/div><div id=\"panel-2698-0-2-5\" class=\"so-panel widget widget_sow-button\" data-index=\"29\" ><div\n\t\t\t\n\t\t\tclass=\"so-widget-sow-button so-widget-sow-button-flat-66466acb9e12-2698\"\n\t\t\t\n\t\t><div class=\"ow-button-base ow-button-align-center\"\n>\n\t\t\t<a\n\t\t\t\t\thref=\"https:\/\/www.uhu.es\/alprode\/wp-content\/uploads\/2025\/03\/BULLETIN-3-ENG.pdf\"\n\t\t\t\t\tclass=\"sowb-button ow-icon-placement-left ow-button-hover\" target=\"_blank\" rel=\"noopener noreferrer\" \t>\n\t\t<span>\n\t\t\t\n\t\t\tBulletin 3: Colombia and Ecuador training program of sustainable development and international cooperation\t\t<\/span>\n\t\t\t<\/a>\n\t<\/div>\n<\/div><\/div><div id=\"panel-2698-0-2-6\" class=\"widget_text so-panel widget widget_custom_html\" data-index=\"30\" ><div class=\"textwidget custom-html-widget\"><div style=\"margin:10px;\">\n\t\n<\/div><\/div><\/div><div id=\"panel-2698-0-2-7\" class=\"so-panel widget widget_sow-button\" data-index=\"31\" ><div\n\t\t\t\n\t\t\tclass=\"so-widget-sow-button so-widget-sow-button-flat-66466acb9e12-2698\"\n\t\t\t\n\t\t><div class=\"ow-button-base ow-button-align-center\"\n>\n\t\t\t<a\n\t\t\t\t\thref=\"https:\/\/www.uhu.es\/alprode\/wp-content\/uploads\/2025\/10\/bulletin-4-ENG.pdf\"\n\t\t\t\t\tclass=\"sowb-button ow-icon-placement-left ow-button-hover\" target=\"_blank\" rel=\"noopener noreferrer\" \t>\n\t\t<span>\n\t\t\t\n\t\t\tBulletin 4: Internship mentoring training in companies in Colombia and Ecuador under the ALPRODE project\t\t<\/span>\n\t\t\t<\/a>\n\t<\/div>\n<\/div><\/div><div id=\"panel-2698-0-2-8\" class=\"widget_text so-panel widget widget_custom_html\" data-index=\"32\" ><div class=\"textwidget custom-html-widget\"><div style=\"margin:10px;\">\n\t\n<\/div><\/div><\/div><div id=\"panel-2698-0-2-9\" class=\"so-panel widget widget_sow-button panel-last-child\" data-index=\"33\" ><div\n\t\t\t\n\t\t\tclass=\"so-widget-sow-button so-widget-sow-button-flat-66466acb9e12-2698\"\n\t\t\t\n\t\t><div class=\"ow-button-base ow-button-align-center\"\n>\n\t\t\t<a\n\t\t\t\t\thref=\"https:\/\/www.uhu.es\/alprode\/wp-content\/uploads\/2026\/04\/bulletin-5-ENG.pdf\"\n\t\t\t\t\tclass=\"sowb-button ow-icon-placement-left ow-button-hover\" target=\"_blank\" rel=\"noopener noreferrer\" \t>\n\t\t<span>\n\t\t\t\n\t\t\tBulletin 5: Forum on Multi-Stakeholder partnerships for cooperation and local development in Ecuador\t\t<\/span>\n\t\t\t<\/a>\n\t<\/div>\n<\/div><\/div><\/div><\/div><div id=\"pg-2698-1\"  class=\"panel-grid panel-no-style\" ><div id=\"pgc-2698-1-0\"  class=\"panel-grid-cell\" ><div id=\"panel-2698-1-0-0\" class=\"widget_text so-panel widget widget_custom_html panel-first-child panel-last-child\" data-index=\"34\" ><div class=\"textwidget custom-html-widget\"><div style=\"margin:10px;\">\n\t\n<\/div><\/div><\/div><\/div><div id=\"pgc-2698-1-1\"  class=\"panel-grid-cell\" ><div id=\"panel-2698-1-1-0\" class=\"widget_text so-panel widget widget_custom_html panel-first-child panel-last-child\" data-index=\"35\" ><div class=\"textwidget custom-html-widget\"><div style=\"margin:10px;\">\n\t\n<\/div><\/div><\/div><\/div><div id=\"pgc-2698-1-2\"  class=\"panel-grid-cell\" ><div id=\"panel-2698-1-2-0\" class=\"widget_text so-panel widget widget_custom_html panel-first-child panel-last-child\" data-index=\"36\" ><div class=\"textwidget custom-html-widget\"><div style=\"margin:10px;\">\n\t\n<\/div><\/div><\/div><\/div><\/div><\/div>","protected":false},"excerpt":{"rendered":"<p>BOLETINES EN ESPA\u00d1OL Bolet\u00edn 1: Puesta en marcha del proyecto Europeo Capacity Building Bolet\u00edn 2: Sesi\u00f3n de inicio del proyecto [&hellip;]<\/p>\n","protected":false},"author":1,"featured_media":0,"parent":0,"menu_order":0,"comment_status":"closed","ping_status":"closed","template":"page-templates\/pagebuilder.php","meta":{"_bbp_topic_count":0,"_bbp_reply_count":0,"_bbp_total_topic_count":0,"_bbp_total_reply_count":0,"_bbp_voice_count":0,"_bbp_anonymous_reply_count":0,"_bbp_topic_count_hidden":0,"_bbp_reply_count_hidden":0,"_bbp_forum_subforum_count":0,"footnotes":""},"_links":{"self":[{"href":"https:\/\/www.uhu.es\/alprode\/wp-json\/wp\/v2\/pages\/2698"}],"collection":[{"href":"https:\/\/www.uhu.es\/alprode\/wp-json\/wp\/v2\/pages"}],"about":[{"href":"https:\/\/www.uhu.es\/alprode\/wp-json\/wp\/v2\/types\/page"}],"author":[{"embeddable":true,"href":"https:\/\/www.uhu.es\/alprode\/wp-json\/wp\/v2\/users\/1"}],"replies":[{"embeddable":true,"href":"https:\/\/www.uhu.es\/alprode\/wp-json\/wp\/v2\/comments?post=2698"}],"version-history":[{"count":70,"href":"https:\/\/www.uhu.es\/alprode\/wp-json\/wp\/v2\/pages\/2698\/revisions"}],"predecessor-version":[{"id":3147,"href":"https:\/\/www.uhu.es\/alprode\/wp-json\/wp\/v2\/pages\/2698\/revisions\/3147"}],"wp:attachment":[{"href":"https:\/\/www.uhu.es\/alprode\/wp-json\/wp\/v2\/media?parent=2698"}],"curies":[{"name":"wp","href":"https:\/\/api.w.org\/{rel}","templated":true}]}}