{"id":2806,"date":"2025-04-01T11:09:40","date_gmt":"2025-04-01T09:09:40","guid":{"rendered":"https:\/\/aliarquia.com\/?page_id=2806"},"modified":"2025-05-07T11:15:40","modified_gmt":"2025-05-07T09:15:40","slug":"notas-de-prensa","status":"publish","type":"page","link":"https:\/\/www.uhu.es\/alprode\/notas-de-prensa\/","title":{"rendered":"Notas de Prensa"},"content":{"rendered":"<div id=\"pl-2806\"  class=\"panel-layout\" ><div id=\"pg-2806-0\"  class=\"panel-grid panel-no-style\" ><div id=\"pgc-2806-0-0\"  class=\"panel-grid-cell\" ><div id=\"panel-2806-0-0-0\" class=\"so-panel widget widget_themegrill_flash_heading tg-widget section-title-wrapper panel-first-child panel-last-child\" data-index=\"0\" >\t<h3 class=\"section-title\">21\/02\/2025 UCUENCA ALPRODE: Impulsando el Desarrollo Productivo Sostenible<\/h3>\n<\/div><\/div><div id=\"pgc-2806-0-1\"  class=\"panel-grid-cell\" ><div id=\"panel-2806-0-1-0\" class=\"so-panel widget widget_themegrill_flash_heading tg-widget section-title-wrapper panel-first-child panel-last-child\" data-index=\"1\" >\t<h3 class=\"section-title\">11\/02\/2025 Formaci\u00f3n en Tutorizaci\u00f3n de Pr\u00e1cticas en Empresas dentro del Proyecto ALPRODE<\/h3>\n<\/div><\/div><\/div><div id=\"pg-2806-1\"  class=\"panel-grid panel-no-style\" ><div id=\"pgc-2806-1-0\"  class=\"panel-grid-cell\" ><div id=\"panel-2806-1-0-0\" class=\"widget_text so-panel widget widget_custom_html panel-first-child panel-last-child\" data-index=\"2\" ><div class=\"textwidget custom-html-widget\"><div style=\"position: relative; width: 100%; height: 600px;\">\n\t<iframe loading=\"lazy\" src=\"https:\/\/www.uhu.es\/alprode\/wp-content\/uploads\/2025\/04\/nota-de-prensa-UCUENCA-21-02-25.pdf\" width=\"100%\" height=\"600px\"><\/iframe>\n\t<div onclick=\"window.open('https:\/\/www.uhu.es\/alprode\/wp-content\/uploads\/2025\/04\/nota-de-prensa-UCUENCA-21-02-25.pdf', '_blank')\"\n         style=\"position: absolute; top: 0; left: 0; width: 100%; height: 100%; cursor: pointer;\">\n\t<\/div>\n<\/div>\n\n<\/div><\/div><\/div><div id=\"pgc-2806-1-1\"  class=\"panel-grid-cell\" ><div id=\"panel-2806-1-1-0\" class=\"widget_text so-panel widget widget_custom_html panel-first-child panel-last-child\" data-index=\"3\" ><div class=\"textwidget custom-html-widget\"><div style=\"position: relative; width: 100%; height: 600px;\">\n\t<iframe loading=\"lazy\" src=\"https:\/\/www.uhu.es\/alprode\/wp-content\/uploads\/2025\/04\/NOTA-DE-PRENSA-FEBRERO-2025.pdf\" width=\"100%\" height=\"600px\"><\/iframe>\n\t\t<div onclick=\"window.open('https:\/\/www.uhu.es\/alprode\/wp-content\/uploads\/2025\/04\/NOTA-DE-PRENSA-FEBRERO-2025.pdf', '_blank')\"\n\t\tstyle=\"position: absolute; top: 0; left: 0; width: 100%; height: 100%; cursor: pointer;\">\n\t<\/div>\n<\/div>\n\n<\/div><\/div><\/div><\/div><div id=\"pg-2806-2\"  class=\"panel-grid panel-no-style\" ><div id=\"pgc-2806-2-0\"  class=\"panel-grid-cell\" ><div id=\"panel-2806-2-0-0\" class=\"so-panel widget widget_themegrill_flash_heading tg-widget section-title-wrapper panel-first-child panel-last-child\" data-index=\"4\" >\t<h3 class=\"section-title\">05\/02\/2025 La Universidad de Huelva refuerza sus relaciones acad\u00e9micas con Senegal<\/h3>\n<\/div><\/div><div id=\"pgc-2806-2-1\"  class=\"panel-grid-cell\" ><div id=\"panel-2806-2-1-0\" class=\"so-panel widget widget_themegrill_flash_heading tg-widget section-title-wrapper panel-first-child panel-last-child\" data-index=\"5\" >\t<h3 class=\"section-title\">19\/02\/2025<\/h3>\n<\/div><\/div><\/div><div id=\"pg-2806-3\"  class=\"panel-grid panel-no-style\" ><div id=\"pgc-2806-3-0\"  class=\"panel-grid-cell\" ><div id=\"panel-2806-3-0-0\" class=\"widget_text so-panel widget widget_custom_html panel-first-child panel-last-child\" data-index=\"6\" ><div class=\"textwidget custom-html-widget\"><div style=\"position: relative; width: 100%; height: 600px;\">\n\t<iframe loading=\"lazy\" src=\"https:\/\/www.uhu.es\/alprode\/wp-content\/uploads\/2025\/04\/Np-05-02-2025-Senegal_cr-1.pdf\" width=\"100%\" height=\"600px\"><\/iframe>\n\t<div onclick=\"window.open('https:\/\/www.uhu.es\/alprode\/wp-content\/uploads\/2025\/04\/Np-05-02-2025-Senegal_cr-1.pdf', '_blank')\"\n         style=\"position: absolute; top: 0; left: 0; width: 100%; height: 100%; cursor: pointer;\">\n\t<\/div>\n<\/div>\n\n<\/div><\/div><\/div><div id=\"pgc-2806-3-1\"  class=\"panel-grid-cell\" ><div id=\"panel-2806-3-1-0\" class=\"widget_text so-panel widget widget_custom_html panel-first-child panel-last-child\" data-index=\"7\" ><div class=\"textwidget custom-html-widget\"><div style=\"position: relative; width: 100%; height: 600px;\">\n\t<iframe loading=\"lazy\" src=\"https:\/\/www.uhu.es\/alprode\/wp-content\/uploads\/2025\/04\/NOTA-DE-PRENSA-FEBRERO-2025-UCUENCA.docx.pdf\" width=\"100%\" height=\"600px\"><\/iframe>\n\t<div onclick=\"window.open('https:\/\/www.uhu.es\/alprode\/wp-content\/uploads\/2025\/04\/Np-05-02-2025-Senegal_cr-1.pdf', '_blank')\"\n         style=\"position: absolute; top: 0; left: 0; width: 100%; height: 100%; cursor: pointer;\">\n\t<\/div>\n<\/div>\n\n<\/div><\/div><\/div><\/div><div id=\"pg-2806-4\"  class=\"panel-grid panel-no-style\" ><div id=\"pgc-2806-4-0\"  class=\"panel-grid-cell\" ><div id=\"panel-2806-4-0-0\" class=\"so-panel widget widget_themegrill_flash_heading tg-widget section-title-wrapper panel-first-child panel-last-child\" data-index=\"8\" >\t<h3 class=\"section-title\">UTPL participa en el fortalecimiento de capacidades docentes para el desarrollo sostenible en Ecuador<\/h3>\n<\/div><\/div><div id=\"pgc-2806-4-1\"  class=\"panel-grid-cell\" ><div id=\"panel-2806-4-1-0\" class=\"so-panel widget widget_themegrill_flash_heading tg-widget section-title-wrapper panel-first-child panel-last-child\" data-index=\"9\" >\t<h3 class=\"section-title\">Colaboraci\u00f3n internacional que transforma la educaci\u00f3n superior<\/h3>\n<\/div><\/div><\/div><div id=\"pg-2806-5\"  class=\"panel-grid panel-no-style\" ><div id=\"pgc-2806-5-0\"  class=\"panel-grid-cell\" ><div id=\"panel-2806-5-0-0\" class=\"widget_text so-panel widget widget_custom_html panel-first-child panel-last-child\" data-index=\"10\" ><div class=\"textwidget custom-html-widget\"><div style=\"position: relative; width: 100%; height: 600px;\">\n\t<iframe loading=\"lazy\" src=\"https:\/\/www.uhu.es\/alprode\/wp-content\/uploads\/2025\/05\/NOTA-DE-PRENSA-UTPL-2-Documentos-de-Google.pdf\" width=\"100%\" height=\"600px\"><\/iframe>\n\t<div onclick=\"window.open('https:\/\/www.uhu.es\/alprode\/wp-content\/uploads\/2025\/04\/Np-05-02-2025-Senegal_cr-1.pdf', '_blank')\"\n         style=\"position: absolute; top: 0; left: 0; width: 100%; height: 100%; cursor: pointer;\">\n\t<\/div>\n<\/div>\n\n<\/div><\/div><\/div><div id=\"pgc-2806-5-1\"  class=\"panel-grid-cell\" ><div id=\"panel-2806-5-1-0\" class=\"widget_text so-panel widget widget_custom_html panel-first-child panel-last-child\" data-index=\"11\" ><div class=\"textwidget custom-html-widget\"><div style=\"position: relative; width: 100%; height: 600px;\">\n\t<iframe loading=\"lazy\" src=\"https:\/\/www.uhu.es\/alprode\/wp-content\/uploads\/2025\/05\/NOTA-DE-PRENSA-UTPL.pdf\" width=\"100%\" height=\"600px\"><\/iframe>\n\t<div onclick=\"window.open('https:\/\/www.uhu.es\/alprode\/wp-content\/uploads\/2025\/04\/Np-05-02-2025-Senegal_cr-1.pdf', '_blank')\"\n         style=\"position: absolute; top: 0; left: 0; width: 100%; height: 100%; cursor: pointer;\">\n\t<\/div>\n<\/div>\n\n<\/div><\/div><\/div><\/div><\/div>","protected":false},"excerpt":{"rendered":"<p>21\/02\/2025 UCUENCA ALPRODE: Impulsando el Desarrollo Productivo Sostenible 11\/02\/2025 Formaci\u00f3n en Tutorizaci\u00f3n de Pr\u00e1cticas en Empresas dentro del Proyecto ALPRODE [&hellip;]<\/p>\n","protected":false},"author":1,"featured_media":0,"parent":0,"menu_order":0,"comment_status":"closed","ping_status":"closed","template":"","meta":{"_bbp_topic_count":0,"_bbp_reply_count":0,"_bbp_total_topic_count":0,"_bbp_total_reply_count":0,"_bbp_voice_count":0,"_bbp_anonymous_reply_count":0,"_bbp_topic_count_hidden":0,"_bbp_reply_count_hidden":0,"_bbp_forum_subforum_count":0,"footnotes":""},"_links":{"self":[{"href":"https:\/\/www.uhu.es\/alprode\/wp-json\/wp\/v2\/pages\/2806"}],"collection":[{"href":"https:\/\/www.uhu.es\/alprode\/wp-json\/wp\/v2\/pages"}],"about":[{"href":"https:\/\/www.uhu.es\/alprode\/wp-json\/wp\/v2\/types\/page"}],"author":[{"embeddable":true,"href":"https:\/\/www.uhu.es\/alprode\/wp-json\/wp\/v2\/users\/1"}],"replies":[{"embeddable":true,"href":"https:\/\/www.uhu.es\/alprode\/wp-json\/wp\/v2\/comments?post=2806"}],"version-history":[{"count":21,"href":"https:\/\/www.uhu.es\/alprode\/wp-json\/wp\/v2\/pages\/2806\/revisions"}],"predecessor-version":[{"id":2948,"href":"https:\/\/www.uhu.es\/alprode\/wp-json\/wp\/v2\/pages\/2806\/revisions\/2948"}],"wp:attachment":[{"href":"https:\/\/www.uhu.es\/alprode\/wp-json\/wp\/v2\/media?parent=2806"}],"curies":[{"name":"wp","href":"https:\/\/api.w.org\/{rel}","templated":true}]}}