{"id":2884,"date":"2025-04-11T22:01:53","date_gmt":"2025-04-11T20:01:53","guid":{"rendered":"https:\/\/aliarquia.com\/?page_id=2884"},"modified":"2025-04-11T22:09:07","modified_gmt":"2025-04-11T20:09:07","slug":"capacitacion","status":"publish","type":"page","link":"https:\/\/www.uhu.es\/alprode\/capacitacion\/","title":{"rendered":"Capacitacion"},"content":{"rendered":"<div id=\"pl-2884\"  class=\"panel-layout\" ><div id=\"pg-2884-0\"  class=\"panel-grid panel-no-style\" ><div id=\"pgc-2884-0-0\"  class=\"panel-grid-cell\" ><div id=\"panel-2884-0-0-0\" class=\"so-panel widget widget_themegrill_flash_heading tg-widget section-title-wrapper panel-first-child panel-last-child\" data-index=\"0\" >\t<h3 class=\"section-title\">Capacitaci\u00f3n en Desarrollo Sostenible en Bogot\u00e1 y Loja<\/h3>\n<\/div><\/div><\/div><div id=\"pg-2884-1\"  class=\"panel-grid panel-no-style\" ><div id=\"pgc-2884-1-0\"  class=\"panel-grid-cell\" ><div id=\"panel-2884-1-0-0\" class=\"so-panel widget widget_sow-image panel-first-child panel-last-child\" data-index=\"1\" ><div\n\t\t\t\n\t\t\tclass=\"so-widget-sow-image so-widget-sow-image-default-c67d20f9f743-2884\"\n\t\t\t\n\t\t>\n<div class=\"sow-image-container\">\n\t\t<img \n\tsrc=\"https:\/\/www.uhu.es\/alprode\/wp-content\/uploads\/2025\/04\/Foto1.png\" width=\"850\" height=\"432\" srcset=\"https:\/\/www.uhu.es\/alprode\/wp-content\/uploads\/2025\/04\/Foto1.png 850w, https:\/\/www.uhu.es\/alprode\/wp-content\/uploads\/2025\/04\/Foto1-300x152.png 300w, https:\/\/www.uhu.es\/alprode\/wp-content\/uploads\/2025\/04\/Foto1-768x390.png 768w\" sizes=\"(max-width: 850px) 100vw, 850px\" alt=\"\" \t\tclass=\"so-widget-image\"\/>\n\t<\/div>\n\n<\/div><\/div><\/div><\/div><div id=\"pg-2884-2\"  class=\"panel-grid panel-no-style\" ><div id=\"pgc-2884-2-0\"  class=\"panel-grid-cell\" ><div id=\"panel-2884-2-0-0\" class=\"so-panel widget widget_text panel-first-child panel-last-child\" data-index=\"2\" >\t\t\t<div class=\"textwidget\"><p class=\"has-normal-font-size\">Entre el 16 y el 18 de abril, en Bogot\u00e1 (Colombia), el equipo ALPRODE, un proyecto que une dos continentes y cuatro pa\u00edses -Portugal, Espa\u00f1a, Ecuador y Colombia-, integrado por Francisco Mar\u00edn Pageo y Gloria L\u00f3pez (Universidad de Huelva), Ignacio Su\u00e1rez (Fundaci\u00f3n CIDEAL), Ana Isabel Martins y C\u00e1tia Martins (Universidad del Algarve), promueven la capacitaci\u00f3n del personal docente para desarrollar habilidades con el objeto de la implementaci\u00f3n de diversos relativos a las \u00e1reas del desarrollo productivo sostenible y la cooperaci\u00f3n internacional.<\/p>\n<p class=\"has-normal-font-size\">El proyecto ALPRODE est\u00e1 financiado por la Comisi\u00f3n Europea -con un presupuesto que supera los 700.000\u20ac- y coordinado por la Universidad de Huelva (Espa\u00f1a) cuenta con la participaci\u00f3n de varios actores que le dan versatilidad y garantizan el cumplimiento de sus objetivos, como son la Universidad Polit\u00e9cnica de Madrid y Fundaci\u00f3n CIDEAL\u00a0 (Espa\u00f1a); Universidad del Algarve (Portugal); Fundaci\u00f3n Uniempresarial, Universidad del Valle, Universidad Fundaci\u00f3n\u00a0 \u00c1rea Andina, y\u00a0 C\u00e1mara de Comercio de Bogot\u00e1 (Colombia) as\u00ed como Universidad T\u00e9cnica Particular de Loja, Universidad de Cuenca\u00a0 y C\u00e1mara de Comercio de Quito (Ecuador).<\/p>\n<\/div>\n\t\t<\/div><\/div><\/div><div id=\"pg-2884-3\"  class=\"panel-grid panel-no-style\" ><div id=\"pgc-2884-3-0\"  class=\"panel-grid-cell\" ><div id=\"panel-2884-3-0-0\" class=\"so-panel widget widget_sow-image panel-first-child panel-last-child\" data-index=\"3\" ><div\n\t\t\t\n\t\t\tclass=\"so-widget-sow-image so-widget-sow-image-default-c67d20f9f743-2884\"\n\t\t\t\n\t\t>\n<div class=\"sow-image-container\">\n\t\t<img \n\tsrc=\"https:\/\/www.uhu.es\/alprode\/wp-content\/uploads\/2025\/04\/Foto2.png\" width=\"850\" height=\"432\" srcset=\"https:\/\/www.uhu.es\/alprode\/wp-content\/uploads\/2025\/04\/Foto2.png 850w, https:\/\/www.uhu.es\/alprode\/wp-content\/uploads\/2025\/04\/Foto2-300x152.png 300w, https:\/\/www.uhu.es\/alprode\/wp-content\/uploads\/2025\/04\/Foto2-768x390.png 768w\" sizes=\"(max-width: 850px) 100vw, 850px\" alt=\"\" \t\tclass=\"so-widget-image\"\/>\n\t<\/div>\n\n<\/div><\/div><\/div><\/div><div id=\"pg-2884-4\"  class=\"panel-grid panel-no-style\" ><div id=\"pgc-2884-4-0\"  class=\"panel-grid-cell\" ><div id=\"panel-2884-4-0-0\" class=\"so-panel widget widget_text panel-first-child panel-last-child\" data-index=\"4\" >\t\t\t<div class=\"textwidget\"><p>Adem\u00e1s de la capacitaci\u00f3n, el coordinador Francisco Mar\u00edn Pageo y el representante de CIDEAL, Ignacio Su\u00e1rez, mantuvieron una reuni\u00f3n con la C\u00e1mara de Comercio de Bogot\u00e1, donde se constat\u00f3 la fuerte implicaci\u00f3n de esta reputada entidad en la marcha del proyecto.<\/p>\n<\/div>\n\t\t<\/div><\/div><\/div><div id=\"pg-2884-5\"  class=\"panel-grid panel-no-style\" ><div id=\"pgc-2884-5-0\"  class=\"panel-grid-cell\" ><div id=\"panel-2884-5-0-0\" class=\"so-panel widget widget_sow-image panel-first-child panel-last-child\" data-index=\"5\" ><div\n\t\t\t\n\t\t\tclass=\"so-widget-sow-image so-widget-sow-image-default-8b5b6f678277-2884\"\n\t\t\t\n\t\t>\n<div class=\"sow-image-container\">\n\t\t<img \n\tsrc=\"https:\/\/www.uhu.es\/alprode\/wp-content\/uploads\/2025\/04\/Foto3-e1745482515560.png\" width=\"374\" height=\"270\" srcset=\"https:\/\/www.uhu.es\/alprode\/wp-content\/uploads\/2025\/04\/Foto3-e1745482515560.png 374w, https:\/\/www.uhu.es\/alprode\/wp-content\/uploads\/2025\/04\/Foto3-e1745482515560-300x217.png 300w\" sizes=\"(max-width: 374px) 100vw, 374px\" title=\"Foto3\" alt=\"\" \t\tclass=\"so-widget-image\"\/>\n\t<\/div>\n\n<\/div><\/div><\/div><div id=\"pgc-2884-5-1\"  class=\"panel-grid-cell\" ><div id=\"panel-2884-5-1-0\" class=\"so-panel widget widget_text panel-first-child panel-last-child\" data-index=\"6\" >\t\t\t<div class=\"textwidget\"><p class=\"has-normal-font-size\">El equipo pondr\u00e1 rumbo a Loja (Ecuador) el 22 abril, para desarrollar una segunda edici\u00f3n del curso en la Universidad T\u00e9cnica Particular de Loja a la que asistir\u00e1 personal de la Universidad de Cuenca y de la Universidad anfitriona.<\/p>\n<p class=\"has-normal-font-size\">El proyecto est\u00e1 enfocado al desarrollo sostenible y la cooperaci\u00f3n internacional, en este contexto promueve el emprendimiento y la empleabilidad de estudiantes socialmente vulnerables en Ecuador y Colombia.<\/p>\n<p class=\"has-normal-font-size\">El proyecto tiene una duraci\u00f3n de tres a\u00f1os y durante el mismo, adem\u00e1s de estudiantes, se capacitar\u00e1 a docentes y personal administrativo, fortaleciendo tambi\u00e9n el sistema universitario en Ecuador y Colombia y mejorando las expectativas laborales de m\u00e1s de 200 estudiantes.<\/p>\n<\/div>\n\t\t<\/div><\/div><\/div><\/div>","protected":false},"excerpt":{"rendered":"<p>Capacitaci\u00f3n en Desarrollo Sostenible en Bogot\u00e1 y Loja Entre el 16 y el 18 de abril, en Bogot\u00e1 (Colombia), el [&hellip;]<\/p>\n","protected":false},"author":1,"featured_media":0,"parent":0,"menu_order":0,"comment_status":"closed","ping_status":"closed","template":"","meta":{"_bbp_topic_count":0,"_bbp_reply_count":0,"_bbp_total_topic_count":0,"_bbp_total_reply_count":0,"_bbp_voice_count":0,"_bbp_anonymous_reply_count":0,"_bbp_topic_count_hidden":0,"_bbp_reply_count_hidden":0,"_bbp_forum_subforum_count":0,"footnotes":""},"_links":{"self":[{"href":"https:\/\/www.uhu.es\/alprode\/wp-json\/wp\/v2\/pages\/2884"}],"collection":[{"href":"https:\/\/www.uhu.es\/alprode\/wp-json\/wp\/v2\/pages"}],"about":[{"href":"https:\/\/www.uhu.es\/alprode\/wp-json\/wp\/v2\/types\/page"}],"author":[{"embeddable":true,"href":"https:\/\/www.uhu.es\/alprode\/wp-json\/wp\/v2\/users\/1"}],"replies":[{"embeddable":true,"href":"https:\/\/www.uhu.es\/alprode\/wp-json\/wp\/v2\/comments?post=2884"}],"version-history":[{"count":7,"href":"https:\/\/www.uhu.es\/alprode\/wp-json\/wp\/v2\/pages\/2884\/revisions"}],"predecessor-version":[{"id":2895,"href":"https:\/\/www.uhu.es\/alprode\/wp-json\/wp\/v2\/pages\/2884\/revisions\/2895"}],"wp:attachment":[{"href":"https:\/\/www.uhu.es\/alprode\/wp-json\/wp\/v2\/media?parent=2884"}],"curies":[{"name":"wp","href":"https:\/\/api.w.org\/{rel}","templated":true}]}}