{"id":2897,"date":"2025-04-11T22:29:47","date_gmt":"2025-04-11T20:29:47","guid":{"rendered":"https:\/\/aliarquia.com\/?page_id=2897"},"modified":"2025-04-11T22:29:47","modified_gmt":"2025-04-11T20:29:47","slug":"docentes-de-ciencias-economicas","status":"publish","type":"page","link":"https:\/\/www.uhu.es\/alprode\/docentes-de-ciencias-economicas\/","title":{"rendered":"Docentes de Ciencias Econ\u00f3micas"},"content":{"rendered":"<div id=\"pl-2897\"  class=\"panel-layout\" ><div id=\"pg-2897-0\"  class=\"panel-grid panel-no-style\" ><div id=\"pgc-2897-0-0\"  class=\"panel-grid-cell\" ><div id=\"panel-2897-0-0-0\" class=\"so-panel widget widget_themegrill_flash_heading tg-widget section-title-wrapper panel-first-child panel-last-child\" data-index=\"0\" >\t<h3 class=\"section-title\">Docentes de Ciencias Econ\u00f3micas y Administrativas en capacitaci\u00f3n de proyecto ALPRODE (Erasmus +)<\/h3>\n\t<div class=\"section-description\">Por Mercy Orellana , Mayo 29, 2024<\/div>\n<\/div><\/div><\/div><div id=\"pg-2897-1\"  class=\"panel-grid panel-no-style\" ><div id=\"pgc-2897-1-0\"  class=\"panel-grid-cell\" ><div id=\"panel-2897-1-0-0\" class=\"so-panel widget widget_sow-image panel-first-child panel-last-child\" data-index=\"1\" ><div\n\t\t\t\n\t\t\tclass=\"so-widget-sow-image so-widget-sow-image-default-c67d20f9f743-2897\"\n\t\t\t\n\t\t>\n<div class=\"sow-image-container\">\n\t\t<img \n\tsrc=\"https:\/\/www.uhu.es\/alprode\/wp-content\/uploads\/2025\/04\/Imagen4.jpeg\" width=\"1400\" height=\"800\" srcset=\"https:\/\/www.uhu.es\/alprode\/wp-content\/uploads\/2025\/04\/Imagen4.jpeg 1400w, https:\/\/www.uhu.es\/alprode\/wp-content\/uploads\/2025\/04\/Imagen4-300x171.jpeg 300w, https:\/\/www.uhu.es\/alprode\/wp-content\/uploads\/2025\/04\/Imagen4-1024x585.jpeg 1024w, https:\/\/www.uhu.es\/alprode\/wp-content\/uploads\/2025\/04\/Imagen4-768x439.jpeg 768w\" sizes=\"(max-width: 1400px) 100vw, 1400px\" alt=\"Grupo de docentes que particip\u00f3 en el programa de capacitaci\u00f3n.\" \t\tclass=\"so-widget-image\"\/>\n\t<\/div>\n\n<\/div><\/div><\/div><\/div><div id=\"pg-2897-2\"  class=\"panel-grid panel-no-style\" ><div id=\"pgc-2897-2-0\"  class=\"panel-grid-cell\" ><div id=\"panel-2897-2-0-0\" class=\"so-panel widget widget_text panel-first-child panel-last-child\" data-index=\"2\" >\t\t\t<div class=\"textwidget\"><p>Grupo de docentes que particip\u00f3 en el programa de capacitaci\u00f3n.<\/p>\n<\/div>\n\t\t<\/div><\/div><\/div><div id=\"pg-2897-3\"  class=\"panel-grid panel-no-style\" ><div id=\"pgc-2897-3-0\"  class=\"panel-grid-cell\" ><div id=\"panel-2897-3-0-0\" class=\"so-panel widget widget_text panel-first-child panel-last-child\" data-index=\"3\" >\t\t\t<div class=\"textwidget\"><p>En el contexto del proyecto ALPRODE, financiado por el programa Erasmus+ de la Uni\u00f3n Europea, se llev\u00f3 a cabo una destacada reuni\u00f3n de formaci\u00f3n docente en la Universidad T\u00e9cnica Particular de Loja (sede Loja).<\/p>\n<p>Este proyecto cuenta con la participaci\u00f3n de tres universidades colombianas y dos universidades ecuatorianas, entre las cuales se encuentra la Universidad de Cuenca. Su objetivo principal radica en fortalecer las capacidades y conocimientos relacionados con la sostenibilidad econ\u00f3mica-social y la cooperaci\u00f3n internacional.<\/p>\n<p>Doce docentes de la Facultad de Ciencias Econ\u00f3micas y Administrativas se integraron al programa de capacitaci\u00f3n con el prop\u00f3sito de expandir sus competencias en \u00e1reas clave vinculadas al desarrollo sostenible y la cooperaci\u00f3n internacional. Esta colaboraci\u00f3n aspira que la academia proponga soluciones a los desaf\u00edos empresariales u organizativos, promoviendo as\u00ed un crecimiento sostenible.<\/p>\n<p>El proyecto ALPRODE result\u00f3 ganador a finales del a\u00f1o 2022, est\u00e1 bajo la coordinaci\u00f3n de la Universidad de Huelva (Espa\u00f1a), en asociaci\u00f3n con otras instituciones: Universidad de Algarve (Portugal), Universidad Polit\u00e9cnica de Madrid, Fundaci\u00f3n Cideal, Uniempresarial, Areandina, Universidad del Valle, C\u00e1mara de Comercio de Bogot\u00e1, Universidad T\u00e9cnica Particular de Loja, C\u00e1mara de Comercio de Quito y Universidad de Cuenca.<\/p>\n<p>El objetivo principal de ALPRODE consiste en fomentar el desarrollo productivo sostenible y la cooperaci\u00f3n internacional, poniendo \u00e9nfasis en el mejoramiento de la empleabilidad y la instrucci\u00f3n acad\u00e9mica. A trav\u00e9s de alianzas multiactor, se pretende potenciar la participaci\u00f3n de diversos interesados en la promoci\u00f3n de un desarrollo equitativo y sostenible en la regi\u00f3n.<\/p>\n<p>Esta iniciativa representa un avance significativo hacia la construcci\u00f3n de un futuro m\u00e1s sostenible y pr\u00f3spero para Colombia y Ecuador. Las pr\u00f3ximas actividades se enfocar\u00e1n en la capacitaci\u00f3n estudiantil y en establecer colaboraciones con instituciones u organizaciones para facilitar el trabajo conjunto con la Universidad y mejorar un \u00e1rea espec\u00edfica de la organizaci\u00f3n.<\/p>\n<\/div>\n\t\t<\/div><\/div><\/div><div id=\"pg-2897-4\"  class=\"panel-grid panel-no-style\" ><div id=\"pgc-2897-4-0\"  class=\"panel-grid-cell\" ><div id=\"panel-2897-4-0-0\" class=\"so-panel widget widget_sow-image panel-first-child panel-last-child\" data-index=\"4\" ><div\n\t\t\t\n\t\t\tclass=\"so-widget-sow-image so-widget-sow-image-default-c67d20f9f743-2897\"\n\t\t\t\n\t\t>\n<div class=\"sow-image-container\">\n\t\t<img \n\tsrc=\"https:\/\/www.uhu.es\/alprode\/wp-content\/uploads\/2025\/04\/foto6.png\" width=\"1101\" height=\"146\" srcset=\"https:\/\/www.uhu.es\/alprode\/wp-content\/uploads\/2025\/04\/foto6.png 1101w, https:\/\/www.uhu.es\/alprode\/wp-content\/uploads\/2025\/04\/foto6-300x40.png 300w, https:\/\/www.uhu.es\/alprode\/wp-content\/uploads\/2025\/04\/foto6-1024x136.png 1024w, https:\/\/www.uhu.es\/alprode\/wp-content\/uploads\/2025\/04\/foto6-768x102.png 768w\" sizes=\"(max-width: 1101px) 100vw, 1101px\" alt=\"Grupo de docentes que particip\u00f3 en el programa de capacitaci\u00f3n.\" \t\tclass=\"so-widget-image\"\/>\n\t<\/div>\n\n<\/div><\/div><\/div><\/div><\/div>","protected":false},"excerpt":{"rendered":"<p>Docentes de Ciencias Econ\u00f3micas y Administrativas en capacitaci\u00f3n de proyecto ALPRODE (Erasmus +) Por Mercy Orellana , Mayo 29, 2024 [&hellip;]<\/p>\n","protected":false},"author":1,"featured_media":0,"parent":0,"menu_order":0,"comment_status":"closed","ping_status":"closed","template":"","meta":{"_bbp_topic_count":0,"_bbp_reply_count":0,"_bbp_total_topic_count":0,"_bbp_total_reply_count":0,"_bbp_voice_count":0,"_bbp_anonymous_reply_count":0,"_bbp_topic_count_hidden":0,"_bbp_reply_count_hidden":0,"_bbp_forum_subforum_count":0,"footnotes":""},"_links":{"self":[{"href":"https:\/\/www.uhu.es\/alprode\/wp-json\/wp\/v2\/pages\/2897"}],"collection":[{"href":"https:\/\/www.uhu.es\/alprode\/wp-json\/wp\/v2\/pages"}],"about":[{"href":"https:\/\/www.uhu.es\/alprode\/wp-json\/wp\/v2\/types\/page"}],"author":[{"embeddable":true,"href":"https:\/\/www.uhu.es\/alprode\/wp-json\/wp\/v2\/users\/1"}],"replies":[{"embeddable":true,"href":"https:\/\/www.uhu.es\/alprode\/wp-json\/wp\/v2\/comments?post=2897"}],"version-history":[{"count":3,"href":"https:\/\/www.uhu.es\/alprode\/wp-json\/wp\/v2\/pages\/2897\/revisions"}],"predecessor-version":[{"id":2903,"href":"https:\/\/www.uhu.es\/alprode\/wp-json\/wp\/v2\/pages\/2897\/revisions\/2903"}],"wp:attachment":[{"href":"https:\/\/www.uhu.es\/alprode\/wp-json\/wp\/v2\/media?parent=2897"}],"curies":[{"name":"wp","href":"https:\/\/api.w.org\/{rel}","templated":true}]}}