{"id":2905,"date":"2025-04-11T22:41:04","date_gmt":"2025-04-11T20:41:04","guid":{"rendered":"https:\/\/aliarquia.com\/?page_id=2905"},"modified":"2025-04-11T22:41:04","modified_gmt":"2025-04-11T20:41:04","slug":"noticia-3","status":"publish","type":"page","link":"https:\/\/www.uhu.es\/alprode\/noticia-3\/","title":{"rendered":"Noticia 3"},"content":{"rendered":"<div id=\"pl-2905\"  class=\"panel-layout\" ><div id=\"pg-2905-0\"  class=\"panel-grid panel-no-style\" ><div id=\"pgc-2905-0-0\"  class=\"panel-grid-cell\" ><div id=\"panel-2905-0-0-0\" class=\"so-panel widget widget_themegrill_flash_heading tg-widget section-title-wrapper panel-first-child panel-last-child\" data-index=\"0\" >\t<h3 class=\"section-title\">ALPRODE: Impulsando el Desarrollo Productivo Sostenible<\/h3>\n<\/div><\/div><\/div><div id=\"pg-2905-1\"  class=\"panel-grid panel-no-style\" ><div id=\"pgc-2905-1-0\"  class=\"panel-grid-cell\" ><div id=\"panel-2905-1-0-0\" class=\"so-panel widget widget_text panel-first-child panel-last-child\" data-index=\"1\" >\t\t\t<div class=\"textwidget\"><p>Con el objetivo de fomentar el crecimiento econ\u00f3mico sostenible en Ecuador y Colombia, Se desarroll\u00f3 la inauguraci\u00f3n de la tutorizaci\u00f3n de pr\u00e1cticas laborales denominado Proyecto ALPRODE (Desarrollo Productivo Sostenible y Cooperaci\u00f3n Internacional) este proyecto se consolida como una iniciativa clave dentro del programa ERASMUS-EDU-2022-CBHE. A trav\u00e9s de la integraci\u00f3n de la formaci\u00f3n acad\u00e9mica con la pr\u00e1ctica profesional en entornos reales, ALPRODE busca fortalecer las capacidades de estudiantes y docentes, as\u00ed como aportar soluciones innovadoras a los desaf\u00edos de las empresas locales y regionales.<\/p>\n<\/div>\n\t\t<\/div><\/div><\/div><div id=\"pg-2905-2\"  class=\"panel-grid panel-no-style\" ><div id=\"pgc-2905-2-0\"  class=\"panel-grid-cell\" ><div id=\"panel-2905-2-0-0\" class=\"so-panel widget widget_sow-image panel-first-child panel-last-child\" data-index=\"2\" ><div\n\t\t\t\n\t\t\tclass=\"so-widget-sow-image so-widget-sow-image-default-c67d20f9f743-2905\"\n\t\t\t\n\t\t>\n<div class=\"sow-image-container\">\n\t\t<img \n\tsrc=\"https:\/\/www.uhu.es\/alprode\/wp-content\/uploads\/2025\/04\/foto7.jpg\" width=\"1024\" height=\"683\" srcset=\"https:\/\/www.uhu.es\/alprode\/wp-content\/uploads\/2025\/04\/foto7.jpg 1024w, https:\/\/www.uhu.es\/alprode\/wp-content\/uploads\/2025\/04\/foto7-300x200.jpg 300w, https:\/\/www.uhu.es\/alprode\/wp-content\/uploads\/2025\/04\/foto7-768x512.jpg 768w, https:\/\/www.uhu.es\/alprode\/wp-content\/uploads\/2025\/04\/foto7-272x182.jpg 272w\" sizes=\"(max-width: 1024px) 100vw, 1024px\" alt=\"\" \t\tclass=\"so-widget-image\"\/>\n\t<\/div>\n\n<\/div><\/div><\/div><\/div><div id=\"pg-2905-3\"  class=\"panel-grid panel-no-style\" ><div id=\"pgc-2905-3-0\"  class=\"panel-grid-cell\" ><div id=\"panel-2905-3-0-0\" class=\"so-panel widget widget_text panel-first-child panel-last-child\" data-index=\"3\" >\t\t\t<div class=\"textwidget\"><p><strong>Una apuesta por la empleabilidad y la sostenibilidad<\/strong><\/p>\n<p>En un contexto post-pandemia, donde la generaci\u00f3n de empleo y la sostenibilidad son prioritarias, ALPRODE se posiciona como un catalizador para el crecimiento econ\u00f3mico inclusivo. A trav\u00e9s de la implementaci\u00f3n de un programa de pr\u00e1cticas laborales, el proyecto permite a los estudiantes mejorar su empleabilidad mediante herramientas innovadoras como la mentorizaci\u00f3n y el job shadowing.<\/p>\n<p><strong>Objetivos del Proyecto ALPRODE<\/strong><\/p>\n<p>Con el fin de abordar los desaf\u00edos transversales de Colombia y Ecuador, y las necesidades espec\u00edficas de cada socio del consorcio, ALPRODE ha identificado tres objetivos principales:<\/p>\n<ol>\n<li><strong>Formaci\u00f3n Acad\u00e9mica e Investigadora:<\/strong>\u00a0Implantar un Programa de Formaci\u00f3n en capacidades acad\u00e9micas e investigadoras sobre desarrollo productivo sostenible, cambio clim\u00e1tico y cooperaci\u00f3n internacional en instituciones de educaci\u00f3n superior de Colombia y Ecuador para septiembre de 2024.<\/li>\n<li><strong>Inserci\u00f3n Laboral:<\/strong>\u00a0Promover la formaci\u00f3n en capacidades para la inserci\u00f3n laboral del alumnado de instituciones de educaci\u00f3n superior de Colombia y Ecuador, con la participaci\u00f3n del sector empresarial, para septiembre de 2024.<\/li>\n<li><strong>Empleabilidad y Emprendimiento Social:<\/strong>\u00a0Fomentar la empleabilidad y el emprendimiento social y sostenible mediante el desarrollo de Alianzas Multiactor entre universidades, sector p\u00fablico, sociedad civil y sector empresarial en Colombia y Ecuador, con un horizonte de ejecuci\u00f3n en octubre de 2025.<\/li>\n<\/ol>\n<\/div>\n\t\t<\/div><\/div><\/div><div id=\"pg-2905-4\"  class=\"panel-grid panel-no-style\" ><div id=\"pgc-2905-4-0\"  class=\"panel-grid-cell\" ><div id=\"panel-2905-4-0-0\" class=\"so-panel widget widget_sow-image panel-first-child panel-last-child\" data-index=\"4\" ><div\n\t\t\t\n\t\t\tclass=\"so-widget-sow-image so-widget-sow-image-default-c67d20f9f743-2905\"\n\t\t\t\n\t\t>\n<div class=\"sow-image-container\">\n\t\t<img \n\tsrc=\"https:\/\/www.uhu.es\/alprode\/wp-content\/uploads\/2025\/04\/foto8.jpg\" width=\"1024\" height=\"683\" srcset=\"https:\/\/www.uhu.es\/alprode\/wp-content\/uploads\/2025\/04\/foto8.jpg 1024w, https:\/\/www.uhu.es\/alprode\/wp-content\/uploads\/2025\/04\/foto8-300x200.jpg 300w, https:\/\/www.uhu.es\/alprode\/wp-content\/uploads\/2025\/04\/foto8-768x512.jpg 768w, https:\/\/www.uhu.es\/alprode\/wp-content\/uploads\/2025\/04\/foto8-272x182.jpg 272w\" sizes=\"(max-width: 1024px) 100vw, 1024px\" alt=\"\" \t\tclass=\"so-widget-image\"\/>\n\t<\/div>\n\n<\/div><\/div><\/div><\/div><div id=\"pg-2905-5\"  class=\"panel-grid panel-no-style\" ><div id=\"pgc-2905-5-0\"  class=\"panel-grid-cell\" ><div id=\"panel-2905-5-0-0\" class=\"so-panel widget widget_text panel-first-child panel-last-child\" data-index=\"5\" >\t\t\t<div class=\"textwidget\"><p><strong>ALPRODE en la Universidad de Cuenca<\/strong><\/p>\n<p>En el marco del Proyecto ALPRODE, la Universidad de Cuenca ha seleccionado a 24 estudiantes de las carreras de Administraci\u00f3n de Empresas, Econom\u00eda y Mercadotecnia, asegurando que el 20% de ellos provengan de entornos socioecon\u00f3micamente vulnerables. Esta pol\u00edtica institucional garantiza la inclusi\u00f3n de estudiantes en proyectos de alta calidad, promoviendo equidad y acceso a oportunidades formativas y laborales.<\/p>\n<p><strong>Invitaci\u00f3n a la Comunidad Acad\u00e9mica y Empresarial<\/strong><\/p>\n<p>La Universidad de Cuenca invita a la comunidad acad\u00e9mica, empresarial y gubernamental a sumarse a este esfuerzo conjunto, resaltando el papel de la universidad p\u00fablica como motor de cambio en la sociedad. Su participaci\u00f3n en los eventos programados permitir\u00e1 destacar la importancia de la colaboraci\u00f3n entre instituciones acad\u00e9micas, el sector productivo y la sociedad civil para potenciar el impacto de este proyecto en la regi\u00f3n.<\/p>\n<p>V\u00edctor Aguilar, Decano de la Facultad de Ciencias Econ\u00f3micas y Administrativas, destac\u00f3: \u201cHemos creado un espacio m\u00e1s amplio y moderno para nuestros estudiantes, permiti\u00e9ndonos fortalecer y diversificar nuestra oferta acad\u00e9mica. Este es solo el comienzo de un camino lleno de desaf\u00edos y oportunidades, en el que reafirmamos nuestro compromiso con la excelencia educativa y el crecimiento continuo de nuestra comunidad universitaria\u201d.<\/p>\n<p>Mar\u00eda Augusta Hermida, rectora de la Universidad de Cuenca, expres\u00f3: \u201cLo p\u00fablico debe estar siempre vinculado a la calidad y la excelencia. Nuestra misi\u00f3n es garantizar una educaci\u00f3n inclusiva y de alto nivel, en la que el esfuerzo colectivo de nuestra comunidad acad\u00e9mica permita ofrecer oportunidades a miles de estudiantes de diversos sectores sociales. Seguimos trabajando con dedicaci\u00f3n para fortalecer la equidad, la innovaci\u00f3n y el acceso al conocimiento, contribuyendo al desarrollo de nuestra sociedad\u201d.<\/p>\n<\/div>\n\t\t<\/div><\/div><\/div><div id=\"pg-2905-6\"  class=\"panel-grid panel-no-style\" ><div id=\"pgc-2905-6-0\"  class=\"panel-grid-cell\" ><div id=\"panel-2905-6-0-0\" class=\"so-panel widget widget_sow-image panel-first-child panel-last-child\" data-index=\"6\" ><div\n\t\t\t\n\t\t\tclass=\"so-widget-sow-image so-widget-sow-image-default-c67d20f9f743-2905\"\n\t\t\t\n\t\t>\n<div class=\"sow-image-container\">\n\t\t<img \n\tsrc=\"https:\/\/www.uhu.es\/alprode\/wp-content\/uploads\/2025\/04\/foto9.jpg\" width=\"1024\" height=\"683\" srcset=\"https:\/\/www.uhu.es\/alprode\/wp-content\/uploads\/2025\/04\/foto9.jpg 1024w, https:\/\/www.uhu.es\/alprode\/wp-content\/uploads\/2025\/04\/foto9-300x200.jpg 300w, https:\/\/www.uhu.es\/alprode\/wp-content\/uploads\/2025\/04\/foto9-768x512.jpg 768w, https:\/\/www.uhu.es\/alprode\/wp-content\/uploads\/2025\/04\/foto9-272x182.jpg 272w\" sizes=\"(max-width: 1024px) 100vw, 1024px\" alt=\"\" \t\tclass=\"so-widget-image\"\/>\n\t<\/div>\n\n<\/div><\/div><\/div><\/div><\/div>","protected":false},"excerpt":{"rendered":"<p>Con el objetivo de fomentar el crecimiento econ\u00f3mico sostenible en Ecuador y Colombia, Se desarroll\u00f3 la inauguraci\u00f3n de la tutorizaci\u00f3n [&hellip;]<\/p>\n","protected":false},"author":1,"featured_media":0,"parent":0,"menu_order":0,"comment_status":"closed","ping_status":"closed","template":"","meta":{"_bbp_topic_count":0,"_bbp_reply_count":0,"_bbp_total_topic_count":0,"_bbp_total_reply_count":0,"_bbp_voice_count":0,"_bbp_anonymous_reply_count":0,"_bbp_topic_count_hidden":0,"_bbp_reply_count_hidden":0,"_bbp_forum_subforum_count":0,"footnotes":""},"_links":{"self":[{"href":"https:\/\/www.uhu.es\/alprode\/wp-json\/wp\/v2\/pages\/2905"}],"collection":[{"href":"https:\/\/www.uhu.es\/alprode\/wp-json\/wp\/v2\/pages"}],"about":[{"href":"https:\/\/www.uhu.es\/alprode\/wp-json\/wp\/v2\/types\/page"}],"author":[{"embeddable":true,"href":"https:\/\/www.uhu.es\/alprode\/wp-json\/wp\/v2\/users\/1"}],"replies":[{"embeddable":true,"href":"https:\/\/www.uhu.es\/alprode\/wp-json\/wp\/v2\/comments?post=2905"}],"version-history":[{"count":4,"href":"https:\/\/www.uhu.es\/alprode\/wp-json\/wp\/v2\/pages\/2905\/revisions"}],"predecessor-version":[{"id":2912,"href":"https:\/\/www.uhu.es\/alprode\/wp-json\/wp\/v2\/pages\/2905\/revisions\/2912"}],"wp:attachment":[{"href":"https:\/\/www.uhu.es\/alprode\/wp-json\/wp\/v2\/media?parent=2905"}],"curies":[{"name":"wp","href":"https:\/\/api.w.org\/{rel}","templated":true}]}}