{"id":2961,"date":"2025-05-09T10:19:33","date_gmt":"2025-05-09T08:19:33","guid":{"rendered":"https:\/\/aliarquia.com\/?page_id=2961"},"modified":"2025-10-23T09:21:16","modified_gmt":"2025-10-23T07:21:16","slug":"red-de-almuni","status":"publish","type":"page","link":"https:\/\/www.uhu.es\/alprode\/red-de-almuni\/","title":{"rendered":"Red de Alumni"},"content":{"rendered":"<div id=\"pl-2961\"  class=\"panel-layout\" ><div id=\"pg-2961-0\"  class=\"panel-grid panel-no-style\" ><div id=\"pgc-2961-0-0\"  class=\"panel-grid-cell\" ><div id=\"panel-2961-0-0-0\" class=\"widget_text so-panel widget widget_custom_html panel-first-child panel-last-child\" data-index=\"0\" ><h3 class=\"widget-title\">Recursos gratuitos<\/h3><div class=\"textwidget custom-html-widget\"><!DOCTYPE html>\n<html lang=\"es\">\n<head>\n  <meta charset=\"UTF-8\">\n  <title>Recursos de Apoyo<\/title>\n  <style>\n    body {\n      font-family: Arial, sans-serif;\n      padding: 20px;\n    }\n  <\/style>\n<\/head>\n<body>\n  <p>Recursos de apoyo para la empleabilidad y emprendimiento<\/p>\n<\/body>\n<\/html><\/div><\/div><\/div><div id=\"pgc-2961-0-1\"  class=\"panel-grid-cell\" ><div id=\"panel-2961-0-1-0\" class=\"widget_text so-panel widget widget_custom_html panel-first-child panel-last-child\" data-index=\"1\" ><h3 class=\"widget-title\">Formaci\u00f3n Permanente<\/h3><div class=\"textwidget custom-html-widget\"><!DOCTYPE html>\n<html lang=\"es\">\n<head>\n  <meta charset=\"UTF-8\">\n  <title>Recursos de Apoyo<\/title>\n  <style>\n    body {\n      font-family: Arial, sans-serif;\n      padding: 20px;\n    }\n  <\/style>\n<\/head>\n<body>\n  <p>Cursos disponibles<\/p>\n<\/body>\n<\/html><\/div><\/div><\/div><div id=\"pgc-2961-0-2\"  class=\"panel-grid-cell\" ><div id=\"panel-2961-0-2-0\" class=\"widget_text so-panel widget widget_custom_html panel-first-child panel-last-child\" data-index=\"2\" ><h3 class=\"widget-title\">Linkedin y Redes Alumni<\/h3><div class=\"textwidget custom-html-widget\"><!DOCTYPE html>\n<html lang=\"es\">\n<head>\n  <meta charset=\"UTF-8\">\n  <title>Recursos de Apoyo<\/title>\n  <style>\n    body {\n      font-family: Arial, sans-serif;\n      padding: 20px;\n    }\n  <\/style>\n<\/head>\n<body>\n  <p> Contacto entre antiguos alumnos y networking impulsando el networking<\/p>\n<\/body>\n<\/html><\/div><\/div><\/div><\/div><div id=\"pg-2961-1\"  class=\"panel-grid panel-no-style\" ><div id=\"pgc-2961-1-0\"  class=\"panel-grid-cell\" ><div id=\"panel-2961-1-0-0\" class=\"widget_text so-panel widget widget_custom_html panel-first-child panel-last-child\" data-index=\"3\" ><div class=\"textwidget custom-html-widget\"><!DOCTYPE html>\n<html lang=\"es\">\n<head>\n  <meta charset=\"UTF-8\" \/>\n  <meta name=\"viewport\" content=\"width=device-width, initial-scale=1\" \/>\n  <title>Recursos Gratuitos<\/title>\n  <style>\n    body {\n      font-family: sans-serif;\n      background: #f0f0f0;\n      padding: 20px;\n      margin: 0;\n    }\n\n    .galeria {\n      display: flex;\n      flex-wrap: wrap;\n      gap: 20px;\n      justify-content: center;\n    }\n\n    .card {\n      position: relative;\n      width: 350px;\n      height: 250px;\n      border: 2px solid #ccc;\n      border-radius: 10px;\n      overflow: hidden;\n      background-color: #ddd;\n      flex-shrink: 0;\n    }\n\n    .card img {\n      width: 100%;\n      height: 100%;\n      object-fit: cover;\n      display: block;\n    }\n\n    .titulo {\n      position: absolute;\n      top: 10px;\n      left: 10px;\n      margin: 0;\n      padding: 5px 10px;\n      background-color: rgba(0, 0, 0, 0.6);\n      color: white;\n      font-size: 18px;\n      border-radius: 5px;\n      z-index: 2;\n\t\t\ttext-decoration: none;\n    }\n\n    .overlay {\n      position: absolute;\n      top: 0; left: 0; right: 0; bottom: 0;\n      background: rgba(0, 0, 0, 0.5);\n      display: none;\n      flex-direction: column;\n      justify-content: center;\n      align-items: center;\n      color: white;\n      gap: 10px;\n    }\n\n    .card:hover .overlay {\n      display: flex;\n    }\n\n    .overlay button {\n      padding: 10px 20px;\n      border: none;\n      background-color: #ff5733;\n      color: white;\n      border-radius: 5px;\n      cursor: pointer;\n      font-size: 16px;\n    }\n\n    .overlay button:hover {\n      background-color: #e04e2f;\n    }\n\n    @media (max-width: 700px) {\n      .card {\n        width: 100%;\n        max-width: 350px;\n      }\n    }\n  <\/style>\n<\/head>\n<body>\n\n  <div class=\"galeria\">\n    <div class=\"card\">\n      <img decoding=\"async\" src=\"https:\/\/www.uhu.es\/alprode\/wp-content\/uploads\/2025\/05\/P5053876-1-scaled.jpg\" alt=\"Foto 1\" \/>\n      <div class=\"overlay\">\n        <button onclick=\"window.location.href='https:\/\/comunidaddigital.ccb.org.co\/'\">Comunidad Camara Comercio Bogot\u00e1<\/button>\n        <button onclick=\"window.location.href='https:\/\/catalogocampus.ccb.org.co\/'\">Cat\u00e1logo C\u00e1mara Comercio Bogot\u00e1<\/button>\n\t\t\t\t<button onclick=\"window.location.href='https:\/\/www.ccb.org.co\/informacion-especializada\/observatorio\/conducta-empresarial-responsable\/equidad-diversidad-e-inclusion\/conexion'\">Conexi\u00f3n Laboral CCB<\/button>\t\n\t\t\t\t<button onclick=\"window.location.href='https:\/\/cursosmooc.utpl.edu.ec'\">Catalogo Cursos UTPL <\/button>\n      <\/div>\n    <\/div>\n  <\/div>\n\n<\/body>\n<\/html><\/div><\/div><\/div><div id=\"pgc-2961-1-1\"  class=\"panel-grid-cell\" ><div id=\"panel-2961-1-1-0\" class=\"widget_text so-panel widget widget_custom_html panel-first-child panel-last-child\" data-index=\"4\" ><div class=\"textwidget custom-html-widget\"><!DOCTYPE html>\n<html lang=\"es\">\n<head>\n  <meta charset=\"UTF-8\" \/>\n  <meta name=\"viewport\" content=\"width=device-width, initial-scale=1\" \/>\n  <title>Formaci\u00f3n Permanente<\/title>\n  <style>\n    body {\n      font-family: sans-serif;\n      background: #f0f0f0;\n      padding: 20px;\n      margin: 0;\n    }\n\n    .galeria {\n      display: flex;\n      flex-wrap: wrap;\n      gap: 20px;\n      justify-content: center;\n    }\n\n    .card {\n      position: relative;\n      width: 350px;\n      height: 250px;\n      border: 2px solid #ccc;\n      border-radius: 10px;\n      overflow: hidden;\n      background-color: #ddd;\n      flex-shrink: 0;\n    }\n\n    .card img {\n      width: 100%;\n      height: 100%;\n      object-fit: cover;\n      display: block;\n    }\n\n    .titulo {\n      position: absolute;\n      top: 10px;\n      left: 10px;\n      margin: 0;\n      padding: 5px 10px;\n      background-color: rgba(0, 0, 0, 0.6);\n      color: white;\n      font-size: 18px;\n      border-radius: 5px;\n      z-index: 2;\n    }\n\n    .overlay {\n      position: absolute;\n      top: 0; left: 0; right: 0; bottom: 0;\n      background: rgba(0, 0, 0, 0.5);\n      display: none;\n      flex-direction: column;\n      justify-content: center;\n      align-items: center;\n      color: white;\n      gap: 10px;\n    }\n\n    .card:hover .overlay {\n      display: flex;\n    }\n\n    .overlay button {\n      padding: 10px 20px;\n      border: none;\n      background-color: #ff5733;\n      color: white;\n      border-radius: 5px;\n      cursor: pointer;\n      font-size: 16px;\n    }\n\n    .overlay button:hover {\n      background-color: #e04e2f;\n    }\n\n    @media (max-width: 700px) {\n      .card {\n        width: 100%;\n        max-width: 350px;\n      }\n    }\n  <\/style>\n<\/head>\n<body>\n\n  <div class=\"galeria\">\n    <div class=\"card\">\n      <img decoding=\"async\" src=\"https:\/\/www.uhu.es\/alprode\/wp-content\/uploads\/2025\/05\/CLASES-ELECTIVA-ALPRODE-1-1.jpeg\" alt=\"Foto 1\" \/>\n      <div class=\"overlay\">\n        <button onclick=\"window.location.href='https:\/\/www.uhu.es\/alprode\/cursos'\">Cursos<\/button>\n\t\t\t\t<button onclick=\"window.location.href=' https:\/\/www.ccq.edu.ec\/'\">Cursos C\u00e1mara Comercio Quito <\/button>\n      <\/div>\n    <\/div>\n  <\/div>\n\n<\/body>\n<\/html><\/div><\/div><\/div><div id=\"pgc-2961-1-2\"  class=\"panel-grid-cell\" ><div id=\"panel-2961-1-2-0\" class=\"widget_text so-panel widget widget_custom_html panel-first-child panel-last-child\" data-index=\"5\" ><div class=\"textwidget custom-html-widget\"><!DOCTYPE html>\n<html lang=\"es\">\n<head>\n  <meta charset=\"UTF-8\" \/>\n  <meta name=\"viewport\" content=\"width=device-width, initial-scale=1\" \/>\n  <title>Contacto entre antiguos alumnos y networking<\/title>\n  <style>\n    body {\n      font-family: sans-serif;\n      background: #f0f0f0;\n      padding: 20px;\n      margin: 0;\n    }\n\n    .galeria {\n      display: flex;\n      flex-wrap: wrap;\n      gap: 20px;\n      justify-content: center;\n    }\n\n    .card {\n      position: relative;\n      width: 350px;\n      height: 250px;\n      border: 2px solid #ccc;\n      border-radius: 10px;\n      overflow: hidden;\n      background-color: #ddd;\n      flex-shrink: 0;\n    }\n\n    .card img {\n      width: 100%;\n      height: 100%;\n      object-fit: cover;\n      display: block;\n    }\n\n    .titulo {\n      position: absolute;\n      top: 10px;\n      left: 10px;\n      margin: 0;\n      padding: 5px 10px;\n      background-color: rgba(0, 0, 0, 0.6);\n      color: white;\n      font-size: 18px;\n      border-radius: 5px;\n      z-index: 2;\n    }\n\n    .overlay {\n      position: absolute;\n      top: 0; left: 0; right: 0; bottom: 0;\n      background: rgba(0, 0, 0, 0.5);\n      display: none;\n      flex-direction: column;\n      justify-content: center;\n      align-items: center;\n      color: white;\n      gap: 10px;\n    }\n\n    .card:hover .overlay {\n      display: flex;\n    }\n\n    .overlay button {\n      padding: 10px 20px;\n      border: none;\n      background-color: #ff5733;\n      color: white;\n      border-radius: 5px;\n      cursor: pointer;\n      font-size: 16px;\n    }\n\n    .overlay button:hover {\n      background-color: #e04e2f;\n    }\n\n    @media (max-width: 700px) {\n      .card {\n        width: 100%;\n        max-width: 350px;\n      }\n    }\n  <\/style>\n<\/head>\n<body>\n\n  <div class=\"galeria\">\n    <div class=\"card\">\n      <img decoding=\"async\" src=\"https:\/\/www.uhu.es\/alprode\/wp-content\/uploads\/2025\/05\/Taller-Tutorias-EC-feb2025-3.jpeg\" alt=\"Foto 1\" \/>\n      <div class=\"overlay\">\n       <button onclick=\"window.location.href='https:\/\/www.linkedin.com\/groups\/10083049\/'\">Linkedin Red Alumnos<\/button>\n\t\t\t\t<button onclick=\"window.location.href='https:\/\/alumni.utpl.edu.ec\/'\">Red Alumni UTPL<\/button>\n\t\t\t\t<button onclick=\"window.location.href='https:\/\/www.ucuenca.edu.ec\/vinculacion\/alumni\/'\">Red Alumni UCUENCA<\/button>\n\t\t\t\t<button onclick=\"window.location.href='https:\/\/www.uhu.es\/perfil-alumni-uhu'\">Red Alumni UHU<\/button>    \t\n\t\t\t\t<button onclick=\"window.location.href='https:\/\/www.ualg.pt\/en\/alumni-job-opportunities'\">Red Alumni UAlg<\/button>\n\t\t\t\t<button onclick=\"window.location.href='https:\/\/extension.univalle.edu.co\/egresados\/asociatividad-y-participacion\/representantesegresados'\">Red Alumni UNIVALLE<\/button>\n\t\t\t<\/div>\n  \t<\/div>\n\t<\/div>\n<\/body>\n<\/html><\/div><\/div><\/div><\/div><\/div>","protected":false},"excerpt":{"rendered":"<p>Recursos gratuitos Recursos de Apoyo Recursos de apoyo para la empleabilidad y emprendimiento Formaci\u00f3n Permanente Recursos de Apoyo Cursos disponibles [&hellip;]<\/p>\n","protected":false},"author":1,"featured_media":0,"parent":0,"menu_order":0,"comment_status":"closed","ping_status":"closed","template":"","meta":{"_bbp_topic_count":0,"_bbp_reply_count":0,"_bbp_total_topic_count":0,"_bbp_total_reply_count":0,"_bbp_voice_count":0,"_bbp_anonymous_reply_count":0,"_bbp_topic_count_hidden":0,"_bbp_reply_count_hidden":0,"_bbp_forum_subforum_count":0,"footnotes":""},"_links":{"self":[{"href":"https:\/\/www.uhu.es\/alprode\/wp-json\/wp\/v2\/pages\/2961"}],"collection":[{"href":"https:\/\/www.uhu.es\/alprode\/wp-json\/wp\/v2\/pages"}],"about":[{"href":"https:\/\/www.uhu.es\/alprode\/wp-json\/wp\/v2\/types\/page"}],"author":[{"embeddable":true,"href":"https:\/\/www.uhu.es\/alprode\/wp-json\/wp\/v2\/users\/1"}],"replies":[{"embeddable":true,"href":"https:\/\/www.uhu.es\/alprode\/wp-json\/wp\/v2\/comments?post=2961"}],"version-history":[{"count":34,"href":"https:\/\/www.uhu.es\/alprode\/wp-json\/wp\/v2\/pages\/2961\/revisions"}],"predecessor-version":[{"id":3098,"href":"https:\/\/www.uhu.es\/alprode\/wp-json\/wp\/v2\/pages\/2961\/revisions\/3098"}],"wp:attachment":[{"href":"https:\/\/www.uhu.es\/alprode\/wp-json\/wp\/v2\/media?parent=2961"}],"curies":[{"name":"wp","href":"https:\/\/api.w.org\/{rel}","templated":true}]}}