{"id":101,"date":"2023-03-06T19:06:50","date_gmt":"2023-03-06T19:06:50","guid":{"rendered":"http:\/\/uhu.es\/aula-museo-geologia\/?page_id=101"},"modified":"2023-03-08T16:35:15","modified_gmt":"2023-03-08T16:35:15","slug":"proyecto-museo-paleontologia","status":"publish","type":"page","link":"https:\/\/www.uhu.es\/aula-museo-geologia\/proyecto-museo-paleontologia\/","title":{"rendered":"Proyecto Museo de Paleontolog\u00eda"},"content":{"rendered":"\n<div class=\"wp-block-cover alignfull\"><span aria-hidden=\"true\" class=\"wp-block-cover__background has-ast-global-color-0-background-color has-background-dim\"><\/span><img decoding=\"async\" loading=\"lazy\" width=\"1920\" height=\"401\" class=\"wp-block-cover__image-background wp-image-138\" alt=\"\" src=\"http:\/\/uhu.es\/aula-museo-geologia\/wp-content\/uploads\/2023\/03\/novedades.jpg\" data-object-fit=\"cover\" srcset=\"https:\/\/www.uhu.es\/aula-museo-geologia\/wp-content\/uploads\/2023\/03\/novedades.jpg 1920w, https:\/\/www.uhu.es\/aula-museo-geologia\/wp-content\/uploads\/2023\/03\/novedades-300x63.jpg 300w, https:\/\/www.uhu.es\/aula-museo-geologia\/wp-content\/uploads\/2023\/03\/novedades-1024x214.jpg 1024w, https:\/\/www.uhu.es\/aula-museo-geologia\/wp-content\/uploads\/2023\/03\/novedades-768x160.jpg 768w, https:\/\/www.uhu.es\/aula-museo-geologia\/wp-content\/uploads\/2023\/03\/novedades-1536x321.jpg 1536w\" sizes=\"(max-width: 1920px) 100vw, 1920px\" \/><div class=\"wp-block-cover__inner-container\">\n<h2 class=\"has-text-align-center has-large-font-size\">Proyecto de Museo de Mineralog\u00eda<\/h2>\n<\/div><\/div>\n\n\n\n<h2>El proyecto<\/h2>\n\n\n\n<p>Con el presente Proyecto se ha creado la base del Museo Virtual de Paleontolog\u00eda mediante la aplicaci\u00f3n de metodolog\u00edas, herramientas y recursos inform\u00e1ticos que favorezcan la valorizaci\u00f3n y difusi\u00f3n del patrimonio paleontol\u00f3gico de la UHU, a trav\u00e9s de un espacio web corporativo organizado mediante una estructura hipertextual. As\u00ed mismo, el Proyecto se concibe con una decidida voluntad pedag\u00f3gica y educativa, que permitir\u00e1 la creaci\u00f3n de un recurso did\u00e1ctico interactivo, como complemento y potenciaci\u00f3n del aprendizaje de la Paleontolog\u00eda en un entorno virtual.<\/p>\n\n\n\n<h2>Justificaci\u00f3n<\/h2>\n\n\n\n<p>La creaci\u00f3n del Museo Virtual de Paleontolog\u00eda de la Universidad de Huelva es el resultado de la realizaci\u00f3n de dos Proyectos de Innovaci\u00f3n Docente PID 1 1010 y PID1315006 concedidos por el Vicerrectorado de Formaci\u00f3n Permanente e Innovaci\u00f3n en su XVI y XVII Convocatorias de Proyectos de Innovaci\u00f3n e Investigaci\u00f3n para la mejora en Docencia Universitaria correspondientes a los bienios 2011-2013 y 2013-2015.<\/p>\n\n\n\n<p>Es de destacar que esta iniciativa es complementaria de otra llevada a cabo en el bienio 2010-11 sobre la Creaci\u00f3n del Museo Virtual de Mineralog\u00eda por el profesor Dr. Juan Carlos Fern\u00e1ndez Caliani, del Dpto. de Geolog\u00eda de esta Universidad y del Proyecto PID1315080 Creaci\u00f3n de un Museo Virtual de Petrolog\u00eda en la Universidad de Huelva, llevada a cabo en el bienio 2013-15 por el profesor Teodosio Donaire tambi\u00e9n del Departamento anterior. En este sentido, con \u00e9stos y otros Proyectos en los que se a\u00f1adan nuevas \u00e1reas de conocimiento, se quiere llevar a cabo la creaci\u00f3n del futuro Museo Virtual de Geolog\u00eda de la Universidad de Huelva. Se pretende as\u00ed, construir un gran referente a escala nacional en esta materia, ya que hasta la fecha, ninguna Universidad espa\u00f1ola cuenta con un Proyecto global de esta envergadura y caracter\u00edsticas.<\/p>\n\n\n\n<p>El material que constituye la base de este Museo proviene de una recopilaci\u00f3n de f\u00f3siles significativos de la provincia onubense y de otras partes de la Pen\u00ednsula Ib\u00e9rica, si bien no pretende ser exhaustiva en tanto en cuanto su principal fin es servir de complemento a las pr\u00e1cticas de identificaci\u00f3n y caracterizaci\u00f3n de f\u00f3siles en muestras de mano (pr\u00e1cticas de visu) de las asignaturas de Paleontolog\u00eda I y Paleontolog\u00eda II del actual Grado de Geolog\u00eda. No se descarta obviamente, la utilidad que puedan tener en el \u00e1mbito de aplicaci\u00f3n del resto de las asignaturas de dicho Grado.<\/p>\n\n\n\n<p>Los f\u00f3siles pertenecen a la Colecci\u00f3n del Departamento de Geodin\u00e1mica y Paleontolog\u00eda de la Universidad de Huelva. \u00c9stos empezaron a organizarse en el a\u00f1o 1982 a partir de las colecciones paleontol\u00f3gicas existentes en la Secci\u00f3n de Geolog\u00eda de La R\u00e1bida. Desde entonces, los fondos iniciales se han ido ampliando con la incorporaci\u00f3n de numerosos ejemplares, destacando los procedentes de las Tesis Doctorales realizadas en las \u00faltimas d\u00e9cadas en el Departamento anterior. La Colecci\u00f3n se ha completado tambi\u00e9n con numerosas muestras obtenidas en diferentes Proyectos de Investigaci\u00f3n, tanto auton\u00f3micos como nacionales, llevados a cabo por los miembros del equipo que han elaborado este Proyecto.<\/p>\n\n\n\n<p>El Museo Virtual se concibe como una proyecci\u00f3n del museo f\u00edsico en un ambiente virtual, de tal forma que se puede utilizar el espacio de este ambiente para mostrar colecciones o elementos de colecciones que, como en nuestro caso, no est\u00e1n disponibles para el p\u00fablico en un Museo real.<\/p>\n\n\n\n<p>Este tipo de exponer los fondos de la Colecci\u00f3n pretende a su vez fomentar la curiosidad y la motivaci\u00f3n del estudiante para que aprenda a utilizar los f\u00f3siles del Museo como fuente de informaci\u00f3n y conocimiento a partir del descubrimiento y la observaci\u00f3n cr\u00edtica desarrollados previamente en el aula.<\/p>\n\n\n\n<p>La informaci\u00f3n paleontol\u00f3gica se suministra de forma din\u00e1mica e interactiva, facilitando el aprendizaje de forma aut\u00f3noma, asociando im\u00e1genes con aspectos conceptuales, sistem\u00e1ticos y de distribuci\u00f3n temporal de los diferentes f\u00f3siles.<\/p>\n\n\n\n<p>Por otra parte, la utilizaci\u00f3n de estos entornos did\u00e1cticos virtuales permite el acceso universal a estos ejemplares por parte del p\u00fablico en general y de la comunidad universitaria en particular, lo que redunda en la difusi\u00f3n y conocimiento de este patrimonio singular.<\/p>\n\n\n\n<h2>Objetivos<\/h2>\n\n\n\n<p>La elaboraci\u00f3n de este Proyecto en forma de herramienta multimedia tiene un doble objetivo. Por un lado, pretende proporcionar a los estudiantes un material did\u00e1ctico con contenidos atractivos y motivadores por el aliciente que supone el conocer qu\u00e9 f\u00f3siles se han descrito en la provincia onubense y d\u00f3nde, as\u00ed como que los alumnos puedan repasar en sus casas el material estudiado en las pr\u00e1cticas de las asignaturas de Paleontolog\u00eda. En ning\u00fan momento se pretenden sustituir las funciones del laboratorio existente en el Departamento, ni las clases impartidas por nuestros profesores. Al contrario, con esta p\u00e1gina se pretende complementar dichas clases y ofrecer un instrumento m\u00e1s de aprendizaje a nuestros alumnos.<\/p>\n\n\n\n<p>Por otro lado, pone a disposici\u00f3n del profesor de Paleontolog\u00eda un material did\u00e1ctico a partir del cual poder desarrollar actividades relacionadas con las pr\u00e1cticas de visu, que contribuyan en \u00faltimo t\u00e9rmino a fomentar el trabajo personal y el aprendizaje aut\u00f3nomo de sus alumnos.<\/p>\n\n\n\n<p>La creaci\u00f3n de un Museo Virtual de Paleontolog\u00eda tiene los siguientes objetivos concretos:<\/p>\n\n\n\n<ol>\n<li>Proyectar de una forma novedosa e interactiva el patrimonio paleontol\u00f3gico de la UHU, a trav\u00e9s de un espacio web corporativo organizado mediante una estructura hipertextual que permita reunir textos, im\u00e1genes e interactividad.<\/li>\n\n\n\n<li>Proporcionar un recurso did\u00e1ctico que sirva como complemento y potenciaci\u00f3n del aprendizaje de la Ciencia de los F\u00f3siles en un entorno virtual, a\u00f1adiendo a la conservaci\u00f3n y presentaci\u00f3n del patrimonio paleontol\u00f3gico una decidida voluntad pedag\u00f3gica y educativa.<\/li>\n<\/ol>\n\n\n\n<h2>Metodolog\u00eda<\/h2>\n\n\n\n<p>El desarrollo metodol\u00f3gico se ha llevado a cabo siguiendo las siguientes actuaciones:<\/p>\n\n\n\n<ol>\n<li><strong>Selecci\u00f3n y catalogaci\u00f3n de piezas<\/strong><\/li>\n\n\n\n<li><strong>Digitalizaci\u00f3n y edici\u00f3n fotogr\u00e1fica<\/strong><\/li>\n\n\n\n<li><strong>Estructuraci\u00f3n de los contenidos digitales<\/strong><\/li>\n\n\n\n<li><strong>Dise\u00f1o e implementaci\u00f3n de la p\u00e1gina web<\/strong><\/li>\n<\/ol>\n\n\n\n<h2>Alumnos<\/h2>\n\n\n\n<p>El alumnado de la Universidad de Huelva (UHU) directamente afectado por el Proyecto se encuentra en la Facultad de Ciencias Experimentales, donde se imparten asignaturas relacionadas con la Paleontolog\u00eda (Paleontolog\u00eda I y II, Micropaleontolog\u00eda, Paleontolog\u00eda Aplicada y Patrimonio Paleontol\u00f3gico) o indirectamente con otras afines (Geolog\u00eda, Geolog\u00eda Hist\u00f3rica, Trabajo de Campo I), impartidas mayoritariamente en el Grado de Geolog\u00eda, as\u00ed como en el Grado de Ciencias Ambientales o en la Escuela T\u00e9cnica Superior de Ingenier\u00eda.<\/p>\n\n\n\n<p>No obstante, el museo virtual tiene la ventaja de permitir el acceso remoto a cualquier cibernauta interesado en sus contenidos digitales, a cualquier hora y desde cualquier lugar del mundo, por lo que el n\u00famero potencial de usuarios puede considerarse ilimitado.<\/p>\n\n\n\n<h2>Equipo<\/h2>\n\n\n\n<ul>\n<li>Prof. Dr. Eduardo Jes\u00fas Mayoral Alfaro Departamento Geodin\u00e1mica y Paleontolog\u00eda UHU mayoral@uhu.es <\/li>\n\n\n\n<li>Dra. Ana Alexandra Guerreiro dos Santos Departamento Geodin\u00e1mica y Paleontolog\u00eda UHU asantos@dgyp.uhu.es <\/li>\n\n\n\n<li>Miguel \u00c1ngel Casalv\u00e1zquez Jaramillo Departamento Geolog\u00eda UHU casalvaz@uhu.es <\/li>\n\n\n\n<li>Alejandro Carlos Campina L\u00f3pez Alumno Colaborador lord_mayhem@hotmail.com<\/li>\n<\/ul>\n","protected":false},"excerpt":{"rendered":"<p>El proyecto Con el presente Proyecto se ha creado la base del Museo Virtual de Paleontolog\u00eda mediante la aplicaci\u00f3n de metodolog\u00edas, herramientas y recursos inform\u00e1ticos que favorezcan la valorizaci\u00f3n y difusi\u00f3n del patrimonio paleontol\u00f3gico de la UHU, a trav\u00e9s de un espacio web corporativo organizado mediante una estructura hipertextual. As\u00ed mismo, el Proyecto se concibe &hellip;<\/p>\n<p class=\"read-more\"> <a class=\"\" href=\"https:\/\/www.uhu.es\/aula-museo-geologia\/proyecto-museo-paleontologia\/\"> <span class=\"screen-reader-text\">Proyecto Museo de Paleontolog\u00eda<\/span> Read More &raquo;<\/a><\/p>\n","protected":false},"author":1,"featured_media":0,"parent":0,"menu_order":0,"comment_status":"closed","ping_status":"closed","template":"","meta":{"site-sidebar-layout":"default","site-content-layout":"","ast-site-content-layout":"","site-content-style":"default","site-sidebar-style":"default","ast-global-header-display":"","ast-banner-title-visibility":"","ast-main-header-display":"","ast-hfb-above-header-display":"","ast-hfb-below-header-display":"","ast-hfb-mobile-header-display":"","site-post-title":"","ast-breadcrumbs-content":"","ast-featured-img":"","footer-sml-layout":"","theme-transparent-header-meta":"","adv-header-id-meta":"","stick-header-meta":"","header-above-stick-meta":"","header-main-stick-meta":"","header-below-stick-meta":"","astra-migrate-meta-layouts":""},"acf":[],"_links":{"self":[{"href":"https:\/\/www.uhu.es\/aula-museo-geologia\/wp-json\/wp\/v2\/pages\/101"}],"collection":[{"href":"https:\/\/www.uhu.es\/aula-museo-geologia\/wp-json\/wp\/v2\/pages"}],"about":[{"href":"https:\/\/www.uhu.es\/aula-museo-geologia\/wp-json\/wp\/v2\/types\/page"}],"author":[{"embeddable":true,"href":"https:\/\/www.uhu.es\/aula-museo-geologia\/wp-json\/wp\/v2\/users\/1"}],"replies":[{"embeddable":true,"href":"https:\/\/www.uhu.es\/aula-museo-geologia\/wp-json\/wp\/v2\/comments?post=101"}],"version-history":[{"count":3,"href":"https:\/\/www.uhu.es\/aula-museo-geologia\/wp-json\/wp\/v2\/pages\/101\/revisions"}],"predecessor-version":[{"id":169,"href":"https:\/\/www.uhu.es\/aula-museo-geologia\/wp-json\/wp\/v2\/pages\/101\/revisions\/169"}],"wp:attachment":[{"href":"https:\/\/www.uhu.es\/aula-museo-geologia\/wp-json\/wp\/v2\/media?parent=101"}],"curies":[{"name":"wp","href":"https:\/\/api.w.org\/{rel}","templated":true}]}}