{"id":105,"date":"2023-03-06T19:09:37","date_gmt":"2023-03-06T19:09:37","guid":{"rendered":"http:\/\/uhu.es\/aula-museo-geologia\/?page_id=105"},"modified":"2023-03-27T16:11:39","modified_gmt":"2023-03-27T16:11:39","slug":"coleccion-sistematica-fosiles","status":"publish","type":"page","link":"https:\/\/www.uhu.es\/aula-museo-geologia\/coleccion-sistematica-fosiles\/","title":{"rendered":"Colecci\u00f3n Sistem\u00e1tica de F\u00f3siles"},"content":{"rendered":"\n<div class=\"wp-block-cover alignfull is-light\"><span aria-hidden=\"true\" class=\"wp-block-cover__background has-ast-global-color-0-background-color has-background-dim\"><\/span><img decoding=\"async\" loading=\"lazy\" width=\"1920\" height=\"401\" class=\"wp-block-cover__image-background wp-image-136\" alt=\"\" src=\"http:\/\/uhu.es\/aula-museo-geologia\/wp-content\/uploads\/2023\/03\/investigacion.jpg\" data-object-fit=\"cover\" srcset=\"https:\/\/www.uhu.es\/aula-museo-geologia\/wp-content\/uploads\/2023\/03\/investigacion.jpg 1920w, https:\/\/www.uhu.es\/aula-museo-geologia\/wp-content\/uploads\/2023\/03\/investigacion-300x63.jpg 300w, https:\/\/www.uhu.es\/aula-museo-geologia\/wp-content\/uploads\/2023\/03\/investigacion-1024x214.jpg 1024w, https:\/\/www.uhu.es\/aula-museo-geologia\/wp-content\/uploads\/2023\/03\/investigacion-768x160.jpg 768w, https:\/\/www.uhu.es\/aula-museo-geologia\/wp-content\/uploads\/2023\/03\/investigacion-1536x321.jpg 1536w\" sizes=\"(max-width: 1920px) 100vw, 1920px\" \/><div class=\"wp-block-cover__inner-container\">\n<h1 class=\"has-text-align-center has-large-font-size\">Colecci\u00f3n sist\u00e9mica de f\u00f3siles<\/h1>\n<\/div><\/div>\n\n\n\n<div style=\"height:100px\" aria-hidden=\"true\" class=\"wp-block-spacer\"><\/div>\n\n\n\n<h1>Introducci\u00f3n<\/h1>\n\n\n\n<p><br>Los f\u00f3siles en sentido amplio se pueden considerar como aquellos restos org\u00e1nicos que han sufrido un proceso de fosilizaci\u00f3n, conserv\u00e1ndose normalmente enterrados en los estratos. Esta definici\u00f3n se refiere a lo que se denominan&nbsp;<em>cuerpos f\u00f3siles o f\u00f3siles corporales<\/em>, que son los tipos de f\u00f3siles m\u00e1s frecuentes, y que conservan total o parcialmente mineralizadas sus partes esquel\u00e9ticas.<\/p>\n\n\n\n<p>Sin embargo, existe otra tipolog\u00eda de f\u00f3siles, tambi\u00e9n muy frecuente, que son los moldes. \u00c9stos se originan cuando las partes huecas del esqueleto (una concha por ejemplo) se rellenan y consolidan con la posterior disoluci\u00f3n de dicho esqueleto. Se obtiene as\u00ed el molde interno. Cuando lo que se conserva es la impronta de dicho esqueleto en la matriz rocosa, tenemos el molde externo.<\/p>\n\n\n\n<p>Pero la acepci\u00f3n del t\u00e9rmino f\u00f3sil se puede hacer tambi\u00e9n extensiva a las evidencias directas o indirectas de la actividad vital (a veces incluso post-mortem) de los organismos del pasado, que son los llamados&nbsp;<em>icnof\u00f3siles o pistas f\u00f3siles<\/em>. Estos constituyen otro tipo de f\u00f3siles que son muy abundantes en determinados tipos de medios ambientes del pasado.<\/p>\n\n\n\n<p>En esta fase de creaci\u00f3n del Museo Virtual se han seleccionado algunos de los ejemplares m\u00e1s representativos de los principales grupos f\u00f3siles de Invertebrados, dej\u00e1ndose los Vertebrados e Icnof\u00f3siles para etapas posteriores de desarrollo.<\/p>\n\n\n\n<h2>Clasificaci\u00f3n<\/h2>\n\n\n\n<div class=\"is-layout-flex wp-container-4 wp-block-columns\">\n<div class=\"is-layout-flow wp-block-column\">\n<h3>Invertebrados<\/h3>\n\n\n\n<ul>\n<li><a href=\"http:\/\/uhu.es\/aula-museo-geologia\/coleccion-sistemica-fosiles\/foraminiferos\/\" data-type=\"page\" data-id=\"920\" rel=\"nofollow noopener\" target=\"_blank\">Foramin\u00edferos<\/a><\/li>\n\n\n\n<li><a href=\"http:\/\/uhu.es\/aula-museo-geologia\/coleccion-sistemica-fosiles\/poriferos\/\" data-type=\"page\" data-id=\"1070\" rel=\"nofollow noopener\" target=\"_blank\">Por\u00edferos<\/a><\/li>\n\n\n\n<li><a href=\"http:\/\/uhu.es\/aula-museo-geologia\/coleccion-sistemica-fosiles\/corales\/\" data-type=\"page\" data-id=\"1072\" rel=\"nofollow noopener\" target=\"_blank\">Corales<\/a><\/li>\n\n\n\n<li><a href=\"http:\/\/uhu.es\/aula-museo-geologia\/coleccion-sistemica-fosiles\/trilobites\/\" data-type=\"page\" data-id=\"1069\" rel=\"nofollow noopener\" target=\"_blank\">Trilobites<\/a><\/li>\n\n\n\n<li><a href=\"http:\/\/uhu.es\/aula-museo-geologia\/coleccion-sistemica-fosiles\/bivalvos\/\" data-type=\"page\" data-id=\"1079\" rel=\"nofollow noopener\" target=\"_blank\">Bivalvos<\/a><\/li>\n\n\n\n<li><a href=\"http:\/\/uhu.es\/aula-museo-geologia\/coleccion-sistemica-fosiles\/gasteropodos\/\" data-type=\"page\" data-id=\"1081\" rel=\"nofollow noopener\" target=\"_blank\">Gaster\u00f3podos<\/a><\/li>\n\n\n\n<li><a href=\"http:\/\/uhu.es\/aula-museo-geologia\/coleccion-sistemica-fosiles\/escafopodos\/\" data-type=\"page\" data-id=\"1083\" rel=\"nofollow noopener\" target=\"_blank\">Escaf\u00f3podos<\/a><\/li>\n\n\n\n<li><a href=\"http:\/\/uhu.es\/aula-museo-geologia\/coleccion-sistemica-fosiles\/cefalopodos\/\" data-type=\"page\" data-id=\"1086\" rel=\"nofollow noopener\" target=\"_blank\">Cefal\u00f3podos<\/a><\/li>\n\n\n\n<li><a href=\"http:\/\/uhu.es\/aula-museo-geologia\/coleccion-sistemica-fosiles\/braquiopodos\/\" data-type=\"page\" data-id=\"1088\" rel=\"nofollow noopener\" target=\"_blank\">Braqui\u00f3podos<\/a><\/li>\n\n\n\n<li><a href=\"http:\/\/uhu.es\/aula-museo-geologia\/coleccion-sistemica-fosiles\/echinodermata\/\" data-type=\"page\" data-id=\"1090\" rel=\"nofollow noopener\" target=\"_blank\">Equinoideos<\/a><\/li>\n\n\n\n<li><a href=\"http:\/\/uhu.es\/aula-museo-geologia\/coleccion-sistemica-fosiles\/crinoideos\/\" data-type=\"page\" data-id=\"1092\" rel=\"nofollow noopener\" target=\"_blank\">Crinoideos<\/a><\/li>\n\n\n\n<li><a href=\"http:\/\/uhu.es\/aula-museo-geologia\/coleccion-sistemica-fosiles\/graptolitos\/\" data-type=\"page\" data-id=\"1095\" rel=\"nofollow noopener\" target=\"_blank\">Graptolitos<\/a><\/li>\n<\/ul>\n<\/div>\n\n\n\n<div class=\"is-layout-flow wp-block-column\">\n<h3>Vertebrados<\/h3>\n\n\n\n<ul>\n<li><a href=\"http:\/\/uhu.es\/aula-museo-geologia\/coleccion-sistemica-fosiles\/peces\/\" data-type=\"page\" data-id=\"1098\" rel=\"nofollow noopener\" target=\"_blank\">Peces<\/a><\/li>\n\n\n\n<li><a href=\"http:\/\/uhu.es\/aula-museo-geologia\/coleccion-sistemica-fosiles\/anfibios\/\" data-type=\"page\" data-id=\"1100\" rel=\"nofollow noopener\" target=\"_blank\">Anfibios<\/a><\/li>\n\n\n\n<li><a href=\"http:\/\/uhu.es\/aula-museo-geologia\/coleccion-sistemica-fosiles\/reptiles\/\" data-type=\"page\" data-id=\"1104\" rel=\"nofollow noopener\" target=\"_blank\">Reptiles<\/a><\/li>\n\n\n\n<li><a href=\"http:\/\/uhu.es\/aula-museo-geologia\/coleccion-sistemica-fosiles\/aves\/\" data-type=\"page\" data-id=\"1106\" rel=\"nofollow noopener\" target=\"_blank\">Aves<\/a><\/li>\n\n\n\n<li><a href=\"http:\/\/uhu.es\/aula-museo-geologia\/coleccion-sistemica-fosiles\/mamiferos\/\" data-type=\"page\" data-id=\"1109\" rel=\"nofollow noopener\" target=\"_blank\">Mam\u00edferos<\/a><\/li>\n<\/ul>\n<\/div>\n\n\n\n<div class=\"is-layout-flow wp-block-column\">\n<h3>Icnof\u00f3siles<\/h3>\n\n\n\n<ul>\n<li><a href=\"http:\/\/uhu.es\/aula-museo-geologia\/coleccion-sistemica-fosiles\/estructuras-de-bioturbacion\/\" data-type=\"page\" data-id=\"1113\" rel=\"nofollow noopener\" target=\"_blank\">Estructuras Bioturbaci\u00f3n<\/a><\/li>\n\n\n\n<li><a href=\"http:\/\/uhu.es\/aula-museo-geologia\/coleccion-sistemica-fosiles\/estructuras-de-bioerosion\/\" data-type=\"page\" data-id=\"1116\" rel=\"nofollow noopener\" target=\"_blank\">Estructuras Bioerosi\u00f3n<\/a><\/li>\n<\/ul>\n<\/div>\n<\/div>\n","protected":false},"excerpt":{"rendered":"<p>Introducci\u00f3n Los f\u00f3siles en sentido amplio se pueden considerar como aquellos restos org\u00e1nicos que han sufrido un proceso de fosilizaci\u00f3n, conserv\u00e1ndose normalmente enterrados en los estratos. Esta definici\u00f3n se refiere a lo que se denominan&nbsp;cuerpos f\u00f3siles o f\u00f3siles corporales, que son los tipos de f\u00f3siles m\u00e1s frecuentes, y que conservan total o parcialmente mineralizadas sus &hellip;<\/p>\n<p class=\"read-more\"> <a class=\"\" href=\"https:\/\/www.uhu.es\/aula-museo-geologia\/coleccion-sistematica-fosiles\/\"> <span class=\"screen-reader-text\">Colecci\u00f3n Sistem\u00e1tica de F\u00f3siles<\/span> Read More &raquo;<\/a><\/p>\n","protected":false},"author":1,"featured_media":0,"parent":0,"menu_order":0,"comment_status":"closed","ping_status":"closed","template":"","meta":{"site-sidebar-layout":"default","site-content-layout":"","ast-site-content-layout":"","site-content-style":"default","site-sidebar-style":"default","ast-global-header-display":"","ast-banner-title-visibility":"","ast-main-header-display":"","ast-hfb-above-header-display":"","ast-hfb-below-header-display":"","ast-hfb-mobile-header-display":"","site-post-title":"","ast-breadcrumbs-content":"","ast-featured-img":"","footer-sml-layout":"","theme-transparent-header-meta":"","adv-header-id-meta":"","stick-header-meta":"","header-above-stick-meta":"","header-main-stick-meta":"","header-below-stick-meta":"","astra-migrate-meta-layouts":""},"acf":[],"_links":{"self":[{"href":"https:\/\/www.uhu.es\/aula-museo-geologia\/wp-json\/wp\/v2\/pages\/105"}],"collection":[{"href":"https:\/\/www.uhu.es\/aula-museo-geologia\/wp-json\/wp\/v2\/pages"}],"about":[{"href":"https:\/\/www.uhu.es\/aula-museo-geologia\/wp-json\/wp\/v2\/types\/page"}],"author":[{"embeddable":true,"href":"https:\/\/www.uhu.es\/aula-museo-geologia\/wp-json\/wp\/v2\/users\/1"}],"replies":[{"embeddable":true,"href":"https:\/\/www.uhu.es\/aula-museo-geologia\/wp-json\/wp\/v2\/comments?post=105"}],"version-history":[{"count":7,"href":"https:\/\/www.uhu.es\/aula-museo-geologia\/wp-json\/wp\/v2\/pages\/105\/revisions"}],"predecessor-version":[{"id":1797,"href":"https:\/\/www.uhu.es\/aula-museo-geologia\/wp-json\/wp\/v2\/pages\/105\/revisions\/1797"}],"wp:attachment":[{"href":"https:\/\/www.uhu.es\/aula-museo-geologia\/wp-json\/wp\/v2\/media?parent=105"}],"curies":[{"name":"wp","href":"https:\/\/api.w.org\/{rel}","templated":true}]}}