{"id":110,"date":"2023-03-06T19:11:05","date_gmt":"2023-03-06T19:11:05","guid":{"rendered":"http:\/\/uhu.es\/aula-museo-geologia\/?page_id=110"},"modified":"2023-09-18T17:16:11","modified_gmt":"2023-09-18T17:16:11","slug":"donaciones-de-fosiles","status":"publish","type":"page","link":"https:\/\/www.uhu.es\/aula-museo-geologia\/donaciones-de-fosiles\/","title":{"rendered":"Donaciones de f\u00f3siles"},"content":{"rendered":"\n<div class=\"wp-block-cover alignfull is-light\"><span aria-hidden=\"true\" class=\"wp-block-cover__background has-ast-global-color-0-background-color has-background-dim\"><\/span><img decoding=\"async\" loading=\"lazy\" width=\"1920\" height=\"401\" class=\"wp-block-cover__image-background wp-image-135\" alt=\"\" src=\"http:\/\/uhu.es\/aula-museo-geologia\/wp-content\/uploads\/2023\/03\/innovacion-docente.jpg\" data-object-fit=\"cover\" srcset=\"https:\/\/www.uhu.es\/aula-museo-geologia\/wp-content\/uploads\/2023\/03\/innovacion-docente.jpg 1920w, https:\/\/www.uhu.es\/aula-museo-geologia\/wp-content\/uploads\/2023\/03\/innovacion-docente-300x63.jpg 300w, https:\/\/www.uhu.es\/aula-museo-geologia\/wp-content\/uploads\/2023\/03\/innovacion-docente-1024x214.jpg 1024w, https:\/\/www.uhu.es\/aula-museo-geologia\/wp-content\/uploads\/2023\/03\/innovacion-docente-768x160.jpg 768w, https:\/\/www.uhu.es\/aula-museo-geologia\/wp-content\/uploads\/2023\/03\/innovacion-docente-1536x321.jpg 1536w\" sizes=\"(max-width: 1920px) 100vw, 1920px\" \/><div class=\"wp-block-cover__inner-container\">\n<h1 class=\"has-text-align-center has-large-font-size\">Donaciones<\/h1>\n<\/div><\/div>\n\n\n\n<div style=\"height:100px\" aria-hidden=\"true\" class=\"wp-block-spacer\"><\/div>\n\n\n\n<p>La donaci\u00f3n es una de las principales fuentes de enriquecimiento del patrimonio paleontol\u00f3gico de la Universidad de Huelva, y por consiguiente del Museo Virtual de Paleontolog\u00eda. Los ejemplares donados se registran en un inventario informatizado, donde queda constancia el nombre del donante, y se exhiben en el Museo Virtual y\/o en una futura exposici\u00f3n permanente prevista en la Universidad de Huelva. Aquellas piezas que no re\u00fanan condiciones suficientes de calidad o inter\u00e9s muse\u00edstico, se pondr\u00e1n a disposici\u00f3n de la comunidad educativa para la realizaci\u00f3n de actividades pr\u00e1cticas de Paleontolog\u00eda.<\/p>\n\n\n\n<h2>\u00bfC\u00f3mo donar?<\/h2>\n\n\n\n<p>Si desea realizar una donaci\u00f3n env\u00ede un mensaje a la siguiente direcci\u00f3n de correo electr\u00f3nico: mayoral@uhu.es<\/p>\n\n\n\n<p>El proceso formal de donaci\u00f3n requiere que el donante formule su deseo por escrito y que, en el momento de la entrega, firme un&nbsp;<a href=\"https:\/\/www.uhu.es\/aula-museo-geologia\/wp-content\/uploads\/2023\/09\/acta_entrega-f.doc\" target=\"_blank\" rel=\"noreferrer noopener\">documento que acredite la transmisi\u00f3n<\/a>.<\/p>\n\n\n\n<h2>Agradecimiento<\/h2>\n\n\n\n<p>La Universidad de Huelva expresa su agradecimiento a todas las personas que ya han contribuido con sus donaciones a la ampliaci\u00f3n y enriquecimiento de la colecci\u00f3n.<\/p>\n\n\n\n","protected":false},"excerpt":{"rendered":"<p>La donaci\u00f3n es una de las principales fuentes de enriquecimiento del patrimonio paleontol\u00f3gico de la Universidad de Huelva, y por consiguiente del Museo Virtual de Paleontolog\u00eda. Los ejemplares donados se registran en un inventario informatizado, donde queda constancia el nombre del donante, y se exhiben en el Museo Virtual y\/o en una futura exposici\u00f3n permanente &hellip;<\/p>\n<p class=\"read-more\"> <a class=\"\" href=\"https:\/\/www.uhu.es\/aula-museo-geologia\/fosiles\/alveolina-sp\/\"> <span class=\"screen-reader-text\">Alveolina sp.<\/span> Read More &raquo;<\/a><\/p>\n","protected":false},"author":1,"featured_media":0,"parent":0,"menu_order":0,"comment_status":"closed","ping_status":"closed","template":"","meta":{"site-sidebar-layout":"default","site-content-layout":"","ast-site-content-layout":"default","site-content-style":"default","site-sidebar-style":"default","ast-global-header-display":"","ast-banner-title-visibility":"","ast-main-header-display":"","ast-hfb-above-header-display":"","ast-hfb-below-header-display":"","ast-hfb-mobile-header-display":"","site-post-title":"","ast-breadcrumbs-content":"","ast-featured-img":"","footer-sml-layout":"","theme-transparent-header-meta":"","adv-header-id-meta":"","stick-header-meta":"","header-above-stick-meta":"","header-main-stick-meta":"","header-below-stick-meta":"","astra-migrate-meta-layouts":"set"},"acf":[],"_links":{"self":[{"href":"https:\/\/www.uhu.es\/aula-museo-geologia\/wp-json\/wp\/v2\/pages\/110"}],"collection":[{"href":"https:\/\/www.uhu.es\/aula-museo-geologia\/wp-json\/wp\/v2\/pages"}],"about":[{"href":"https:\/\/www.uhu.es\/aula-museo-geologia\/wp-json\/wp\/v2\/types\/page"}],"author":[{"embeddable":true,"href":"https:\/\/www.uhu.es\/aula-museo-geologia\/wp-json\/wp\/v2\/users\/1"}],"replies":[{"embeddable":true,"href":"https:\/\/www.uhu.es\/aula-museo-geologia\/wp-json\/wp\/v2\/comments?post=110"}],"version-history":[{"count":6,"href":"https:\/\/www.uhu.es\/aula-museo-geologia\/wp-json\/wp\/v2\/pages\/110\/revisions"}],"predecessor-version":[{"id":1948,"href":"https:\/\/www.uhu.es\/aula-museo-geologia\/wp-json\/wp\/v2\/pages\/110\/revisions\/1948"}],"wp:attachment":[{"href":"https:\/\/www.uhu.es\/aula-museo-geologia\/wp-json\/wp\/v2\/media?parent=110"}],"curies":[{"name":"wp","href":"https:\/\/api.w.org\/{rel}","templated":true}]}}