{"id":112,"date":"2023-03-06T19:11:44","date_gmt":"2023-03-06T19:11:44","guid":{"rendered":"http:\/\/uhu.es\/aula-museo-geologia\/?page_id=112"},"modified":"2023-03-08T16:33:46","modified_gmt":"2023-03-08T16:33:46","slug":"creditos-fosiles","status":"publish","type":"page","link":"https:\/\/www.uhu.es\/aula-museo-geologia\/creditos-fosiles\/","title":{"rendered":"Cr\u00e9ditos para los f\u00f3siles"},"content":{"rendered":"\n<div class=\"wp-block-cover alignfull is-light\"><span aria-hidden=\"true\" class=\"wp-block-cover__background has-ast-global-color-0-background-color has-background-dim\"><\/span><img decoding=\"async\" loading=\"lazy\" width=\"1920\" height=\"401\" class=\"wp-block-cover__image-background wp-image-140\" alt=\"\" src=\"http:\/\/uhu.es\/aula-museo-geologia\/wp-content\/uploads\/2023\/03\/prensa.jpg\" data-object-fit=\"cover\" srcset=\"https:\/\/www.uhu.es\/aula-museo-geologia\/wp-content\/uploads\/2023\/03\/prensa.jpg 1920w, https:\/\/www.uhu.es\/aula-museo-geologia\/wp-content\/uploads\/2023\/03\/prensa-300x63.jpg 300w, https:\/\/www.uhu.es\/aula-museo-geologia\/wp-content\/uploads\/2023\/03\/prensa-1024x214.jpg 1024w, https:\/\/www.uhu.es\/aula-museo-geologia\/wp-content\/uploads\/2023\/03\/prensa-768x160.jpg 768w, https:\/\/www.uhu.es\/aula-museo-geologia\/wp-content\/uploads\/2023\/03\/prensa-1536x321.jpg 1536w\" sizes=\"(max-width: 1920px) 100vw, 1920px\" \/><div class=\"wp-block-cover__inner-container\">\n<h2 class=\"has-text-align-center has-large-font-size\">Cr\u00e9ditos<\/h2>\n<\/div><\/div>\n\n\n\n<div style=\"height:100px\" aria-hidden=\"true\" class=\"wp-block-spacer\"><\/div>\n\n\n\n<h2>Autores<\/h2>\n\n\n\n<p>Todas las fotograf\u00edas de los f\u00f3siles han sido realizadas por Eduardo Mayoral Alfaro.<\/p>\n\n\n\n<h2>Autorizaci\u00f3n<\/h2>\n\n\n\n<p>Se autoriza la descarga y el uso de las fotograf\u00edas con fines docentes y para su inclusi\u00f3n en art\u00edculos, reportajes u otros trabajos que tengan en su contenido referencias al Museo Virtual de Paleontolog\u00eda de la Universidad de Huelva, debiendo citarse su procedencia en los cr\u00e9ditos de propiedad, as\u00ed como el nombre del autor de la fotograf\u00eda.<\/p>\n","protected":false},"excerpt":{"rendered":"<p>Autores Todas las fotograf\u00edas de los f\u00f3siles han sido realizadas por Eduardo Mayoral Alfaro. Autorizaci\u00f3n Se autoriza la descarga y el uso de las fotograf\u00edas con fines docentes y para su inclusi\u00f3n en art\u00edculos, reportajes u otros trabajos que tengan en su contenido referencias al Museo Virtual de Paleontolog\u00eda de la Universidad de Huelva, debiendo &hellip;<\/p>\n<p class=\"read-more\"> <a class=\"\" href=\"https:\/\/www.uhu.es\/aula-museo-geologia\/creditos-fosiles\/\"> <span class=\"screen-reader-text\">Cr\u00e9ditos para los f\u00f3siles<\/span> Read More &raquo;<\/a><\/p>\n","protected":false},"author":1,"featured_media":0,"parent":0,"menu_order":0,"comment_status":"closed","ping_status":"closed","template":"","meta":{"site-sidebar-layout":"default","site-content-layout":"","ast-site-content-layout":"","site-content-style":"default","site-sidebar-style":"default","ast-global-header-display":"","ast-banner-title-visibility":"","ast-main-header-display":"","ast-hfb-above-header-display":"","ast-hfb-below-header-display":"","ast-hfb-mobile-header-display":"","site-post-title":"","ast-breadcrumbs-content":"","ast-featured-img":"","footer-sml-layout":"","theme-transparent-header-meta":"","adv-header-id-meta":"","stick-header-meta":"","header-above-stick-meta":"","header-main-stick-meta":"","header-below-stick-meta":"","astra-migrate-meta-layouts":""},"acf":[],"_links":{"self":[{"href":"https:\/\/www.uhu.es\/aula-museo-geologia\/wp-json\/wp\/v2\/pages\/112"}],"collection":[{"href":"https:\/\/www.uhu.es\/aula-museo-geologia\/wp-json\/wp\/v2\/pages"}],"about":[{"href":"https:\/\/www.uhu.es\/aula-museo-geologia\/wp-json\/wp\/v2\/types\/page"}],"author":[{"embeddable":true,"href":"https:\/\/www.uhu.es\/aula-museo-geologia\/wp-json\/wp\/v2\/users\/1"}],"replies":[{"embeddable":true,"href":"https:\/\/www.uhu.es\/aula-museo-geologia\/wp-json\/wp\/v2\/comments?post=112"}],"version-history":[{"count":2,"href":"https:\/\/www.uhu.es\/aula-museo-geologia\/wp-json\/wp\/v2\/pages\/112\/revisions"}],"predecessor-version":[{"id":161,"href":"https:\/\/www.uhu.es\/aula-museo-geologia\/wp-json\/wp\/v2\/pages\/112\/revisions\/161"}],"wp:attachment":[{"href":"https:\/\/www.uhu.es\/aula-museo-geologia\/wp-json\/wp\/v2\/media?parent=112"}],"curies":[{"name":"wp","href":"https:\/\/api.w.org\/{rel}","templated":true}]}}