{"id":126,"date":"2023-03-06T19:15:43","date_gmt":"2023-03-06T19:15:43","guid":{"rendered":"http:\/\/uhu.es\/aula-museo-geologia\/?page_id=126"},"modified":"2023-03-08T16:34:56","modified_gmt":"2023-03-08T16:34:56","slug":"presentacion-museo-de-paleontologia","status":"publish","type":"page","link":"https:\/\/www.uhu.es\/aula-museo-geologia\/presentacion-museo-de-paleontologia\/","title":{"rendered":"Presentaci\u00f3n Museo de Paleontolog\u00eda"},"content":{"rendered":"\n<div class=\"wp-block-cover alignfull is-light\"><span aria-hidden=\"true\" class=\"wp-block-cover__background has-ast-global-color-0-background-color has-background-dim\"><\/span><img decoding=\"async\" loading=\"lazy\" width=\"1920\" height=\"401\" class=\"wp-block-cover__image-background wp-image-140\" alt=\"\" src=\"http:\/\/uhu.es\/aula-museo-geologia\/wp-content\/uploads\/2023\/03\/prensa.jpg\" data-object-fit=\"cover\" srcset=\"https:\/\/www.uhu.es\/aula-museo-geologia\/wp-content\/uploads\/2023\/03\/prensa.jpg 1920w, https:\/\/www.uhu.es\/aula-museo-geologia\/wp-content\/uploads\/2023\/03\/prensa-300x63.jpg 300w, https:\/\/www.uhu.es\/aula-museo-geologia\/wp-content\/uploads\/2023\/03\/prensa-1024x214.jpg 1024w, https:\/\/www.uhu.es\/aula-museo-geologia\/wp-content\/uploads\/2023\/03\/prensa-768x160.jpg 768w, https:\/\/www.uhu.es\/aula-museo-geologia\/wp-content\/uploads\/2023\/03\/prensa-1536x321.jpg 1536w\" sizes=\"(max-width: 1920px) 100vw, 1920px\" \/><div class=\"wp-block-cover__inner-container\">\n<h1 class=\"has-text-align-center has-large-font-size\">Presentaci\u00f3n Museo de Paleontolog\u00eda<\/h1>\n<\/div><\/div>\n\n\n\n<div style=\"height:100px\" aria-hidden=\"true\" class=\"wp-block-spacer\"><\/div>\n\n\n\n<p>Bienvenido a la secci\u00f3n de paleontolog\u00eda de nuestro Aula Museo de Geolog\u00eda. Aqu\u00ed te adentrar\u00e1s en el emocionante mundo de los f\u00f3siles y la vida prehist\u00f3rica. Descubrir\u00e1s c\u00f3mo se formaron los f\u00f3siles, qu\u00e9 tipos existen y c\u00f3mo nos brindan informaci\u00f3n sobre la evoluci\u00f3n de los seres vivos.<\/p>\n\n\n\n<p>En nuestra web podr\u00e1s explorar la vida de los dinosaurios, conocer sus caracter\u00edsticas y h\u00e1bitats, y descubrir c\u00f3mo eran los continentes y los oc\u00e9anos hace millones de a\u00f1os. Aprender\u00e1s sobre la extinci\u00f3n de los dinosaurios y c\u00f3mo los seres humanos hemos influido en el medio ambiente a lo largo de la historia.<\/p>\n\n\n\n<p>Nuestro museo cuenta con una amplia colecci\u00f3n de f\u00f3siles, desde los m\u00e1s antiguos hasta los m\u00e1s recientes. Podr\u00e1s ver, tocar y aprender sobre cada uno de ellos. \u00a1No te pierdas la oportunidad de descubrir el mundo m\u00e1gico de la paleontolog\u00eda!<\/p>\n","protected":false},"excerpt":{"rendered":"<p>Bienvenido a la secci\u00f3n de paleontolog\u00eda de nuestro Aula Museo de Geolog\u00eda. Aqu\u00ed te adentrar\u00e1s en el emocionante mundo de los f\u00f3siles y la vida prehist\u00f3rica. Descubrir\u00e1s c\u00f3mo se formaron los f\u00f3siles, qu\u00e9 tipos existen y c\u00f3mo nos brindan informaci\u00f3n sobre la evoluci\u00f3n de los seres vivos. En nuestra web podr\u00e1s explorar la vida de &hellip;<\/p>\n<p class=\"read-more\"> <a class=\"\" href=\"https:\/\/www.uhu.es\/aula-museo-geologia\/presentacion-museo-de-paleontologia\/\"> <span class=\"screen-reader-text\">Presentaci\u00f3n Museo de Paleontolog\u00eda<\/span> Read More &raquo;<\/a><\/p>\n","protected":false},"author":1,"featured_media":0,"parent":0,"menu_order":0,"comment_status":"closed","ping_status":"closed","template":"","meta":{"site-sidebar-layout":"default","site-content-layout":"","ast-site-content-layout":"","site-content-style":"default","site-sidebar-style":"default","ast-global-header-display":"","ast-banner-title-visibility":"","ast-main-header-display":"","ast-hfb-above-header-display":"","ast-hfb-below-header-display":"","ast-hfb-mobile-header-display":"","site-post-title":"","ast-breadcrumbs-content":"","ast-featured-img":"","footer-sml-layout":"","theme-transparent-header-meta":"","adv-header-id-meta":"","stick-header-meta":"","header-above-stick-meta":"","header-main-stick-meta":"","header-below-stick-meta":"","astra-migrate-meta-layouts":""},"acf":[],"_links":{"self":[{"href":"https:\/\/www.uhu.es\/aula-museo-geologia\/wp-json\/wp\/v2\/pages\/126"}],"collection":[{"href":"https:\/\/www.uhu.es\/aula-museo-geologia\/wp-json\/wp\/v2\/pages"}],"about":[{"href":"https:\/\/www.uhu.es\/aula-museo-geologia\/wp-json\/wp\/v2\/types\/page"}],"author":[{"embeddable":true,"href":"https:\/\/www.uhu.es\/aula-museo-geologia\/wp-json\/wp\/v2\/users\/1"}],"replies":[{"embeddable":true,"href":"https:\/\/www.uhu.es\/aula-museo-geologia\/wp-json\/wp\/v2\/comments?post=126"}],"version-history":[{"count":3,"href":"https:\/\/www.uhu.es\/aula-museo-geologia\/wp-json\/wp\/v2\/pages\/126\/revisions"}],"predecessor-version":[{"id":167,"href":"https:\/\/www.uhu.es\/aula-museo-geologia\/wp-json\/wp\/v2\/pages\/126\/revisions\/167"}],"wp:attachment":[{"href":"https:\/\/www.uhu.es\/aula-museo-geologia\/wp-json\/wp\/v2\/media?parent=126"}],"curies":[{"name":"wp","href":"https:\/\/api.w.org\/{rel}","templated":true}]}}