{"id":28,"date":"2023-03-06T17:22:09","date_gmt":"2023-03-06T17:22:09","guid":{"rendered":"http:\/\/uhu.es\/aula-museo-geologia\/?page_id=28"},"modified":"2023-09-21T15:26:22","modified_gmt":"2023-09-21T15:26:22","slug":"bienvenida-2","status":"publish","type":"page","link":"https:\/\/www.uhu.es\/aula-museo-geologia\/","title":{"rendered":"Bienvenida"},"content":{"rendered":"\n<div style=\"height:100px\" aria-hidden=\"true\" class=\"wp-block-spacer\"><\/div>\n\n\n\n<h2 class=\"has-text-align-center\">Aula Museo de la Facultad de Ciencias Experimentales<\/h2>\n\n\n\n<div style=\"height:100px\" aria-hidden=\"true\" class=\"wp-block-spacer\"><\/div>\n\n\n\n<div class=\"is-layout-flex wp-container-3 wp-block-columns alignwide\">\n<div class=\"is-layout-flow wp-block-column\" style=\"flex-basis:33.33%\">\n<figure class=\"wp-block-image size-full\"><img decoding=\"async\" loading=\"lazy\" width=\"640\" height=\"414\" src=\"http:\/\/uhu.es\/aula-museo-geologia\/wp-content\/uploads\/2023\/03\/logo-aula-museo.png\" alt=\"\" class=\"wp-image-147\" srcset=\"https:\/\/www.uhu.es\/aula-museo-geologia\/wp-content\/uploads\/2023\/03\/logo-aula-museo.png 640w, https:\/\/www.uhu.es\/aula-museo-geologia\/wp-content\/uploads\/2023\/03\/logo-aula-museo-300x194.png 300w\" sizes=\"(max-width: 640px) 100vw, 640px\" \/><\/figure>\n<\/div>\n\n\n\n<div class=\"is-layout-flow wp-block-column\" style=\"flex-basis:66.66%\">\n<p>El Aula Museo de Geolog\u00eda de la Universidad de Huelva es un espacio expositivo localizado en el departamento de Ciencias de la Tierra de la Facultad de Ciencias Experimentales, donde se exhibe de forma permanente una interesante muestra de minerales y f\u00f3siles mediante el tradicional sistema de museo-vitrina. El objetivo de la exposici\u00f3n es contribuir al conocimiento de estos peque\u00f1os tesoros de la naturaleza entre la comunidad universitaria y el p\u00fablico en general, y poner en valor un patrimonio geol\u00f3gico de inter\u00e9s cient\u00edfico y educativo.<\/p>\n<\/div>\n<\/div>\n\n\n\n<p>Las piezas expuestas se distribuyen en un <strong>gran armario vitrina<\/strong> de madera maciza y en <strong>18 vitrinas expositoras<\/strong> de cristal con iluminaci\u00f3n LED. El aula museo tiene acceso gratuito, previa cita, y brinda la posibilidad de guiar las visitas de grupos con explicaciones a cargo de profesorado especialista. Una buena parte de las piezas que se muestran en la exposici\u00f3n permanente tambi\u00e9n puede contemplarse en los museos virtuales de Mineralog\u00eda (<a href=\"http:\/\/www.uhu.es\/museovirtualdemineralogia\">www.uhu.es\/museovirtualdemineralogia<\/a>) y de Paleontolog\u00eda (<a href=\"http:\/\/www.uhu.es\/museovirtualpaleontologia\">www.uhu.es\/museovirtualpaleontologia<\/a>) de la Universidad de Huelva, as\u00ed como en la aplicaci\u00f3n m\u00f3vil Geobrary<sup>\u00a9<\/sup>.<\/p>\n\n\n\n<figure class=\"wp-block-image alignwide size-large\"><img decoding=\"async\" loading=\"lazy\" width=\"1024\" height=\"327\" src=\"https:\/\/www.uhu.es\/aula-museo-geologia\/wp-content\/uploads\/2023\/04\/exposicion-aula-museo-uhu-1024x327.jpg\" alt=\"\" class=\"wp-image-1817\" srcset=\"https:\/\/www.uhu.es\/aula-museo-geologia\/wp-content\/uploads\/2023\/04\/exposicion-aula-museo-uhu-1024x327.jpg 1024w, https:\/\/www.uhu.es\/aula-museo-geologia\/wp-content\/uploads\/2023\/04\/exposicion-aula-museo-uhu-300x96.jpg 300w, https:\/\/www.uhu.es\/aula-museo-geologia\/wp-content\/uploads\/2023\/04\/exposicion-aula-museo-uhu-768x245.jpg 768w, https:\/\/www.uhu.es\/aula-museo-geologia\/wp-content\/uploads\/2023\/04\/exposicion-aula-museo-uhu.jpg 1246w\" sizes=\"(max-width: 1024px) 100vw, 1024px\" \/><figcaption class=\"wp-element-caption\">Vista parcial del armario vitrina de madera donde se expone la colecci\u00f3n sistem\u00e1tica de minerales (a), y de una vitrina expositora de f\u00f3siles (b)<\/figcaption><\/figure>\n\n\n\n<p>La <strong>colecci\u00f3n de minerales<\/strong> est\u00e1 compuesta por m\u00e1s de <strong>360 especies diferentes<\/strong>, con numerosas muestras singulares que destacan por su belleza, rareza o inter\u00e9s mineral\u00f3gico. Los minerales proceden de diversos yacimientos espa\u00f1oles y extranjeros, y en algunos casos de la localidad donde fue descubierto o descrito por primera vez, incluyendo una amplia representaci\u00f3n de la geodiversidad mineral\u00f3gica de la provincia de Huelva. La exposici\u00f3n se organiza en una colecci\u00f3n de mineralog\u00eda sistem\u00e1tica y varias colecciones tem\u00e1ticas con minerales espa\u00f1oles de referencia y minerales cl\u00e1sicos de la provincia de Huelva.<\/p>\n\n\n\n<p>Las <strong>piezas de la colecci\u00f3n de mineralog\u00eda sistem\u00e1tica<\/strong> se ordenan en las clases mineral\u00f3gicas usadas universalmente para clasificar los minerales (Strunz y Nickel, 2002), atendiendo a criterios qu\u00edmicos y cristalogr\u00e1ficos: 1) elementos nativos; 2) sulfuros y sulfosales; 3) haluros; 4) \u00f3xidos e hidr\u00f3xidos; 5) carbonatos y nitratos; 6) boratos; 7) sulfatos, cromatos, molibdatos y wolframatos; 8) fosfatos, arseniatos y vanadatos; y 9) silicatos. Algunos ejemplares sobresalientes de esta colecci\u00f3n son: los agregados arborescentes de cobre nativo de Michigan (EE.UU.); los cristales r\u00f3mbicos de azufre de Sicilia (Italia); los cristales octa\u00e9dricos de pirita y los cristales biesfenoidales de calcopirita procedentes de Huancavelica (Per\u00fa); los cristales c\u00fabicos de galena acompa\u00f1ados de cuarzo, y la agrupaci\u00f3n de cristales prism\u00e1ticos de antimonita de Maramures (Ruman\u00eda); los cristales c\u00fabicos transparentes de fluorita de Hunan (China); los fluoruros complejos del dep\u00f3sito de Ivigtut (Groenlandia); los cristales rombo\u00e9dricos de smithsonita y los cristales verde esmeralda de dioptasa procedentes de Tsumeb (Namibia); los cristales prism\u00e1ticos alargados de color azafr\u00e1n de croco\u00edta (Tasmania, Australia); los cristales tabulares hexagonales de vanadinita de Mibladen (Marruecos); los agregados cristalinos de intenso color azul de cavansita de Poonah (India); y los agregados hojosos de moscovita de Minas Gerais (Brasil). De entre los minerales espa\u00f1oles de referencia sobresalen algunas muestras como: las piritas cristalizadas en cubos perfectos de Navaj\u00fan (La Rioja); el cinabrio cristalizado con mercurio nativo de Almad\u00e9n (Ciudad Real); el cuarzo hematoide o \u201cjacinto de compostela\u201d (Valencia); el aragonito en cristales maclados (Cuenca, Guadalajara); las fluoritas cristalizadas en cubos incoloros o amarillos (Asturias); la piromorfita en cristales hexagonales (C\u00f3rdoba); la esfalerita en sus variedades acaramelada y marmatita (Cantabria); la celestina en grupos de cristales prism\u00e1ticos y la prehnita en agregados globulares de color verde (Ja\u00e9n). Las vitrinas dedicadas a los minerales t\u00edpicos de la provincia de Huelva incluyen excelentes muestras de cobre nativo de Las Herrer\u00edas (Puebla de Guzm\u00e1n) y de oro nativo de mina Sultana (Cala); masas botrioidales iridiscentes de goethita (Minas de Tharsis); drusa de cristales r\u00f3mbicos de barita (Minas de Riotinto); agregados columnares de wollastonita (Aroche); agregados laminares de vermiculita (Santa Olalla del Cala); cristales monocl\u00ednicos de estilbita (Almonaster la Real); y sulfatos solubles hidratados de hierro procedentes de Pozo Alfredo (Minas de Riotinto).<\/p>\n\n\n\n<div class=\"is-layout-flex wp-container-6 wp-block-columns\" style=\"padding-top:0;padding-right:0;padding-bottom:0;padding-left:0\">\n<div class=\"is-layout-flow wp-block-column\">\n<figure class=\"wp-block-image size-full\"><img decoding=\"async\" loading=\"lazy\" width=\"614\" height=\"894\" src=\"https:\/\/www.uhu.es\/aula-museo-geologia\/wp-content\/uploads\/2023\/04\/conjunto-de-minierales.jpg\" alt=\"\" class=\"wp-image-1819\" srcset=\"https:\/\/www.uhu.es\/aula-museo-geologia\/wp-content\/uploads\/2023\/04\/conjunto-de-minierales.jpg 614w, https:\/\/www.uhu.es\/aula-museo-geologia\/wp-content\/uploads\/2023\/04\/conjunto-de-minierales-206x300.jpg 206w\" sizes=\"(max-width: 614px) 100vw, 614px\" \/><\/figure>\n<\/div>\n\n\n\n<div class=\"is-layout-flow wp-block-column\">\n<p>Algunos ejemplos de las piezas expuestas en la secci\u00f3n de Mineralog\u00eda: (a) calcita de&nbsp; La Viesca (Asturias); (b) pirita de Navaj\u00fan (La Rioja); (c) goethita de Tharsis (Huelva; (d) cavansita de Poonah (India); (e) piromorfita de Daoping (China); (f) prehnita de Carchelejo (Ja\u00e9n); (g) vanadinita de Mibladen (Marruecos); (h) yeso de La Uni\u00f3n (Murcia); (i) sulfatos hidratados de hierro y de cobre de Riotinto (Huelva).<\/p>\n\n\n\n<p>En el museo tambi\u00e9n se exponen algunos de los f\u00f3siles m\u00e1s caracter\u00edsticos de la provincia de Huelva, especialmente los que se encuentran en los dep\u00f3sitos cenozoicos del valle del Guadalquivir, que abarcan aproximadamente los \u00faltimos 10 millones de a\u00f1os. En l\u00edneas generales, el registro del Ne\u00f3geno Superior (Mioceno Superior-Plioceno Inferior) de la provincia de Huelva se caracteriza por poseer un contenido paleontol\u00f3gico muy rico en moluscos. As\u00ed, entre los gaster\u00f3podos destacan ejemplares t\u00edpicos como <em>Turritella subarchimedis, Calyptraea chinensis, Clavatula interrupta, Heteropurpura<\/em> <em>polymorpha<\/em> o <em>Solatia piscatoria<\/em>. Entre los bivalvos se encuentran algunos como <em>Circomphalus foliaceolamellosus, Pecten (Pecten) jacobeus, Pelecyora (Pelecyora) gigas<\/em>, <em>Callista it\u00e1lica,<\/em> <em>Acanthocardia (A.) paucicostata<\/em> o los grandes ejemplares de <em>Macrochlamys (M.) latissima<\/em>. Y entre los escaf\u00f3podos, ejemplares notables de <em>Antalis fossile<\/em>. Tambi\u00e9n son muy frecuentes y caracter\u00edsticos, los grandes caparazones en forma de campana de equinodermos equinoideos (erizos de mar) como <em>Clypeaster campanulatus<\/em> y las agrupaciones espectaculares de los cirr\u00edpedos balanomorfos, o bellotas de mar (<em>Balanus (Balanus) concavus<\/em>), junto con restos de vertebrados representados por dientes de los mayores tiburones que han existido como <em>Carcharocles megalodon<\/em> o <em>Isurus hastalis<\/em>. Destacan tambi\u00e9n otros f\u00f3siles emblem\u00e1ticos del Ne\u00f3geno onubense como son diversas piezas \u00f3seas de cet\u00e1ceos (v\u00e9rtebras y costillas de ballenas), as\u00ed como una r\u00e9plica de una de las pisadas de hom\u00ednidos neandertales descubiertas recientemente en el yacimiento de Matalasca\u00f1as. En general todos ellos, a excepci\u00f3n de las pisadas, son caracter\u00edsticos de medios marinos poco profundos.<\/p>\n<\/div>\n<\/div>\n\n\n\n<p>Otra secci\u00f3n paleontol\u00f3gica est\u00e1 dedicada a los moluscos marinos de edad Pleistoceno (\u00faltimos 2 millones de a\u00f1os) de una de las zonas m\u00e1s ricas en estos f\u00f3siles, como es la pen\u00ednsula de Baja California (M\u00e9xico). Esta regi\u00f3n se caracteriza por presentar numerosos yacimientos entre los que destacan ejemplares excelentemente conservados de gaster\u00f3podos representados por algunos g\u00e9neros como <em>Zonaria, Tetarius, Turbo, Strombus, Fusinus, Conus<\/em>, <em>Cypraecassis <\/em>o<em> Hexaplex<\/em> entre otros. En los bivalvos podemos encontrar algunos muy t\u00edpicos como <em>Codakia, Spondylus<\/em> o <em>Chlamys<\/em>. Los rrizos de mar tambi\u00e9n conocidos en el continente americano como \u201cgalletas de mar\u201d o \u201cd\u00f3lares de la arena\u201d est\u00e1n representados por <em>Melitella californica<\/em>. Estos yacimientos se suelen hallar asociados a antiguos arrecifes coralinos o a peque\u00f1as bah\u00edas o lagoons, ligados frecuentemente a edificios volc\u00e1nicos de cierta entidad.<\/p>\n\n\n\n<div class=\"is-layout-flex wp-container-9 wp-block-columns\" style=\"padding-top:0;padding-right:0;padding-bottom:0;padding-left:0\">\n<div class=\"is-layout-flow wp-block-column\">\n<p>Por \u00faltimo, se muestra una peque\u00f1a colecci\u00f3n de f\u00f3siles del Carbon\u00edfero, entre los que destacan las grandes concentraciones de bivalvos del g\u00e9nero <em>Posidonia<\/em>, caracter\u00edsticas de las pizarras que afloran en la comarca de El And\u00e9valo, as\u00ed como algunos ejemplares de flora del Carbon\u00edfero Superior de la cuenca del r\u00edo Viar (Sevilla). Esta cuenca presenta magn\u00edficos ejemplos de erupciones volc\u00e1nicas acaecidas hace aproximadamente 300 millones de a\u00f1os, que provocaron lluvias de cenizas ardientes, lapilli y tobas volc\u00e1nicas, que sepultaron \u00e1rboles enteros. De ellos, se conservan <em>in situ<\/em> sus tocones, de los que se muestra un ejemplar silicificado, as\u00ed como de los helechos y otros elementos arb\u00f3reos que habitaban en las orillas de los lagos que ocupaban esta parte de la cuenca en aquella \u00e9poca. As\u00ed, se han conservado, en ocasiones de modo excepcional, numerosos frondes y restos de estos helechos entre los que cabe rese\u00f1ar ejemplares de <em>Nemejcopteris feminaeformis<\/em>, <em>Renaultia lebackensis<\/em>,<em> Pecopteris monyi<\/em>, <em>Pecopteris densifolia<\/em> y especies de <em>Annularia<\/em>, como <em>A. Carinata<\/em> y <em>A. densifolia<\/em>.<\/p>\n\n\n\n<p>Algunos f\u00f3siles expuestos en la secci\u00f3n de Paleontolog\u00eda: (a) <em>Turritella subarchimedis<\/em>; (b) <em>Solatia piscatoria<\/em>; (c) <em>Heteropurpura polymorpha<\/em>; (d) <em>Acanthocardia (A.) paucicostata<\/em>; (e) <em>Pelecyora gigas<\/em>; (f) <em>Macrochlamys latissima<\/em>; (g) <em>Clypeaster campanulatus<\/em>; (h) <em>Balanus concavus<\/em>; (i) <em>Carcharocles megalodon<\/em>; (j) <em>Melitella calif\u00f3rnica<\/em>; (k) <em>Zonaria<\/em> sp.; (l) <em>Strombus<\/em> sp.; (m) <em>Posidonia <\/em>sp.; (n) <em>Annularia carinata<\/em>; (o) <em>Nemejcopteris feminaeformis<\/em>; (p) tronco de con\u00edfera; (q) pisada de hom\u00ednido neandertal.<\/p>\n<\/div>\n\n\n\n<div class=\"is-layout-flow wp-block-column\">\n<figure class=\"wp-block-image size-full\"><img decoding=\"async\" loading=\"lazy\" width=\"691\" height=\"978\" src=\"https:\/\/www.uhu.es\/aula-museo-geologia\/wp-content\/uploads\/2023\/04\/image.png\" alt=\"\" class=\"wp-image-1821\" srcset=\"https:\/\/www.uhu.es\/aula-museo-geologia\/wp-content\/uploads\/2023\/04\/image.png 691w, https:\/\/www.uhu.es\/aula-museo-geologia\/wp-content\/uploads\/2023\/04\/image-212x300.png 212w\" sizes=\"(max-width: 691px) 100vw, 691px\" \/><\/figure>\n<\/div>\n<\/div>\n\n\n\n<p>\u00a1Te esperamos en el Aula Museo de Geolog\u00eda de la Universidad de Huelva!<\/p>\n\n\n\n<hr class=\"wp-block-separator has-alpha-channel-opacity\"\/>\n\n\n\n<div class=\"is-layout-flex wp-container-12 wp-block-columns\">\n<div class=\"is-layout-flow wp-block-column\" style=\"flex-basis:33.33%\">\n<figure class=\"wp-block-image size-full\"><img decoding=\"async\" loading=\"lazy\" width=\"512\" height=\"512\" src=\"https:\/\/www.uhu.es\/aula-museo-geologia\/wp-content\/uploads\/2023\/03\/geobrary.jpg\" alt=\"\" class=\"wp-image-1808\" srcset=\"https:\/\/www.uhu.es\/aula-museo-geologia\/wp-content\/uploads\/2023\/03\/geobrary.jpg 512w, https:\/\/www.uhu.es\/aula-museo-geologia\/wp-content\/uploads\/2023\/03\/geobrary-300x300.jpg 300w, https:\/\/www.uhu.es\/aula-museo-geologia\/wp-content\/uploads\/2023\/03\/geobrary-150x150.jpg 150w\" sizes=\"(max-width: 512px) 100vw, 512px\" \/><\/figure>\n<\/div>\n\n\n\n<div class=\"is-layout-flow wp-block-column\" style=\"flex-basis:66.66%\">\n<p>Puedes ver m\u00e1s informaci\u00f3n sobre f\u00f3siles y minerales en nuestra app Geobrary descargable desde Google Play<\/p>\n\n\n\n<figure class=\"wp-block-image aligncenter size-full\"><a href=\"https:\/\/play.google.com\/store\/apps\/details?id=es.uhu.geobrary&amp;hl=es\" rel=\"nofollow noopener\" target=\"_blank\"><img decoding=\"async\" loading=\"lazy\" width=\"361\" height=\"139\" src=\"https:\/\/www.uhu.es\/aula-museo-geologia\/wp-content\/uploads\/2023\/03\/descargagp.png\" alt=\"\" class=\"wp-image-1809\" srcset=\"https:\/\/www.uhu.es\/aula-museo-geologia\/wp-content\/uploads\/2023\/03\/descargagp.png 361w, https:\/\/www.uhu.es\/aula-museo-geologia\/wp-content\/uploads\/2023\/03\/descargagp-300x116.png 300w\" sizes=\"(max-width: 361px) 100vw, 361px\" \/><\/a><\/figure>\n<\/div>\n<\/div>\n\n\n\n<hr class=\"wp-block-separator has-alpha-channel-opacity\"\/>\n\n\n\n<div class=\"is-layout-flex wp-container-17 wp-block-columns alignwide\">\n<div class=\"is-layout-flow wp-block-column\">\n<p>Este aula museo forma parte de:<\/p>\n<\/div>\n\n\n\n<div class=\"is-layout-flow wp-block-column\">\n<figure class=\"wp-block-image size-large\"><img decoding=\"async\" loading=\"lazy\" width=\"1024\" height=\"369\" src=\"http:\/\/uhu.es\/aula-museo-geologia\/wp-content\/uploads\/2023\/03\/logo-uhu-1024x369.jpg\" alt=\"\" class=\"wp-image-155\" srcset=\"https:\/\/www.uhu.es\/aula-museo-geologia\/wp-content\/uploads\/2023\/03\/logo-uhu-1024x369.jpg 1024w, https:\/\/www.uhu.es\/aula-museo-geologia\/wp-content\/uploads\/2023\/03\/logo-uhu-300x108.jpg 300w, https:\/\/www.uhu.es\/aula-museo-geologia\/wp-content\/uploads\/2023\/03\/logo-uhu-768x277.jpg 768w, https:\/\/www.uhu.es\/aula-museo-geologia\/wp-content\/uploads\/2023\/03\/logo-uhu-1536x553.jpg 1536w, https:\/\/www.uhu.es\/aula-museo-geologia\/wp-content\/uploads\/2023\/03\/logo-uhu.jpg 2010w\" sizes=\"(max-width: 1024px) 100vw, 1024px\" \/><\/figure>\n<\/div>\n\n\n\n<div class=\"is-layout-flow wp-block-column\">\n<figure class=\"wp-block-image size-full\"><img decoding=\"async\" loading=\"lazy\" width=\"500\" height=\"210\" src=\"http:\/\/uhu.es\/aula-museo-geologia\/wp-content\/uploads\/2023\/03\/logo-facultad-de-ciencias-experimentales.png\" alt=\"\" class=\"wp-image-156\" srcset=\"https:\/\/www.uhu.es\/aula-museo-geologia\/wp-content\/uploads\/2023\/03\/logo-facultad-de-ciencias-experimentales.png 500w, https:\/\/www.uhu.es\/aula-museo-geologia\/wp-content\/uploads\/2023\/03\/logo-facultad-de-ciencias-experimentales-300x126.png 300w\" sizes=\"(max-width: 500px) 100vw, 500px\" \/><\/figure>\n<\/div>\n\n\n\n<div class=\"is-layout-flow wp-block-column\">\n<figure class=\"wp-block-image aligncenter size-full is-resized\"><img decoding=\"async\" loading=\"lazy\" src=\"https:\/\/www.uhu.es\/aula-museo-geologia\/wp-content\/uploads\/2023\/03\/logodct.png\" alt=\"\" class=\"wp-image-1800\" width=\"131\" height=\"131\" srcset=\"https:\/\/www.uhu.es\/aula-museo-geologia\/wp-content\/uploads\/2023\/03\/logodct.png 175w, https:\/\/www.uhu.es\/aula-museo-geologia\/wp-content\/uploads\/2023\/03\/logodct-150x150.png 150w\" sizes=\"(max-width: 131px) 100vw, 131px\" \/><\/figure>\n<\/div>\n<\/div>\n","protected":false},"excerpt":{"rendered":"<p>Aula Museo de la Facultad de Ciencias Experimentales El Aula Museo de Geolog\u00eda de la Universidad de Huelva es un espacio expositivo localizado en el departamento de Ciencias de la Tierra de la Facultad de Ciencias Experimentales, donde se exhibe de forma permanente una interesante muestra de minerales y f\u00f3siles mediante el tradicional sistema de &hellip;<\/p>\n<p class=\"read-more\"> <a class=\"\" href=\"https:\/\/www.uhu.es\/aula-museo-geologia\/\"> <span class=\"screen-reader-text\">Bienvenida<\/span> Read More &raquo;<\/a><\/p>\n","protected":false},"author":1,"featured_media":0,"parent":0,"menu_order":0,"comment_status":"closed","ping_status":"closed","template":"","meta":{"site-sidebar-layout":"default","site-content-layout":"","ast-site-content-layout":"default","site-content-style":"default","site-sidebar-style":"default","ast-global-header-display":"","ast-banner-title-visibility":"","ast-main-header-display":"","ast-hfb-above-header-display":"","ast-hfb-below-header-display":"","ast-hfb-mobile-header-display":"","site-post-title":"","ast-breadcrumbs-content":"","ast-featured-img":"","footer-sml-layout":"","theme-transparent-header-meta":"","adv-header-id-meta":"","stick-header-meta":"","header-above-stick-meta":"","header-main-stick-meta":"","header-below-stick-meta":"","astra-migrate-meta-layouts":"set"},"acf":[],"_links":{"self":[{"href":"https:\/\/www.uhu.es\/aula-museo-geologia\/wp-json\/wp\/v2\/pages\/28"}],"collection":[{"href":"https:\/\/www.uhu.es\/aula-museo-geologia\/wp-json\/wp\/v2\/pages"}],"about":[{"href":"https:\/\/www.uhu.es\/aula-museo-geologia\/wp-json\/wp\/v2\/types\/page"}],"author":[{"embeddable":true,"href":"https:\/\/www.uhu.es\/aula-museo-geologia\/wp-json\/wp\/v2\/users\/1"}],"replies":[{"embeddable":true,"href":"https:\/\/www.uhu.es\/aula-museo-geologia\/wp-json\/wp\/v2\/comments?post=28"}],"version-history":[{"count":22,"href":"https:\/\/www.uhu.es\/aula-museo-geologia\/wp-json\/wp\/v2\/pages\/28\/revisions"}],"predecessor-version":[{"id":2100,"href":"https:\/\/www.uhu.es\/aula-museo-geologia\/wp-json\/wp\/v2\/pages\/28\/revisions\/2100"}],"wp:attachment":[{"href":"https:\/\/www.uhu.es\/aula-museo-geologia\/wp-json\/wp\/v2\/media?parent=28"}],"curies":[{"name":"wp","href":"https:\/\/api.w.org\/{rel}","templated":true}]}}