{"id":83,"date":"2023-03-06T18:55:24","date_gmt":"2023-03-06T18:55:24","guid":{"rendered":"http:\/\/uhu.es\/aula-museo-geologia\/?page_id=83"},"modified":"2023-03-08T16:34:49","modified_gmt":"2023-03-08T16:34:49","slug":"presentacion-museo-de-mineralogia","status":"publish","type":"page","link":"https:\/\/www.uhu.es\/aula-museo-geologia\/presentacion-museo-de-mineralogia\/","title":{"rendered":"Presentaci\u00f3n Museo de Mineralog\u00eda"},"content":{"rendered":"\n<div class=\"wp-block-cover alignfull\"><span aria-hidden=\"true\" class=\"wp-block-cover__background has-ast-global-color-0-background-color has-background-dim\"><\/span><img decoding=\"async\" loading=\"lazy\" width=\"1920\" height=\"401\" class=\"wp-block-cover__image-background wp-image-139\" alt=\"\" src=\"http:\/\/uhu.es\/aula-museo-geologia\/wp-content\/uploads\/2023\/03\/organizacion.jpg\" data-object-fit=\"cover\" srcset=\"https:\/\/www.uhu.es\/aula-museo-geologia\/wp-content\/uploads\/2023\/03\/organizacion.jpg 1920w, https:\/\/www.uhu.es\/aula-museo-geologia\/wp-content\/uploads\/2023\/03\/organizacion-300x63.jpg 300w, https:\/\/www.uhu.es\/aula-museo-geologia\/wp-content\/uploads\/2023\/03\/organizacion-1024x214.jpg 1024w, https:\/\/www.uhu.es\/aula-museo-geologia\/wp-content\/uploads\/2023\/03\/organizacion-768x160.jpg 768w, https:\/\/www.uhu.es\/aula-museo-geologia\/wp-content\/uploads\/2023\/03\/organizacion-1536x321.jpg 1536w\" sizes=\"(max-width: 1920px) 100vw, 1920px\" \/><div class=\"wp-block-cover__inner-container\">\n<h1 class=\"has-text-align-center has-large-font-size\">Presentaci\u00f3n Museo de Mineralog\u00eda<\/h1>\n<\/div><\/div>\n\n\n\n<div style=\"height:100px\" aria-hidden=\"true\" class=\"wp-block-spacer\"><\/div>\n\n\n\n<p>Bienvenido a la secci\u00f3n de minerales de nuestro Aula Museo de Geolog\u00eda. Aqu\u00ed encontrar\u00e1s informaci\u00f3n detallada sobre algunos de los minerales m\u00e1s interesantes y hermosos del mundo. Desde diamantes y rub\u00edes hasta esmeraldas y turquesas, te sorprender\u00e1s de la diversidad y belleza de los minerales que forman nuestro planeta.<\/p>\n\n\n\n<p>Aprender\u00e1s sobre su composici\u00f3n, sus propiedades, c\u00f3mo se forman y c\u00f3mo se han utilizado a lo largo de la historia. Descubrir\u00e1s la importancia de los minerales en la tecnolog\u00eda moderna y c\u00f3mo han sido cruciales en la formaci\u00f3n de la civilizaci\u00f3n humana.<\/p>\n\n\n\n<p>Nuestro museo cuenta con una amplia colecci\u00f3n de minerales, desde los m\u00e1s comunes hasta los m\u00e1s raros y preciosos. Podr\u00e1s ver, tocar y aprender sobre cada uno de ellos. \u00a1No te pierdas la oportunidad de descubrir el mundo m\u00e1gico de los minerales!<\/p>\n","protected":false},"excerpt":{"rendered":"<p>Bienvenido a la secci\u00f3n de minerales de nuestro Aula Museo de Geolog\u00eda. Aqu\u00ed encontrar\u00e1s informaci\u00f3n detallada sobre algunos de los minerales m\u00e1s interesantes y hermosos del mundo. Desde diamantes y rub\u00edes hasta esmeraldas y turquesas, te sorprender\u00e1s de la diversidad y belleza de los minerales que forman nuestro planeta. Aprender\u00e1s sobre su composici\u00f3n, sus propiedades, &hellip;<\/p>\n<p class=\"read-more\"> <a class=\"\" href=\"https:\/\/www.uhu.es\/aula-museo-geologia\/presentacion-museo-de-mineralogia\/\"> <span class=\"screen-reader-text\">Presentaci\u00f3n Museo de Mineralog\u00eda<\/span> Read More &raquo;<\/a><\/p>\n","protected":false},"author":1,"featured_media":0,"parent":0,"menu_order":0,"comment_status":"closed","ping_status":"closed","template":"","meta":{"site-sidebar-layout":"default","site-content-layout":"","ast-site-content-layout":"","site-content-style":"default","site-sidebar-style":"default","ast-global-header-display":"","ast-banner-title-visibility":"","ast-main-header-display":"","ast-hfb-above-header-display":"","ast-hfb-below-header-display":"","ast-hfb-mobile-header-display":"","site-post-title":"","ast-breadcrumbs-content":"","ast-featured-img":"","footer-sml-layout":"","theme-transparent-header-meta":"","adv-header-id-meta":"","stick-header-meta":"","header-above-stick-meta":"","header-main-stick-meta":"","header-below-stick-meta":"","astra-migrate-meta-layouts":""},"acf":[],"_links":{"self":[{"href":"https:\/\/www.uhu.es\/aula-museo-geologia\/wp-json\/wp\/v2\/pages\/83"}],"collection":[{"href":"https:\/\/www.uhu.es\/aula-museo-geologia\/wp-json\/wp\/v2\/pages"}],"about":[{"href":"https:\/\/www.uhu.es\/aula-museo-geologia\/wp-json\/wp\/v2\/types\/page"}],"author":[{"embeddable":true,"href":"https:\/\/www.uhu.es\/aula-museo-geologia\/wp-json\/wp\/v2\/users\/1"}],"replies":[{"embeddable":true,"href":"https:\/\/www.uhu.es\/aula-museo-geologia\/wp-json\/wp\/v2\/comments?post=83"}],"version-history":[{"count":2,"href":"https:\/\/www.uhu.es\/aula-museo-geologia\/wp-json\/wp\/v2\/pages\/83\/revisions"}],"predecessor-version":[{"id":166,"href":"https:\/\/www.uhu.es\/aula-museo-geologia\/wp-json\/wp\/v2\/pages\/83\/revisions\/166"}],"wp:attachment":[{"href":"https:\/\/www.uhu.es\/aula-museo-geologia\/wp-json\/wp\/v2\/media?parent=83"}],"curies":[{"name":"wp","href":"https:\/\/api.w.org\/{rel}","templated":true}]}}