{"id":89,"date":"2023-03-06T18:59:25","date_gmt":"2023-03-06T18:59:25","guid":{"rendered":"http:\/\/uhu.es\/aula-museo-geologia\/?page_id=89"},"modified":"2023-09-21T11:40:17","modified_gmt":"2023-09-21T11:40:17","slug":"coleccion-sistematica-minerales","status":"publish","type":"page","link":"https:\/\/www.uhu.es\/aula-museo-geologia\/coleccion-sistematica-minerales\/","title":{"rendered":"Colecci\u00f3n Sistem\u00e1tica de Minerales"},"content":{"rendered":"\n<div class=\"wp-block-cover alignfull is-light\"><span aria-hidden=\"true\" class=\"wp-block-cover__background has-ast-global-color-0-background-color has-background-dim\"><\/span><img decoding=\"async\" loading=\"lazy\" width=\"1920\" height=\"401\" class=\"wp-block-cover__image-background wp-image-139\" alt=\"\" src=\"http:\/\/uhu.es\/aula-museo-geologia\/wp-content\/uploads\/2023\/03\/organizacion.jpg\" data-object-fit=\"cover\" srcset=\"https:\/\/www.uhu.es\/aula-museo-geologia\/wp-content\/uploads\/2023\/03\/organizacion.jpg 1920w, https:\/\/www.uhu.es\/aula-museo-geologia\/wp-content\/uploads\/2023\/03\/organizacion-300x63.jpg 300w, https:\/\/www.uhu.es\/aula-museo-geologia\/wp-content\/uploads\/2023\/03\/organizacion-1024x214.jpg 1024w, https:\/\/www.uhu.es\/aula-museo-geologia\/wp-content\/uploads\/2023\/03\/organizacion-768x160.jpg 768w, https:\/\/www.uhu.es\/aula-museo-geologia\/wp-content\/uploads\/2023\/03\/organizacion-1536x321.jpg 1536w\" sizes=\"(max-width: 1920px) 100vw, 1920px\" \/><div class=\"wp-block-cover__inner-container\">\n<h1 class=\"has-text-align-center has-large-font-size\">Colecci\u00f3n sist\u00e9mica<\/h1>\n<\/div><\/div>\n\n\n\n<div style=\"height:100px\" aria-hidden=\"true\" class=\"wp-block-spacer\"><\/div>\n\n\n\n<h2>Introducci\u00f3n<\/h2>\n\n\n\n<p>Un mineral es cualquier elemento o compuesto qu\u00edmico que normalmente es cristalino, y se ha formado como resultado de la acci\u00f3n de un proceso geol\u00f3gico. Actualmente se conocen m\u00e1s de 4.500 minerales, y cada a\u00f1o se descubren unas 50 especies nuevas. Muchos minerales suelen presentar distintas variedades, que se diferencian entre s\u00ed por alguna propiedad f\u00edsica o por peque\u00f1as variaciones composicionales. La diversidad de colores, brillos y formas cristalinas son el reflejo de su composici\u00f3n qu\u00edmica y\/o estructura cristalina.<\/p>\n\n\n\n<p>Los minerales se originan en ambientes geol\u00f3gicos muy diversos (sedimentario, metam\u00f3rfico, magm\u00e1tico), y aparecen asociados constituyendo diferentes tipos de rocas. Cuando las condiciones mineralogen\u00e9ticas son favorables, los minerales cristalizan dando lugar a formas geom\u00e9tricas regulares de gran belleza natural. Localmente, pueden concentrarse en dep\u00f3sitos o yacimientos que, en ciertos casos, son susceptibles de explotaci\u00f3n minera con rendimiento econ\u00f3mico. El desarrollo de nuestra civilizaci\u00f3n depende, en gran medida, de los m\u00faltiples usos y aplicaciones de los minerales.<\/p>\n\n\n\n<h2>Clasificaci\u00f3n<\/h2>\n\n\n\n<p>Los minerales se han ordenado en ocho clases, de acuerdo con el sistema de clasificaci\u00f3n tradicional de&nbsp;<a href=\"http:\/\/es.wikipedia.org\/wiki\/Clasificaci%C3%B3n_de_Strunz\" target=\"_blank\" rel=\"noreferrer noopener nofollow\">H.G. Strunz<\/a><\/p>\n\n\n\n<h3><a href=\"http:\/\/uhu.es\/aula-museo-geologia\/coleccion-sistemica-minerales\/clase-i-elementos-nativos\/\" data-type=\"page\" data-id=\"1151\" rel=\"nofollow noopener\" target=\"_blank\">Clase I &#8211; Elementos nativos<\/a><\/h3>\n\n\n\n<ul>\n<li><a href=\"https:\/\/www.uhu.es\/aula-museo-geologia\/coleccion-sistematica-minerales\/clase-i-elementos-nativos\/metales\/\" data-type=\"page\" data-id=\"1972\">Metales<\/a><\/li>\n\n\n\n<li><a href=\"https:\/\/www.uhu.es\/aula-museo-geologia\/coleccion-sistematica-minerales\/clase-i-elementos-nativos\/semimetales\/\" data-type=\"page\" data-id=\"1978\">Semimetales<\/a><\/li>\n\n\n\n<li><a href=\"https:\/\/www.uhu.es\/aula-museo-geologia\/coleccion-sistematica-minerales\/clase-i-elementos-nativos\/no-metales\/\" data-type=\"page\" data-id=\"1980\">No Metales<\/a><\/li>\n<\/ul>\n\n\n\n<h3><a href=\"http:\/\/uhu.es\/aula-museo-geologia\/coleccion-sistemica-minerales\/clase-ii-sulfuros-y-sulfosales\/\" data-type=\"page\" data-id=\"1161\" rel=\"nofollow noopener\" target=\"_blank\">Clase II: Sulfuros y Sulfosales<\/a><\/h3>\n\n\n\n<ul>\n<li><a href=\"https:\/\/www.uhu.es\/aula-museo-geologia\/coleccion-sistematica-minerales\/clase-ii-sulfuros-y-sulfosales\/sulfuros-metalicos\/\" data-type=\"page\" data-id=\"1983\">Sulfuros Met\u00e1licos<\/a><\/li>\n\n\n\n<li><a href=\"https:\/\/www.uhu.es\/aula-museo-geologia\/coleccion-sistematica-minerales\/clase-ii-sulfuros-y-sulfosales\/sulfuros-semimetalicos\/\" data-type=\"page\" data-id=\"1986\">Sulfuros Semimet\u00e1licos<\/a><\/li>\n\n\n\n<li><a href=\"https:\/\/www.uhu.es\/aula-museo-geologia\/coleccion-sistematica-minerales\/clase-ii-sulfuros-y-sulfosales\/sulfosales\/\" data-type=\"page\" data-id=\"1988\">Sulfosales<\/a><\/li>\n<\/ul>\n\n\n\n<h3><a href=\"http:\/\/uhu.es\/aula-museo-geologia\/coleccion-sistemica-minerales\/clase-iii-haluros\/\" data-type=\"page\" data-id=\"1167\" rel=\"nofollow noopener\" target=\"_blank\">Clase III &#8211; Haluros<\/a><\/h3>\n\n\n\n<ul>\n<li><a href=\"https:\/\/www.uhu.es\/aula-museo-geologia\/coleccion-sistematica-minerales\/clase-iii-haluros\/simples\/\" data-type=\"page\" data-id=\"1991\">Simples<\/a><\/li>\n\n\n\n<li><a href=\"https:\/\/www.uhu.es\/aula-museo-geologia\/coleccion-sistematica-minerales\/clase-iii-haluros\/complejos\/\" data-type=\"page\" data-id=\"1994\">Complejos<\/a><\/li>\n<\/ul>\n\n\n\n<h3><a href=\"http:\/\/uhu.es\/aula-museo-geologia\/coleccion-sistemica-minerales\/clase-iii-haluros-2\/\" data-type=\"page\" data-id=\"1171\" rel=\"nofollow noopener\" target=\"_blank\">Clase IV &#8211; \u00d3xidos e hidr\u00f3xidos<\/a><\/h3>\n\n\n\n<ul>\n<li><a href=\"https:\/\/www.uhu.es\/aula-museo-geologia\/coleccion-sistematica-minerales\/clase-iii-haluros-2\/oxidos\/\" data-type=\"page\" data-id=\"1996\">\u00d3xidos<\/a><\/li>\n\n\n\n<li><a href=\"https:\/\/www.uhu.es\/aula-museo-geologia\/coleccion-sistematica-minerales\/clase-iii-haluros-2\/hidroxidos\/\" data-type=\"page\" data-id=\"1998\">Hidr\u00f3xidos<\/a><\/li>\n<\/ul>\n\n\n\n<h3><a href=\"http:\/\/uhu.es\/aula-museo-geologia\/coleccion-sistemica-minerales\/clase-v-carbonatos-y-nitratos\/\" data-type=\"page\" data-id=\"1173\" rel=\"nofollow noopener\" target=\"_blank\">Clase V: Carbonatos y Nitratos<\/a><\/h3>\n\n\n\n<ul>\n<li><a href=\"https:\/\/www.uhu.es\/aula-museo-geologia\/coleccion-sistematica-minerales\/clase-v-carbonatos-y-nitratos\/carbonatos\/\" data-type=\"page\" data-id=\"2000\">Carbonatos<\/a><\/li>\n\n\n\n<li><a href=\"https:\/\/www.uhu.es\/aula-museo-geologia\/coleccion-sistematica-minerales\/clase-v-carbonatos-y-nitratos\/nitratos\/\" data-type=\"page\" data-id=\"2002\">Nitratos<\/a><\/li>\n<\/ul>\n\n\n\n<h3><a href=\"http:\/\/uhu.es\/aula-museo-geologia\/coleccion-sistemica-minerales\/clase-vi-boratos\/\" data-type=\"page\" data-id=\"1176\" rel=\"nofollow noopener\" target=\"_blank\">Clase VI: Boratos<\/a><\/h3>\n\n\n\n<ul>\n<li><a href=\"https:\/\/www.uhu.es\/aula-museo-geologia\/coleccion-sistematica-minerales\/clase-vi-boratos\/\" data-type=\"page\" data-id=\"1176\">Boratos<\/a><\/li>\n<\/ul>\n\n\n\n<h3><a href=\"http:\/\/uhu.es\/aula-museo-geologia\/coleccion-sistemica-minerales\/clase-vii-sulfatos-cromatos-molibdatos-y-wolframatos\/\" data-type=\"page\" data-id=\"1179\" rel=\"nofollow noopener\" target=\"_blank\">Clase VII: Sulfatos, Cromatos, Molibdatos y Wolframatos<\/a><\/h3>\n\n\n\n<ul>\n<li><a href=\"https:\/\/www.uhu.es\/aula-museo-geologia\/coleccion-sistematica-minerales\/clase-vii-sulfatos-cromatos-molibdatos-y-wolframatos\/sulfatos\/\" data-type=\"page\" data-id=\"2004\">Sulfatos<\/a><\/li>\n\n\n\n<li><a href=\"https:\/\/www.uhu.es\/aula-museo-geologia\/coleccion-sistematica-minerales\/clase-vii-sulfatos-cromatos-molibdatos-y-wolframatos\/cromatos\/\" data-type=\"page\" data-id=\"2006\">Cromatos<\/a><\/li>\n\n\n\n<li><a href=\"https:\/\/www.uhu.es\/aula-museo-geologia\/coleccion-sistematica-minerales\/clase-vii-sulfatos-cromatos-molibdatos-y-wolframatos\/molibdatos\/\" data-type=\"page\" data-id=\"2008\">Molibdatos<\/a><\/li>\n\n\n\n<li><a href=\"https:\/\/www.uhu.es\/aula-museo-geologia\/coleccion-sistematica-minerales\/clase-vii-sulfatos-cromatos-molibdatos-y-wolframatos\/wolframatos\/\" data-type=\"page\" data-id=\"2010\">Wolframatos<\/a><\/li>\n<\/ul>\n\n\n\n<h3><a href=\"http:\/\/uhu.es\/aula-museo-geologia\/coleccion-sistemica-minerales\/clase-viii-fosfatos-arseniatos-y-vanadatos\/\" data-type=\"page\" data-id=\"1181\" rel=\"nofollow noopener\" target=\"_blank\">Clase VIII: Fosfatos, Arseniatos y Vanadatos<\/a><\/h3>\n\n\n\n<ul>\n<li><a href=\"https:\/\/www.uhu.es\/aula-museo-geologia\/coleccion-sistematica-minerales\/clase-viii-fosfatos-arseniatos-y-vanadatos\/fosfatos\/\" data-type=\"page\" data-id=\"2012\">Fosfatos<\/a><\/li>\n\n\n\n<li><a href=\"https:\/\/www.uhu.es\/aula-museo-geologia\/coleccion-sistematica-minerales\/clase-viii-fosfatos-arseniatos-y-vanadatos\/arseniatos\/\" data-type=\"page\" data-id=\"2014\">Arseniatos<\/a><\/li>\n\n\n\n<li><a href=\"https:\/\/www.uhu.es\/aula-museo-geologia\/coleccion-sistematica-minerales\/clase-viii-fosfatos-arseniatos-y-vanadatos\/vanadatos\/\" data-type=\"page\" data-id=\"2031\">Vanadatos<\/a><\/li>\n<\/ul>\n\n\n\n<h3><a href=\"http:\/\/uhu.es\/aula-museo-geologia\/coleccion-sistemica-minerales\/clase-ix-silicatos\/\" data-type=\"page\" data-id=\"1185\" rel=\"nofollow noopener\" target=\"_blank\">Clase IX: Silicatos<\/a><\/h3>\n\n\n\n<ul>\n<li><a href=\"https:\/\/www.uhu.es\/aula-museo-geologia\/coleccion-sistematica-minerales\/clase-ix-silicatos\/neosilicatos\/\" data-type=\"page\" data-id=\"2017\">Neosilicatos<\/a><\/li>\n\n\n\n<li><a href=\"https:\/\/www.uhu.es\/aula-museo-geologia\/coleccion-sistematica-minerales\/clase-ix-silicatos\/sorosilicatos\/\" data-type=\"page\" data-id=\"2019\">Sorosilicatos<\/a><\/li>\n\n\n\n<li><a href=\"https:\/\/www.uhu.es\/aula-museo-geologia\/coleccion-sistematica-minerales\/clase-ix-silicatos\/ciclosilicatos\/\" data-type=\"page\" data-id=\"2021\">Ciclosilicatos<\/a><\/li>\n\n\n\n<li><a href=\"https:\/\/www.uhu.es\/aula-museo-geologia\/coleccion-sistematica-minerales\/clase-ix-silicatos\/inosilicatos\/\" data-type=\"page\" data-id=\"2023\">Inosilicatos<\/a><\/li>\n\n\n\n<li><a href=\"https:\/\/www.uhu.es\/aula-museo-geologia\/coleccion-sistematica-minerales\/clase-ix-silicatos\/filosilicatos\/\" data-type=\"page\" data-id=\"2025\">Filosilicatos<\/a><\/li>\n\n\n\n<li><a href=\"https:\/\/www.uhu.es\/aula-museo-geologia\/coleccion-sistematica-minerales\/clase-ix-silicatos\/tectosilicatos\/\" data-type=\"page\" data-id=\"2027\">Tectosilicatos<\/a><\/li>\n<\/ul>\n","protected":false},"excerpt":{"rendered":"<p>Introducci\u00f3n Un mineral es cualquier elemento o compuesto qu\u00edmico que normalmente es cristalino, y se ha formado como resultado de la acci\u00f3n de un proceso geol\u00f3gico. Actualmente se conocen m\u00e1s de 4.500 minerales, y cada a\u00f1o se descubren unas 50 especies nuevas. Muchos minerales suelen presentar distintas variedades, que se diferencian entre s\u00ed por alguna &hellip;<\/p>\n<p class=\"read-more\"> <a class=\"\" href=\"https:\/\/www.uhu.es\/aula-museo-geologia\/coleccion-sistematica-minerales\/\"> <span class=\"screen-reader-text\">Colecci\u00f3n Sistem\u00e1tica de Minerales<\/span> Read More &raquo;<\/a><\/p>\n","protected":false},"author":1,"featured_media":0,"parent":0,"menu_order":0,"comment_status":"closed","ping_status":"closed","template":"","meta":{"site-sidebar-layout":"default","site-content-layout":"","ast-site-content-layout":"default","site-content-style":"default","site-sidebar-style":"default","ast-global-header-display":"","ast-banner-title-visibility":"","ast-main-header-display":"","ast-hfb-above-header-display":"","ast-hfb-below-header-display":"","ast-hfb-mobile-header-display":"","site-post-title":"","ast-breadcrumbs-content":"","ast-featured-img":"","footer-sml-layout":"","theme-transparent-header-meta":"","adv-header-id-meta":"","stick-header-meta":"","header-above-stick-meta":"","header-main-stick-meta":"","header-below-stick-meta":"","astra-migrate-meta-layouts":"set"},"acf":[],"_links":{"self":[{"href":"https:\/\/www.uhu.es\/aula-museo-geologia\/wp-json\/wp\/v2\/pages\/89"}],"collection":[{"href":"https:\/\/www.uhu.es\/aula-museo-geologia\/wp-json\/wp\/v2\/pages"}],"about":[{"href":"https:\/\/www.uhu.es\/aula-museo-geologia\/wp-json\/wp\/v2\/types\/page"}],"author":[{"embeddable":true,"href":"https:\/\/www.uhu.es\/aula-museo-geologia\/wp-json\/wp\/v2\/users\/1"}],"replies":[{"embeddable":true,"href":"https:\/\/www.uhu.es\/aula-museo-geologia\/wp-json\/wp\/v2\/comments?post=89"}],"version-history":[{"count":9,"href":"https:\/\/www.uhu.es\/aula-museo-geologia\/wp-json\/wp\/v2\/pages\/89\/revisions"}],"predecessor-version":[{"id":2033,"href":"https:\/\/www.uhu.es\/aula-museo-geologia\/wp-json\/wp\/v2\/pages\/89\/revisions\/2033"}],"wp:attachment":[{"href":"https:\/\/www.uhu.es\/aula-museo-geologia\/wp-json\/wp\/v2\/media?parent=89"}],"curies":[{"name":"wp","href":"https:\/\/api.w.org\/{rel}","templated":true}]}}