{"id":95,"date":"2023-03-06T19:02:40","date_gmt":"2023-03-06T19:02:40","guid":{"rendered":"http:\/\/uhu.es\/aula-museo-geologia\/?page_id=95"},"modified":"2023-09-18T18:07:01","modified_gmt":"2023-09-18T18:07:01","slug":"creditos-museo-minerales","status":"publish","type":"page","link":"https:\/\/www.uhu.es\/aula-museo-geologia\/creditos-museo-minerales\/","title":{"rendered":"Cr\u00e9ditos"},"content":{"rendered":"\n<div class=\"wp-block-cover alignfull is-light\"><span aria-hidden=\"true\" class=\"wp-block-cover__background has-ast-global-color-0-background-color has-background-dim\"><\/span><img decoding=\"async\" loading=\"lazy\" width=\"1920\" height=\"401\" class=\"wp-block-cover__image-background wp-image-138\" alt=\"\" src=\"http:\/\/uhu.es\/aula-museo-geologia\/wp-content\/uploads\/2023\/03\/novedades.jpg\" data-object-fit=\"cover\" srcset=\"https:\/\/www.uhu.es\/aula-museo-geologia\/wp-content\/uploads\/2023\/03\/novedades.jpg 1920w, https:\/\/www.uhu.es\/aula-museo-geologia\/wp-content\/uploads\/2023\/03\/novedades-300x63.jpg 300w, https:\/\/www.uhu.es\/aula-museo-geologia\/wp-content\/uploads\/2023\/03\/novedades-1024x214.jpg 1024w, https:\/\/www.uhu.es\/aula-museo-geologia\/wp-content\/uploads\/2023\/03\/novedades-768x160.jpg 768w, https:\/\/www.uhu.es\/aula-museo-geologia\/wp-content\/uploads\/2023\/03\/novedades-1536x321.jpg 1536w\" sizes=\"(max-width: 1920px) 100vw, 1920px\" \/><div class=\"wp-block-cover__inner-container\">\n<h2 class=\"has-text-align-center has-large-font-size\">Cr\u00e9ditos<\/h2>\n<\/div><\/div>\n\n\n\n<div style=\"height:100px\" aria-hidden=\"true\" class=\"wp-block-spacer\"><\/div>\n\n\n\n<h2>Autorizaci\u00f3n<\/h2>\n\n\n\n<p>Se autoriza la descarga y el uso de las fotograf\u00edas con fines docentes y para su inclusi\u00f3n en art\u00edculos, reportajes u otros trabajos que tengan en su contenido referencias al Museo Virtual de Mineralog\u00eda de la Universidad de Huelva, debiendo citarse su procedencia en los cr\u00e9ditos de propiedad, as\u00ed como el nombre del autor de la fotograf\u00eda.<\/p>\n\n\n\n<h2>Autores<\/h2>\n\n\n\n<p>Todas las fotograf\u00edas de los minerales han sido realizadas por Juan Carlos Fern\u00e1ndez Caliani, excepto las im\u00e1genes correspondientes a los ejemplares referenciados a continuaci\u00f3n, cuyos autores son:<\/p>\n\n\n<ul class=\"dos-columnas\"><p><b><a href=\"https:\/\/www.uhu.es\/aula-museo-geologia\/minerales\/alunogeno-al2so4317h2o-roseta\/\">Alun\u00f3geno (Al2(SO4)3\u202217H2O)<\/a><\/b><\/b><ul><li>Pablo Manuel Fern\u00e1ndez<\/li><\/ul><p><b><a href=\"https:\/\/www.uhu.es\/aula-museo-geologia\/minerales\/botriogeno-mgfeso42oh7h2o\/\">Botri\u00f3geno (MgFe(SO4)2(OH)\u20227H2O)<\/a><\/b><\/b><ul><li>Pablo Manuel Fern\u00e1ndez<\/li><\/ul><p><b><a href=\"https:\/\/www.uhu.es\/aula-museo-geologia\/minerales\/calcantita-cuso45h2o-voltaita\/\">Calcantita (CuSO4\u20225H2O)<\/a><\/b><\/b><ul><li>Pablo Manuel Fern\u00e1ndez<\/li><\/ul><p><b><a href=\"https:\/\/www.uhu.es\/aula-museo-geologia\/minerales\/calcita-caco3\/\">Calcita (CaCO3)<\/a><\/b><\/b><ul><li>Juan Carlos Fern\u00e1ndez Caliani<\/li><li>Miguel Redondo<\/li><\/ul><p><b><a href=\"https:\/\/www.uhu.es\/aula-museo-geologia\/minerales\/coquimbita-fe2so439h2o\/\">Coquimbita (Fe2(SO4)3\u20229H2O)<\/a><\/b><\/b><ul><li>Pablo Manuel Fern\u00e1ndez<\/li><\/ul><p><b><a href=\"https:\/\/www.uhu.es\/aula-museo-geologia\/minerales\/esfalerita-znfes\/\">Esfalerita(Zn,Fe)S<\/a><\/b><\/b><ul><li>Miguel Redondo<\/li><li>Juan Carlos Fern\u00e1ndez Caliani<\/li><\/ul><p><b><a href=\"https:\/\/www.uhu.es\/aula-museo-geologia\/minerales\/halotriquita-feal2so4422h2o-asbestiforme\/\">Halotriquita (FeAl2(SO4)4\u202222H2O)<\/a><\/b><\/b><ul><li>Juan Carlos Fern\u00e1ndez Caliani<\/li><li>Pablo Manuel Fern\u00e1ndez<\/li><\/ul><p><b><a href=\"https:\/\/www.uhu.es\/aula-museo-geologia\/minerales\/marcasita-fes2\/\">Marcasita (FeS2)<\/a><\/b><\/b><ul><li>Daniel Ponce Guardiola<\/li><\/ul><p><b><a href=\"https:\/\/www.uhu.es\/aula-museo-geologia\/minerales\/okenita-ca10si18o4618h2o\/\">Okenita (Ca10Si18O46\u202218H2O)<\/a><\/b><\/b><ul><li>Miguel Redondo<\/li><\/ul><p><b><a href=\"https:\/\/www.uhu.es\/aula-museo-geologia\/minerales\/pirita-fes2-cubico\/\">Pirita (FeS2)<\/a><\/b><\/b><ul><li>Juan Carlos Fern\u00e1ndez Caliani<\/li><li>Nic Eppel<\/li><\/ul><p><b><a href=\"https:\/\/www.uhu.es\/aula-museo-geologia\/minerales\/rodonita-mnsio3-cristal\/\">Rodonita (MnSiO3)<\/a><\/b><\/b><ul><li>Daniel Ponce Guardiola<\/li><li>Juan Carlos Fern\u00e1ndez Caliani<\/li><\/ul><p><b><a href=\"https:\/\/www.uhu.es\/aula-museo-geologia\/minerales\/roemerita-fe3so4414h2o\/\">Roemerita (Fe3(SO4)4\u202214H2O)<\/a><\/b><\/b><ul><li>Pablo Manuel Fern\u00e1ndez<\/li><\/ul><p><b><a href=\"https:\/\/www.uhu.es\/aula-museo-geologia\/minerales\/romboclasa-hfeso424h2o-tabulares\/\">Romboclasa (HFe(SO4)2\u20224H2O)<\/a><\/b><\/b><ul><li>Pablo Manuel Fern\u00e1ndez<\/li><li>Juan Carlos Fern\u00e1ndez Caliani<\/li><\/ul><p><b><a href=\"https:\/\/www.uhu.es\/aula-museo-geologia\/minerales\/szomolnokita-feso4h2o\/\">Szomolnokita (FeSO4\u2022H2O)<\/a><\/b><\/b><ul><li>Pablo Manuel Fern\u00e1ndez<\/li><\/ul><p><b><a href=\"https:\/\/www.uhu.es\/aula-museo-geologia\/minerales\/thenardita-na2so4\/\">Thenardita (Na2SO4)<\/a><\/b><\/b><ul><li>Daniel Ponce Guardiola<\/li><\/ul><p><b><a href=\"https:\/\/www.uhu.es\/aula-museo-geologia\/minerales\/voltaita-k2fe8also41218h2o\/\">Volta\u00edta (K2Fe8Al(SO4)12\u202218H2O)<\/a><\/b><\/b><ul><li>Pablo Manuel Fern\u00e1ndez<\/li><\/ul><p><b><a href=\"https:\/\/www.uhu.es\/aula-museo-geologia\/minerales\/yeso-caso42h2o-var-rosa-del-desierto\/\">Yeso (CaSO4\u20222H2O)\u00a0var. Rosa del Desierto<\/a><\/b><\/b><ul><li>Daniel Ponce Guardiola<\/li><\/ul><\/ul>\n","protected":false},"excerpt":{"rendered":"<p>Autorizaci\u00f3n Se autoriza la descarga y el uso de las fotograf\u00edas con fines docentes y para su inclusi\u00f3n en art\u00edculos, reportajes u otros trabajos que tengan en su contenido referencias al Museo Virtual de Mineralog\u00eda de la Universidad de Huelva, debiendo citarse su procedencia en los cr\u00e9ditos de propiedad, as\u00ed como el nombre del autor &hellip;<\/p>\n<p class=\"read-more\"> <a class=\"\" href=\"https:\/\/www.uhu.es\/aula-museo-geologia\/minerales\/zoisita-camn2al3si3o12oh-var-thulita\/\"> <span class=\"screen-reader-text\">Zoisita ((Ca,Mn)2Al3Si3O12(OH))\u00a0var. Thulita<\/span> Read More &raquo;<\/a><\/p>\n","protected":false},"author":1,"featured_media":0,"parent":0,"menu_order":0,"comment_status":"closed","ping_status":"closed","template":"","meta":{"site-sidebar-layout":"default","site-content-layout":"","ast-site-content-layout":"default","site-content-style":"default","site-sidebar-style":"default","ast-global-header-display":"","ast-banner-title-visibility":"","ast-main-header-display":"","ast-hfb-above-header-display":"","ast-hfb-below-header-display":"","ast-hfb-mobile-header-display":"","site-post-title":"","ast-breadcrumbs-content":"","ast-featured-img":"","footer-sml-layout":"","theme-transparent-header-meta":"","adv-header-id-meta":"","stick-header-meta":"","header-above-stick-meta":"","header-main-stick-meta":"","header-below-stick-meta":"","astra-migrate-meta-layouts":"set"},"acf":[],"_links":{"self":[{"href":"https:\/\/www.uhu.es\/aula-museo-geologia\/wp-json\/wp\/v2\/pages\/95"}],"collection":[{"href":"https:\/\/www.uhu.es\/aula-museo-geologia\/wp-json\/wp\/v2\/pages"}],"about":[{"href":"https:\/\/www.uhu.es\/aula-museo-geologia\/wp-json\/wp\/v2\/types\/page"}],"author":[{"embeddable":true,"href":"https:\/\/www.uhu.es\/aula-museo-geologia\/wp-json\/wp\/v2\/users\/1"}],"replies":[{"embeddable":true,"href":"https:\/\/www.uhu.es\/aula-museo-geologia\/wp-json\/wp\/v2\/comments?post=95"}],"version-history":[{"count":15,"href":"https:\/\/www.uhu.es\/aula-museo-geologia\/wp-json\/wp\/v2\/pages\/95\/revisions"}],"predecessor-version":[{"id":1952,"href":"https:\/\/www.uhu.es\/aula-museo-geologia\/wp-json\/wp\/v2\/pages\/95\/revisions\/1952"}],"wp:attachment":[{"href":"https:\/\/www.uhu.es\/aula-museo-geologia\/wp-json\/wp\/v2\/media?parent=95"}],"curies":[{"name":"wp","href":"https:\/\/api.w.org\/{rel}","templated":true}]}}