{"id":35,"date":"2012-09-18T12:28:49","date_gmt":"2012-09-18T12:28:49","guid":{"rendered":"http:\/\/www.uhu.es\/biblioteca\/blog\/?page_id=35"},"modified":"2025-04-11T15:18:45","modified_gmt":"2025-04-11T15:18:45","slug":"acerca-del-blog","status":"publish","type":"page","link":"https:\/\/www.uhu.es\/biblioteca\/labuhardilla\/?page_id=35","title":{"rendered":"Acerca del blog"},"content":{"rendered":"<p>Queremos ser un espacio de comunicaci\u00f3n con varios prop\u00f3sitos:<\/p>\n<ul>\n<li>Difundir actividades, recursos y servicios de la Biblioteca Universitaria de Huelva,<\/li>\n<li>Informar de las novedades de la Biblioteca.<\/li>\n<li>Establecer una v\u00eda de comunicaci\u00f3n m\u00e1s directa, atractiva e informal entre la Biblioteca y el usuario para expresar opiniones, tendencias, sugerencias, necesidades, dudas, etc.<\/li>\n<li>Difundir informaci\u00f3n y noticias relacionadas con las materias de las titulaciones impartidas en la Universidad de Huelva, ya sean de \u00e1mbito internacional, nacional, auton\u00f3mico o local, as\u00ed como del entorno de la propia Universidad.<\/li>\n<li>Difundir informaci\u00f3n, noticias y novedades relacionadas con la Investigaci\u00f3n.<\/li>\n<li>Difundir informaci\u00f3n relativa a los recursos de informaci\u00f3n, comunicaci\u00f3n, web social.<\/li>\n<\/ul>\n<p>Pol\u00edtica de uso:<\/p>\n<ul>\n<li>Los comentarios expresados por los visitantes de la p\u00e1gina son responsabilidad de ellos mismos.<\/li>\n<li>Aceptaremos mensajes con cr\u00edticas que contribuyan a la mejora de los servicios de <strong>La buhardilla<\/strong>.<\/li>\n<li>No responderemos y eliminaremos cualquier mensaje con palabras ofensivas, ataques o amenazas directas a los usuarios del blog de la Biblioteca\u2026<\/li>\n<li>No se puede publicar spam.<\/li>\n<li>No se permite difundir informaci\u00f3n personal o confidencial sobre otro usuario.<\/li>\n<\/ul>\n<p>Contacto:<\/p>\n<ul>\n<li><a href=\"mailto:www@biblio.uhu.es\">www@biblio.uhu.es<\/a><\/li>\n<\/ul>\n\n\n<p><\/p>\n","protected":false},"excerpt":{"rendered":"<p>Queremos ser un espacio de comunicaci\u00f3n con varios prop\u00f3sitos: Difundir actividades, recursos y servicios de la Biblioteca Universitaria de Huelva, Informar de las novedades de la Biblioteca. Establecer una v\u00eda de comunicaci\u00f3n m\u00e1s directa, atractiva e informal entre la Biblioteca y el usuario para expresar opiniones, tendencias, sugerencias, necesidades, dudas, etc. Difundir informaci\u00f3n y noticias&nbsp;<span class=\"excerpt_more\"><a href=\"https:\/\/www.uhu.es\/biblioteca\/labuhardilla\/?page_id=35\">[Seguir leyendo&#8230;]<\/a><\/span><\/p>\n","protected":false},"author":1,"featured_media":0,"parent":0,"menu_order":0,"comment_status":"open","ping_status":"open","template":"","meta":{"_s2mail":"yes"},"_links":{"self":[{"href":"https:\/\/www.uhu.es\/biblioteca\/labuhardilla\/index.php?rest_route=\/wp\/v2\/pages\/35"}],"collection":[{"href":"https:\/\/www.uhu.es\/biblioteca\/labuhardilla\/index.php?rest_route=\/wp\/v2\/pages"}],"about":[{"href":"https:\/\/www.uhu.es\/biblioteca\/labuhardilla\/index.php?rest_route=\/wp\/v2\/types\/page"}],"author":[{"embeddable":true,"href":"https:\/\/www.uhu.es\/biblioteca\/labuhardilla\/index.php?rest_route=\/wp\/v2\/users\/1"}],"replies":[{"embeddable":true,"href":"https:\/\/www.uhu.es\/biblioteca\/labuhardilla\/index.php?rest_route=%2Fwp%2Fv2%2Fcomments&post=35"}],"version-history":[{"count":4,"href":"https:\/\/www.uhu.es\/biblioteca\/labuhardilla\/index.php?rest_route=\/wp\/v2\/pages\/35\/revisions"}],"predecessor-version":[{"id":8581,"href":"https:\/\/www.uhu.es\/biblioteca\/labuhardilla\/index.php?rest_route=\/wp\/v2\/pages\/35\/revisions\/8581"}],"wp:attachment":[{"href":"https:\/\/www.uhu.es\/biblioteca\/labuhardilla\/index.php?rest_route=%2Fwp%2Fv2%2Fmedia&parent=35"}],"curies":[{"name":"wp","href":"https:\/\/api.w.org\/{rel}","templated":true}]}}