{"id":85,"date":"2022-11-15T16:08:19","date_gmt":"2022-11-15T16:08:19","guid":{"rendered":"http:\/\/www.uhu.es\/catedra-aguasdehuelva\/?page_id=85"},"modified":"2023-03-27T11:08:45","modified_gmt":"2023-03-27T11:08:45","slug":"home","status":"publish","type":"page","link":"https:\/\/www.uhu.es\/catedra-aguasdehuelva\/?page_id=85","title":{"rendered":"Informaci\u00f3n"},"content":{"rendered":"<p>[et_pb_section fb_built=\u00bb1&#8243; inner_shadow=\u00bbon\u00bb fullwidth=\u00bbon\u00bb _builder_version=\u00bb4.17.3&#8243; _module_preset=\u00bbdefault\u00bb background_enable_color=\u00bboff\u00bb global_colors_info=\u00bb{}\u00bb][et_pb_fullwidth_header title=\u00bbInformaci\u00f3n general\u00bb _builder_version=\u00bb4.17.3&#8243; _module_preset=\u00bbdefault\u00bb title_font_size=\u00bb40px\u00bb custom_padding=\u00bb30px||30px|||\u00bb animation_style=\u00bbfade\u00bb global_colors_info=\u00bb{}\u00bb button_one_text_size__hover_enabled=\u00bboff\u00bb button_two_text_size__hover_enabled=\u00bboff\u00bb button_one_text_color__hover_enabled=\u00bboff\u00bb button_two_text_color__hover_enabled=\u00bboff\u00bb button_one_border_width__hover_enabled=\u00bboff\u00bb button_two_border_width__hover_enabled=\u00bboff\u00bb button_one_border_color__hover_enabled=\u00bboff\u00bb button_two_border_color__hover_enabled=\u00bboff\u00bb button_one_border_radius__hover_enabled=\u00bboff\u00bb button_two_border_radius__hover_enabled=\u00bboff\u00bb button_one_letter_spacing__hover_enabled=\u00bboff\u00bb button_two_letter_spacing__hover_enabled=\u00bboff\u00bb button_one_bg_color__hover_enabled=\u00bboff\u00bb button_two_bg_color__hover_enabled=\u00bboff\u00bb][\/et_pb_fullwidth_header][\/et_pb_section][et_pb_section fb_built=\u00bb1&#8243; _builder_version=\u00bb4.16&#8243; _module_preset=\u00bbdefault\u00bb background_color=\u00bb#f7f7f7&#8243; custom_padding=\u00bb29px|||||\u00bb global_colors_info=\u00bb{}\u00bb][et_pb_row column_structure=\u00bb1_2,1_2&#8243; _builder_version=\u00bb4.17.3&#8243; _module_preset=\u00bbdefault\u00bb custom_padding=\u00bb||0px|||\u00bb global_colors_info=\u00bb{}\u00bb][et_pb_column type=\u00bb1_2&#8243; _builder_version=\u00bb4.17.3&#8243; _module_preset=\u00bbdefault\u00bb global_colors_info=\u00bb{}\u00bb][et_pb_video src=\u00bbhttps:\/\/www.uhu.es\/catedra-aguasdehuelva\/videos\/presentacion.mp4&#8243; image_src=\u00bbhttps:\/\/www.uhu.es\/catedra-aguasdehuelva\/wp-content\/uploads\/2023\/01\/logfondovideo.png\u00bb _builder_version=\u00bb4.17.3&#8243; _module_preset=\u00bbdefault\u00bb custom_margin=\u00bb48px|||||\u00bb hover_enabled=\u00bb0&#8243; global_colors_info=\u00bb{}\u00bb sticky_enabled=\u00bb0&#8243;][\/et_pb_video][\/et_pb_column][et_pb_column type=\u00bb1_2&#8243; _builder_version=\u00bb4.17.3&#8243; _module_preset=\u00bbdefault\u00bb global_colors_info=\u00bb{}\u00bb][et_pb_text _builder_version=\u00bb4.17.3&#8243; _module_preset=\u00bbdefault\u00bb background_enable_mask_style=\u00bbon\u00bb background_mask_style=\u00bbtriangles\u00bb background_mask_color=\u00bbrgba(255,255,255,0.53)\u00bb custom_padding=\u00bb25px|25px|25px|25px|true|true\u00bb global_colors_info=\u00bb{}\u00bb]<\/p>\n<p>La<strong> C\u00e1tedra Aguas de Huelva<\/strong> se funda mediante la firma de un convenio entre la Universidad de Huelva y la empresa EMAHSA el 25 de noviembre de 2016.<\/p>\n<p>Gracias a este convenio, se pretende unificar y fortalecer a\u00fan m\u00e1s los v\u00ednculos y proyectos de colaboraci\u00f3n llevados a cabo desde hace m\u00e1s de una d\u00e9cada entre ambas organizaciones. De esta forma, se demuestra una vez m\u00e1s el compromiso y la contribuci\u00f3n al desarrollo sostenible de la empresa, reconociendo especial relevancia a lo ambiental y social.<\/p>\n<p>Asimismo, se pretende fomentar el desarrollo de las relaciones entre ambas instituciones para que confluyan en programas de investigaci\u00f3n y formaci\u00f3n conjuntos, a trav\u00e9s de jornadas o conferencias entre miembros de UHU y EMAHSA.<\/p>\n<p>&nbsp;<\/p>\n<p>[\/et_pb_text][\/et_pb_column][\/et_pb_row][et_pb_row _builder_version=\u00bb4.17.3&#8243; _module_preset=\u00bbdefault\u00bb global_colors_info=\u00bb{}\u00bb][et_pb_column type=\u00bb4_4&#8243; _builder_version=\u00bb4.17.3&#8243; _module_preset=\u00bbdefault\u00bb global_colors_info=\u00bb{}\u00bb][et_pb_text _builder_version=\u00bb4.17.3&#8243; _module_preset=\u00bbdefault\u00bb custom_margin=\u00bb-25px|||||\u00bb global_colors_info=\u00bb{}\u00bb]<\/p>\n<p>Esta C\u00e1tedra se centra en el desarrollo de dos l\u00edneas de actuaci\u00f3n fundamentales:<\/p>\n<ul>\n<li><strong>Innovaci\u00f3n Social<\/strong>: como herramienta de responsabilidad y fomento de nuevas f\u00f3rmulas de progreso social.<\/li>\n<li><strong>Innovaci\u00f3n Operativa<\/strong>: mejora de los procesos y de eficiencia y sensibilizaci\u00f3n hacia un recurso tan imprescindible como lo es el agua.<\/li>\n<\/ul>\n<p>Entre otras actuaciones, pretende generar interacciones entre estudiantes de la Universidad de Huelva y EMAHSA, apoyando la inserci\u00f3n laboral, adem\u00e1s de la generaci\u00f3n de conocimientos relativos a \u201cAgua y Sostenibilidad\u201d.<\/p>\n<p><span lang=\"es-ES\">En julio de 2019 se renov\u00f3 el convenio entre la Empresa Municipal de Aguas de Huelva y la Universidad , para continuar potenciando el trabajo conjunto realizado estos a\u00f1os a trav\u00e9s de la C\u00e1tedra de Aguas de Huelva.<\/span><\/p>\n<p>[\/et_pb_text][\/et_pb_column][\/et_pb_row][et_pb_row _builder_version=\u00bb4.17.3&#8243; _module_preset=\u00bbdefault\u00bb global_colors_info=\u00bb{}\u00bb][et_pb_column type=\u00bb4_4&#8243; _builder_version=\u00bb4.17.3&#8243; _module_preset=\u00bbdefault\u00bb global_colors_info=\u00bb{}\u00bb][et_pb_video _builder_version=\u00bb4.17.3&#8243; _module_preset=\u00bbdefault\u00bb width=\u00bb56%\u00bb module_alignment=\u00bbcenter\u00bb border_radii=\u00bbon|1px|1px|1px|1px\u00bb global_colors_info=\u00bb{}\u00bb][\/et_pb_video][\/et_pb_column][\/et_pb_row][\/et_pb_section]<\/p>\n","protected":false},"excerpt":{"rendered":"<p>La C\u00e1tedra Aguas de Huelva se funda mediante la firma de un convenio entre la Universidad de Huelva y la empresa EMAHSA el 25 de noviembre de 2016. Gracias a este convenio, se pretende unificar y fortalecer a\u00fan m\u00e1s los v\u00ednculos y proyectos de colaboraci\u00f3n llevados a cabo desde hace m\u00e1s de una d\u00e9cada entre [&hellip;]<\/p>\n","protected":false},"author":1,"featured_media":0,"parent":0,"menu_order":0,"comment_status":"closed","ping_status":"closed","template":"","meta":{"_et_pb_use_builder":"on","_et_pb_old_content":"","_et_gb_content_width":""},"_links":{"self":[{"href":"https:\/\/www.uhu.es\/catedra-aguasdehuelva\/index.php?rest_route=\/wp\/v2\/pages\/85"}],"collection":[{"href":"https:\/\/www.uhu.es\/catedra-aguasdehuelva\/index.php?rest_route=\/wp\/v2\/pages"}],"about":[{"href":"https:\/\/www.uhu.es\/catedra-aguasdehuelva\/index.php?rest_route=\/wp\/v2\/types\/page"}],"author":[{"embeddable":true,"href":"https:\/\/www.uhu.es\/catedra-aguasdehuelva\/index.php?rest_route=\/wp\/v2\/users\/1"}],"replies":[{"embeddable":true,"href":"https:\/\/www.uhu.es\/catedra-aguasdehuelva\/index.php?rest_route=%2Fwp%2Fv2%2Fcomments&post=85"}],"version-history":[{"count":18,"href":"https:\/\/www.uhu.es\/catedra-aguasdehuelva\/index.php?rest_route=\/wp\/v2\/pages\/85\/revisions"}],"predecessor-version":[{"id":395,"href":"https:\/\/www.uhu.es\/catedra-aguasdehuelva\/index.php?rest_route=\/wp\/v2\/pages\/85\/revisions\/395"}],"wp:attachment":[{"href":"https:\/\/www.uhu.es\/catedra-aguasdehuelva\/index.php?rest_route=%2Fwp%2Fv2%2Fmedia&parent=85"}],"curies":[{"name":"wp","href":"https:\/\/api.w.org\/{rel}","templated":true}]}}