{"id":4392,"date":"2023-06-29T18:22:42","date_gmt":"2023-06-29T18:22:42","guid":{"rendered":"http:\/\/uhu.es\/catedra-atlanticcopper\/?page_id=4392"},"modified":"2025-11-02T21:34:07","modified_gmt":"2025-11-02T21:34:07","slug":"consejo-catedra","status":"publish","type":"page","link":"https:\/\/www.uhu.es\/catedra-atlanticcopper\/consejo-catedra\/","title":{"rendered":"Consejo C\u00e1tedra"},"content":{"rendered":"\n<div class=\"wp-block-cover alignfull\"><img loading=\"lazy\" decoding=\"async\" width=\"1005\" height=\"251\" class=\"wp-block-cover__image-background wp-image-4379 size-full\" alt=\"\" src=\"https:\/\/www.uhu.es\/catedra-atlanticcopper\/wp-content\/uploads\/shapeimage_11.jpg\" data-object-fit=\"cover\" srcset=\"https:\/\/www.uhu.es\/catedra-atlanticcopper\/wp-content\/uploads\/shapeimage_11.jpg 1005w, https:\/\/www.uhu.es\/catedra-atlanticcopper\/wp-content\/uploads\/shapeimage_11-300x75.jpg 300w, https:\/\/www.uhu.es\/catedra-atlanticcopper\/wp-content\/uploads\/shapeimage_11-768x192.jpg 768w, https:\/\/www.uhu.es\/catedra-atlanticcopper\/wp-content\/uploads\/shapeimage_11-980x245.jpg 980w, https:\/\/www.uhu.es\/catedra-atlanticcopper\/wp-content\/uploads\/shapeimage_11-480x120.jpg 480w\" sizes=\"auto, (max-width: 1005px) 100vw, 1005px\" \/><span aria-hidden=\"true\" class=\"wp-block-cover__background has-background-dim\" style=\"background-color:#6b5a54\"><\/span><div class=\"wp-block-cover__inner-container has-global-padding is-layout-constrained wp-block-cover-is-layout-constrained\"><h1 class=\"has-text-align-center has-link-color wp-elements-cc1d0f08d9d37bd72a7246ce985d60bb wp-block-post-title has-text-color has-accent-1-color has-xx-large-font-size\">Consejo C\u00e1tedra<\/h1><\/div><\/div>\n\n\n\n<div style=\"height:100px\" aria-hidden=\"true\" class=\"wp-block-spacer\"><\/div>\n\n\n\n<h2 class=\"wp-block-heading has-text-align-center\">Miembros pertenecientes a Atlantic Copper:<\/h2>\n\n\n\n<div class=\"wp-block-columns is-layout-flex wp-container-core-columns-is-layout-28f84493 wp-block-columns-is-layout-flex\">\n<div class=\"wp-block-column is-layout-flow wp-block-column-is-layout-flow\">\n<div class=\"wp-block-group has-border-color has-accent-3-border-color has-global-padding is-layout-constrained wp-container-core-group-is-layout-52009084 wp-block-group-is-layout-constrained\" style=\"border-width:1px;border-radius:40px;padding-top:var(--wp--preset--spacing--40);padding-right:var(--wp--preset--spacing--40);padding-bottom:var(--wp--preset--spacing--40);padding-left:var(--wp--preset--spacing--40)\">\n<figure class=\"wp-block-image aligncenter size-full is-resized has-custom-border\"><img loading=\"lazy\" decoding=\"async\" width=\"360\" height=\"438\" src=\"https:\/\/www.uhu.es\/catedra-atlanticcopper\/wp-content\/uploads\/foto-guilleremo-de-los-rios.png\" alt=\"\" class=\"wp-image-4900\" style=\"border-radius:40px;aspect-ratio:3\/4;object-fit:cover;width:200px\" srcset=\"https:\/\/www.uhu.es\/catedra-atlanticcopper\/wp-content\/uploads\/foto-guilleremo-de-los-rios.png 360w, https:\/\/www.uhu.es\/catedra-atlanticcopper\/wp-content\/uploads\/foto-guilleremo-de-los-rios-247x300.png 247w\" sizes=\"auto, (max-width: 360px) 100vw, 360px\" \/><\/figure>\n\n\n\n<p class=\"has-text-align-center has-x-large-font-size\">Dr. Guillermo R\u00edos Ransanz<\/p>\n\n\n\n<p class=\"has-text-align-center\"><em>Director de Innovaci\u00f3n y Tecnolog\u00eda de Atlantic Copper.<\/em><\/p>\n<\/div>\n<\/div>\n\n\n\n<div class=\"wp-block-column is-layout-flow wp-block-column-is-layout-flow\">\n<div class=\"wp-block-group has-border-color has-accent-3-border-color has-global-padding is-layout-constrained wp-container-core-group-is-layout-52009084 wp-block-group-is-layout-constrained\" style=\"border-width:1px;border-radius:40px;padding-top:var(--wp--preset--spacing--40);padding-right:var(--wp--preset--spacing--40);padding-bottom:var(--wp--preset--spacing--40);padding-left:var(--wp--preset--spacing--40)\">\n<figure class=\"wp-block-image aligncenter size-full is-resized has-custom-border\"><img loading=\"lazy\" decoding=\"async\" width=\"78\" height=\"92\" src=\"https:\/\/www.uhu.es\/catedra-atlanticcopper\/wp-content\/uploads\/antoniovega.jpg\" alt=\"\" class=\"wp-image-4396\" style=\"border-radius:40px;aspect-ratio:3\/4;object-fit:cover;width:200px\"\/><\/figure>\n\n\n\n<p class=\"has-text-align-center has-x-large-font-size\">D. Antonio de la Vega Jim\u00e9nez<\/p>\n\n\n\n<p class=\"has-text-align-center\"><em>Director General de la Fundaci\u00f3n Atlantic Copper.<\/em><\/p>\n<\/div>\n<\/div>\n<\/div>\n\n\n\n<h2 class=\"wp-block-heading has-text-align-center\">Miembros pertenecientes a la Universidad de Huelva<\/h2>\n\n\n\n<div class=\"wp-block-columns is-layout-flex wp-container-core-columns-is-layout-28f84493 wp-block-columns-is-layout-flex\">\n<div class=\"wp-block-column is-layout-flow wp-block-column-is-layout-flow\">\n<div class=\"wp-block-group has-border-color has-accent-3-border-color has-global-padding is-layout-constrained wp-container-core-group-is-layout-52009084 wp-block-group-is-layout-constrained\" style=\"border-width:1px;border-radius:40px;padding-top:var(--wp--preset--spacing--40);padding-right:var(--wp--preset--spacing--40);padding-bottom:var(--wp--preset--spacing--40);padding-left:var(--wp--preset--spacing--40)\">\n<figure class=\"wp-block-image aligncenter size-full is-resized has-custom-border\"><img loading=\"lazy\" decoding=\"async\" width=\"630\" height=\"630\" src=\"https:\/\/www.uhu.es\/catedra-atlanticcopper\/wp-content\/uploads\/rector-uhu-Jose-rodriguez-quintero.jpg\" alt=\"\" class=\"wp-image-4809\" style=\"border-radius:40px;aspect-ratio:3\/4;object-fit:cover;width:200px\" srcset=\"https:\/\/www.uhu.es\/catedra-atlanticcopper\/wp-content\/uploads\/rector-uhu-Jose-rodriguez-quintero.jpg 630w, https:\/\/www.uhu.es\/catedra-atlanticcopper\/wp-content\/uploads\/rector-uhu-Jose-rodriguez-quintero-300x300.jpg 300w, https:\/\/www.uhu.es\/catedra-atlanticcopper\/wp-content\/uploads\/rector-uhu-Jose-rodriguez-quintero-150x150.jpg 150w, https:\/\/www.uhu.es\/catedra-atlanticcopper\/wp-content\/uploads\/rector-uhu-Jose-rodriguez-quintero-480x480.jpg 480w\" sizes=\"auto, (max-width: 630px) 100vw, 630px\" \/><\/figure>\n\n\n\n<p class=\"has-text-align-center has-x-large-font-size\">Prof. Dr. Jos\u00e9 Rodr\u00edguez Quintero<\/p>\n\n\n\n<p class=\"has-text-align-center\"><em>Sr. Rector Magn\u00edfico de la Universidad de Huelva.<\/em><\/p>\n<\/div>\n<\/div>\n\n\n\n<div class=\"wp-block-column is-layout-flow wp-block-column-is-layout-flow\">\n<div class=\"wp-block-group has-border-color has-accent-3-border-color has-global-padding is-layout-constrained wp-container-core-group-is-layout-52009084 wp-block-group-is-layout-constrained\" style=\"border-width:1px;border-radius:40px;padding-top:var(--wp--preset--spacing--40);padding-right:var(--wp--preset--spacing--40);padding-bottom:var(--wp--preset--spacing--40);padding-left:var(--wp--preset--spacing--40)\">\n<figure class=\"wp-block-image aligncenter size-full is-resized has-custom-border\"><img loading=\"lazy\" decoding=\"async\" width=\"500\" height=\"500\" src=\"https:\/\/www.uhu.es\/catedra-atlanticcopper\/wp-content\/uploads\/vicerrectora-reyes-sanchez-herrera.jpg\" alt=\"\" class=\"wp-image-4810\" style=\"border-radius:40px;aspect-ratio:3\/4;object-fit:cover;width:200px\" srcset=\"https:\/\/www.uhu.es\/catedra-atlanticcopper\/wp-content\/uploads\/vicerrectora-reyes-sanchez-herrera.jpg 500w, https:\/\/www.uhu.es\/catedra-atlanticcopper\/wp-content\/uploads\/vicerrectora-reyes-sanchez-herrera-300x300.jpg 300w, https:\/\/www.uhu.es\/catedra-atlanticcopper\/wp-content\/uploads\/vicerrectora-reyes-sanchez-herrera-150x150.jpg 150w, https:\/\/www.uhu.es\/catedra-atlanticcopper\/wp-content\/uploads\/vicerrectora-reyes-sanchez-herrera-480x480.jpg 480w\" sizes=\"auto, (max-width: 500px) 100vw, 500px\" \/><\/figure>\n\n\n\n<p class=\"has-text-align-center has-x-large-font-size\">Profa. Dra. D\u00f1a. Reyes S\u00e1nchez Herrera<\/p>\n\n\n\n<p class=\"has-text-align-center\"><em>Vicerrectora de Transferencia y Desarrollo Territorial.<\/em><\/p>\n<\/div>\n<\/div>\n<\/div>\n\n\n\n<div class=\"wp-block-columns is-layout-flex wp-container-core-columns-is-layout-28f84493 wp-block-columns-is-layout-flex\">\n<div class=\"wp-block-column is-layout-flow wp-block-column-is-layout-flow\">\n<div class=\"wp-block-group has-border-color has-accent-3-border-color has-global-padding is-layout-constrained wp-container-core-group-is-layout-52009084 wp-block-group-is-layout-constrained\" style=\"border-width:1px;border-radius:40px;padding-top:var(--wp--preset--spacing--40);padding-right:var(--wp--preset--spacing--40);padding-bottom:var(--wp--preset--spacing--40);padding-left:var(--wp--preset--spacing--40)\">\n<figure class=\"wp-block-image aligncenter size-full is-resized has-custom-border\"><img loading=\"lazy\" decoding=\"async\" width=\"350\" height=\"350\" src=\"https:\/\/www.uhu.es\/catedra-atlanticcopper\/wp-content\/uploads\/DavidToscano6-350x350-1.jpg\" alt=\"\" class=\"wp-image-4688\" style=\"border-radius:40px;aspect-ratio:3\/4;object-fit:cover;width:200px\" srcset=\"https:\/\/www.uhu.es\/catedra-atlanticcopper\/wp-content\/uploads\/DavidToscano6-350x350-1.jpg 350w, https:\/\/www.uhu.es\/catedra-atlanticcopper\/wp-content\/uploads\/DavidToscano6-350x350-1-300x300.jpg 300w, https:\/\/www.uhu.es\/catedra-atlanticcopper\/wp-content\/uploads\/DavidToscano6-350x350-1-150x150.jpg 150w\" sizes=\"auto, (max-width: 350px) 100vw, 350px\" \/><\/figure>\n\n\n\n<p class=\"has-text-align-center has-x-large-font-size\">D. David Toscano Pardo<\/p>\n\n\n\n<p class=\"has-text-align-center\"><em>Director de C\u00e1tedras Externas. Universidad de Huelva.<\/em><\/p>\n<\/div>\n<\/div>\n\n\n\n<div class=\"wp-block-column is-layout-flow wp-block-column-is-layout-flow\">\n<div class=\"wp-block-group has-border-color has-accent-3-border-color has-global-padding is-layout-constrained wp-container-core-group-is-layout-52009084 wp-block-group-is-layout-constrained\" style=\"border-width:1px;border-radius:40px;padding-top:var(--wp--preset--spacing--40);padding-right:var(--wp--preset--spacing--40);padding-bottom:var(--wp--preset--spacing--40);padding-left:var(--wp--preset--spacing--40)\">\n<figure class=\"wp-block-image aligncenter size-full is-resized has-custom-border\"><img loading=\"lazy\" decoding=\"async\" width=\"78\" height=\"92\" src=\"https:\/\/www.uhu.es\/catedra-atlanticcopper\/wp-content\/uploads\/directoracatedra.jpg\" alt=\"\" class=\"wp-image-4401\" style=\"border-radius:40px;aspect-ratio:3\/4;object-fit:cover;width:200px\"\/><\/figure>\n\n\n\n<p class=\"has-text-align-center has-x-large-font-size\">Prof. Dra. Tamara Garc\u00eda Barrera<\/p>\n\n\n\n<p class=\"has-text-align-center\"><em>Directora de la C\u00e1tedra Atlantic Copper. Universidad de Huelva.<\/em><\/p>\n<\/div>\n<\/div>\n<\/div>\n","protected":false},"excerpt":{"rendered":"<p>Miembros pertenecientes a Atlantic Copper: Dr. Guillermo R\u00edos Ransanz Director de Innovaci\u00f3n y Tecnolog\u00eda de Atlantic Copper. D. Antonio de la Vega Jim\u00e9nez Director General de la Fundaci\u00f3n Atlantic Copper. Miembros pertenecientes a la Universidad de Huelva Prof. Dr. Jos\u00e9 Rodr\u00edguez Quintero Sr. Rector Magn\u00edfico de la Universidad de Huelva. Profa. Dra. D\u00f1a. Reyes S\u00e1nchez [&hellip;]<\/p>\n","protected":false},"author":1,"featured_media":39,"parent":0,"menu_order":2,"comment_status":"closed","ping_status":"closed","template":"","meta":{"footnotes":""},"class_list":["post-4392","page","type-page","status-publish","has-post-thumbnail","hentry"],"_links":{"self":[{"href":"https:\/\/www.uhu.es\/catedra-atlanticcopper\/wp-json\/wp\/v2\/pages\/4392","targetHints":{"allow":["GET"]}}],"collection":[{"href":"https:\/\/www.uhu.es\/catedra-atlanticcopper\/wp-json\/wp\/v2\/pages"}],"about":[{"href":"https:\/\/www.uhu.es\/catedra-atlanticcopper\/wp-json\/wp\/v2\/types\/page"}],"author":[{"embeddable":true,"href":"https:\/\/www.uhu.es\/catedra-atlanticcopper\/wp-json\/wp\/v2\/users\/1"}],"replies":[{"embeddable":true,"href":"https:\/\/www.uhu.es\/catedra-atlanticcopper\/wp-json\/wp\/v2\/comments?post=4392"}],"version-history":[{"count":11,"href":"https:\/\/www.uhu.es\/catedra-atlanticcopper\/wp-json\/wp\/v2\/pages\/4392\/revisions"}],"predecessor-version":[{"id":4901,"href":"https:\/\/www.uhu.es\/catedra-atlanticcopper\/wp-json\/wp\/v2\/pages\/4392\/revisions\/4901"}],"wp:featuredmedia":[{"embeddable":true,"href":"https:\/\/www.uhu.es\/catedra-atlanticcopper\/wp-json\/wp\/v2\/media\/39"}],"wp:attachment":[{"href":"https:\/\/www.uhu.es\/catedra-atlanticcopper\/wp-json\/wp\/v2\/media?parent=4392"}],"curies":[{"name":"wp","href":"https:\/\/api.w.org\/{rel}","templated":true}]}}