{"id":4420,"date":"2023-06-29T19:17:16","date_gmt":"2023-06-29T19:17:16","guid":{"rendered":"http:\/\/uhu.es\/catedra-atlanticcopper\/?page_id=4420"},"modified":"2025-11-02T20:21:36","modified_gmt":"2025-11-02T20:21:36","slug":"resultado-de-la-investigacion","status":"publish","type":"page","link":"https:\/\/www.uhu.es\/catedra-atlanticcopper\/investigacion\/resultado-de-la-investigacion\/","title":{"rendered":"Resultado de la Investigaci\u00f3n"},"content":{"rendered":"\n<div class=\"wp-block-cover alignfull\"><img loading=\"lazy\" decoding=\"async\" width=\"1005\" height=\"251\" class=\"wp-block-cover__image-background wp-image-4379 size-full\" alt=\"\" src=\"https:\/\/www.uhu.es\/catedra-atlanticcopper\/wp-content\/uploads\/shapeimage_11.jpg\" data-object-fit=\"cover\" srcset=\"https:\/\/www.uhu.es\/catedra-atlanticcopper\/wp-content\/uploads\/shapeimage_11.jpg 1005w, https:\/\/www.uhu.es\/catedra-atlanticcopper\/wp-content\/uploads\/shapeimage_11-300x75.jpg 300w, https:\/\/www.uhu.es\/catedra-atlanticcopper\/wp-content\/uploads\/shapeimage_11-768x192.jpg 768w, https:\/\/www.uhu.es\/catedra-atlanticcopper\/wp-content\/uploads\/shapeimage_11-980x245.jpg 980w, https:\/\/www.uhu.es\/catedra-atlanticcopper\/wp-content\/uploads\/shapeimage_11-480x120.jpg 480w\" sizes=\"auto, (max-width: 1005px) 100vw, 1005px\" \/><span aria-hidden=\"true\" class=\"wp-block-cover__background has-background-dim\" style=\"background-color:#6b5a54\"><\/span><div class=\"wp-block-cover__inner-container has-global-padding is-layout-constrained wp-block-cover-is-layout-constrained\"><h1 class=\"has-text-align-center has-link-color wp-elements-cc1d0f08d9d37bd72a7246ce985d60bb wp-block-post-title has-text-color has-accent-1-color has-xx-large-font-size\">Resultado de la Investigaci\u00f3n<\/h1><\/div><\/div>\n\n\n\n<div style=\"height:100px\" aria-hidden=\"true\" class=\"wp-block-spacer\"><\/div>\n\n\n\n<h2 class=\"wp-block-heading\">Congresos<\/h2>\n\n\n<div class=\"lightweight-accordion\"><details><summary class=\"lightweight-accordion-title\"><span>2024<\/span><\/summary><div class=\"lightweight-accordion-body\">\n\n<p>MESA REDONDA: Econom\u00eda Circular y Energ\u00eda. I Congreso Econom\u00eda Circular y Sostenibilidad.<\/p>\n\n\n\n<p>PONENTES: Guillermo R\u00edos Ransanz y Tamara Garc\u00eda Barrera.<br>FECHA: 10 de abril de 2024<br>SEDE: Federaci\u00f3n Onubense de Empresarios.<\/p>\n\n<\/div><\/details><\/div>\n\n<div class=\"lightweight-accordion\"><details><summary class=\"lightweight-accordion-title\"><span>2023<\/span><\/summary><div class=\"lightweight-accordion-body\">\n\n<p><strong>European Metallurgical Conference (EMC) 2023 D\u00fcsseldorf<\/strong><br>P\u00f3ster: Design and adaptation of a laboratory scale equipment for the study of SO2 sorbent materials in industry.<br>AUTORA: Sarah R. Izquierdo<br>FECHA: Junio 2023<\/p>\n\n<\/div><\/details><\/div>\n\n<div class=\"lightweight-accordion\"><details><summary class=\"lightweight-accordion-title\"><span>2022<\/span><\/summary><div class=\"lightweight-accordion-body\">\n\n<p><strong>Eliminaci\u00f3n de especies de Sb en el electrolito de cobre y evoluci\u00f3n de las especies de As y Fe en una planta de electrorrefinaci\u00f3n<\/strong><\/p>\n\n\n\n<p>A.I. Gonz\u00e1lez de las Torres, M. S. Moats, G. R\u00edos, A. Rodr\u00edguez Almansa, D. S\u00e1nchez-Rodas.&nbsp;<strong>XXIII Reuni\u00f3n de la Sociedad Espa\u00f1ola de Qu\u00edmica Anal\u00edtica<\/strong>. Oviedo, 12-14 julio 2022<\/p>\n\n\n\n<p><strong>Estudio, dise\u00f1o y operaci\u00f3n de una celda de electrorrefino de cobre a escala de laboratorio<\/strong><\/p>\n\n\n\n<p>A. Morales Arag\u00f3n, M. S. Moats, D. S\u00e1nchez-Rodas, G. R\u00edos.&nbsp;<strong>XLII Reuni\u00f3n de III Reuni\u00f3n del Grupo Especializado de Electroqu\u00edmica de la RSEQ<\/strong>.&nbsp;Santander, 6-8- julio 2022<\/p>\n\n<\/div><\/details><\/div>\n\n<div class=\"lightweight-accordion\"><details><summary class=\"lightweight-accordion-title\"><span>2021<\/span><\/summary><div class=\"lightweight-accordion-body\">\n\n<p><strong>Bismuth arsenate precipitation in synthetic and industrial copper electrolyte.<\/strong><\/p>\n\n\n\n<p>A.I. Gonz\u00e1lez, M.S. Moats, G. Rios, A. Rodriguez Almansa, D. S\u00e1nchez-Rodas.&nbsp;<strong>European Metallurgical Conference<\/strong>, Salzburgo (Austria), 21-27 junio 2021<\/p>\n\n\n\n<p><strong>Minor elements distribution (As, Sb, Bi) in PSC converter process<\/strong><\/p>\n\n\n\n<p>V\u00e1zquez V\u00e1zquez, Marta ; Moreno-Ventas Bravo, Ignac\u00edo; Bravo Bayo, Tom\u00e1s; Atlantic Copper S.L.U.; University of Huelva, Spain:&nbsp;<strong>European Metallurgical Conference<\/strong>, Salzburgo (Austria), 21-27 junio 2021<\/p>\n\n<\/div><\/details><\/div>\n\n<div class=\"lightweight-accordion\"><details><summary class=\"lightweight-accordion-title\"><span>2018<\/span><\/summary><div class=\"lightweight-accordion-body\">\n\n<p><strong>SEM 2018<\/strong><\/p>\n\n\n\n<p>P\u00f3ster: \u201cTemperaturas liquidus de escorias de fusi\u00f3n flash\u201d<\/p>\n\n\n\n<p>Autores: Mar\u00eda Bacedoni Morales, Ignacio Moreno-Ventas Bravo, Guillermo R\u00edos.<\/p>\n\n\n\n<p>P\u00f3ster: \u201cModelos de viscosidad en fundidos: escorias de fusi\u00f3n flash de la metalurgia del cobre\u201d<\/p>\n\n\n\n<p>Autores: Irene Raposo-Guti\u00e9rrez, Jos\u00e9 Rodr\u00edguez-Quintero, Ignacio Moreno-Ventas-Bravo.<\/p>\n\n\n\n<p>P\u00f3ster: \u201cThermogravimetric analysis of a polymetallic copper sulphide concentrate\u201d<\/p>\n\n\n\n<p>Autores: M. V\u00e1zquez, M. Raba\u00e7al, M. Costa, I. Moreno-Ventas.<\/p>\n\n\n\n<p>P\u00f3ster: \u201cDegradaci\u00f3n de refractario de magnesio-cromita en hornos de refino de cobre\u201d.<\/p>\n\n\n\n<p>Autores: I. P\u00e9rez Pina, I. Moreno-Ventas Bravo, G. R\u00edos Ransanz.<\/p>\n\n\n\n<p><strong>XLI Congreso de la Sociedad Espa\u00f1ola de Bioqu\u00edmica y Biolog\u00eda Molecular.<\/strong><\/p>\n\n\n\n<p>Santander 10 \u2013 13 SEPTIEMBRE 2018<\/p>\n\n\n\n<p>P\u00f3ster: \u201cBiometalurgia: recuperaci\u00f3n de cobre de residuos industriales mediante el uso de bacterias quimiolitotrofas hiperacid\u00f3filas\u201d.<\/p>\n\n\n\n<p>Autores: Pedro Borrego, Mar\u00eda Bacedoni, Ignacio Moreno-Ventas y Francisco C\u00f3rdoba.<\/p>\n\n\n\n<p><strong>6th International Conference on Sustainable Solid Waste Management Manuscript Submission.<\/strong><\/p>\n\n\n\n<p>Fecha: 13-16 Junio 2018<\/p>\n\n\n\n<p>P\u00f3ster: \u201cArsenic Removal from Sludge Generated in an electrolyte Treantment Plant\u201d<\/p>\n\n\n\n<p>Autores: Daniela C Paz-G\u00f3mez, Silvia M P\u00e9rez-Moreno, Irene Ruiz-Oria, Guillermo R\u00edos y Juan Pedro Bol\u00edvar.<\/p>\n\n\n\n<p><strong>Seminario: Soluciones en Refractarios para la Industria del Cobre 2018.<\/strong><\/p>\n\n\n\n<p>14-15 Junio 2018. Santiago de Chile, Chile.<\/p>\n\n\n\n<p>Ponencia: \u201cAplicaciones de la tecnolog\u00eda refractario-fibra en puntos cr\u00edticos\u201d.<\/p>\n\n\n\n<p>Autor: Ismael P\u00e9rez Pina (Atlantic Copper S.L.U.)<\/p>\n\n<\/div><\/details><\/div>\n\n<div class=\"lightweight-accordion\"><details><summary class=\"lightweight-accordion-title\"><span>2017<\/span><\/summary><div class=\"lightweight-accordion-body\">\n\n<p><strong>PHYSICO-CHEMICAL CHARACTERISATION OF A WASTE FROM COPPER SMELTING ELECTRIC ARC FURNACE<\/strong><\/p>\n\n\n\n<p>Autores: S.M P\u00e9rez-, D. Paz-G\u00f3mez, M.J. G\u00e1zquez, G. R\u00edos, I. Ruiz-Oria and J.P. Bol\u00edvar<\/p>\n\n\n\n<p>Nombre del congreso: 5TH INTERNATIONAL CONFERENCE ON SUSTAINABLE SOLID WASTE MANAGEMENT<\/p>\n\n\n\n<p>Tipo de participaci\u00f3n: P\u00f3ster.<\/p>\n\n\n\n<p>Ciudad de realizaci\u00f3n: Aten Moreno as (Grecia)<\/p>\n\n\n\n<p>Fecha de realizaci\u00f3n: 21-24 Junio 2017<\/p>\n\n\n\n<p><strong>PS CONVERTIDOR: AN\u00c1LISIS POST-MORTEM DE MATERIAL REFRACTARIO<\/strong><\/p>\n\n\n\n<p>Autores: ISMAEL PEREZ PINA; I. MORENO-VENTAS BRAVO; GUILLERMO R\u00cdOS RANSANZ<\/p>\n\n\n\n<p>Nombre del congreso: SEM 2017<\/p>\n\n\n\n<p>Tipo de participaci\u00f3n: Ponencia.<\/p>\n\n\n\n<p>Ciudad de realizaci\u00f3n: OVIEDO<\/p>\n\n\n\n<p>Fecha de realizaci\u00f3n: JULIO 2017<\/p>\n\n\n\n<p><strong>ELECTROFUSED MAGNESIO-CHROMITE: COMPLEX REFRACTORY MATERIAL.<\/strong><\/p>\n\n\n\n<p>Autores: ISMAEL PEREZ PINA; I. MORENO-VENTAS BRAVO; GUILLERMO R\u00cdOS RANSANZ<\/p>\n\n\n\n<p>Nombre del congreso: SEM 2017<\/p>\n\n\n\n<p>Tipo de participaci\u00f3n: POSTER.<\/p>\n\n\n\n<p>Ciudad de realizaci\u00f3n: OVIEDO<\/p>\n\n\n\n<p>Fecha de realizaci\u00f3n: JULIO 2017<\/p>\n\n\n\n<p><strong>CARACTERIZACI\u00d3N DE LA MAGNETITA EN LAS ESCORIAS Y MATAS DE PROCESOS&nbsp;&nbsp;&nbsp;&nbsp;&nbsp; PIROMETAL\u00daRGICOS DE COBRE.<\/strong><\/p>\n\n\n\n<p>Autores: ISMAEL PEREZ PINA; I. MORENO-VENTAS BRAVO; GUILLERMO R\u00cdOS RANSANZ<\/p>\n\n\n\n<p>Nombre del congreso: SEM 2017<\/p>\n\n\n\n<p>Tipo de participaci\u00f3n: POSTER.<\/p>\n\n\n\n<p>Ciudad de realizaci\u00f3n: OVIEDO<\/p>\n\n\n\n<p>Fecha de realizaci\u00f3n: JULIO 2017<\/p>\n\n<\/div><\/details><\/div>\n\n<div class=\"lightweight-accordion\"><details><summary class=\"lightweight-accordion-title\"><span>2016<\/span><\/summary><div class=\"lightweight-accordion-body\">\n\n<p><strong>TEXTURAL ANALISYS OF SAMPLES OF MOLTEN DROPS ANS ACCRETIONS PRODUCED IN THE FUSION-FLASH PROCESS OF COPPER CONCENTRATES.<\/strong><\/p>\n\n\n\n<p>Autores: I. MORENO-VENTAS BRAVO; M. BACEDONI; J.C. FERN\u00c1NDEZ; F.J. BLAS; G. RIOS; F. JIM\u00c9NEZ; I. RUIZ.<\/p>\n\n\n\n<p>Nombre del congreso: COPPER 2016.<\/p>\n\n\n\n<p>\u00c1mbito del congreso: INTERNACIONAL<\/p>\n\n\n\n<p>Tipo de participaci\u00f3n: Ponencia.<\/p>\n\n\n\n<p>Ciudad de realizaci\u00f3n: KOBE, JAPAN.<\/p>\n\n\n\n<p>COPPER 2016 PROCEEDINGS, pp. 1195-1207.<\/p>\n\n\n\n<p>Fecha: Noviembre 2016.<\/p>\n\n\n\n<p><strong>FUNDAMENTOS TERMODIN\u00c1MICOS DEL PROCESO DE FUSI\u00d3N FLASH DE SULFUROS POLIMET\u00c1LICOS CON COBRE.<\/strong><\/p>\n\n\n\n<p>Autores: IGNACIO MORENO-VENTAS BRAVO; MAR\u00cdA BACEDONI MORALES; GUILLERMO RIOS RANSANZ; FELIPE JIMENEZ BLAS.<\/p>\n\n\n\n<p>Nombre del congreso: XV ENCUENTRO INTER-BIENAL DEL GRUPO ESPECIALIZADO DE TERMODIN\u00c1MICA (GET\u20192016).<\/p>\n\n\n\n<p>\u00c1mbito del congreso: Nacional<\/p>\n\n\n\n<p>Tipo de participaci\u00f3n: Oral.<\/p>\n\n\n\n<p>Ciudad de realizaci\u00f3n: HUELVA, SPAIN<\/p>\n\n\n\n<p>Fecha: Noviembre 2016.<\/p>\n\n\n\n<p><strong>FUNDAMENTOS TE\u00d3RICOS DE LA DEGRADACI\u00d3N DE LOS MATERIALES REFRACTARIOS UTILIZADOS EN HORNOS PIROMETAL\u00daRGICOS DE COBRE<\/strong><\/p>\n\n\n\n<p>Autores: ISMAEL P\u00c9REZ PINA; IGNACIO MORENO-VENTAS BRAVO; GUILLERMO RIOS RANSANZ; FELIPE JIM\u00c9NEZ BLAS.<\/p>\n\n\n\n<p>Nombre del congreso: XV ENCUENTRO INTER-BIENAL DEL GRUPO ESPECIALIZADO DE TERMODIN\u00c1MICA (GET\u20192016).<\/p>\n\n\n\n<p>\u00c1mbito del congreso: Nacional<\/p>\n\n\n\n<p>Tipo de participaci\u00f3n: Oral.<\/p>\n\n\n\n<p>Ciudad de realizaci\u00f3n: HUELVA, SPAIN<\/p>\n\n\n\n<p>Fecha: Noviembre 2016.<\/p>\n\n\n\n<p><strong>AN\u00c1LISIS TEXTURAL DE LAS ACRECIONES FORMADAS EN LA SALIDA DE GASES DEL HORNO FLASH EN LOS PROCESOS PIROMETAL\u00daRGICOS DEL Cu<\/strong><\/p>\n\n\n\n<p>Autores: A. IGNACIO MORENO-VENTAS BRAVO; C. FERNANDEZ CALIANI; MAR\u00cdA BACEDONI; IRENE RUIZ; FRANCISCO JIM\u00c9NEZ; GUILLERMO RIOS.<\/p>\n\n\n\n<p>Nombre del congreso: XXXV REUNI\u00d3N DE LA SOCIEDAD ESPA\u00d1OLA DE MINERALOG\u00cdA.<\/p>\n\n\n\n<p>\u00c1mbito del congreso: Nacional<\/p>\n\n\n\n<p>Tipo de participaci\u00f3n: Poster<\/p>\n\n\n\n<p>Ciudad de realizaci\u00f3n: HUELVA, ESPA\u00d1A<\/p>\n\n\n\n<p>Fecha: Septiembre 2016.<\/p>\n\n<\/div><\/details><\/div>\n\n<div class=\"lightweight-accordion\"><details><summary class=\"lightweight-accordion-title\"><span>2015<\/span><\/summary><div class=\"lightweight-accordion-body\">\n\n<p><strong>DESIGN OF A SLAG SAMPLER<\/strong><\/p>\n\n\n\n<p>Autores: CRISTIAN BONTOIU; A. IGNACIO MORENO-VENTAS BRAVO; MAR\u00cdA BACEDONI; FELIPE J. BLAS; IRENE RUIZ; FRANCISCO JIM\u00c9NEZ; GUILLERMO RIOS.<\/p>\n\n\n\n<p>Nombre del congreso: XXXV REUNI\u00d3N DE LA SOCIEDAD ESPA\u00d1OLA DE MINERALOG\u00cdA.<\/p>\n\n\n\n<p>\u00c1mbito del congreso: Nacional<\/p>\n\n\n\n<p>Tipo de participaci\u00f3n: Poster<\/p>\n\n\n\n<p>Ciudad de realizaci\u00f3n: HUELVA, ESPA\u00d1A<\/p>\n\n\n\n<p>Fecha: 2015.<\/p>\n\n\n\n<p><strong>COPPER FLASH SMELTING: BALANCE DE PROCESO<\/strong><\/p>\n\n\n\n<p>Autores: MAR\u00cdA BACEDONI; A. IGNACIO MORENO-VENTAS BRAVO; IRENE RUIZ; FRANCISCO JIM\u00c9NEZ; GUILLERMO RIOS.<\/p>\n\n\n\n<p>Nombre del congreso: XXXV REUNI\u00d3N DE LA SOCIEDAD ESPA\u00d1OLA DE MINERALOG\u00cdA.<\/p>\n\n\n\n<p>\u00c1mbito del congreso: Nacional<\/p>\n\n\n\n<p>Tipo de participaci\u00f3n: Poster<\/p>\n\n\n\n<p>Ciudad de realizaci\u00f3n: HUELVA, ESPA\u00d1A<\/p>\n\n\n\n<p>Fecha: 2015.<\/p>\n\n\n\n<p><strong>COPPER SLAG-MATTE DECANTATION STUDIES<\/strong><\/p>\n\n\n\n<p>Autores: CRISTIAN BONTOIU; A. IGNACIO MORENO-VENTAS BRAVO; MAR\u00cdA BACEDONI; FELIPE J. BLAS.<\/p>\n\n\n\n<p>Nombre del congreso: 2nd IBERIAN COMSOL MULTIPHYSICS CONFERENCE.<\/p>\n\n\n\n<p>\u00c1mbito del congreso: Internacional<\/p>\n\n\n\n<p>Tipo de participaci\u00f3n: Oral<\/p>\n\n\n\n<p>Ciudad de realizaci\u00f3n: MALAGA, SPAIN<\/p>\n\n\n\n<p>Fecha: Septiembre 2015.<\/p>\n\n<\/div><\/details><\/div>\n\n\n<div style=\"height:100px\" aria-hidden=\"true\" class=\"wp-block-spacer\"><\/div>\n\n\n\n<h2 class=\"wp-block-heading\">Papers<\/h2>\n\n\n<div class=\"lightweight-accordion\"><details><summary class=\"lightweight-accordion-title\"><span>2025<\/span><\/summary><div class=\"lightweight-accordion-body\">\n\n<p><strong>Metal(loid) removal from highly metal rich acid mine waters using natural schwertmannite<\/strong><br>REVISTA: Journal of Environmental Management vol. 393, Oct. 2025. (DOI: https:\/\/doi.org\/10.1016\/j.jenvman.2025.127287)<br>AUTORES: Carlos R. C\u00e1novas, Maira Castellanos, Rafael P\u00e9rez-L\u00f3pez, Ricardo Mill\u00e1n-Becerro, Alberto Molinero-Garc\u00eda, Manuel Ol\u00edas, Jos\u00e9 Miguel Nieto, Mar\u00eda Dolores Basallote<\/p>\n\n<\/div><\/details><\/div>\n\n<div class=\"lightweight-accordion\"><details><summary class=\"lightweight-accordion-title\"><span>2023<\/span><\/summary><div class=\"lightweight-accordion-body\">\n\n<p><strong>Battery-less industrial wireless monitoring and control system for improved operational efficiency<\/strong><br>REVISTA: Sensors, vol. 23(5), pp. 2517, Feb. 2023. (DOI: 10.3390\/s23052517)<br>AUTORES: E. Hidalgo-Fort, J.A. G\u00f3mez-Gal\u00e1n, R. Gonz\u00e1lez-Carvajal, P. S\u00e1nchez-C\u00e1rdenas, C. Clemente-Maya<\/p>\n\n<\/div><\/details><\/div>\n\n<div class=\"lightweight-accordion\"><details><summary class=\"lightweight-accordion-title\"><span>2022<\/span><\/summary><div class=\"lightweight-accordion-body\">\n\n<p><strong>Solubility of bismuth, antimony and arsenic in synthetic and industrial copper electrorefining electrolyte<\/strong><\/p>\n\n\n\n<p>A.I. Gonz\u00e1lez de las Torres, G. R\u00edos, A. Rodr\u00edguez Almansa, D. S\u00e1nchez-Rodas, M.S. Moats<\/p>\n\n\n\n<p>Hydrometallurgy 208 (2022) 105807<\/p>\n\n\n\n<p><a href=\"https:\/\/doi.org\/10.1016\/j.hydromet.2021.105807\">https:\/\/doi.org\/10.1016\/j.hydromet.2021.105807<\/a><\/p>\n\n<\/div><\/details><\/div>\n\n<div class=\"lightweight-accordion\"><details><summary class=\"lightweight-accordion-title\"><span>2021<\/span><\/summary><div class=\"lightweight-accordion-body\">\n\n<p><strong>Characterization of Two Sludges from a Pyrometallurgical Copper Smelting Complex for Designing a Se and Pb Recovery Proposal.<\/strong><\/p>\n\n\n\n<p>D.C. Paz-G\u00f3mez, S. M. P\u00e9rez-Moreno, I. Ruiz-Oria, G. R\u00edos &amp; J. P. Bol\u00edvar.<\/p>\n\n\n\n<p>Waste and Biomass Valorization 12 (2021),2739\u20132755.<\/p>\n\n\n\n<p><strong>Arsenic Removal Procedure For The Electrolyte From A Hydro-Pyrometallurgical Complex.<\/strong><\/p>\n\n\n\n<p>D.C. Paz-G\u00f3mez, S.M. P\u00e9rez-Moreno, M.J. G\u00e1zquez, J.L. Guerrero, I. Ruiz-Oria. G. R\u00edos, J.P. Bol\u00edvar.<\/p>\n\n\n\n<p>Chemosphere 281 (2021), 130651.<\/p>\n\n\n\n<p><strong>Copper recovery from sludges generated in the electrolyte treatment plant of a pyrometallurgical complex.<\/strong><\/p>\n\n\n\n<p>D.C. Paz-G\u00f3mez, S.M. P\u00e9rez-Moreno, I. Ruiz-Oria, G. R\u00edos, J.P. Bol\u00edvar.<\/p>\n\n\n\n<p>Hydrometallurgy 206 (2021), 105769<\/p>\n\n\n\n<p><a href=\"https:\/\/doi.org\/10.1016\/j.hydromet.2021.105769\">https:\/\/doi.org\/10.1016\/j.hydromet.2021.105769<\/a><\/p>\n\n\n\n<p><strong>Immobilization of Hazardous Wastes on One-Part Blast Furnace Slag-Based Geopolymers.<\/strong><\/p>\n\n\n\n<p>D.C Paz-G\u00f3mez, I.S. Vilarinho, S.M. P\u00e9rez-Moreno, J. Carvalheiras, J.L. Guerrero, R.M. Novais, M.P. Seabra, G. R\u00edos, J.P. Bol\u00edvar, J.A. Labrincha.<\/p>\n\n\n\n<p>Sustainability 13 (2021), 13455<\/p>\n\n\n\n<p><a href=\"https:\/\/doi.org\/10.3390\/su132313455\">https:\/\/doi.org\/10.3390\/su132313455<\/a><\/p>\n\n\n\n<p><strong>Removal of Sb Impurities in Copper Electrolyte and Evaluation of As and Fe Species in an Electrorefining Plant.<\/strong><\/p>\n\n\n\n<p>A.I. Gonz\u00e1lez de las Torres, M.S. Moats, G. Rios, A. Rodriguez Almansa, D. S\u00e1nchez-Rodas<\/p>\n\n\n\n<p>Metals (2021) 11, 902<\/p>\n\n\n\n<p><a href=\"https:\/\/doi.org\/10.3390\/met11060902\">https:\/\/doi.org\/10.3390\/met11060902<\/a><\/p>\n\n<\/div><\/details><\/div>\n\n<div class=\"lightweight-accordion\"><details><summary class=\"lightweight-accordion-title\"><span>2018<\/span><\/summary><div class=\"lightweight-accordion-body\">\n\n<p><strong>Diagnose For Valorisation of Reprocessed Slag Cleaning Furnace Flue Dust From<\/strong><\/p>\n\n\n\n<p>S.M. P\u00e9rez-Moreno, M.J. G\u00e1zquez, I. Ruiz-Oria, G. R\u00edos, J.P. Bol\u00edvar.<\/p>\n\n\n\n<p>Copper Smelting. Journal of Cleaner Production 194 (2018) 383-395<\/p>\n\n\n\n<p><strong>Mineral chemistry and phase equilibrium constraints on the origin of accretions formed during copper flash smelting<\/strong><\/p>\n\n\n\n<p>J.C. Fern\u00e1ndez-Caliani, I. Moreno-Ventas, M. Bacedoni, G. R\u00edos.<\/p>\n\n\n\n<p>MINERALS &amp; METALLURGICAL PROCESSING \u2013 Vol. 34 No. 1<\/p>\n\n\n\n<p><strong>Post-mortem study of magnesia-chromite refractory used in Peirce-Smith<\/strong><\/p>\n\n\n\n<p>Converter for copper-making process, supported by thermochemical calculations.<\/p>\n\n\n\n<p>CERAMICS INTRERNATIONAL. Volume 44, Issue 12, 15 August 2018, Pages 13476-13486.<\/p>\n\n\n\n<p>Ismael P\u00e9rez, Ignacio Moreno-Ventas, Guillermo R\u00edos.<\/p>\n\n\n\n<p><a href=\"https:\/\/doi.org\/10.1016\/j.ceramint.2018.04.168\">https:\/\/doi.org\/10.1016\/j.ceramint.2018.04.168<\/a><\/p>\n\n\n\n<p><strong>Post-mortem Study of Magnesia\u2013Chromite Refractory Used in a Submerged Arc Furnace in the Copper-Making Process<\/strong><\/p>\n\n\n\n<p>JOURNAL OF METALS.November 2018, Volume 70, Issue 11, pp 2435\u20132442.<\/p>\n\n\n\n<p>Ismael P\u00e9rez, Ignacio Moreno-Ventas, Roberto Parra. Guillermo R\u00edos.<\/p>\n\n\n\n<p><a href=\"https:\/\/doi.org\/10.1007\/s11837-018-3090-y\">https:\/\/doi.org\/10.1007\/s11837-018-3090-y<\/a><\/p>\n\n\n\n<p><strong>Chemical degradation of magnesia-chromite refractory used in the conversion step of the pyrometallurgical copper-making process: A thermochemical approach<\/strong><\/p>\n\n\n\n<p>CERAMICS INTRERNATIONAL. Volume 44, Issue 15, 15 October 2018,<\/p>\n\n\n\n<p>Pages 18363-18375.<\/p>\n\n\n\n<p>Ismael P\u00e9rez, Ignacio Moreno-Ventas, Guillermo R\u00edos.<\/p>\n\n\n\n<p><a href=\"https:\/\/doi.org\/10.1016\/j.ceramint.2018.07.052\">https:\/\/doi.org\/10.1016\/j.ceramint.2018.07.052<\/a><\/p>\n\n\n\n<p><strong>Comparative analysis of refractory wear in the copper-making process by a novel (industrial) dynamic test<\/strong><\/p>\n\n\n\n<p>CERAMICS INTRERNATIONAL. Volume 45, Issue 2, Part A, 1 February 2019,<\/p>\n\n\n\n<p>Pages 1535-1544.<\/p>\n\n\n\n<p>Ismael P\u00e9rez, Ignacio Moreno-Ventas, Roberto Parra, GuillermoR\u00edos.<\/p>\n\n\n\n<p><a href=\"https:\/\/doi.org\/10.1016\/j.ceramint.2018.10.027\">https:\/\/doi.org\/10.1016\/j.ceramint.2018.10.027<\/a><\/p>\n\n\n\n<p><strong>Post-mortem study of magnesia-chromite refractory used in the gas area of a Submerged Arc Furnace for the copper-making process<\/strong><\/p>\n\n\n\n<p>BOLET\u00cdN SOCIEDAD ESPA\u00d1OLA CER\u00c1MICA Y VIDRIO. Available online 25 December 2018<\/p>\n\n\n\n<p>Ismael P\u00e9rez, Ignacio Moreno-Ventas, Roberto Parra, Guillermo R\u00edos.<\/p>\n\n\n\n<p><a href=\"https:\/\/doi.org\/10.1016\/j.bsecv.2018.12.001\">https:\/\/doi.org\/10.1016\/j.bsecv.2018.12.001<\/a><\/p>\n\n\n\n<p><strong>Diagnose for valorisation of reprocessed slag cleaning furnace flue dust from copper smelting<\/strong><\/p>\n\n\n\n<p>JOURNAL OF CLEANER PRODUCTION 194 (2018) 383-395.<\/p>\n\n\n\n<p>S.M. P\u00e9rez-Moreno, M.J. G\u00e1zquez, I. Ruiz-Oria, G. R\u00edos, J.P. Bol\u00edvar.<\/p>\n\n\n\n<p><strong>Kinetic evolution of Chalcopyrite thermal degradation under oxidative environment<\/strong><\/p>\n\n\n\n<p>Marta Vazquez, Ignacio Moreno-Ventas, Irene Raposo, Alberto Palma, Manuel Jes\u00fas D\u00edaz<\/p>\n\n\n\n<p>Intermetallics.<\/p>\n\n\n\n<p><strong>Kinetic of Pyrite thermal degradation under oxidative environment<\/strong><\/p>\n\n\n\n<p>Marta Vazquez, Ignacio Moreno-Ventas, Irene Raposo, Alberto Palma, Manuel Jes\u00fas D\u00edaz.<\/p>\n\n\n\n<p>Journal of Thermal Analysis and Calorimetry.<\/p>\n\n<\/div><\/details><\/div>\n\n<div class=\"lightweight-accordion\"><details><summary class=\"lightweight-accordion-title\"><span>2017<\/span><\/summary><div class=\"lightweight-accordion-body\">\n\n<p><strong>Mineral chemistry and phase equilibrium constraints on the origin of accretions formed during copper flash smelting<\/strong><\/p>\n\n\n\n<p>J.C. Fern\u00e1ndez-Caliani, I. Moreno-Ventas, M. Bacedoni, G. Rios.<\/p>\n\n\n\n<p>Minerals &amp; Metallurgical Processing (2017), vol. 34, no. 1, pp. 36-43<\/p>\n\n<\/div><\/details><\/div>\n\n\n<div style=\"height:100px\" aria-hidden=\"true\" class=\"wp-block-spacer\"><\/div>\n\n\n\n<h2 class=\"wp-block-heading\">Patentes<\/h2>\n\n\n\n<p><strong>MACROPOROUS MATERIALS CONTAINING CALCIUM HYDROXIDE AND THEIR USE IN PROCESSES OF RETENTION OF SO2<\/strong><br>N\u00ba Patente: EP 4 474 044 A1<br>Solicitantes: Consejo Superior De Investigaciones Cient\u00ed\u0106cas-CSIC; Universidad de Huelva; Atlantic Copper, S.L.U.<br>Inventores: P\u00c9REZ ROMERO, Pedro Jos\u00e9; D\u00cdAZ REQUEJO, M. Mar; PIZARRO JAVIER, Juan Diego; PORTELA RODR\u00cdGUEZ, Raquel; \u00c1VILA GARC\u00cdA, Pedro; ROMERO V\u00c1SQUES, Flavio Jes\u00fas;<br>R\u00cdOS RANSANZ, Guillermo; RUIZ ORIA, Irene; MEJ\u00cdA P\u00c9REZ, Alberto<\/p>\n","protected":false},"excerpt":{"rendered":"<p>Congresos Papers Patentes MACROPOROUS MATERIALS CONTAINING CALCIUM HYDROXIDE AND THEIR USE IN PROCESSES OF RETENTION OF SO2N\u00ba Patente: EP 4 474 044 A1Solicitantes: Consejo Superior De Investigaciones Cient\u00ed\u0106cas-CSIC; Universidad de Huelva; Atlantic Copper, S.L.U.Inventores: P\u00c9REZ ROMERO, Pedro Jos\u00e9; D\u00cdAZ REQUEJO, M. Mar; PIZARRO JAVIER, Juan Diego; PORTELA RODR\u00cdGUEZ, Raquel; \u00c1VILA GARC\u00cdA, Pedro; ROMERO V\u00c1SQUES, Flavio [&hellip;]<\/p>\n","protected":false},"author":1,"featured_media":39,"parent":4416,"menu_order":4,"comment_status":"closed","ping_status":"closed","template":"","meta":{"footnotes":""},"class_list":["post-4420","page","type-page","status-publish","has-post-thumbnail","hentry"],"_links":{"self":[{"href":"https:\/\/www.uhu.es\/catedra-atlanticcopper\/wp-json\/wp\/v2\/pages\/4420","targetHints":{"allow":["GET"]}}],"collection":[{"href":"https:\/\/www.uhu.es\/catedra-atlanticcopper\/wp-json\/wp\/v2\/pages"}],"about":[{"href":"https:\/\/www.uhu.es\/catedra-atlanticcopper\/wp-json\/wp\/v2\/types\/page"}],"author":[{"embeddable":true,"href":"https:\/\/www.uhu.es\/catedra-atlanticcopper\/wp-json\/wp\/v2\/users\/1"}],"replies":[{"embeddable":true,"href":"https:\/\/www.uhu.es\/catedra-atlanticcopper\/wp-json\/wp\/v2\/comments?post=4420"}],"version-history":[{"count":13,"href":"https:\/\/www.uhu.es\/catedra-atlanticcopper\/wp-json\/wp\/v2\/pages\/4420\/revisions"}],"predecessor-version":[{"id":4857,"href":"https:\/\/www.uhu.es\/catedra-atlanticcopper\/wp-json\/wp\/v2\/pages\/4420\/revisions\/4857"}],"up":[{"embeddable":true,"href":"https:\/\/www.uhu.es\/catedra-atlanticcopper\/wp-json\/wp\/v2\/pages\/4416"}],"wp:featuredmedia":[{"embeddable":true,"href":"https:\/\/www.uhu.es\/catedra-atlanticcopper\/wp-json\/wp\/v2\/media\/39"}],"wp:attachment":[{"href":"https:\/\/www.uhu.es\/catedra-atlanticcopper\/wp-json\/wp\/v2\/media?parent=4420"}],"curies":[{"name":"wp","href":"https:\/\/api.w.org\/{rel}","templated":true}]}}