{"id":4528,"date":"2023-07-10T17:04:25","date_gmt":"2023-07-10T17:04:25","guid":{"rendered":"http:\/\/uhu.es\/catedra-atlanticcopper\/?page_id=4528"},"modified":"2025-11-02T21:43:58","modified_gmt":"2025-11-02T21:43:58","slug":"proyectos-precompetitivos-de-transferencia-e-innovacion","status":"publish","type":"page","link":"https:\/\/www.uhu.es\/catedra-atlanticcopper\/investigacion\/proyectos-precompetitivos-de-transferencia-e-innovacion\/","title":{"rendered":"Proyectos Precompetitivos de Transferencia e Innovaci\u00f3n"},"content":{"rendered":"\n<div class=\"wp-block-cover alignfull\"><img loading=\"lazy\" decoding=\"async\" width=\"1005\" height=\"251\" class=\"wp-block-cover__image-background wp-image-4379 size-full\" alt=\"\" src=\"https:\/\/www.uhu.es\/catedra-atlanticcopper\/wp-content\/uploads\/shapeimage_11.jpg\" data-object-fit=\"cover\" srcset=\"https:\/\/www.uhu.es\/catedra-atlanticcopper\/wp-content\/uploads\/shapeimage_11.jpg 1005w, https:\/\/www.uhu.es\/catedra-atlanticcopper\/wp-content\/uploads\/shapeimage_11-300x75.jpg 300w, https:\/\/www.uhu.es\/catedra-atlanticcopper\/wp-content\/uploads\/shapeimage_11-768x192.jpg 768w, https:\/\/www.uhu.es\/catedra-atlanticcopper\/wp-content\/uploads\/shapeimage_11-980x245.jpg 980w, https:\/\/www.uhu.es\/catedra-atlanticcopper\/wp-content\/uploads\/shapeimage_11-480x120.jpg 480w\" sizes=\"auto, (max-width: 1005px) 100vw, 1005px\" \/><span aria-hidden=\"true\" class=\"wp-block-cover__background has-background-dim\" style=\"background-color:#6b5a54\"><\/span><div class=\"wp-block-cover__inner-container has-global-padding is-layout-constrained wp-block-cover-is-layout-constrained\"><h1 class=\"has-text-align-center has-link-color wp-elements-cc1d0f08d9d37bd72a7246ce985d60bb wp-block-post-title has-text-color has-accent-1-color has-xx-large-font-size\">Proyectos Precompetitivos de Transferencia e Innovaci\u00f3n<\/h1><\/div><\/div>\n\n\n\n<div style=\"height:100px\" aria-hidden=\"true\" class=\"wp-block-spacer\"><\/div>\n\n\n\n<p><a href=\"http:\/\/uhu.es\/catedra-atlanticcopper\/wp-content\/uploads\/II-CONVOCATORIA-DE-AYUDAS-A-PROYECTOS-PRECOMPETITIVOS-DE-TRANSFERENCIA-DEL-CONOCIMIENTO-E-INNOVACION.pdf\" target=\"_blank\" rel=\"noreferrer noopener\">CONVOCATORIA DE AYUDAS A PROYECTOS PRECOMPETITIVOS DE TRANSFERENCIA DEL CONOCIMIENTO E INNOVACI\u00d3N DE LA C\u00c1TEDRA ATLANTIC COPPER A\u00d1O 2023-2024<\/a><\/p>\n\n\n\n<ul class=\"wp-block-list\">\n<li><a href=\"https:\/\/www.uhu.es\/catedra-atlanticcopper\/wp-content\/uploads\/AC_Resolucion_definitiva_PI_2023_24.report-1.pdf\">Resoluci\u00f3n Definitiva<\/a><\/li>\n<\/ul>\n\n\n\n<p><a href=\"http:\/\/uhu.es\/catedra-atlanticcopper\/wp-content\/uploads\/II-CONVOCATORIA-DE-AYUDAS-A-PROYECTOS-PRECOMPETITIVOS-DE-TRANSFERENCIA-DEL-CONOCIMIENTO-E-INNOVACION.pdf\" target=\"_blank\" rel=\"noreferrer noopener\">II CONVOCATORIA DE AYUDAS A PROYECTOS PRECOMPETITIVOS DE TRANSFERENCIA DEL CONOCIMIENTO E INNOVACI\u00d3N DE LA C\u00c1TEDRA ATLANTIC COPPER A\u00d1O 2022<\/a><\/p>\n\n\n\n<ul class=\"wp-block-list\">\n<li><a href=\"http:\/\/uhu.es\/catedra-atlanticcopper\/wp-content\/uploads\/Resolucion-Provisional-Conv.-Ayudas-Proyectos-Atlantic-Copper.report.pdf\" target=\"_blank\" rel=\"noreferrer noopener\">Resoluci\u00f3n provisional<\/a><\/li>\n\n\n\n<li><a href=\"http:\/\/uhu.es\/catedra-atlanticcopper\/wp-content\/uploads\/Resolucion-Definitiva-Conv.-Ayudas-Proyectos-Atlantic-Copper.report.pdf\" target=\"_blank\" rel=\"noreferrer noopener\">Resoluci\u00f3n Definitiva<\/a><\/li>\n<\/ul>\n\n\n\n<p><a href=\"http:\/\/uhu.es\/catedra-atlanticcopper\/wp-content\/uploads\/I-CONVOCATORIA-DE-AYUDAS-A-PROYECTOS-PRECOMPETITIVOS-DE-TRANSFERENCIA-DEL-CONOCIMIENTO-E-INNOVACION.pdf\" target=\"_blank\" rel=\"noreferrer noopener\">I CONVOCATORIA DE AYUDAS A PROYECTOS PRECOMPETITIVOS DE TRANSFERENCIA DEL CONOCIMIENTO E INNOVACI\u00d3N DE LA C\u00c1TEDRA ATLANTIC COPPER A\u00d1O 2021<\/a><\/p>\n\n\n\n<ul class=\"wp-block-list\">\n<li><a href=\"http:\/\/uhu.es\/catedra-atlanticcopper\/wp-content\/uploads\/Resolucion-Provisional-proyectos-Catedra-AC.pdf\" target=\"_blank\" rel=\"noreferrer noopener\">Resoluci\u00f3n provisional<\/a><\/li>\n\n\n\n<li>Resoluci\u00f3n definitiva<\/li>\n<\/ul>\n","protected":false},"excerpt":{"rendered":"<p>CONVOCATORIA DE AYUDAS A PROYECTOS PRECOMPETITIVOS DE TRANSFERENCIA DEL CONOCIMIENTO E INNOVACI\u00d3N DE LA C\u00c1TEDRA ATLANTIC COPPER A\u00d1O 2023-2024 II CONVOCATORIA DE AYUDAS A PROYECTOS PRECOMPETITIVOS DE TRANSFERENCIA DEL CONOCIMIENTO E INNOVACI\u00d3N DE LA C\u00c1TEDRA ATLANTIC COPPER A\u00d1O 2022 I CONVOCATORIA DE AYUDAS A PROYECTOS PRECOMPETITIVOS DE TRANSFERENCIA DEL CONOCIMIENTO E INNOVACI\u00d3N DE LA C\u00c1TEDRA [&hellip;]<\/p>\n","protected":false},"author":1,"featured_media":39,"parent":4416,"menu_order":3,"comment_status":"closed","ping_status":"closed","template":"","meta":{"footnotes":""},"class_list":["post-4528","page","type-page","status-publish","has-post-thumbnail","hentry"],"_links":{"self":[{"href":"https:\/\/www.uhu.es\/catedra-atlanticcopper\/wp-json\/wp\/v2\/pages\/4528","targetHints":{"allow":["GET"]}}],"collection":[{"href":"https:\/\/www.uhu.es\/catedra-atlanticcopper\/wp-json\/wp\/v2\/pages"}],"about":[{"href":"https:\/\/www.uhu.es\/catedra-atlanticcopper\/wp-json\/wp\/v2\/types\/page"}],"author":[{"embeddable":true,"href":"https:\/\/www.uhu.es\/catedra-atlanticcopper\/wp-json\/wp\/v2\/users\/1"}],"replies":[{"embeddable":true,"href":"https:\/\/www.uhu.es\/catedra-atlanticcopper\/wp-json\/wp\/v2\/comments?post=4528"}],"version-history":[{"count":13,"href":"https:\/\/www.uhu.es\/catedra-atlanticcopper\/wp-json\/wp\/v2\/pages\/4528\/revisions"}],"predecessor-version":[{"id":4910,"href":"https:\/\/www.uhu.es\/catedra-atlanticcopper\/wp-json\/wp\/v2\/pages\/4528\/revisions\/4910"}],"up":[{"embeddable":true,"href":"https:\/\/www.uhu.es\/catedra-atlanticcopper\/wp-json\/wp\/v2\/pages\/4416"}],"wp:featuredmedia":[{"embeddable":true,"href":"https:\/\/www.uhu.es\/catedra-atlanticcopper\/wp-json\/wp\/v2\/media\/39"}],"wp:attachment":[{"href":"https:\/\/www.uhu.es\/catedra-atlanticcopper\/wp-json\/wp\/v2\/media?parent=4528"}],"curies":[{"name":"wp","href":"https:\/\/api.w.org\/{rel}","templated":true}]}}