{"id":4832,"date":"2025-11-02T10:34:38","date_gmt":"2025-11-02T10:34:38","guid":{"rendered":"http:\/\/catedra-atlantic-copper.local\/?page_id=4832"},"modified":"2025-11-02T20:22:50","modified_gmt":"2025-11-02T20:22:50","slug":"inicio","status":"publish","type":"page","link":"https:\/\/www.uhu.es\/catedra-atlanticcopper\/","title":{"rendered":"Inicio"},"content":{"rendered":"\n<div class=\"wp-block-cover alignfull\"><img loading=\"lazy\" decoding=\"async\" width=\"1005\" height=\"251\" class=\"wp-block-cover__image-background wp-image-4379 size-full\" alt=\"\" src=\"https:\/\/www.uhu.es\/catedra-atlanticcopper\/wp-content\/uploads\/shapeimage_11.jpg\" data-object-fit=\"cover\" srcset=\"https:\/\/www.uhu.es\/catedra-atlanticcopper\/wp-content\/uploads\/shapeimage_11.jpg 1005w, https:\/\/www.uhu.es\/catedra-atlanticcopper\/wp-content\/uploads\/shapeimage_11-300x75.jpg 300w, https:\/\/www.uhu.es\/catedra-atlanticcopper\/wp-content\/uploads\/shapeimage_11-768x192.jpg 768w, https:\/\/www.uhu.es\/catedra-atlanticcopper\/wp-content\/uploads\/shapeimage_11-980x245.jpg 980w, https:\/\/www.uhu.es\/catedra-atlanticcopper\/wp-content\/uploads\/shapeimage_11-480x120.jpg 480w\" sizes=\"auto, (max-width: 1005px) 100vw, 1005px\" \/><span aria-hidden=\"true\" class=\"wp-block-cover__background has-background-dim\" style=\"background-color:#6b5a54\"><\/span><div class=\"wp-block-cover__inner-container has-global-padding is-layout-constrained wp-block-cover-is-layout-constrained\">\n<h1 class=\"wp-block-heading has-text-align-center has-xx-large-font-size\"><strong>C\u00e1tedra Atlantic Copper<\/strong><\/h1>\n<\/div><\/div>\n\n\n\n<div class=\"wp-block-group has-accent-3-background-color has-background has-global-padding is-layout-constrained wp-container-core-group-is-layout-9bc90853 wp-block-group-is-layout-constrained\" style=\"border-radius:28px;margin-top:var(--wp--preset--spacing--60);margin-bottom:var(--wp--preset--spacing--60);padding-top:var(--wp--preset--spacing--40);padding-right:var(--wp--preset--spacing--40);padding-bottom:var(--wp--preset--spacing--40);padding-left:var(--wp--preset--spacing--40)\">\n<p><strong>La C\u00e1tedra Atlantic Copper<\/strong>&nbsp;tiene por finalidad la promoci\u00f3n de la investigaci\u00f3n aplicada al campo de la Metalurgia del Cobre y materias tecnol\u00f3gicas relacionadas. Para ello se propone la realizaci\u00f3n de actividades espec\u00edficas para el impulso de la investigaci\u00f3n, el desarrollo tecnol\u00f3gico, la innovaci\u00f3n y la difusi\u00f3n de resultados cient\u00edficos, as\u00ed como la capacitaci\u00f3n de j\u00f3venes investigadores.&nbsp;<\/p>\n\n\n\n<p>Adem\u00e1s, la C\u00e1tedra sirve de apoyo a los proyectos de investigaci\u00f3n en el \u00e1mbito de la colaboraci\u00f3n cient\u00edfico-tecnol\u00f3gica entre la Universidad de Huelva y la Fundici\u00f3n y Refiner\u00eda Atlantic Copper S.L.U. y es un lugar de encuentro y canalizaci\u00f3n de actividades conjuntas en el marco de la realizaci\u00f3n de m\u00e1steres, conferencias y cursos.<\/p>\n\n\n\n<p>Las l\u00edneas b\u00e1sicas de actuaci\u00f3n de esta C\u00e1tedra son la Innovaci\u00f3n en Econom\u00eda Circular y Excelencia Ambiental y la Eficiencia de Procesos Productivos.<\/p>\n<\/div>\n\n\n\n<h2 class=\"wp-block-heading\">Noticias<\/h2>\n\n\n\n<div class=\"wp-block-query is-layout-flow wp-block-query-is-layout-flow\"><ul class=\"columns-3 wp-block-post-template is-layout-grid wp-container-core-post-template-is-layout-10753265 wp-block-post-template-is-layout-grid\"><li class=\"wp-block-post post-4928 post type-post status-publish format-standard has-post-thumbnail hentry category-general\">\n\n<div class=\"wp-block-group has-border-color has-global-padding is-layout-constrained wp-block-group-is-layout-constrained\" style=\"border-color:#c2ecf8;border-width:1px;border-radius:40px\"><figure class=\"wp-block-post-featured-image\"><img loading=\"lazy\" decoding=\"async\" width=\"1200\" height=\"630\" src=\"https:\/\/www.uhu.es\/catedra-atlanticcopper\/wp-content\/uploads\/premios-catedra-2025.webp\" class=\"attachment-post-thumbnail size-post-thumbnail wp-post-image\" alt=\"\" style=\"border-top-left-radius:40px;border-top-right-radius:40px;object-fit:cover;\" srcset=\"https:\/\/www.uhu.es\/catedra-atlanticcopper\/wp-content\/uploads\/premios-catedra-2025.webp 1200w, https:\/\/www.uhu.es\/catedra-atlanticcopper\/wp-content\/uploads\/premios-catedra-2025-300x158.webp 300w, https:\/\/www.uhu.es\/catedra-atlanticcopper\/wp-content\/uploads\/premios-catedra-2025-1024x538.webp 1024w, https:\/\/www.uhu.es\/catedra-atlanticcopper\/wp-content\/uploads\/premios-catedra-2025-768x403.webp 768w\" sizes=\"auto, (max-width: 1200px) 100vw, 1200px\" \/><\/figure>\n\n\n<div class=\"wp-block-group is-layout-flow wp-block-group-is-layout-flow\" style=\"padding-top:30px;padding-right:30px;padding-bottom:30px;padding-left:30px\"><h2 class=\"wp-block-post-title has-large-font-size\"><a href=\"https:\/\/www.uhu.es\/catedra-atlanticcopper\/la-catedra-atlantic-copper-de-la-universidad-de-huelva-ha-reconocido-a-5-estudiantes-por-la-excelencia-cientifica-y-la-aplicabilidad-industrial-de-sus-tfg-y-tfm-impulsando-asi-la-transferencia-de-con\/\" target=\"_self\" >La C\u00e1tedra Atlantic Copper de la Universidad de Huelva ha reconocido a 5 estudiantes por la excelencia cient\u00edfica y la aplicabilidad industrial de sus TFG y TFM, impulsando as\u00ed la transferencia de conocimiento entre la universidad y el entorno empresarial.<\/a><\/h2>\n\n<div class=\"wp-block-post-date\"><time datetime=\"2025-11-11T14:18:58+00:00\">11\/11\/2025<\/time><\/div><\/div>\n<\/div>\n\n<\/li><li class=\"wp-block-post post-5004 post type-post status-publish format-standard has-post-thumbnail hentry category-resolucion\">\n\n<div class=\"wp-block-group has-border-color has-global-padding is-layout-constrained wp-block-group-is-layout-constrained\" style=\"border-color:#c2ecf8;border-width:1px;border-radius:40px\"><figure class=\"wp-block-post-featured-image\"><img loading=\"lazy\" decoding=\"async\" width=\"736\" height=\"402\" src=\"https:\/\/www.uhu.es\/catedra-atlanticcopper\/wp-content\/uploads\/PREVIO-RESOLUCION.jpg\" class=\"attachment-post-thumbnail size-post-thumbnail wp-post-image\" alt=\"\" style=\"border-top-left-radius:40px;border-top-right-radius:40px;object-fit:cover;\" srcset=\"https:\/\/www.uhu.es\/catedra-atlanticcopper\/wp-content\/uploads\/PREVIO-RESOLUCION.jpg 736w, https:\/\/www.uhu.es\/catedra-atlanticcopper\/wp-content\/uploads\/PREVIO-RESOLUCION-300x164.jpg 300w\" sizes=\"auto, (max-width: 736px) 100vw, 736px\" \/><\/figure>\n\n\n<div class=\"wp-block-group is-layout-flow wp-block-group-is-layout-flow\" style=\"padding-top:30px;padding-right:30px;padding-bottom:30px;padding-left:30px\"><h2 class=\"wp-block-post-title has-large-font-size\"><a href=\"https:\/\/www.uhu.es\/catedra-atlanticcopper\/resolucion-convocatoria-de-premios-a-tfg-y-tfm-2025\/\" target=\"_self\" >Resoluci\u00f3n Convocatoria de Premios a TFG y TFM 2025<\/a><\/h2>\n\n<div class=\"wp-block-post-date\"><time datetime=\"2025-09-15T11:08:00+00:00\">15\/09\/2025<\/time><\/div><\/div>\n<\/div>\n\n<\/li><li class=\"wp-block-post post-4802 post type-post status-publish format-standard has-post-thumbnail hentry category-convocatoria\">\n\n<div class=\"wp-block-group has-border-color has-global-padding is-layout-constrained wp-block-group-is-layout-constrained\" style=\"border-color:#c2ecf8;border-width:1px;border-radius:40px\"><figure class=\"wp-block-post-featured-image\"><img loading=\"lazy\" decoding=\"async\" width=\"736\" height=\"402\" src=\"https:\/\/www.uhu.es\/catedra-atlanticcopper\/wp-content\/uploads\/PREVIO-CONVOCATORIA.jpg\" class=\"attachment-post-thumbnail size-post-thumbnail wp-post-image\" alt=\"\" style=\"border-top-left-radius:40px;border-top-right-radius:40px;object-fit:cover;\" srcset=\"https:\/\/www.uhu.es\/catedra-atlanticcopper\/wp-content\/uploads\/PREVIO-CONVOCATORIA.jpg 736w, https:\/\/www.uhu.es\/catedra-atlanticcopper\/wp-content\/uploads\/PREVIO-CONVOCATORIA-300x164.jpg 300w\" sizes=\"auto, (max-width: 736px) 100vw, 736px\" \/><\/figure>\n\n\n<div class=\"wp-block-group is-layout-flow wp-block-group-is-layout-flow\" style=\"padding-top:30px;padding-right:30px;padding-bottom:30px;padding-left:30px\"><h2 class=\"wp-block-post-title has-large-font-size\"><a href=\"https:\/\/www.uhu.es\/catedra-atlanticcopper\/convocatoria-de-premios-a-trabajos-de-fin-de-grado-y-fin-de-master-de-la-catedra-atlantic-copper\/\" target=\"_self\" >Convocatoria de Premios a Trabajos de Fin de Grado y Fin de M\u00e1ster de la C\u00e1tedra Atlantic Copper<\/a><\/h2>\n\n<div class=\"wp-block-post-date\"><time datetime=\"2025-04-24T16:33:47+00:00\">24\/04\/2025<\/time><\/div><\/div>\n<\/div>\n\n<\/li><\/ul><\/div>\n\n\n\n<p><a href=\"https:\/\/www.uhu.es\/catedra-atlanticcopper\/noticias\">Ver todas las noticias<\/a><\/p>\n\n\n\n<p><\/p>\n","protected":false},"excerpt":{"rendered":"<p>La C\u00e1tedra Atlantic Copper&nbsp;tiene por finalidad la promoci\u00f3n de la investigaci\u00f3n aplicada al campo de la Metalurgia del Cobre y materias tecnol\u00f3gicas relacionadas. Para ello se propone la realizaci\u00f3n de actividades espec\u00edficas para el impulso de la investigaci\u00f3n, el desarrollo tecnol\u00f3gico, la innovaci\u00f3n y la difusi\u00f3n de resultados cient\u00edficos, as\u00ed como la capacitaci\u00f3n de j\u00f3venes [&hellip;]<\/p>\n","protected":false},"author":3,"featured_media":39,"parent":0,"menu_order":0,"comment_status":"closed","ping_status":"closed","template":"","meta":{"footnotes":""},"class_list":["post-4832","page","type-page","status-publish","has-post-thumbnail","hentry"],"_links":{"self":[{"href":"https:\/\/www.uhu.es\/catedra-atlanticcopper\/wp-json\/wp\/v2\/pages\/4832","targetHints":{"allow":["GET"]}}],"collection":[{"href":"https:\/\/www.uhu.es\/catedra-atlanticcopper\/wp-json\/wp\/v2\/pages"}],"about":[{"href":"https:\/\/www.uhu.es\/catedra-atlanticcopper\/wp-json\/wp\/v2\/types\/page"}],"author":[{"embeddable":true,"href":"https:\/\/www.uhu.es\/catedra-atlanticcopper\/wp-json\/wp\/v2\/users\/3"}],"replies":[{"embeddable":true,"href":"https:\/\/www.uhu.es\/catedra-atlanticcopper\/wp-json\/wp\/v2\/comments?post=4832"}],"version-history":[{"count":3,"href":"https:\/\/www.uhu.es\/catedra-atlanticcopper\/wp-json\/wp\/v2\/pages\/4832\/revisions"}],"predecessor-version":[{"id":4841,"href":"https:\/\/www.uhu.es\/catedra-atlanticcopper\/wp-json\/wp\/v2\/pages\/4832\/revisions\/4841"}],"wp:featuredmedia":[{"embeddable":true,"href":"https:\/\/www.uhu.es\/catedra-atlanticcopper\/wp-json\/wp\/v2\/media\/39"}],"wp:attachment":[{"href":"https:\/\/www.uhu.es\/catedra-atlanticcopper\/wp-json\/wp\/v2\/media?parent=4832"}],"curies":[{"name":"wp","href":"https:\/\/api.w.org\/{rel}","templated":true}]}}