{"id":124,"date":"2022-09-22T23:10:16","date_gmt":"2022-09-22T23:10:16","guid":{"rendered":"http:\/\/www.uhu.es\/catedra-fertinagro\/?page_id=124"},"modified":"2026-04-14T10:51:16","modified_gmt":"2026-04-14T10:51:16","slug":"investigacion","status":"publish","type":"page","link":"https:\/\/www.uhu.es\/catedra-fertinagro\/?page_id=124","title":{"rendered":"Investigaci\u00f3n"},"content":{"rendered":"<p>[et_pb_section fb_built=\u00bb1&#8243; fullwidth=\u00bbon\u00bb _builder_version=\u00bb4.17.3&#8243; _module_preset=\u00bbdefault\u00bb background_color=\u00bb#a80a2e\u00bb global_colors_info=\u00bb{}\u00bb][et_pb_fullwidth_header title=\u00bbInvestigaci\u00f3n\u00bb content_max_width=\u00bbnone\u00bb _builder_version=\u00bb4.17.3&#8243; _module_preset=\u00bbdefault\u00bb title_font=\u00bb|700|||||||\u00bb title_font_size=\u00bb40px\u00bb background_color=\u00bbrgba(255, 255, 255, 0)\u00bb min_height=\u00bb140px\u00bb custom_padding=\u00bb38px||14px|||\u00bb animation_style=\u00bbfade\u00bb global_colors_info=\u00bb{}\u00bb button_one_text_size__hover_enabled=\u00bboff\u00bb button_two_text_size__hover_enabled=\u00bboff\u00bb button_one_text_color__hover_enabled=\u00bboff\u00bb button_two_text_color__hover_enabled=\u00bboff\u00bb button_one_border_width__hover_enabled=\u00bboff\u00bb button_two_border_width__hover_enabled=\u00bboff\u00bb button_one_border_color__hover_enabled=\u00bboff\u00bb button_two_border_color__hover_enabled=\u00bboff\u00bb button_one_border_radius__hover_enabled=\u00bboff\u00bb button_two_border_radius__hover_enabled=\u00bboff\u00bb button_one_letter_spacing__hover_enabled=\u00bboff\u00bb button_two_letter_spacing__hover_enabled=\u00bboff\u00bb button_one_bg_color__hover_enabled=\u00bboff\u00bb button_two_bg_color__hover_enabled=\u00bboff\u00bb][\/et_pb_fullwidth_header][\/et_pb_section][et_pb_section fb_built=\u00bb1&#8243; _builder_version=\u00bb4.16&#8243; _module_preset=\u00bbdefault\u00bb background_color=\u00bb#f7f7f7&#8243; background_color_gradient_direction=\u00bb330deg\u00bb global_colors_info=\u00bb{}\u00bb][et_pb_row _builder_version=\u00bb4.16&#8243; _module_preset=\u00bbdefault\u00bb background_size=\u00bbinitial\u00bb background_position=\u00bbtop_left\u00bb background_repeat=\u00bbrepeat\u00bb custom_margin=\u00bb-110px|auto||auto||\u00bb custom_padding=\u00bb0px|||||\u00bb global_colors_info=\u00bb{}\u00bb][et_pb_column type=\u00bb4_4&#8243; _builder_version=\u00bb4.16&#8243; _module_preset=\u00bbdefault\u00bb custom_padding=\u00bb10%|||\u00bb global_colors_info=\u00bb{}\u00bb custom_padding__hover=\u00bb|||\u00bb][et_pb_text _builder_version=\u00bb4.17.3&#8243; _module_preset=\u00bbdefault\u00bb hover_enabled=\u00bb0&#8243; global_colors_info=\u00bb{}\u00bb animation_style=\u00bbfade\u00bb sticky_enabled=\u00bb0&#8243;]<\/p>\n<h4 class=\"p2\">V CONVOCATORIA DE MICRO-PROYECTOS DE INVESTIGACI\u00d3N Y TRANSFERENCIA DEL CONOCIMIENTO EN EL MARCO DE LA C\u00c1TEDRA FERTINAGRO-BIOTECH DE ALIMENTACI\u00d3N Y SOSTENIBILIDAD. (Convocatoria 2026)<\/h4>\n<p>[\/et_pb_text][et_pb_text _builder_version=\u00bb4.17.3&#8243; _module_preset=\u00bbdefault\u00bb hover_enabled=\u00bb0&#8243; global_colors_info=\u00bb{}\u00bb animation_style=\u00bbfade\u00bb sticky_enabled=\u00bb0&#8243;]<\/p>\n<p>La solicitud, junto con la documentaci\u00f3n y el Anexo I, ir\u00e1 dirigida a C\u00c1TEDRAS EXTERNAS (C\u00e1tedra Fertinagro-Biotech) y se presentar\u00e1 a trav\u00e9s de los registros presenciales o telem\u00e1tico de la Universidad de Huelva o en cualquiera de los lugares previstos en el art. 16.4 de la Ley 39\/2015, de 1 de octubre, de Procedimiento Administrativo Com\u00fan de las Administraciones P\u00fablicas.<\/p>\n<p>Adem\u00e1s, se enviar\u00e1 copia de la solicitud y de la documentaci\u00f3n al correo electr\u00f3nico: <a href=\"mailto:catedra.fertinagro@uhu.es\">catedra.fertinagro@uhu.es<\/a><\/p>\n<p><a href=\"https:\/\/www.uhu.es\/catedra-fertinagro\/wp-content\/uploads\/V_Convocatoria_microproyectos_2026_Fertinagro_solicitudes.pdf\">CONVOCATORIA<\/a><\/p>\n<p>[\/et_pb_text][et_pb_text _builder_version=\u00bb4.17.3&#8243; _module_preset=\u00bbdefault\u00bb animation_style=\u00bbfade\u00bb hover_enabled=\u00bb0&#8243; global_colors_info=\u00bb{}\u00bb sticky_enabled=\u00bb0&#8243;]<\/p>\n<h4>IV CONVOCATORIA DE MICRO-PROYECTOS DE INVESTIGACI\u00d3N Y TRANSFERENCIA DEL CONOCIMIENTO EN EL MARCO DE LA C\u00c1TEDRA FERTINAGRO-BIOTECH DE ALIMENTACI\u00d3N Y SOSTENIBILIDAD. (Convocatoria 2025)<\/h4>\n<p>[\/et_pb_text][et_pb_text _builder_version=\u00bb4.17.3&#8243; _module_preset=\u00bbdefault\u00bb global_colors_info=\u00bb{}\u00bb]<\/p>\n<p>La solicitud, junto con la documentaci\u00f3n y el Anexo I, ir\u00e1 dirigida a C\u00c1TEDRAS EXTERNAS (C\u00e1tedra Fertinagro-Biotech) y se presentar\u00e1 a trav\u00e9s de los registros presenciales o telem\u00e1tico de la Universidad de Huelva o en cualquiera de los lugares previstos en el art. 16.4 de la Ley 39\/2015, de 1 de octubre, de Procedimiento Administrativo Com\u00fan de las Administraciones P\u00fablicas.<\/p>\n<p>Adem\u00e1s, se enviar\u00e1 copia de la solicitud y de la documentaci\u00f3n al correo electr\u00f3nico: <a href=\"mailto:catedra.fertinagro@uhu.es\">catedra.fertinagro@uhu.es<\/a><\/p>\n<p><a href=\"https:\/\/www.uhu.es\/catedra-fertinagro\/wp-content\/uploads\/IV-CONVOCATORIA_MICROPROYECTO_2025_FERTINAGR1.report.pdf\">CONVOCATORIA<\/a><\/p>\n<p><a href=\"https:\/\/www.uhu.es\/catedra-fertinagro\/wp-content\/uploads\/FB_Resolucion_definitiva_microproyectos_2025.pdf\">RESOLUCI\u00d3N<\/a><\/p>\n<p>[\/et_pb_text][et_pb_text _builder_version=\u00bb4.17.3&#8243; _module_preset=\u00bbdefault\u00bb animation_style=\u00bbfade\u00bb global_colors_info=\u00bb{}\u00bb]<\/p>\n<h4>CONVOCATORIA III-A DE MICRO-PROYECTOS DE INVESTIGACI\u00d3N Y TRANSFERENCIA DEL CONOCIMIENTO EN EL MARCO DE LA C\u00c1TEDRA FERTINAGRO-BIOTECH DE ALIMENTACI\u00d3N Y SOSTENIBILIDAD. (Convocatoria 2024-A)<\/h4>\n<p>[\/et_pb_text][et_pb_text _builder_version=\u00bb4.17.3&#8243; _module_preset=\u00bbdefault\u00bb animation_style=\u00bbfade\u00bb global_colors_info=\u00bb{}\u00bb]<\/p>\n<p>La solicitud, junto con la documentaci\u00f3n y el Anexo I, ir\u00e1 dirigida al SERVICIO DE EMPLEO Y EMPRENDIMIENTO (SOIPEA \/ C\u00c1TEDRAS EXTERNAS), C\u00e1tedra Fertinagro de Biotech y <strong>se presentar\u00e1 a trav\u00e9s de los registros presenciales o telem\u00e1tico de la Universidad de Huelva<\/strong> o en cualquiera de los lugares previstos en el art. 16.4 de la Ley 39\/2015, de 1 de octubre, de Procedimiento Administrativo Com\u00fan de las Administraciones P\u00fablicas. Adem\u00e1s, se enviar\u00e1 copia de la solicitud y de la documentaci\u00f3n al correo electr\u00f3nico: <a href=\"mailto:catedra.fertinagro@uhu.es\">catedra.fertinagro@uhu.es<\/a>.<\/p>\n<p>El plazo de presentaci\u00f3n de solicitudes ser\u00e1 de <strong>veinte d\u00edas a partir del d\u00eda siguiente al de la publicaci\u00f3n de la convocatoria<\/strong>.<\/p>\n<p>[\/et_pb_text][et_pb_text _builder_version=\u00bb4.17.3&#8243; _module_preset=\u00bbdefault\u00bb global_colors_info=\u00bb{}\u00bb]<\/p>\n<p><a href=\"https:\/\/www.uhu.es\/catedra-fertinagro\/wp-content\/uploads\/III-A-CONVOCATORIA_MICROPROYECTO_2024_FERTINAGRO.report.pdf\" target=\"_blank\" rel=\"noopener\">CONVOCATORIA<\/a><\/p>\n<p><a href=\"https:\/\/www.uhu.es\/catedra-fertinagro\/wp-content\/uploads\/Resolucion-definitiva-Descarbonizacion.report.pdf\" target=\"_blank\" rel=\"noopener\">RESOLUCI\u00d3N<\/a><\/p>\n<p>[\/et_pb_text][et_pb_text _builder_version=\u00bb4.17.3&#8243; _module_preset=\u00bbdefault\u00bb animation_style=\u00bbfade\u00bb global_colors_info=\u00bb{}\u00bb]<\/p>\n<h4>CONVOCATORIA III-B DE MICRO-PROYECTOS DE INVESTIGACI\u00d3N Y TRANSFERENCIA DEL CONOCIMIENTO EN EL MARCO DE LA C\u00c1TEDRA FERTINAGRO-BIOTECH DE ALIMENTACI\u00d3N Y SOSTENIBILIDAD. (Convocatoria 2024-B)<\/h4>\n<p>[\/et_pb_text][et_pb_text _builder_version=\u00bb4.17.3&#8243; _module_preset=\u00bbdefault\u00bb animation_style=\u00bbfade\u00bb global_colors_info=\u00bb{}\u00bb]<\/p>\n<p>La solicitud, junto con la documentaci\u00f3n y el Anexo I, ir\u00e1 dirigida al SERVICIO DE EMPLEO Y EMPRENDIMIENTO (SOIPEA \/ C\u00c1TEDRAS EXTERNAS), C\u00e1tedra Fertinagro de Biotech y <strong>se presentar\u00e1 a trav\u00e9s de los registros presenciales o telem\u00e1tico de la Universidad de Huelva<\/strong> o en cualquiera de los lugares previstos en el art. 16.4 de la Ley 39\/2015, de 1 de octubre, de Procedimiento Administrativo Com\u00fan de las Administraciones P\u00fablicas. Adem\u00e1s, se enviar\u00e1 copia de la solicitud y de la documentaci\u00f3n al correo electr\u00f3nico: <a href=\"mailto:catedra.fertinagro@uhu.es\">catedra.fertinagro@uhu.es<\/a>.<\/p>\n<p>El plazo de presentaci\u00f3n de solicitudes ser\u00e1 de <strong>veinte d\u00edas a partir del d\u00eda siguiente al de la publicaci\u00f3n de la convocatoria<\/strong>.<\/p>\n<p>[\/et_pb_text][et_pb_text _builder_version=\u00bb4.17.3&#8243; _module_preset=\u00bbdefault\u00bb custom_padding=\u00bb||11px|||\u00bb global_colors_info=\u00bb{}\u00bb]<\/p>\n<p><a href=\"https:\/\/www.uhu.es\/catedra-fertinagro\/wp-content\/uploads\/III-B-CONVOCATORIA_MICROPROYECTO_2024_FERTINAGRO.report.pdf\" target=\"_blank\" rel=\"noopener\">CONVOCATORIA<\/a><\/p>\n<p><a href=\"https:\/\/www.uhu.es\/catedra-fertinagro\/wp-content\/uploads\/Resolucion-definitiva-Azufre.report-1.pdf\" target=\"_blank\" rel=\"noopener\">RESOLUCI\u00d3N<\/a><\/p>\n<p>[\/et_pb_text][\/et_pb_column][\/et_pb_row][et_pb_row _builder_version=\u00bb4.17.3&#8243; _module_preset=\u00bbdefault\u00bb global_colors_info=\u00bb{}\u00bb][et_pb_column type=\u00bb4_4&#8243; _builder_version=\u00bb4.17.3&#8243; _module_preset=\u00bbdefault\u00bb global_colors_info=\u00bb{}\u00bb][et_pb_text _builder_version=\u00bb4.17.3&#8243; _module_preset=\u00bbdefault\u00bb global_colors_info=\u00bb{}\u00bb]<\/p>\n<h3 style=\"text-align: justify;\"><strong>Convocatorias anteriores:<\/strong><\/h3>\n<p>[\/et_pb_text][et_pb_toggle title=\u00bb III CONVOCATORIA DE MICRO-PROYECTOS DE INVESTIGACI\u00d3N Y TRANSFERENCIA DEL CONOCIMIENTO EN EL MARCO DE LA C\u00c1TEDRA FERTINAGRO-BIOTECH DE ALIMENTACI\u00d3N Y SOSTENIBILIDAD. (Convocatoria 2024)\u00bb _builder_version=\u00bb4.17.3&#8243; _module_preset=\u00bbdefault\u00bb global_colors_info=\u00bb{}\u00bb]<\/p>\n<p>La solicitud, junto con la documentaci\u00f3n y el Anexo I, ir\u00e1 dirigida al SERVICIO DE EMPLEO Y EMPRENDIMIENTO (SOIPEA \/ C\u00c1TEDRAS EXTERNAS), C\u00e1tedra Fertinagro de Biotech y <strong>se presentar\u00e1 a trav\u00e9s de los registros presenciales o telem\u00e1tico de la Universidad de\u00a0Huelva<\/strong>\u00a0o en cualquiera de los lugares previstos en el art. 16.4 de la Ley 39\/2015, de 1 de\u00a0octubre, de Procedimiento Administrativo Com\u00fan de las Administraciones P\u00fablicas.<\/p>\n<p>El plazo de presentaci\u00f3n de solicitudes ser\u00e1 de\u00a0<strong>veinte d\u00edas a partir del d\u00eda siguiente al de\u00a0la publicaci\u00f3n de la convocatoria.<\/strong><\/p>\n<p><a href=\"https:\/\/www.uhu.es\/catedra-fertinagro\/wp-content\/uploads\/III_CONVOCATORIA_MICROPROYECTO_2024_FERTINAGRO.report.pdf\" target=\"_blank\" rel=\"noopener\">CONVOCATORIA<\/a><\/p>\n<p><a href=\"https:\/\/www.uhu.es\/catedra-fertinagro\/wp-content\/uploads\/FB_RD_Microproyectos_2024.report.pdf\" target=\"_blank\" rel=\"noopener\">RESOLUCI\u00d3N<\/a><\/p>\n<p>&nbsp;<\/p>\n<p>[\/et_pb_toggle][et_pb_toggle title=\u00bbConvocatoria de Micro-Proyectos de Investigaci\u00f3n y Transferencia del Conocimiento en el marco de la C\u00e1tedra Fertinagro-Biotech de Alimentaci\u00f3n y Sostenibilidad (II Edici\u00f3n 2023)\u00bb _builder_version=\u00bb4.17.3&#8243; _module_preset=\u00bbdefault\u00bb global_colors_info=\u00bb{}\u00bb]<\/p>\n<p>Resoluci\u00f3n del Vicerrectorado de Innovaci\u00f3n y Empleabilidad de la Universidad de Huelva de fecha 14 de marzo de 2023, por lo que se aprueba la Convocatoria de\u00a0Micro-Proyectos de Investigaci\u00f3n y Transferencia del Conocimiento en el marco de la C\u00e1tedra Fertinagro-Biotech de Alimentaci\u00f3n y Sostenibilidad (II Edici\u00f3n 2023).<\/p>\n<p>La presente convocatoria tiene como objetivo la concesi\u00f3n de financiaci\u00f3n para la realizaci\u00f3n\u00a0de<span>\u00a0<\/span><strong>un micro-proyecto<\/strong>\u00a0de investigaci\u00f3n para promover la investigaci\u00f3n y su transferencia\u00a0hacia la sociedad y que se enmarque en las principales l\u00edneas relacionadas con la C\u00e1tedra\u00a0Fertinagro-Biotech.<\/p>\n<p>La<span>\u00a0<\/span><strong>solicitud, junto con la documentaci\u00f3n y el Anexo I, ir\u00e1 dirigida al Servicio de Empleo y Emprendimiento\u00a0(SOIPEA \/ C\u00e1tedras Externas)<\/strong>, C\u00e1tedra Fertinagro-Biotech y\u00a0se presentar\u00e1<span>\u00a0<\/span><strong>a trav\u00e9s de los registros presenciales o telem\u00e1tico de la Universidad de\u00a0Huelva<\/strong><span>\u00a0<\/span>o en cualquiera de los lugares previstos en el art. 16.4 de la Ley 39\/2015, de 1 de\u00a0octubre, de Procedimiento Administrativo Com\u00fan de las Administraciones P\u00fablicas.<\/p>\n<p>El plazo de presentaci\u00f3n de solicitudes estar\u00e1 abierto desde la publicaci\u00f3n de esta<br \/>convocatoria<span>\u00a0<\/span><strong>hasta el 31 de marzo de 2023.<\/strong><\/p>\n<p><a href=\"https:\/\/www.uhu.es\/catedra-fertinagro\/wp-content\/uploads\/CONVOCATORIA-signed.pdf\" target=\"_blank\" rel=\"noopener\">CONVOCATORIA<\/a><\/p>\n<p><a href=\"https:\/\/www.uhu.es\/catedra-fertinagro\/wp-content\/uploads\/Resolucion-definitiva.report.pdf\" title=\"Resoluci\u00f3n Definitiva Microproyectos\">RESOLUCI\u00d3N DEFINITIVA<\/a><\/p>\n<p>[\/et_pb_toggle][et_pb_toggle title=\u00bbConvocatoria de Micro-Proyectos de Investigaci\u00f3n y Transferencia del Conocimiento en el marco de la C\u00e1tedra Fertinagro-Biotech de Alimentaci\u00f3n y Sostenibilidad (Edici\u00f3n 2023)\u00bb _builder_version=\u00bb4.17.3&#8243; _module_preset=\u00bbdefault\u00bb global_colors_info=\u00bb{}\u00bb]<\/p>\n<p>Resoluci\u00f3n del Vicerrectorado de Innovaci\u00f3n y Empleabilidad de la Universidad de Huelva de fecha 14 de diciembre de 2022, por lo que se aprueba la Convocatoria de\u00a0Micro-Proyectos de Investigaci\u00f3n y Transferencia del Conocimiento en el marco de la C\u00e1tedra Fertinagro-Biotech de Alimentaci\u00f3n y Sostenibilidad (Edici\u00f3n 2023).<\/p>\n<p>La presente convocatoria tiene como objetivo la concesi\u00f3n de financiaci\u00f3n para la realizaci\u00f3n\u00a0de<span>\u00a0<\/span><strong>cuatro micro-proyectos<span>\u00a0<\/span><\/strong>(ver correcci\u00f3n de errores) de investigaci\u00f3n para promover la investigaci\u00f3n y su transferencia\u00a0hacia la sociedad y que se enmarque en las principales l\u00edneas relacionadas con la C\u00e1tedra\u00a0Fertinagro-Biotech<\/p>\n<p>La<span>\u00a0<\/span><strong>solicitud, junto con la documentaci\u00f3n y el Anexo I, ir\u00e1 dirigida al Servicio de Empleo y Emprendimiento\u00a0(SOIPEA \/ C\u00e1tedras Externas)<\/strong>, C\u00e1tedra Fertinagro-Biotech y\u00a0se presentar\u00e1<span>\u00a0<\/span><strong>a trav\u00e9s de los registros presenciales o telem\u00e1tico de la Universidad de\u00a0Huelva<\/strong><span>\u00a0<\/span>o en cualquiera de los lugares previstos en el art. 16.4 de la Ley 39\/2015, de 1 de\u00a0octubre, de Procedimiento Administrativo Com\u00fan de las Administraciones P\u00fablicas.<\/p>\n<p>El plazo de presentaci\u00f3n de solicitudes estar\u00e1 abierto desde la publicaci\u00f3n de esta<br \/>convocatoria<span>\u00a0<\/span><strong>hasta el 3 de febrero de 2023.<\/strong><strong><\/strong><\/p>\n<p><a href=\"https:\/\/www.uhu.es\/catedra-fertinagro\/wp-content\/uploads\/CONVOCATORIA_MICROPROYECTO_2023_FERTINAGRO.report.pdf\" target=\"_blank\" rel=\"noopener\">CONVOCATORIA<\/a><\/p>\n<p><a href=\"https:\/\/www.uhu.es\/catedra-fertinagro\/wp-content\/uploads\/DILIGENCIA-CONVOCATORIA_MICROPROYECTOS_-2023.report.pdf\" target=\"_blank\" rel=\"noopener\">DILIGENCIA DE ERRORES<\/a><\/p>\n<p><a href=\"https:\/\/www.uhu.es\/catedra-fertinagro\/wp-content\/uploads\/Resolucion-definitiva-Micro-Proyectos-Fertinagro-I-Edicion-2023.report....pdf\">RESOLUCION DEFINITIVA<\/a><\/p>\n<p>[\/et_pb_toggle][et_pb_toggle title=\u00bbI CONVOCATORIA DE MICRO-PROYECTOS DE INVESTIGACI\u00d3N Y TRANSFERENCIA DEL CONOCIMIENTO EN EL MARCO DE LA \u201cC\u00c1TEDRA DE SOSTENIBILIDAD AGROALIMENTARIA FERTINAGRO-BIOTECH\u201d DE LA UHU\u00bb _builder_version=\u00bb4.17.3&#8243; _module_preset=\u00bbdefault\u00bb global_colors_info=\u00bb{}\u00bb]<\/p>\n<p>De conformidad con la convocatoria de los micro-proyectos de investigaci\u00f3n y transferencia publicada con fecha 8 de febrero de 2022, y evaluadas las solicitudes presentadas por el comit\u00e9 designado por el Consejo de C\u00e1tedra relacionados con las \u00e1reas prioritarias de la convocatoria, el Vicerrectorado de Innovaci\u00f3n y Empleabilidad una vez o\u00eddo el Consejo de C\u00e1tedra, ha resuelto conceder la relaci\u00f3n de micro-proyectos que a continuaci\u00f3n se enumeran:<\/p>\n<table width=\"939\">\n<tbody>\n<tr>\n<td style=\"width: 124.016px;\"><strong>\u00c1REA<\/strong><\/td>\n<td style=\"width: 597.609px;\"><strong>NOMBRE DEL PROYECTO<\/strong><\/td>\n<td style=\"width: 195.375px;\"><strong>INVESTIGADOR\/A DATOS<\/strong><\/td>\n<\/tr>\n<tr>\n<td style=\"width: 124.016px;\">\n<p>&nbsp;<\/p>\n<p>Medio Ambiente<\/p>\n<p>&nbsp;<\/p>\n<\/td>\n<td style=\"width: 597.609px;\">Uso de nanotubos de carbono en agricultura para la inhibici\u00f3n del proceso de nitrificaci\u00f3n.<\/td>\n<td style=\"width: 195.375px;\">\n<p>&nbsp;<\/p>\n<p>D. Manuel L\u00f3pez L\u00f3pez<\/p>\n<p>Ingenier\u00eda Qu\u00edmica, Qu\u00edmica F\u00edsica y Ciencia de los Materiales<\/p>\n<\/td>\n<\/tr>\n<tr>\n<td style=\"width: 124.016px;\">Producci\u00f3n Vegetal<\/td>\n<td style=\"width: 597.609px;\">Alternativa a los fitosanitarios tradicionales: p\u00e9ptidos antimicrobianos de diferente origen y complejos de ribonucleoprote\u00ednas CRISPR-CAS como nuevas armas en el biocontrol y la lucha contra pat\u00f3genos en agricultura.<\/td>\n<td style=\"width: 195.375px;\">\n<p>D\u00f1a. Montserrat L\u00f3pez San Mart\u00edn<\/p>\n<p>Unidad de mejora gen\u00e9tica de organismos fotosint\u00e9ticos<\/p>\n<\/td>\n<\/tr>\n<tr>\n<td style=\"width: 124.016px;\">Alimentaci\u00f3n<\/td>\n<td style=\"width: 597.609px;\">Valor nutricional y funcional de microalgas aisladas en la costa de C\u00e1diz y Huelva para su posible implantaci\u00f3n como suplemento nutricional en piensos.<\/td>\n<td style=\"width: 195.375px;\">\n<p>D. Antonio Le\u00f3n Vaz<\/p>\n<p>Qu\u00edmica \u201cProf. J. Carlos V\u00edlchez Mart\u00edn\u201d<\/p>\n<\/td>\n<\/tr>\n<tr>\n<td style=\"width: 124.016px;\">\n<p>&nbsp;<\/p>\n<p>Producci\u00f3n Animal<\/p>\n<p>&nbsp;<\/p>\n<\/td>\n<td style=\"width: 597.609px;\">Uso de subproductos industriales de la naranja en la alimentaci\u00f3n de peces.<\/td>\n<td style=\"width: 195.375px;\">D. Marcelino Herrera Rodr\u00edguez Ciencias Agroforestales<\/td>\n<\/tr>\n<tr>\n<td style=\"width: 124.016px;\">Sostenibilidad<\/td>\n<td style=\"width: 597.609px;\">Utilizaci\u00f3n de disolventes verdes para la valorizaci\u00f3n de residuos agr\u00edcolas.<\/td>\n<td style=\"width: 195.375px;\">\n<p>D\u00f1a. Ana Sayago G\u00f3mez<\/p>\n<p>Qu\u00edmica \u201cProf. J. Carlos V\u00edlchez Mart\u00edn\u201d<\/p>\n<\/td>\n<\/tr>\n<\/tbody>\n<\/table>\n<p>&nbsp;<\/p>\n<p><a href=\"https:\/\/www.uhu.es\/catedra-fertinagro\/wp-content\/uploads\/RESOLUCIO\u0301N-DEFINITIVA-DE-FECHA-5-DE-MAYO-DE-2022-DE-LA-I-CONVOCATORIA-DE-MICRO.pdf\">RESOLUCI\u00d3N<\/a><\/p>\n<p>[\/et_pb_toggle][\/et_pb_column][\/et_pb_row][\/et_pb_section]<\/p>\n","protected":false},"excerpt":{"rendered":"<p>V CONVOCATORIA DE MICRO-PROYECTOS DE INVESTIGACI\u00d3N Y TRANSFERENCIA DEL CONOCIMIENTO EN EL MARCO DE LA C\u00c1TEDRA FERTINAGRO-BIOTECH DE ALIMENTACI\u00d3N Y SOSTENIBILIDAD. (Convocatoria 2026)La solicitud, junto con la documentaci\u00f3n y el Anexo I, ir\u00e1 dirigida a C\u00c1TEDRAS EXTERNAS (C\u00e1tedra Fertinagro-Biotech) y se presentar\u00e1 a trav\u00e9s de los registros presenciales o telem\u00e1tico de la Universidad de Huelva [&hellip;]<\/p>\n","protected":false},"author":1,"featured_media":0,"parent":0,"menu_order":0,"comment_status":"closed","ping_status":"closed","template":"","meta":{"_et_pb_use_builder":"on","_et_pb_old_content":"","_et_gb_content_width":""},"_links":{"self":[{"href":"https:\/\/www.uhu.es\/catedra-fertinagro\/index.php?rest_route=\/wp\/v2\/pages\/124"}],"collection":[{"href":"https:\/\/www.uhu.es\/catedra-fertinagro\/index.php?rest_route=\/wp\/v2\/pages"}],"about":[{"href":"https:\/\/www.uhu.es\/catedra-fertinagro\/index.php?rest_route=\/wp\/v2\/types\/page"}],"author":[{"embeddable":true,"href":"https:\/\/www.uhu.es\/catedra-fertinagro\/index.php?rest_route=\/wp\/v2\/users\/1"}],"replies":[{"embeddable":true,"href":"https:\/\/www.uhu.es\/catedra-fertinagro\/index.php?rest_route=%2Fwp%2Fv2%2Fcomments&post=124"}],"version-history":[{"count":29,"href":"https:\/\/www.uhu.es\/catedra-fertinagro\/index.php?rest_route=\/wp\/v2\/pages\/124\/revisions"}],"predecessor-version":[{"id":443,"href":"https:\/\/www.uhu.es\/catedra-fertinagro\/index.php?rest_route=\/wp\/v2\/pages\/124\/revisions\/443"}],"wp:attachment":[{"href":"https:\/\/www.uhu.es\/catedra-fertinagro\/index.php?rest_route=%2Fwp%2Fv2%2Fmedia&parent=124"}],"curies":[{"name":"wp","href":"https:\/\/api.w.org\/{rel}","templated":true}]}}