{"id":89,"date":"2022-09-22T14:31:00","date_gmt":"2022-09-22T14:31:00","guid":{"rendered":"http:\/\/www.uhu.es\/catedra-fertinagro\/?page_id=89"},"modified":"2022-09-22T14:47:34","modified_gmt":"2022-09-22T14:47:34","slug":"89-2","status":"publish","type":"page","link":"https:\/\/www.uhu.es\/catedra-fertinagro\/?page_id=89","title":{"rendered":"Presentaci\u00f3n"},"content":{"rendered":"<p>[et_pb_section fb_built=\u00bb1&#8243; fullwidth=\u00bbon\u00bb _builder_version=\u00bb4.17.3&#8243; _module_preset=\u00bbdefault\u00bb background_color=\u00bb#a80a2e\u00bb hover_enabled=\u00bb0&#8243; global_colors_info=\u00bb{}\u00bb background_mask_position=\u00bbtop_left\u00bb background_mask_horizontal_offset=\u00bb0%\u00bb sticky_enabled=\u00bb0&#8243;][et_pb_fullwidth_header title=\u00bbPresentaci\u00f3n\u00bb content_max_width=\u00bbnone\u00bb _builder_version=\u00bb4.17.3&#8243; _module_preset=\u00bbdefault\u00bb background_color=\u00bbrgba(255, 255, 255, 0)\u00bb hover_enabled=\u00bb0&#8243; global_colors_info=\u00bb{}\u00bb button_one_text_size__hover_enabled=\u00bboff\u00bb button_two_text_size__hover_enabled=\u00bboff\u00bb button_one_text_color__hover_enabled=\u00bboff\u00bb button_two_text_color__hover_enabled=\u00bboff\u00bb button_one_border_width__hover_enabled=\u00bboff\u00bb button_two_border_width__hover_enabled=\u00bboff\u00bb button_one_border_color__hover_enabled=\u00bboff\u00bb button_two_border_color__hover_enabled=\u00bboff\u00bb button_one_border_radius__hover_enabled=\u00bboff\u00bb button_two_border_radius__hover_enabled=\u00bboff\u00bb button_one_letter_spacing__hover_enabled=\u00bboff\u00bb button_two_letter_spacing__hover_enabled=\u00bboff\u00bb button_one_bg_color__hover_enabled=\u00bboff\u00bb button_two_bg_color__hover_enabled=\u00bboff\u00bb sticky_enabled=\u00bb0&#8243; animation_style=\u00bbfade\u00bb custom_padding=\u00bb38px||14px|||\u00bb min_height=\u00bb140px\u00bb title_font_size=\u00bb40px\u00bb title_font=\u00bb|700|||||||\u00bb][\/et_pb_fullwidth_header][\/et_pb_section][et_pb_section fb_built=\u00bb1&#8243; _builder_version=\u00bb4.16&#8243; _module_preset=\u00bbdefault\u00bb background_color=\u00bb#f7f7f7&#8243; background_color_gradient_direction=\u00bb330deg\u00bb global_colors_info=\u00bb{}\u00bb][et_pb_row column_structure=\u00bb1_2,1_2&#8243; _builder_version=\u00bb4.16&#8243; _module_preset=\u00bbdefault\u00bb background_size=\u00bbinitial\u00bb background_position=\u00bbtop_left\u00bb background_repeat=\u00bbrepeat\u00bb global_colors_info=\u00bb{}\u00bb custom_padding=\u00bb0px|||||\u00bb custom_margin=\u00bb-53px|auto||auto||\u00bb][et_pb_column type=\u00bb1_2&#8243; _builder_version=\u00bb4.16&#8243; _module_preset=\u00bbdefault\u00bb custom_padding=\u00bb10%|||\u00bb global_colors_info=\u00bb{}\u00bb custom_padding__hover=\u00bb|||\u00bb][et_pb_text _builder_version=\u00bb4.17.3&#8243; _module_preset=\u00bbdefault\u00bb text_font=\u00bb||||||||\u00bb background_size=\u00bbinitial\u00bb background_position=\u00bbtop_left\u00bb background_repeat=\u00bbrepeat\u00bb hover_enabled=\u00bb0&#8243; global_colors_info=\u00bb{}\u00bb sticky_enabled=\u00bb0&#8243; custom_margin=\u00bb-30px|||||\u00bb]<\/p>\n<p>La C\u00e1tedra Fertinagro Biotech de alimentaci\u00f3n y sostenibilidad se crea en el a\u00f1o 2021 como un instrumento de colaboraci\u00f3n entre la Universidad de Huelva y Fertinagro Biotech, S.L, a trav\u00e9s de la que se canalizar\u00e1n de forma general actividades propias de la Universidad acordadas en el seno del Consejo de C\u00e1tedra. La finalidad de esta C\u00e1tedra es la promoci\u00f3n de la investigaci\u00f3n por el cambio del sector agroalimentario con el objetivo de hacerlo m\u00e1s sostenible favoreciendo la econom\u00eda circular y permitiendo la obtenci\u00f3n de alimentos sanos y de calidad.<\/p>\n<p>Con el nacimiento de C\u00e1tedra, se pretende establecer las bases de colaboraci\u00f3n cient\u00edfico-educativa en el desarrollo de programas que potencien la investigaci\u00f3n, la transferencia del conocimiento, la formaci\u00f3n, la proyecci\u00f3n internacional y la cooperaci\u00f3n entre la empresa y la Universidad, a trav\u00e9s acciones vinculadas a Investigaci\u00f3n, Transferencia del conocimiento y Formaci\u00f3n.<\/p>\n<p>De este modo se pretende premiar los mejores trabajos de alumnos que finalizan su formaci\u00f3n en la Universidad de Huelva, apoyar mediante la financiaci\u00f3n a grupos y proyectos de investigaci\u00f3n en el \u00e1mbito de la colaboraci\u00f3n cient\u00edfico-tecnol\u00f3gica entre la Universidad de Huelva y la empresa Fertinagro-Biotech y la divulgaci\u00f3n mediante la organizaci\u00f3n de jornadas, conferencias y cursos de todos aquellos aspectos relacionados con las l\u00edneas de trabajo e inter\u00e9s de la C\u00e1tedra.<\/p>\n<p>[\/et_pb_text][\/et_pb_column][et_pb_column type=\u00bb1_2&#8243; _builder_version=\u00bb4.16&#8243; _module_preset=\u00bbdefault\u00bb custom_padding=\u00bb|||\u00bb global_colors_info=\u00bb{}\u00bb custom_padding__hover=\u00bb|||\u00bb][et_pb_text _builder_version=\u00bb4.17.3&#8243; _module_preset=\u00bbdefault\u00bb hover_enabled=\u00bb0&#8243; sticky_enabled=\u00bb0&#8243;]<\/p>\n<p>&nbsp;<\/p>\n<p>&nbsp;<\/p>\n<p>&nbsp;<\/p>\n<p>[\/et_pb_text][et_pb_image src=\u00bbhttps:\/\/www.uhu.es\/catedra-fertinagro\/wp-content\/uploads\/Logo-Catedra-Color-Horizontal.png\u00bb align_tablet=\u00bbcenter\u00bb align_phone=\u00bbcenter\u00bb align_last_edited=\u00bbon|desktop\u00bb _builder_version=\u00bb4.17.3&#8243; _module_preset=\u00bbdefault\u00bb animation_style=\u00bbzoom\u00bb hover_enabled=\u00bb0&#8243; animation=\u00bbleft\u00bb global_colors_info=\u00bb{}\u00bb title_text=\u00bbLogo-Catedra-Color-Horizontal\u00bb sticky_enabled=\u00bb0&#8243;][\/et_pb_image][\/et_pb_column][\/et_pb_row][\/et_pb_section]<\/p>\n","protected":false},"excerpt":{"rendered":"<p>La C\u00e1tedra Fertinagro Biotech de alimentaci\u00f3n y sostenibilidad se crea en el a\u00f1o 2021 como un instrumento de colaboraci\u00f3n entre la Universidad de Huelva y Fertinagro Biotech, S.L, a trav\u00e9s de la que se canalizar\u00e1n de forma general actividades propias de la Universidad acordadas en el seno del Consejo de C\u00e1tedra. La finalidad de esta [&hellip;]<\/p>\n","protected":false},"author":1,"featured_media":0,"parent":0,"menu_order":0,"comment_status":"closed","ping_status":"closed","template":"","meta":{"_et_pb_use_builder":"on","_et_pb_old_content":"","_et_gb_content_width":""},"_links":{"self":[{"href":"https:\/\/www.uhu.es\/catedra-fertinagro\/index.php?rest_route=\/wp\/v2\/pages\/89"}],"collection":[{"href":"https:\/\/www.uhu.es\/catedra-fertinagro\/index.php?rest_route=\/wp\/v2\/pages"}],"about":[{"href":"https:\/\/www.uhu.es\/catedra-fertinagro\/index.php?rest_route=\/wp\/v2\/types\/page"}],"author":[{"embeddable":true,"href":"https:\/\/www.uhu.es\/catedra-fertinagro\/index.php?rest_route=\/wp\/v2\/users\/1"}],"replies":[{"embeddable":true,"href":"https:\/\/www.uhu.es\/catedra-fertinagro\/index.php?rest_route=%2Fwp%2Fv2%2Fcomments&post=89"}],"version-history":[{"count":6,"href":"https:\/\/www.uhu.es\/catedra-fertinagro\/index.php?rest_route=\/wp\/v2\/pages\/89\/revisions"}],"predecessor-version":[{"id":98,"href":"https:\/\/www.uhu.es\/catedra-fertinagro\/index.php?rest_route=\/wp\/v2\/pages\/89\/revisions\/98"}],"wp:attachment":[{"href":"https:\/\/www.uhu.es\/catedra-fertinagro\/index.php?rest_route=%2Fwp%2Fv2%2Fmedia&parent=89"}],"curies":[{"name":"wp","href":"https:\/\/api.w.org\/{rel}","templated":true}]}}