{"id":144,"date":"2023-12-14T10:05:02","date_gmt":"2023-12-14T09:05:02","guid":{"rendered":"https:\/\/www.uhu.es\/catedra-genero-campoamor\/?page_id=144"},"modified":"2023-12-14T11:46:11","modified_gmt":"2023-12-14T10:46:11","slug":"premios-tfms-y-tesis-doctorales-catedra-clara-campoamor","status":"publish","type":"page","link":"https:\/\/www.uhu.es\/catedra-genero-campoamor\/premios-tfms-y-tesis-doctorales-catedra-clara-campoamor\/","title":{"rendered":"Premios TFMs y Tesis Doctorales Catedra Clara Campoamor"},"content":{"rendered":"<p>[et_pb_section fb_built=\u00bb1&#8243; _builder_version=\u00bb4.17.3&#8243; _module_preset=\u00bbdefault\u00bb background_color=\u00bbgcid-93b9d874-7f68-47d3-8771-5fbe336d6b66&#8243; background_enable_pattern_style=\u00bbon\u00bb background_pattern_style=\u00bbsmiles\u00bb global_colors_info=\u00bb{%22gcid-93b9d874-7f68-47d3-8771-5fbe336d6b66%22:%91%22background_color%22%93}\u00bb theme_builder_area=\u00bbpost_content\u00bb][et_pb_row _builder_version=\u00bb4.17.3&#8243; _module_preset=\u00bbdefault\u00bb global_colors_info=\u00bb{}\u00bb theme_builder_area=\u00bbpost_content\u00bb][et_pb_column type=\u00bb4_4&#8243; _builder_version=\u00bb4.17.3&#8243; _module_preset=\u00bbdefault\u00bb global_colors_info=\u00bb{}\u00bb theme_builder_area=\u00bbpost_content\u00bb][et_pb_text _builder_version=\u00bb4.17.3&#8243; _module_preset=\u00bbdefault\u00bb header_font=\u00bbPlayfair Display||||||||\u00bb header_text_color=\u00bb#FFFFFF\u00bb header_font_size=\u00bb41px\u00bb global_colors_info=\u00bb{}\u00bb theme_builder_area=\u00bbpost_content\u00bb]<\/p>\n<h1>Premios TFMs y Tesis Doctorales Catedra Clara Campoamor<\/h1>\n<p>[\/et_pb_text][\/et_pb_column][\/et_pb_row][\/et_pb_section][et_pb_section fb_built=\u00bb1&#8243; _builder_version=\u00bb4.17.3&#8243; _module_preset=\u00bbdefault\u00bb custom_padding=\u00bb||165px|||\u00bb global_colors_info=\u00bb{}\u00bb theme_builder_area=\u00bbpost_content\u00bb][et_pb_row _builder_version=\u00bb4.17.3&#8243; _module_preset=\u00bbdefault\u00bb global_colors_info=\u00bb{}\u00bb theme_builder_area=\u00bbpost_content\u00bb][et_pb_column type=\u00bb4_4&#8243; _builder_version=\u00bb4.17.3&#8243; _module_preset=\u00bbdefault\u00bb global_colors_info=\u00bb{}\u00bb theme_builder_area=\u00bbpost_content\u00bb][et_pb_text _builder_version=\u00bb4.17.3&#8243; _module_preset=\u00bbdefault\u00bb global_colors_info=\u00bb{}\u00bb theme_builder_area=\u00bbpost_content\u00bb]<\/p>\n<h2><span style=\"font-size: x-large;\">PREMIOS \u201cCLARA CAMPOAMOR\u201d A<br \/>TRABAJOS FIN DE M\u00c1STER Y TESIS DOCTORALES DE LA C\u00c1TEDRA DE ESTUDIOS DE<br \/>G\u00c9NERO \u201cCLARA CAMPOAMOR\u201d DE LA UNIVERSIDAD DE HUELVA<\/span><\/h2>\n<p>[\/et_pb_text][et_pb_text _builder_version=\u00bb4.17.3&#8243; _module_preset=\u00bbdefault\u00bb global_colors_info=\u00bb{}\u00bb theme_builder_area=\u00bbpost_content\u00bb]<\/p>\n<p>Con el fin de valorar y estimular la labor investigadora de los\/las estudiantes universitarios, la<br \/>Universidad de Huelva, a trav\u00e9s del Vicerrectorado de Innovaci\u00f3n y Empleabilidad, y la C\u00e1tedra<br \/>de Estudios de G\u00e9nero \u201cClara Campoamor\u201d convocan la I Edici\u00f3n de los Premios \u201cClara<br \/>Campoamor\u201d a Trabajos Fin de M\u00e1ster y Tesis Doctorales realizados en la Universidad de Huelva<br \/>y que podr\u00e1n versar sobre cualquier materia o disciplina con perspectiva de g\u00e9nero, tanto en su<br \/>metodolog\u00eda como en su aproximaci\u00f3n cr\u00edtica.<\/p>\n<p>[\/et_pb_text][et_pb_button button_url=\u00bbhttps:\/\/www.uhu.es\/catedra-genero-campoamor\/wp-content\/uploads\/2023\/12\/Convocatoria-Premios-TFMs-y-Tesis-Doctorales-Catedra-Clara-Campoamor.pdf\u00bb button_text=\u00bbCONVOCATORIA DE PREMIOS \u201cCLARA CAMPOAMOR\u201d A TRABAJOS FIN DE M\u00c1STER Y TESIS DOCTORALES DE LA C\u00c1TEDRA DE ESTUDIOS DE G\u00c9NERO \u201cCLARA CAMPOAMOR\u201d\u00bb _builder_version=\u00bb4.17.3&#8243; _module_preset=\u00bbdefault\u00bb hover_enabled=\u00bb0&#8243; global_colors_info=\u00bb{}\u00bb theme_builder_area=\u00bbpost_content\u00bb sticky_enabled=\u00bb0&#8243;][\/et_pb_button][\/et_pb_column][\/et_pb_row][\/et_pb_section]<\/p>\n","protected":false},"excerpt":{"rendered":"<p>Premios TFMs y Tesis Doctorales Catedra Clara CampoamorPREMIOS \u201cCLARA CAMPOAMOR\u201d ATRABAJOS FIN DE M\u00c1STER Y TESIS DOCTORALES DE LA C\u00c1TEDRA DE ESTUDIOS DEG\u00c9NERO \u201cCLARA CAMPOAMOR\u201d DE LA UNIVERSIDAD DE HUELVACon el fin de valorar y estimular la labor investigadora de los\/las estudiantes universitarios, laUniversidad de Huelva, a trav\u00e9s del Vicerrectorado de Innovaci\u00f3n y Empleabilidad, y [&hellip;]<\/p>\n","protected":false},"author":1,"featured_media":0,"parent":0,"menu_order":0,"comment_status":"closed","ping_status":"closed","template":"","meta":{"_et_pb_use_builder":"on","_et_pb_old_content":"","_et_gb_content_width":"","footnotes":""},"_links":{"self":[{"href":"https:\/\/www.uhu.es\/catedra-genero-campoamor\/wp-json\/wp\/v2\/pages\/144"}],"collection":[{"href":"https:\/\/www.uhu.es\/catedra-genero-campoamor\/wp-json\/wp\/v2\/pages"}],"about":[{"href":"https:\/\/www.uhu.es\/catedra-genero-campoamor\/wp-json\/wp\/v2\/types\/page"}],"author":[{"embeddable":true,"href":"https:\/\/www.uhu.es\/catedra-genero-campoamor\/wp-json\/wp\/v2\/users\/1"}],"replies":[{"embeddable":true,"href":"https:\/\/www.uhu.es\/catedra-genero-campoamor\/wp-json\/wp\/v2\/comments?post=144"}],"version-history":[{"count":2,"href":"https:\/\/www.uhu.es\/catedra-genero-campoamor\/wp-json\/wp\/v2\/pages\/144\/revisions"}],"predecessor-version":[{"id":151,"href":"https:\/\/www.uhu.es\/catedra-genero-campoamor\/wp-json\/wp\/v2\/pages\/144\/revisions\/151"}],"wp:attachment":[{"href":"https:\/\/www.uhu.es\/catedra-genero-campoamor\/wp-json\/wp\/v2\/media?parent=144"}],"curies":[{"name":"wp","href":"https:\/\/api.w.org\/{rel}","templated":true}]}}