{"id":17,"date":"2023-11-16T13:30:53","date_gmt":"2023-11-16T12:30:53","guid":{"rendered":"https:\/\/www.uhu.es\/catedra-genero-campoamor\/?page_id=17"},"modified":"2026-04-21T11:35:38","modified_gmt":"2026-04-21T09:35:38","slug":"17-2","status":"publish","type":"page","link":"https:\/\/www.uhu.es\/catedra-genero-campoamor\/","title":{"rendered":"Inicio"},"content":{"rendered":"<p>[et_pb_section fb_built=\u00bb1&#8243; admin_label=\u00bbHero Section\u00bb _builder_version=\u00bb4.17.3&#8243; _module_preset=\u00bbdefault\u00bb background_color=\u00bbgcid-93b9d874-7f68-47d3-8771-5fbe336d6b66&#8243; min_height=\u00bb614.2px\u00bb custom_padding=\u00bb45px|0px|0px|0px||\u00bb animation_style=\u00bbslide\u00bb animation_direction=\u00bbtop\u00bb animation_intensity_slide=\u00bb2%\u00bb animation_starting_opacity=\u00bb100%\u00bb global_colors_info=\u00bb{%22gcid-93b9d874-7f68-47d3-8771-5fbe336d6b66%22:%91%22background_color%22%93}\u00bb][et_pb_row column_structure=\u00bb1_2,1_2&#8243; _builder_version=\u00bb4.16&#8243; _module_preset=\u00bbdefault\u00bb max_width=\u00bb1440px\u00bb use_custom_width=\u00bbon\u00bb custom_width_px=\u00bb1440px\u00bb global_colors_info=\u00bb{}\u00bb][et_pb_column type=\u00bb1_2&#8243; _builder_version=\u00bb4.16&#8243; _module_preset=\u00bbdefault\u00bb custom_padding=\u00bb|||\u00bb global_colors_info=\u00bb{}\u00bb custom_padding__hover=\u00bb|||\u00bb][et_pb_image src=\u00bbhttps:\/\/www.uhu.es\/catedra-genero-campoamor\/wp-content\/uploads\/2023\/11\/retrato.png\u00bb title_text=\u00bbretrato\u00bb _builder_version=\u00bb4.17.3&#8243; _module_preset=\u00bbdefault\u00bb min_height=\u00bb685px\u00bb custom_margin=\u00bb-69px|42px|-225px|||\u00bb custom_padding=\u00bb0px||0px|96px||\u00bb global_colors_info=\u00bb{}\u00bb][\/et_pb_image][\/et_pb_column][et_pb_column type=\u00bb1_2&#8243; _builder_version=\u00bb4.16&#8243; _module_preset=\u00bbdefault\u00bb custom_padding=\u00bb40px|||\u00bb global_colors_info=\u00bb{}\u00bb custom_padding__hover=\u00bb|||\u00bb][et_pb_text _builder_version=\u00bb4.17.3&#8243; _module_preset=\u00bbdefault\u00bb text_font=\u00bb||||||||\u00bb header_font=\u00bbPlayfair Display|700|||||||\u00bb header_text_color=\u00bb#ffffff\u00bb header_font_size=\u00bb60px\u00bb header_line_height=\u00bb1.5em\u00bb header_2_font=\u00bbPlayfair Display||||||||\u00bb header_2_text_color=\u00bb#FFFFFF\u00bb header_2_font_size=\u00bb32px\u00bb header_3_font=\u00bb||||||||\u00bb header_3_text_color=\u00bb#FFFFFF\u00bb header_3_font_size=\u00bb14px\u00bb header_4_font=\u00bb||||||||\u00bb header_5_font=\u00bb||||||||\u00bb header_6_font=\u00bb||||||||\u00bb custom_margin=\u00bb||-38px|||\u00bb locked=\u00bboff\u00bb global_colors_info=\u00bb{}\u00bb]<\/p>\n<h3>UNIVERSIDAD DE HUELVA<\/h3>\n<h2>C\u00e1tedra de Estudios de G\u00e9nero<\/h2>\n<h1>CLARA CAMPOAMOR<\/h1>\n<p>&nbsp;<\/p>\n<p>[\/et_pb_text][et_pb_divider color=\u00bb#f7d584&#8243; divider_weight=\u00bb3px\u00bb disabled_on=\u00bbon|on|off\u00bb _builder_version=\u00bb4.16&#8243; _module_preset=\u00bbdefault\u00bb max_width=\u00bb80px\u00bb module_alignment=\u00bbleft\u00bb height=\u00bb10px\u00bb custom_margin=\u00bb||20px|\u00bb animation_style=\u00bbslide\u00bb animation_direction=\u00bbbottom\u00bb saved_tabs=\u00bball\u00bb locked=\u00bboff\u00bb global_colors_info=\u00bb{}\u00bb][\/et_pb_divider][et_pb_image src=\u00bbhttps:\/\/www.uhu.es\/catedra-genero-campoamor\/wp-content\/uploads\/2023\/11\/logo-completo-texto-blanco.png\u00bb title_text=\u00bblogo completo texto blanco\u00bb _builder_version=\u00bb4.17.3&#8243; _module_preset=\u00bbdefault\u00bb custom_margin=\u00bb-7px|||||\u00bb custom_padding=\u00bb0px|||||\u00bb global_colors_info=\u00bb{}\u00bb][\/et_pb_image][\/et_pb_column][\/et_pb_row][\/et_pb_section][et_pb_section fb_built=\u00bb1&#8243; _builder_version=\u00bb4.17.3&#8243; _module_preset=\u00bbdefault\u00bb background_color=\u00bb#c8b8bf\u00bb custom_padding=\u00bb3px||4px|||\u00bb global_colors_info=\u00bb{}\u00bb][et_pb_row column_structure=\u00bb1_2,1_2&#8243; _builder_version=\u00bb4.17.3&#8243; _module_preset=\u00bbdefault\u00bb width=\u00bb84.3%\u00bb custom_margin=\u00bb|184px||auto||\u00bb global_colors_info=\u00bb{}\u00bb][et_pb_column type=\u00bb1_2&#8243; _builder_version=\u00bb4.17.3&#8243; _module_preset=\u00bbdefault\u00bb global_colors_info=\u00bb{}\u00bb][\/et_pb_column][et_pb_column type=\u00bb1_2&#8243; _builder_version=\u00bb4.17.3&#8243; _module_preset=\u00bbdefault\u00bb global_colors_info=\u00bb{}\u00bb][et_pb_text _builder_version=\u00bb4.17.3&#8243; _module_preset=\u00bbdefault\u00bb text_font_size=\u00bb19px\u00bb header_font=\u00bbPlayfair Display||||||||\u00bb header_text_align=\u00bbcenter\u00bb header_text_color=\u00bb#FFFFFF\u00bb header_font_size=\u00bb31px\u00bb header_2_font=\u00bbPlayfair Display||||||||\u00bb header_2_text_align=\u00bbcenter\u00bb header_2_text_color=\u00bb#FFFFFF\u00bb header_2_font_size=\u00bb22px\u00bb custom_margin=\u00bb|||-249px||\u00bb global_colors_info=\u00bb{}\u00bb]<\/p>\n<h1>C\u00e1tedra de Estudios de G\u00e9nero \u201cClara Campoamor\u201d<\/h1>\n<h2>Contribuye decididamente al compromiso profundo con los Estudios de G\u00e9nero e igualdad de la Universidad de Huelva y la Diputaci\u00f3n de Huelva<\/h2>\n<p>[\/et_pb_text][\/et_pb_column][\/et_pb_row][\/et_pb_section][et_pb_section fb_built=\u00bb1&#8243; fullwidth=\u00bbon\u00bb _builder_version=\u00bb4.17.3&#8243; _module_preset=\u00bbdefault\u00bb custom_margin=\u00bb-11px|||||\u00bb global_colors_info=\u00bb{}\u00bb][\/et_pb_section][et_pb_section fb_built=\u00bb1&#8243; admin_label=\u00bbAbout Us \u00bb _builder_version=\u00bb4.16&#8243; _module_preset=\u00bbdefault\u00bb custom_margin=\u00bb-23px|||||\u00bb custom_padding=\u00bb35px|0px|0px|0px||\u00bb global_colors_info=\u00bb{}\u00bb][et_pb_row column_structure=\u00bb1_2,1_2&#8243; _builder_version=\u00bb4.17.3&#8243; _module_preset=\u00bbdefault\u00bb custom_margin=\u00bb-65px|auto||auto||\u00bb custom_padding=\u00bb18px|||||\u00bb global_colors_info=\u00bb{}\u00bb][et_pb_column type=\u00bb1_2&#8243; _builder_version=\u00bb4.17.3&#8243; _module_preset=\u00bbdefault\u00bb global_colors_info=\u00bb{}\u00bb][et_pb_video src=\u00bbhttps:\/\/www.uhu.es\/catedra-genero-campoamor\/wp-content\/uploads\/2023\/12\/Vi\u0301deo-Ca\u0301tedra-Clara-Campoamor-def.m4v\u00bb _builder_version=\u00bb4.17.3&#8243; _module_preset=\u00bbdefault\u00bb custom_padding=\u00bb28px|||||\u00bb global_colors_info=\u00bb{}\u00bb][\/et_pb_video][et_pb_image src=\u00bbhttps:\/\/www.uhu.es\/catedra-genero-campoamor\/wp-content\/uploads\/2023\/11\/LOGO-CLARA-CARA.png\u00bb title_text=\u00bbLOGO-CLARA-CARA\u00bb align_tablet=\u00bbcenter\u00bb align_phone=\u00bbcenter\u00bb align_last_edited=\u00bbon|desktop\u00bb _builder_version=\u00bb4.17.3&#8243; _module_preset=\u00bbdefault\u00bb width=\u00bb50%\u00bb max_width=\u00bb50%\u00bb module_alignment=\u00bbcenter\u00bb custom_margin=\u00bb-20px||-20px|\u00bb custom_padding=\u00bb|||\u00bb animation_style=\u00bbzoom\u00bb animation_direction=\u00bbleft\u00bb animation_intensity_zoom=\u00bb10%\u00bb animation_starting_opacity=\u00bb100%\u00bb global_colors_info=\u00bb{}\u00bb][\/et_pb_image][et_pb_text _builder_version=\u00bb4.17.3&#8243; _module_preset=\u00bbdefault\u00bb text_font=\u00bbPoppins||||||||\u00bb text_text_color=\u00bbrgba(0,0,0,0.4)\u00bb text_font_size=\u00bb16px\u00bb text_line_height=\u00bb1.9em\u00bb header_font=\u00bb||||||||\u00bb header_2_font=\u00bb||||||||\u00bb module_alignment=\u00bbcenter\u00bb custom_margin=\u00bb||3px|||\u00bb global_colors_info=\u00bb{}\u00bb]<\/p>\n<p><span>La activista feminista, abogada y diputada\u00a0 del Partido Radical, Clara Campoamor es la mayor reformista en la historia de Espa\u00f1a en relaci\u00f3n con extender el derecho de voto a las mujeres.<\/span><\/p>\n<p>[\/et_pb_text][et_pb_button button_url=\u00bbhttps:\/\/www.uhu.es\/catedra-genero-campoamor\/clara-campoamor\/\u00bb button_text=\u00bbVer\u00bb button_alignment=\u00bbcenter\u00bb _builder_version=\u00bb4.17.3&#8243; _module_preset=\u00bbdefault\u00bb custom_button=\u00bbon\u00bb button_text_size=\u00bb14px\u00bb button_text_color=\u00bb#ffffff\u00bb button_bg_color=\u00bb#fc7086&#8243; button_border_width=\u00bb0px\u00bb button_border_radius=\u00bb0px\u00bb button_letter_spacing=\u00bb2px\u00bb button_font=\u00bbPoppins|600||on|||||\u00bb button_use_icon=\u00bboff\u00bb custom_margin=\u00bb6px|||||\u00bb custom_padding=\u00bb12px|28px|12px|28px\u00bb box_shadow_style=\u00bbpreset1&#8243; box_shadow_vertical=\u00bb10px\u00bb box_shadow_blur=\u00bb30px\u00bb box_shadow_color=\u00bbrgba(252,112,134,0.5)\u00bb button_letter_spacing_hover=\u00bb2px\u00bb global_colors_info=\u00bb{}\u00bb button_text_size__hover_enabled=\u00bboff\u00bb button_one_text_size__hover_enabled=\u00bboff\u00bb button_two_text_size__hover_enabled=\u00bboff\u00bb button_text_color__hover_enabled=\u00bboff\u00bb button_one_text_color__hover_enabled=\u00bboff\u00bb button_two_text_color__hover_enabled=\u00bboff\u00bb button_border_width__hover_enabled=\u00bboff\u00bb button_one_border_width__hover_enabled=\u00bboff\u00bb button_two_border_width__hover_enabled=\u00bboff\u00bb button_border_color__hover_enabled=\u00bboff\u00bb button_one_border_color__hover_enabled=\u00bboff\u00bb button_two_border_color__hover_enabled=\u00bboff\u00bb button_border_radius__hover_enabled=\u00bboff\u00bb button_one_border_radius__hover_enabled=\u00bboff\u00bb button_two_border_radius__hover_enabled=\u00bboff\u00bb button_letter_spacing__hover_enabled=\u00bbon\u00bb button_letter_spacing__hover=\u00bb2px\u00bb button_one_letter_spacing__hover_enabled=\u00bboff\u00bb button_two_letter_spacing__hover_enabled=\u00bboff\u00bb button_bg_color__hover_enabled=\u00bboff\u00bb button_one_bg_color__hover_enabled=\u00bboff\u00bb button_two_bg_color__hover_enabled=\u00bboff\u00bb][\/et_pb_button][et_pb_text _builder_version=\u00bb4.17.3&#8243; _module_preset=\u00bbdefault\u00bb text_font=\u00bbPlayfair Display||||||||\u00bb text_text_color=\u00bb#FFFFFF\u00bb text_font_size=\u00bb22px\u00bb header_text_align=\u00bbcenter\u00bb header_text_color=\u00bb#FFFFFF\u00bb background_color=\u00bb#c8b8bf\u00bb custom_margin=\u00bb-6px|||||\u00bb custom_padding=\u00bb15px||9px|||\u00bb link_option_url=\u00bbhttps:\/\/www.uhu.es\/catedra-genero-campoamor\/wp-content\/uploads\/2023\/12\/Di\u0301ptico_Ca\u0301tedra_def.pdf\u00bb global_colors_info=\u00bb{}\u00bb]<\/p>\n<h1>D\u00cdPTICO<\/h1>\n<p>[\/et_pb_text][\/et_pb_column][et_pb_column type=\u00bb1_2&#8243; _builder_version=\u00bb4.17.3&#8243; _module_preset=\u00bbdefault\u00bb global_colors_info=\u00bb{}\u00bb][et_pb_text _builder_version=\u00bb4.17.3&#8243; _module_preset=\u00bbdefault\u00bb header_font=\u00bbPlayfair Display||||||||\u00bb header_font_size=\u00bb43px\u00bb header_letter_spacing=\u00bb2px\u00bb custom_margin=\u00bb32px|-67px||||\u00bb global_colors_info=\u00bb{}\u00bb]<\/p>\n<h1>Historia de la C\u00e1tedra<\/h1>\n<p>&nbsp;<\/p>\n<p>Fundada el 24 de octubre de 2022, la C\u00e1tedra de Estudios de G\u00e9nero \u201cClara Campoamor\u201d tiene como principal objetivo visibilizar y poner en valor la larga y consolidada trayectoria de los Estudios de G\u00e9nero en la Universidad de Huelva, as\u00ed como la importante colaboraci\u00f3n con la Diputaci\u00f3n de Huelva en materia de igualdad desde hace m\u00e1s de dos d\u00e9cadas. En ese sentido, esta C\u00e1tedra en ambas instituciones Desde que se fundara el Seminario de Estudios de la Mujer en 1996, los Estudios de G\u00e9nero son una clara se\u00f1a de identidad de la propia Universidad de Huelva. Adem\u00e1s, recientemente se han celebrado los 15 a\u00f1os de la puesta en marcha del M\u00e1ster Interuniversitario en Estudios de G\u00e9nero, Identidades y Ciudadan\u00eda, que fue uno de los siete m\u00e1steres pioneros en Espa\u00f1a y el m\u00e1ster decano en Andaluc\u00eda, y que ha recibido muchos premios y reconocimientos como el <em>Premio Meridiana <\/em>a la excelencia del profesorado y programa de posgrado innovador concedido por el Instituto de la Mujer en 2007, <em>Premio Racimo <\/em>otorgado por el Ayuntamiento de Jerez en 2012, <em>Premio Clara Campoamor <\/em>del PSOE en 2013 por el compromiso con la igualdad, en 2015 el <em>Premio Zenobia <\/em>concedido por el \u00c1rea de Igualdad de CC.OO, y el Premio \u201cMujeres Imparables\u201d, precisamente concedido por la Diputaci\u00f3n de Huelva en 2022.<\/p>\n<p>A esto se suma que esta C\u00e1tedra tambi\u00e9n sistematiza una s\u00f3lida y crucial colaboraci\u00f3n con la Diputaci\u00f3n de Huelva y la extensa red de instituciones y entidades que se ha tejido a lo largo de estos 25 a\u00f1os de andadura. En todos estos a\u00f1os se ha colaborado intensamente y extensamente en un significativo trabajo en red que ha dado numerosos frutos tanto en seminarios, congresos, publicaciones, actividades de transferencia y un largo etc\u00e9tera. La C\u00e1tedra de G\u00e9nero viene a incidir directamente en el territorio onubense, y en sus intereses m\u00e1s destacados como son los grandes retos demogr\u00e1ficos, especialmente el despoblamiento rural, especialmente el relevante papel de las mujeres rurales, as\u00ed como las migraciones con perspectiva de g\u00e9nero, el racismo, la trata, las desigualdades laborales, la violencia de g\u00e9nero, etc<\/p>\n<p>[\/et_pb_text][et_pb_text _builder_version=\u00bb4.17.3&#8243; _module_preset=\u00bbdefault\u00bb header_font=\u00bbPlayfair Display||||||||\u00bb custom_margin=\u00bb34px|||||\u00bb global_colors_info=\u00bb{}\u00bb]<\/p>\n<h1><a href=\"https:\/\/www.uhu.es\/catedra-genero-campoamor\/consejo-de-la-catedra\/\">Consejo de C\u00e1tedra<\/a><\/h1>\n<p>[\/et_pb_text][\/et_pb_column][\/et_pb_row][\/et_pb_section][et_pb_section fb_built=\u00bb1&#8243; admin_label=\u00bbCollections\u00bb _builder_version=\u00bb4.16&#8243; _module_preset=\u00bbdefault\u00bb custom_margin=\u00bb-60px|||||\u00bb custom_padding=\u00bb60px|0px|58px|0px||\u00bb global_colors_info=\u00bb{}\u00bb][et_pb_row _builder_version=\u00bb4.17.3&#8243; _module_preset=\u00bbdefault\u00bb custom_padding=\u00bb||4px|||\u00bb global_colors_info=\u00bb{}\u00bb][et_pb_column type=\u00bb4_4&#8243; _builder_version=\u00bb4.17.3&#8243; _module_preset=\u00bbdefault\u00bb global_colors_info=\u00bb{}\u00bb][et_pb_text _builder_version=\u00bb4.16&#8243; _module_preset=\u00bbdefault\u00bb text_font=\u00bb||||||||\u00bb header_font=\u00bb||||||||\u00bb header_text_align=\u00bbleft\u00bb header_text_color=\u00bb#2b2b2b\u00bb header_line_height=\u00bb1.3em\u00bb header_2_font=\u00bbPlayfair Display|700|||||||\u00bb header_2_text_align=\u00bbleft\u00bb header_2_text_color=\u00bb#2b2b2b\u00bb header_2_font_size=\u00bb42px\u00bb header_2_line_height=\u00bb1.5em\u00bb text_orientation=\u00bbcenter\u00bb width=\u00bb100%\u00bb module_alignment=\u00bbcenter\u00bb custom_margin=\u00bb||10px|\u00bb locked=\u00bboff\u00bb global_colors_info=\u00bb{}\u00bb]<\/p>\n<h2>Pr\u00f3ximas Actividades<\/h2>\n<p>[\/et_pb_text][et_pb_divider color=\u00bb#f7d584&#8243; divider_weight=\u00bb3px\u00bb disabled_on=\u00bbon|on|off\u00bb _builder_version=\u00bb4.16&#8243; _module_preset=\u00bbdefault\u00bb max_width=\u00bb80px\u00bb module_alignment=\u00bbleft\u00bb height=\u00bb10px\u00bb custom_margin=\u00bb||20px|\u00bb animation_style=\u00bbslide\u00bb animation_direction=\u00bbbottom\u00bb saved_tabs=\u00bball\u00bb locked=\u00bboff\u00bb global_colors_info=\u00bb{}\u00bb][\/et_pb_divider][\/et_pb_column][\/et_pb_row][et_pb_row column_structure=\u00bb1_3,1_3,1_3&#8243; _builder_version=\u00bb4.16&#8243; _module_preset=\u00bbdefault\u00bb custom_margin=\u00bb|auto|-33px|auto||\u00bb custom_padding=\u00bb6px|||||\u00bb global_colors_info=\u00bb{}\u00bb][et_pb_column type=\u00bb1_3&#8243; _builder_version=\u00bb4.16&#8243; _module_preset=\u00bbdefault\u00bb custom_padding=\u00bb|||\u00bb global_colors_info=\u00bb{}\u00bb custom_padding__hover=\u00bb|||\u00bb][et_pb_image src=\u00bbhttps:\/\/www.uhu.es\/catedra-genero-campoamor\/wp-content\/uploads\/2026\/04\/ACTIVIDAD_27_ABRIL.jpg\u00bb _builder_version=\u00bb4.17.3&#8243; _module_preset=\u00bbdefault\u00bb title_text=\u00bbACTIVIDAD_27_ABRIL\u00bb hover_enabled=\u00bb0&#8243; sticky_enabled=\u00bb0&#8243; border_radii=\u00bbon|1px|1px|1px|1px\u00bb border_width_all=\u00bb1px\u00bb url=\u00bb@ET-DC@eyJkeW5hbWljIjp0cnVlLCJjb250ZW50IjoicG9zdF9saW5rX3VybF9wYWdlIiwic2V0dGluZ3MiOnsicG9zdF9pZCI6IjM5NyJ9fQ==@\u00bb _dynamic_attributes=\u00bburl\u00bb][\/et_pb_image][\/et_pb_column][et_pb_column type=\u00bb1_3&#8243; _builder_version=\u00bb4.17.3&#8243; _module_preset=\u00bbdefault\u00bb global_colors_info=\u00bb{}\u00bb][et_pb_image src=\u00bbhttps:\/\/www.uhu.es\/catedra-genero-campoamor\/wp-content\/uploads\/2026\/04\/Seminario-mujer-latinoamericana-mujer-andaluza.png\u00bb _builder_version=\u00bb4.17.3&#8243; _module_preset=\u00bbdefault\u00bb title_text=\u00bbSeminario mujer latinoamericana-mujer andaluza\u00bb hover_enabled=\u00bb0&#8243; sticky_enabled=\u00bb0&#8243; width=\u00bb89%\u00bb border_radii=\u00bbon|1px|1px|1px|1px\u00bb border_width_all=\u00bb1px\u00bb url=\u00bb@ET-DC@eyJkeW5hbWljIjp0cnVlLCJjb250ZW50IjoicG9zdF9saW5rX3VybF9wYWdlIiwic2V0dGluZ3MiOnsicG9zdF9pZCI6IjM5NyJ9fQ==@\u00bb _dynamic_attributes=\u00bburl\u00bb][\/et_pb_image][\/et_pb_column][et_pb_column type=\u00bb1_3&#8243; _builder_version=\u00bb4.17.3&#8243; _module_preset=\u00bbdefault\u00bb global_colors_info=\u00bb{}\u00bb][et_pb_image src=\u00bbhttps:\/\/www.uhu.es\/catedra-genero-campoamor\/wp-content\/uploads\/2026\/03\/TEATRO3.jpg\u00bb title_text=\u00bbTEATRO3&#8243; url=\u00bb@ET-DC@eyJkeW5hbWljIjp0cnVlLCJjb250ZW50IjoicG9zdF9saW5rX3VybF9wYWdlIiwic2V0dGluZ3MiOnsicG9zdF9pZCI6IjM5NyJ9fQ==@\u00bb _builder_version=\u00bb4.17.3&#8243; _dynamic_attributes=\u00bburl\u00bb _module_preset=\u00bbdefault\u00bb width=\u00bb100%\u00bb module_alignment=\u00bbcenter\u00bb hover_enabled=\u00bb0&#8243; border_radii=\u00bbon|1px|1px|1px|1px\u00bb border_width_all=\u00bb1px\u00bb global_colors_info=\u00bb{}\u00bb sticky_enabled=\u00bb0&#8243;][\/et_pb_image][\/et_pb_column][\/et_pb_row][\/et_pb_section][et_pb_section fb_built=\u00bb1&#8243; prev_background_color=\u00bb#ffffff\u00bb _builder_version=\u00bb4.17.3&#8243; _module_preset=\u00bbdefault\u00bb background_image=\u00bbhttps:\/\/www.uhu.es\/catedra-genero-campoamor\/wp-content\/uploads\/2023\/11\/fondo_foot.png\u00bb custom_margin=\u00bb-28px|||||\u00bb custom_padding=\u00bb194px||163px|||\u00bb top_divider_style=\u00bbwave2&#8243; top_divider_height=\u00bb42px\u00bb global_colors_info=\u00bb{}\u00bb][et_pb_row _builder_version=\u00bb4.17.3&#8243; _module_preset=\u00bbdefault\u00bb global_colors_info=\u00bb{}\u00bb][et_pb_column type=\u00bb4_4&#8243; _builder_version=\u00bb4.17.3&#8243; _module_preset=\u00bbdefault\u00bb global_colors_info=\u00bb{}\u00bb][et_pb_image src=\u00bbhttps:\/\/www.uhu.es\/catedra-genero-campoamor\/wp-content\/uploads\/2023\/11\/universidad-de-huelva-texto-blanco-horizontal.png\u00bb title_text=\u00bbuniversidad-de-huelva-texto-blanco-horizontal\u00bb align=\u00bbcenter\u00bb _builder_version=\u00bb4.17.3&#8243; _module_preset=\u00bbdefault\u00bb custom_margin=\u00bb138px||-169px|||\u00bb global_colors_info=\u00bb{}\u00bb][\/et_pb_image][\/et_pb_column][\/et_pb_row][\/et_pb_section]<\/p>\n","protected":false},"excerpt":{"rendered":"<p>UNIVERSIDAD DE HUELVA C\u00e1tedra de Estudios de G\u00e9nero CLARA CAMPOAMOR &nbsp;C\u00e1tedra de Estudios de G\u00e9nero \u201cClara Campoamor\u201d Contribuye decididamente al compromiso profundo con los Estudios de G\u00e9nero e igualdad de la Universidad de Huelva y la Diputaci\u00f3n de HuelvaLa activista feminista, abogada y diputada\u00a0 del Partido Radical, Clara Campoamor es la mayor reformista en la [&hellip;]<\/p>\n","protected":false},"author":1,"featured_media":0,"parent":0,"menu_order":0,"comment_status":"closed","ping_status":"closed","template":"","meta":{"_et_pb_use_builder":"on","_et_pb_old_content":"","_et_gb_content_width":"","footnotes":""},"_links":{"self":[{"href":"https:\/\/www.uhu.es\/catedra-genero-campoamor\/wp-json\/wp\/v2\/pages\/17"}],"collection":[{"href":"https:\/\/www.uhu.es\/catedra-genero-campoamor\/wp-json\/wp\/v2\/pages"}],"about":[{"href":"https:\/\/www.uhu.es\/catedra-genero-campoamor\/wp-json\/wp\/v2\/types\/page"}],"author":[{"embeddable":true,"href":"https:\/\/www.uhu.es\/catedra-genero-campoamor\/wp-json\/wp\/v2\/users\/1"}],"replies":[{"embeddable":true,"href":"https:\/\/www.uhu.es\/catedra-genero-campoamor\/wp-json\/wp\/v2\/comments?post=17"}],"version-history":[{"count":33,"href":"https:\/\/www.uhu.es\/catedra-genero-campoamor\/wp-json\/wp\/v2\/pages\/17\/revisions"}],"predecessor-version":[{"id":429,"href":"https:\/\/www.uhu.es\/catedra-genero-campoamor\/wp-json\/wp\/v2\/pages\/17\/revisions\/429"}],"wp:attachment":[{"href":"https:\/\/www.uhu.es\/catedra-genero-campoamor\/wp-json\/wp\/v2\/media?parent=17"}],"curies":[{"name":"wp","href":"https:\/\/api.w.org\/{rel}","templated":true}]}}