{"id":299,"date":"2025-02-06T11:51:55","date_gmt":"2025-02-06T10:51:55","guid":{"rendered":"https:\/\/www.uhu.es\/catedra-genero-campoamor\/?page_id=299"},"modified":"2025-02-06T13:02:40","modified_gmt":"2025-02-06T12:02:40","slug":"299-2","status":"publish","type":"page","link":"https:\/\/www.uhu.es\/catedra-genero-campoamor\/299-2\/","title":{"rendered":"Actividades 2024"},"content":{"rendered":"<p>[et_pb_section fb_built=\u00bb1&#8243; _builder_version=\u00bb4.17.3&#8243; _module_preset=\u00bbdefault\u00bb background_color=\u00bbgcid-93b9d874-7f68-47d3-8771-5fbe336d6b66&#8243; background_enable_pattern_style=\u00bbon\u00bb background_pattern_style=\u00bbsmiles\u00bb global_colors_info=\u00bb{%22gcid-93b9d874-7f68-47d3-8771-5fbe336d6b66%22:%91%22background_color%22%93}\u00bb][et_pb_row _builder_version=\u00bb4.17.3&#8243; _module_preset=\u00bbdefault\u00bb global_colors_info=\u00bb{}\u00bb][et_pb_column type=\u00bb4_4&#8243; _builder_version=\u00bb4.17.3&#8243; _module_preset=\u00bbdefault\u00bb global_colors_info=\u00bb{}\u00bb][et_pb_text _builder_version=\u00bb4.17.3&#8243; _module_preset=\u00bbdefault\u00bb header_font=\u00bbPlayfair Display||||||||\u00bb header_text_color=\u00bb#FFFFFF\u00bb header_font_size=\u00bb41px\u00bb global_colors_info=\u00bb{}\u00bb]<\/p>\n<h1>Actividades 2024<\/h1>\n<p>[\/et_pb_text][\/et_pb_column][\/et_pb_row][\/et_pb_section][et_pb_section fb_built=\u00bb1&#8243; _builder_version=\u00bb4.17.3&#8243; _module_preset=\u00bbdefault\u00bb custom_padding=\u00bb16px|||||\u00bb global_colors_info=\u00bb{}\u00bb][et_pb_row _builder_version=\u00bb4.17.3&#8243; _module_preset=\u00bbdefault\u00bb global_colors_info=\u00bb{}\u00bb][et_pb_column type=\u00bb4_4&#8243; _builder_version=\u00bb4.17.3&#8243; _module_preset=\u00bbdefault\u00bb global_colors_info=\u00bb{}\u00bb][et_pb_text _builder_version=\u00bb4.17.3&#8243; _module_preset=\u00bbdefault\u00bb hover_enabled=\u00bb0&#8243; global_colors_info=\u00bb{}\u00bb sticky_enabled=\u00bb0&#8243;]<\/p>\n<p class=\"p1\"><b>\u00a0<\/b><\/p>\n<div><strong>Transformando el sistema de cuidados<\/strong><\/div>\n<div><span>Evento: Una indagaci\u00f3n con Social Presencing Theater<\/span><\/div>\n<div><span>Fecha: 7 de marzo<\/span><\/div>\n<div><span>Hora: 16:30 &#8211; 18:00<\/span><\/div>\n<div><span>Lugar: Sal\u00f3n de Actos, Facultad de Derecho, Universidad de Huelva<\/span><\/div>\n<div><span><\/span><\/div>\n<div><span><\/span><\/div>\n<div><span><\/span><\/div>\n<div><span><\/span><\/div>\n<div><span><\/span><\/div>\n<div><span><\/span><\/div>\n<div><span><\/span><\/div>\n<div><span><img decoding=\"async\" loading=\"lazy\" src=\"https:\/\/www.uhu.es\/catedra-genero-campoamor\/wp-content\/uploads\/2025\/02\/transformadosistemacuidados-213x300.png\" width=\"213\" height=\"300\" alt=\"\" class=\"wp-image-305 alignnone size-medium\" style=\"display: block; margin-left: auto; margin-right: auto;\" \/><\/span><\/div>\n<p class=\"p1\"><b><\/b><\/p>\n<p><b> <\/b><\/p>\n<p><b><\/b><\/p>\n<hr \/>\n<div><strong>Exposici\u00f3n Fotogr\u00e1fica \u201cLas mujeres tambi\u00e9n investigamos: fomentando vocaciones cient\u00edficas\u201d<\/strong><\/div>\n<div><span>Fecha: 8 &#8211; 15 de abril<\/span><\/div>\n<div><span>Lugar: Hall de la Facultad de Ciencias Experimentales, Universidad de Huelva<\/span><\/div>\n<div><span>Conferencia: \u201cMujeres cient\u00edficas a lo largo de la historia\u201d<\/span><\/div>\n<div><span>Ponentes: Dras. Hortensia Mor\u00f3n Monge y Paula Daza Navarro (Universidad de Sevilla)<\/span><\/div>\n<div><span>Fecha y hora: 10 de abril, 17:00<\/span><\/div>\n<div><span>Lugar: Sal\u00f3n de Grados de la Facultad de Ciencias Experimentales<\/span><\/div>\n<div><span><\/span><\/div>\n<div><span><img decoding=\"async\" loading=\"lazy\" src=\"https:\/\/www.uhu.es\/catedra-genero-campoamor\/wp-content\/uploads\/2025\/02\/mujeres-cientificas-213x300.png\" width=\"213\" height=\"300\" alt=\"\" class=\"wp-image-302 alignnone size-medium\" style=\"display: block; margin-left: auto; margin-right: auto;\" \/><\/span><\/div>\n<p class=\"p1\"><b>\u00a0<\/b><\/p>\n<hr \/>\n<div><strong>I Seminario Escritoras Contempor\u00e1neas<\/strong><\/div>\n<div><span>Fecha: 23 de abril<\/span><\/div>\n<div><span>Lugar: Aula de Grados de la Facultad de Humanidades, Universidad de Huelva<\/span><\/div>\n<div><span><img decoding=\"async\" loading=\"lazy\" src=\"https:\/\/www.uhu.es\/catedra-genero-campoamor\/wp-content\/uploads\/2025\/02\/seminarioEscritoras-212x300.png\" width=\"212\" height=\"300\" alt=\"\" class=\"wp-image-303 alignnone size-medium\" style=\"display: block; margin-left: auto; margin-right: auto;\" \/><\/span><\/div>\n<p class=\"p1\"><b>\u00a0<\/b><\/p>\n<hr \/>\n<div><strong>Teatro Coeducativo para la Sensibilizaci\u00f3n ante las Desigualdades por Raz\u00f3n de G\u00e9nero<\/strong><\/div>\n<div><span>Fecha: 26 de abril<\/span><\/div>\n<div><span>Hora: 10:00 &#8211; 18:00<\/span><\/div>\n<div><span>Lugar: Aula DB3, Facultad de Trabajo Social, Universidad de Huelva<\/span><\/div>\n<div><span><\/span><\/div>\n<div><span><img decoding=\"async\" loading=\"lazy\" src=\"https:\/\/www.uhu.es\/catedra-genero-campoamor\/wp-content\/uploads\/2025\/02\/Teatro-coeducativo-para-la-sensibilizacion-ante-las-desigualdades-por-razon-de-genero-214x300.png\" width=\"214\" height=\"300\" alt=\"\" class=\"wp-image-304 alignnone size-medium\" style=\"display: block; margin-left: auto; margin-right: auto;\" \/><\/span><\/div>\n<p class=\"p1\"><b><\/b><\/p>\n<hr \/>\n<p><b><\/b><\/p>\n<div><strong>Jornada \u201cDe la in (existencia) a la universalidad: reconocimiento de derechos y realidades trans e intersex\u201d<\/strong><\/div>\n<div><span>Fecha: 15 de mayo<\/span><\/div>\n<div><span>Lugar: Sal\u00f3n de Grados de la Facultad de Derecho, Universidad de Huelva<\/span><\/div>\n<div><span>Ponencia Marco: \u201cLey 4\/2023, de 28 de febrero, para la igualdad real y efectiva de las personas trans y para la garant\u00eda de los derechos de las personas LGTBI\u201d<\/span><\/div>\n<div><span><\/span><\/div>\n<div><span><img decoding=\"async\" loading=\"lazy\" src=\"https:\/\/www.uhu.es\/catedra-genero-campoamor\/wp-content\/uploads\/2025\/02\/CARTEL-15-DE-MAYO-_page1-1-300x300.png\" width=\"300\" height=\"300\" alt=\"\" class=\"wp-image-321 alignnone size-medium\" style=\"display: block; margin-left: auto; margin-right: auto;\" \/><\/span><\/div>\n<p class=\"p1\"><b>\u00a0<\/b><\/p>\n<hr \/>\n<div><strong>Juntanza por los Cuidados<\/strong><\/div>\n<div><span>Fecha: 23 de mayo<\/span><\/div>\n<div><span>Hora: 16:30<\/span><\/div>\n<div><span>Lugar: Sal\u00f3n de Grados, Facultad de Humanidades, Universidad de Huelva<\/span><\/div>\n<div><span><\/span><\/div>\n<div><span><img decoding=\"async\" loading=\"lazy\" src=\"https:\/\/www.uhu.es\/catedra-genero-campoamor\/wp-content\/uploads\/2025\/02\/Cartel-Juntanza-por-los-Cuidados-212x300.jpg\" width=\"212\" height=\"300\" alt=\"\" class=\"wp-image-313 alignnone size-medium\" style=\"display: block; margin-left: auto; margin-right: auto;\" \/><\/span><\/div>\n<p class=\"p1\"><b>\u00a0<\/b><\/p>\n<hr \/>\n<div><strong>G\u00e9nero, Urbanismo y Producci\u00f3n Cultural<\/strong><\/div>\n<div><span>Fecha: 16 de octubre<\/span><\/div>\n<div><span>Hora: 10:00 &#8211; 14:00<\/span><\/div>\n<div><span>Lugar: Aula de Grados de la Facultad de Humanidades, Universidad de Huelva<\/span><\/div>\n<div><span><\/span><\/div>\n<div><span><img decoding=\"async\" loading=\"lazy\" src=\"https:\/\/www.uhu.es\/catedra-genero-campoamor\/wp-content\/uploads\/2025\/02\/Genero_Urbanismo-212x300.jpg\" width=\"212\" height=\"300\" alt=\"\" class=\"wp-image-316 alignnone size-medium\" style=\"display: block; margin-left: auto; margin-right: auto;\" \/><\/span><\/div>\n<p class=\"p1\"><b>\u00a0<\/b><\/p>\n<hr \/>\n<div><strong>Cuerpos Diversos y Violencia Est\u00e9tica<\/strong><\/div>\n<div><span>Fecha: 20 de noviembre<\/span><\/div>\n<div><span>Hora: 16:30<\/span><\/div>\n<div><span>Lugar: Aula de Grados de la Facultad de Derecho<\/span><\/div>\n<div><span><\/span><\/div>\n<div><span><img decoding=\"async\" loading=\"lazy\" src=\"https:\/\/www.uhu.es\/catedra-genero-campoamor\/wp-content\/uploads\/2025\/02\/cuerpos-y-estetica-212x300.png\" width=\"212\" height=\"300\" alt=\"\" class=\"wp-image-323 alignnone size-medium\" style=\"display: block; margin-left: auto; margin-right: auto;\" \/><\/span><\/div>\n<p class=\"p1\"><b>\u00a0<\/b><\/p>\n<hr \/>\n<div><strong>Di\u00e1logos Sur-Sur<\/strong><\/div>\n<div><span>Fecha: 18 de diciembre<\/span><\/div>\n<div><span>Hora: 16:30<\/span><\/div>\n<div><span>Lugar: Aula de Grados de la Facultad de Humanidades, Universidad de Huelva<\/span><\/div>\n<div><span>Evento: Conmemoraci\u00f3n del D\u00eda Internacional de la Persona Migrante<\/span><\/div>\n<div><span><\/span><\/div>\n<div><span><img decoding=\"async\" loading=\"lazy\" src=\"https:\/\/www.uhu.es\/catedra-genero-campoamor\/wp-content\/uploads\/2025\/02\/dialogos-sur-sur-211x300.png\" width=\"211\" height=\"300\" alt=\"\" class=\"wp-image-322 alignnone size-medium\" style=\"display: block; margin-left: auto; margin-right: auto;\" \/><\/span><\/div>\n<p class=\"p1\"><b><\/b><\/p>\n<p><b> <\/b><\/p>\n<p><b><\/b><\/p>\n<hr \/>\n<p>[\/et_pb_text][\/et_pb_column][\/et_pb_row][\/et_pb_section]<\/p>\n","protected":false},"excerpt":{"rendered":"<p>Actividades 2024\u00a0 Transformando el sistema de cuidados Evento: Una indagaci\u00f3n con Social Presencing Theater Fecha: 7 de marzo Hora: 16:30 &#8211; 18:00 Lugar: Sal\u00f3n de Actos, Facultad de Derecho, Universidad de Huelva Exposici\u00f3n Fotogr\u00e1fica \u201cLas mujeres tambi\u00e9n investigamos: fomentando vocaciones cient\u00edficas\u201d Fecha: 8 &#8211; 15 de abril Lugar: Hall de la Facultad de Ciencias Experimentales, [&hellip;]<\/p>\n","protected":false},"author":1,"featured_media":0,"parent":0,"menu_order":0,"comment_status":"closed","ping_status":"closed","template":"","meta":{"_et_pb_use_builder":"on","_et_pb_old_content":"","_et_gb_content_width":"","footnotes":""},"_links":{"self":[{"href":"https:\/\/www.uhu.es\/catedra-genero-campoamor\/wp-json\/wp\/v2\/pages\/299"}],"collection":[{"href":"https:\/\/www.uhu.es\/catedra-genero-campoamor\/wp-json\/wp\/v2\/pages"}],"about":[{"href":"https:\/\/www.uhu.es\/catedra-genero-campoamor\/wp-json\/wp\/v2\/types\/page"}],"author":[{"embeddable":true,"href":"https:\/\/www.uhu.es\/catedra-genero-campoamor\/wp-json\/wp\/v2\/users\/1"}],"replies":[{"embeddable":true,"href":"https:\/\/www.uhu.es\/catedra-genero-campoamor\/wp-json\/wp\/v2\/comments?post=299"}],"version-history":[{"count":4,"href":"https:\/\/www.uhu.es\/catedra-genero-campoamor\/wp-json\/wp\/v2\/pages\/299\/revisions"}],"predecessor-version":[{"id":324,"href":"https:\/\/www.uhu.es\/catedra-genero-campoamor\/wp-json\/wp\/v2\/pages\/299\/revisions\/324"}],"wp:attachment":[{"href":"https:\/\/www.uhu.es\/catedra-genero-campoamor\/wp-json\/wp\/v2\/media?parent=299"}],"curies":[{"name":"wp","href":"https:\/\/api.w.org\/{rel}","templated":true}]}}