{"id":338,"date":"2025-04-07T11:12:36","date_gmt":"2025-04-07T09:12:36","guid":{"rendered":"https:\/\/www.uhu.es\/catedra-genero-campoamor\/?page_id=338"},"modified":"2026-02-26T19:32:40","modified_gmt":"2026-02-26T18:32:40","slug":"actividades-2025","status":"publish","type":"page","link":"https:\/\/www.uhu.es\/catedra-genero-campoamor\/actividades-2025\/","title":{"rendered":"Actividades 2025"},"content":{"rendered":"<p>[et_pb_section fb_built=\u00bb1&#8243; _builder_version=\u00bb4.17.3&#8243; _module_preset=\u00bbdefault\u00bb background_color=\u00bbgcid-93b9d874-7f68-47d3-8771-5fbe336d6b66&#8243; background_enable_pattern_style=\u00bbon\u00bb background_pattern_style=\u00bbsmiles\u00bb global_colors_info=\u00bb{%22gcid-93b9d874-7f68-47d3-8771-5fbe336d6b66%22:%91%22background_color%22%93}\u00bb][et_pb_row _builder_version=\u00bb4.17.3&#8243; _module_preset=\u00bbdefault\u00bb global_colors_info=\u00bb{}\u00bb][et_pb_column type=\u00bb4_4&#8243; _builder_version=\u00bb4.17.3&#8243; _module_preset=\u00bbdefault\u00bb global_colors_info=\u00bb{}\u00bb][et_pb_text _builder_version=\u00bb4.17.3&#8243; _module_preset=\u00bbdefault\u00bb header_font=\u00bbPlayfair Display||||||||\u00bb header_text_color=\u00bb#FFFFFF\u00bb header_font_size=\u00bb41px\u00bb global_colors_info=\u00bb{}\u00bb]<\/p>\n<h1>Actividades 2025<\/h1>\n<p>[\/et_pb_text][\/et_pb_column][\/et_pb_row][\/et_pb_section][et_pb_section fb_built=\u00bb1&#8243; _builder_version=\u00bb4.17.3&#8243; _module_preset=\u00bbdefault\u00bb custom_padding=\u00bb16px|||||\u00bb global_colors_info=\u00bb{}\u00bb][et_pb_row _builder_version=\u00bb4.17.3&#8243; _module_preset=\u00bbdefault\u00bb custom_padding=\u00bb48px|||||\u00bb global_colors_info=\u00bb{}\u00bb][et_pb_column type=\u00bb4_4&#8243; _builder_version=\u00bb4.17.3&#8243; _module_preset=\u00bbdefault\u00bb global_colors_info=\u00bb{}\u00bb][et_pb_text _builder_version=\u00bb4.17.3&#8243; _module_preset=\u00bbdefault\u00bb hover_enabled=\u00bb0&#8243; global_colors_info=\u00bb{}\u00bb sticky_enabled=\u00bb0&#8243;]<\/p>\n<div><b><\/b><\/div>\n<div><b><\/b><\/div>\n<div><b>Taller sobre violencia de g\u00e9nero, 25N D\u00eda Internacional de la eliminaci\u00f3n de la violencia contra la mujer<\/b><\/div>\n<div>Fecha: 21 de noviembre de 2025, 16:30 &#8211; 19:30<\/div>\n<div><\/div>\n<p><b><\/b><\/p>\n<div><span><img decoding=\"async\" loading=\"lazy\" src=\"https:\/\/www.uhu.es\/catedra-genero-campoamor\/wp-content\/uploads\/2025\/11\/Taller-25N-Violencia-de-ge\u0301nero.png\" width=\"300\" height=\"232\" alt=\"\" class=\"wp-image-384 alignnone size-medium\" style=\"display: block; margin-left: auto; margin-right: auto;\" \/><\/span><\/div>\n<div><span><\/span><\/div>\n<div><span><\/span><\/div>\n<div><\/div>\n<div><\/div>\n<div>\n<p>&nbsp;<\/p>\n<p>&nbsp;<\/p>\n<hr \/>\n<p>&nbsp;<\/p>\n<\/div>\n<div><\/div>\n<div><b>VII Seminario contra el racismo, sexismo y otras formas de discriminaci\u00f3n<\/b><b><\/b><\/div>\n<div><b><\/b><\/div>\n<div><b><\/b><\/div>\n<div><b><\/b><\/div>\n<div><b><\/b><\/div>\n<div>Fecha: 28 de octubre de 2025 de 16:30 a 19:30<\/div>\n<div>Lugar: Aula de Grados &#8211; Facultad de Humanidades<\/div>\n<div><\/div>\n<div><img decoding=\"async\" loading=\"lazy\" src=\"https:\/\/www.uhu.es\/catedra-genero-campoamor\/wp-content\/uploads\/2026\/02\/Captura-de-pantalla-2026-02-26-a-las-19.27.32-211x300.png\" width=\"211\" height=\"300\" alt=\"\" class=\"wp-image-407 alignnone size-medium\" style=\"display: block; margin-left: auto; margin-right: auto;\" \/><\/div>\n<div><\/div>\n<div>\n<div>\n<p><b><\/b><br \/><b><\/b><\/p>\n<hr \/>\n<p><b><\/b><\/p>\n<\/div>\n<div><b><\/b><\/div>\n<div><b style=\"font-size: 14px;\">VIII Congreso de mujeres creadoras de palabra, obra y pincel &#8211; Mujeres Rurales: Emprendimiento y empoderamiento en igualdad<\/b><b><\/b><\/div>\n<div>\n<div><span>Fecha: 24 de octubre de 2025<\/span><\/div>\n<div><a href=\"https:\/\/www.uhu.es\/catedra-genero-campoamor\/wp-content\/uploads\/2025\/10\/PHOTO-2025-10-15-19-40-38-2.jpg\"><span>Horarios<\/span><\/a><\/div>\n<div><span><\/span><\/div>\n<div><span><\/span><\/div>\n<div><span><\/span><\/div>\n<div><span><\/span><\/div>\n<div><span><\/span><\/div>\n<div><\/div>\n<div><span>Lugar: Edificio El Faro &#8211; Mazag\u00f3n<\/span><\/div>\n<div><span><img decoding=\"async\" loading=\"lazy\" src=\"https:\/\/www.uhu.es\/catedra-genero-campoamor\/wp-content\/uploads\/2025\/10\/PHOTO-2025-10-15-19-40-38-300x232.jpg\" width=\"300\" height=\"232\" alt=\"\" class=\"wp-image-384 alignnone size-medium\" style=\"display: block; margin-left: auto; margin-right: auto;\" \/><\/span><\/div>\n<div style=\"text-align: center;\"><\/div>\n<div>\n<p>&nbsp;<\/p>\n<\/div>\n<div><em><strong><\/strong><\/em><\/div>\n<div><em><strong><\/strong><\/em><\/div>\n<p><em>\u00a0<\/em><\/p>\n<hr \/>\n<p>&nbsp;<\/p>\n<p><b>Presentaci\u00f3n de libro: Feminismos y Migraciones<\/b><\/p>\n<\/div>\n<div><span>Fecha: 6 de octubre de 2025<\/span><\/div>\n<div><span>Hora: 18:30<\/span><\/div>\n<div><span>Lugar: Edificio Galielo, aula G2.6, Campus de El Carmen, UHU<\/span><\/div>\n<div><span><\/span><\/div>\n<div><span><a href=\"https:\/\/www.uhu.es\/catedra-genero-campoamor\/wp-content\/uploads\/2025\/10\/Feminismos-y-Migraciones-Cartel.pdf\">Programa<\/a><br \/><img decoding=\"async\" loading=\"lazy\" src=\"https:\/\/www.uhu.es\/catedra-genero-campoamor\/wp-content\/uploads\/2025\/10\/Captura.png\" width=\"213\" height=\"300\" alt=\"\" class=\"wp-image-372 alignnone size-medium\" style=\"display: block; margin-left: auto; margin-right: auto;\" \/><\/span><\/div>\n<div><strong><\/strong><\/div>\n<div><strong><\/strong><\/div>\n<p>&nbsp;<\/p>\n<hr \/>\n<p>&nbsp;<\/p>\n<\/div>\n<div><b>Feminismo Decolonial<\/b><\/div>\n<div><span>Fecha: 3 de Junio de 2025<\/span><\/div>\n<div><span>Hora: 17:00 &#8211; 20:00<\/span><\/div>\n<div><span>Lugar: Aula de grados de la Facultad de Humanidades<\/span><\/div>\n<div><span><\/span><\/div>\n<div><span><a href=\"https:\/\/www.uhu.es\/catedra-genero-campoamor\/wp-content\/uploads\/2025\/05\/Diptico-Feminismo-decolonial.pdf\">Programa<\/a><br \/><img decoding=\"async\" loading=\"lazy\" src=\"https:\/\/www.uhu.es\/catedra-genero-campoamor\/wp-content\/uploads\/2025\/05\/Imagen-29-5-25-a-las-12.54-213x300.jpeg\" width=\"213\" height=\"300\" alt=\"\" class=\"wp-image-372 alignnone size-medium\" style=\"display: block; margin-left: auto; margin-right: auto;\" \/><\/span><\/div>\n<div><strong><\/strong><\/div>\n<div><strong><\/strong><\/div>\n<p>&nbsp;<\/p>\n<hr \/>\n<p>&nbsp;<\/p>\n<div><strong><\/strong><\/div>\n<div><strong>Notas en papel:<\/strong><\/div>\n<div><strong>Mujeres onubenses en el mundo de la m\u00fasica<\/strong><\/div>\n<div><span>Fecha: 23 de abril 2025<\/span><\/div>\n<div><span>Hora: 21:00<\/span><\/div>\n<div><span>Lugar: 1900 Company Bar<\/span><\/div>\n<div><\/div>\n<div><span><\/span><\/div>\n<div style=\"text-align: center;\"><\/div>\n<div style=\"text-align: center;\"><span><img decoding=\"async\" loading=\"lazy\" src=\"https:\/\/www.uhu.es\/catedra-genero-campoamor\/wp-content\/uploads\/2025\/04\/notas-213x300.png\" width=\"213\" height=\"300\" alt=\"\" class=\"wp-image-363 alignnone size-medium\" \/><\/span><\/div>\n<div><span><\/span><\/div>\n<div><span><\/span><\/div>\n<div><span><\/span><\/div>\n<div><span><\/span><\/div>\n<div><span><\/span><\/div>\n<div><span>\u00a0<\/span><\/div>\n<p class=\"p1\"><b><\/b><\/p>\n<p><b> <\/b><\/p>\n<p><b><\/b><\/p>\n<hr \/>\n<div><\/div>\n<p class=\"p1\"><b>\u00a0<\/b><\/p>\n<div><strong><\/strong><\/div>\n<div><strong>Conmemoraci\u00f3n del D\u00eda Internacional de la mujer<\/strong><\/div>\n<div><strong>Represi\u00f3n institucional y robo de beb\u00e9s desde una perspectiva de g\u00e9nero<\/strong><\/div>\n<div><span>Fecha: 10 de marzo<\/span><\/div>\n<div><span>Hora: 16:00<\/span><\/div>\n<div><span>Lugar: Aula de Grados (Facultad de Humanidades)<\/span><\/div>\n<div><span><\/span><\/div>\n<div style=\"text-align: center;\"><span><img decoding=\"async\" loading=\"lazy\" src=\"https:\/\/www.uhu.es\/catedra-genero-campoamor\/wp-content\/uploads\/2025\/04\/cartel-Seminario-Represio\u0301n-211x300.png\" width=\"211\" height=\"300\" alt=\"\" class=\"wp-image-340 alignnone size-medium\" srcset=\"https:\/\/www.uhu.es\/catedra-genero-campoamor\/wp-content\/uploads\/2025\/04\/cartel-Seminario-Represio\u0301n-211x300.png 211w, https:\/\/www.uhu.es\/catedra-genero-campoamor\/wp-content\/uploads\/2025\/04\/cartel-Seminario-Represio\u0301n-106x150.png 106w, https:\/\/www.uhu.es\/catedra-genero-campoamor\/wp-content\/uploads\/2025\/04\/cartel-Seminario-Represio\u0301n-480x682.png 480w, https:\/\/www.uhu.es\/catedra-genero-campoamor\/wp-content\/uploads\/2025\/04\/cartel-Seminario-Represio\u0301n.png 623w\" sizes=\"(max-width: 211px) 100vw, 211px\" \/><\/span><\/div>\n<div><span><\/span><\/div>\n<div><span><\/span><\/div>\n<div><span><\/span><\/div>\n<div><span><\/span><\/div>\n<div><span><\/span><\/div>\n<div><span><\/span><\/div>\n<div><span>\u00a0<\/span><\/div>\n<p class=\"p1\"><b><\/b><\/p>\n<p><b> <\/b><\/p>\n<p><b><\/b><\/p>\n<hr \/>\n<div><\/div>\n<p>[\/et_pb_text][\/et_pb_column][\/et_pb_row][\/et_pb_section][et_pb_section fb_built=\u00bb1&#8243; _builder_version=\u00bb4.17.3&#8243; _module_preset=\u00bbdefault\u00bb global_colors_info=\u00bb{}\u00bb][\/et_pb_section]<\/p>\n","protected":false},"excerpt":{"rendered":"<p>Actividades 2025 Taller sobre violencia de g\u00e9nero, 25N D\u00eda Internacional de la eliminaci\u00f3n de la violencia contra la mujer Fecha: 21 de noviembre de 2025, 16:30 &#8211; 19:30 &nbsp; &nbsp; &nbsp; VII Seminario contra el racismo, sexismo y otras formas de discriminaci\u00f3n Fecha: 28 de octubre de 2025 de 16:30 a 19:30 Lugar: Aula de [&hellip;]<\/p>\n","protected":false},"author":1,"featured_media":0,"parent":0,"menu_order":0,"comment_status":"closed","ping_status":"closed","template":"","meta":{"_et_pb_use_builder":"on","_et_pb_old_content":"","_et_gb_content_width":"","footnotes":""},"_links":{"self":[{"href":"https:\/\/www.uhu.es\/catedra-genero-campoamor\/wp-json\/wp\/v2\/pages\/338"}],"collection":[{"href":"https:\/\/www.uhu.es\/catedra-genero-campoamor\/wp-json\/wp\/v2\/pages"}],"about":[{"href":"https:\/\/www.uhu.es\/catedra-genero-campoamor\/wp-json\/wp\/v2\/types\/page"}],"author":[{"embeddable":true,"href":"https:\/\/www.uhu.es\/catedra-genero-campoamor\/wp-json\/wp\/v2\/users\/1"}],"replies":[{"embeddable":true,"href":"https:\/\/www.uhu.es\/catedra-genero-campoamor\/wp-json\/wp\/v2\/comments?post=338"}],"version-history":[{"count":12,"href":"https:\/\/www.uhu.es\/catedra-genero-campoamor\/wp-json\/wp\/v2\/pages\/338\/revisions"}],"predecessor-version":[{"id":408,"href":"https:\/\/www.uhu.es\/catedra-genero-campoamor\/wp-json\/wp\/v2\/pages\/338\/revisions\/408"}],"wp:attachment":[{"href":"https:\/\/www.uhu.es\/catedra-genero-campoamor\/wp-json\/wp\/v2\/media?parent=338"}],"curies":[{"name":"wp","href":"https:\/\/api.w.org\/{rel}","templated":true}]}}