{"id":344,"date":"2025-04-07T11:39:10","date_gmt":"2025-04-07T09:39:10","guid":{"rendered":"https:\/\/www.uhu.es\/catedra-genero-campoamor\/?page_id=344"},"modified":"2025-04-07T11:39:10","modified_gmt":"2025-04-07T09:39:10","slug":"actividades-2022","status":"publish","type":"page","link":"https:\/\/www.uhu.es\/catedra-genero-campoamor\/actividades-2022\/","title":{"rendered":"Actividades 2022"},"content":{"rendered":"<p>[et_pb_section fb_built=\u00bb1&#8243; _builder_version=\u00bb4.17.3&#8243; _module_preset=\u00bbdefault\u00bb background_color=\u00bbgcid-93b9d874-7f68-47d3-8771-5fbe336d6b66&#8243; background_enable_pattern_style=\u00bbon\u00bb background_pattern_style=\u00bbsmiles\u00bb global_colors_info=\u00bb{%22gcid-93b9d874-7f68-47d3-8771-5fbe336d6b66%22:%91%22background_color%22%93}\u00bb theme_builder_area=\u00bbpost_content\u00bb][et_pb_row _builder_version=\u00bb4.17.3&#8243; _module_preset=\u00bbdefault\u00bb global_colors_info=\u00bb{}\u00bb theme_builder_area=\u00bbpost_content\u00bb][et_pb_column type=\u00bb4_4&#8243; _builder_version=\u00bb4.17.3&#8243; _module_preset=\u00bbdefault\u00bb global_colors_info=\u00bb{}\u00bb theme_builder_area=\u00bbpost_content\u00bb][et_pb_text _builder_version=\u00bb4.17.3&#8243; _module_preset=\u00bbdefault\u00bb header_font=\u00bbPlayfair Display||||||||\u00bb header_text_color=\u00bb#FFFFFF\u00bb header_font_size=\u00bb41px\u00bb hover_enabled=\u00bb0&#8243; global_colors_info=\u00bb{}\u00bb theme_builder_area=\u00bbpost_content\u00bb sticky_enabled=\u00bb0&#8243;]<\/p>\n<h1>Actividades 2022<\/h1>\n<p>[\/et_pb_text][\/et_pb_column][\/et_pb_row][\/et_pb_section][et_pb_section fb_built=\u00bb1&#8243; _builder_version=\u00bb4.17.3&#8243; _module_preset=\u00bbdefault\u00bb custom_padding=\u00bb16px|||||\u00bb global_colors_info=\u00bb{}\u00bb theme_builder_area=\u00bbpost_content\u00bb][et_pb_row _builder_version=\u00bb4.17.3&#8243; _module_preset=\u00bbdefault\u00bb global_colors_info=\u00bb{}\u00bb theme_builder_area=\u00bbpost_content\u00bb][et_pb_column type=\u00bb4_4&#8243; _builder_version=\u00bb4.17.3&#8243; _module_preset=\u00bbdefault\u00bb global_colors_info=\u00bb{}\u00bb theme_builder_area=\u00bbpost_content\u00bb][et_pb_text _builder_version=\u00bb4.17.3&#8243; _module_preset=\u00bbdefault\u00bb hover_enabled=\u00bb0&#8243; global_colors_info=\u00bb{}\u00bb theme_builder_area=\u00bbpost_content\u00bb sticky_enabled=\u00bb0&#8243;]<\/p>\n<p class=\"p1\"><b>\u00a0<\/b><\/p>\n<div><strong data-start=\"89\" data-end=\"123\">Performance \u00abMariposa Monarca\u00bb<\/strong><br data-start=\"123\" data-end=\"126\" \/>Fecha: Jueves 17 de noviembre de 2022<br data-start=\"163\" data-end=\"166\" \/>Hora: 18:00 h<br data-start=\"179\" data-end=\"182\" \/>Lugar: Paseo Santa Fe, Huelva<br data-start=\"211\" data-end=\"214\" \/>Organiza: C\u00e1tedra de Estudios de G\u00e9nero \u00abClara Campoamor\u00bb<\/div>\n<div><span><\/span><\/div>\n<p class=\"p1\"><b> <img decoding=\"async\" loading=\"lazy\" src=\"https:\/\/www.uhu.es\/catedra-genero-campoamor\/wp-content\/uploads\/2023\/12\/Performance-17-Nov-22-300x300.jpg\" width=\"300\" height=\"300\" alt=\"\" class=\"wp-image-194 alignnone size-medium\" style=\"display: block; margin-left: auto; margin-right: auto;\" \/><\/b><\/p>\n<p><b><\/b><\/p>\n<hr \/>\n<div><strong data-start=\"363\" data-end=\"427\"><\/strong><\/div>\n<div><strong data-start=\"363\" data-end=\"427\">Charla Informativa sobre el Trabajo del Hogar y los Cuidados<\/strong><br data-start=\"427\" data-end=\"430\" \/>Fecha: Viernes 18 de noviembre de 2022<br data-start=\"468\" data-end=\"471\" \/>Hora: 11:30 h (Nuevo Molino), 12:30 h (La Hispanidad), 17:00 h (Los Rosales)<br data-start=\"547\" data-end=\"550\" \/>Lugar: Asociaciones Vecinales Nuevo Molino, La Hispanidad y Los Rosales<br data-start=\"621\" data-end=\"624\" \/>Organiza: C\u00e1tedra de Estudios de G\u00e9nero \u00abClara Campoamor\u00bb<\/div>\n<div><span><img decoding=\"async\" loading=\"lazy\" src=\"https:\/\/www.uhu.es\/catedra-genero-campoamor\/wp-content\/uploads\/2023\/12\/Charlas-informativas-vecinales-300x300.jpg\" width=\"300\" height=\"300\" alt=\"\" class=\"wp-image-187 alignnone size-medium\" style=\"display: block; margin-left: auto; margin-right: auto;\" \/><\/span><\/div>\n<div><span>\u00a0<\/span><\/div>\n<p class=\"p1\"><b>\u00a0<\/b><\/p>\n<hr \/>\n<div><strong data-start=\"773\" data-end=\"827\"><\/strong><\/div>\n<div><strong data-start=\"773\" data-end=\"827\">Performance \u00abMariposa Monarca\u00bb (segunda ubicaci\u00f3n)<\/strong><br data-start=\"827\" data-end=\"830\" \/>Fecha: Viernes 18 de noviembre de 2022<br data-start=\"868\" data-end=\"871\" \/>Hora: 18:00 h<br data-start=\"884\" data-end=\"887\" \/>Lugar: Plaza de La Soledad<br data-start=\"932\" data-end=\"935\" \/>Organiza: C\u00e1tedra de Estudios de G\u00e9nero \u00abClara Campoamor\u00bb, Universidad de Huelva<\/div>\n<div><\/div>\n<div><img decoding=\"async\" loading=\"lazy\" src=\"https:\/\/www.uhu.es\/catedra-genero-campoamor\/wp-content\/uploads\/2023\/12\/Performance-24-Noviembre-22-300x300.jpg\" width=\"300\" height=\"300\" alt=\"\" class=\"wp-image-191 alignnone size-medium\" style=\"display: block; margin-left: auto; margin-right: auto;\" \/><\/div>\n<div><\/div>\n<div><\/div>\n<div>\n<hr \/>\n<p data-start=\"64\" data-end=\"342\" class=\"\"><strong data-start=\"64\" data-end=\"98\">Performance \u00abMariposa Monarca\u00bb<\/strong><br data-start=\"98\" data-end=\"101\" \/>Fecha: Mi\u00e9rcoles 23 de noviembre de 2022<br data-start=\"141\" data-end=\"144\" data-is-only-node=\"\" \/>Hora: 18:00 h<br data-start=\"157\" data-end=\"160\" \/>Lugar: Plaza del Estadio Antiguo<br data-start=\"192\" data-end=\"195\" \/>Organiza: C\u00e1tedra de Estudios de G\u00e9nero \u00abClara Campoamor\u00bb<\/p>\n<p data-start=\"64\" data-end=\"342\" class=\"\"><img decoding=\"async\" loading=\"lazy\" src=\"https:\/\/www.uhu.es\/catedra-genero-campoamor\/wp-content\/uploads\/2023\/12\/Performance-23-Noviembre-22-300x300.jpg\" width=\"300\" height=\"300\" alt=\"\" class=\"wp-image-192 alignnone size-medium\" style=\"display: block; margin-left: auto; margin-right: auto;\" \/><\/p>\n<\/div>\n<div><span>\u00a0<\/span><\/div>\n<p class=\"p1\"><b>\u00a0<\/b><\/p>\n<hr \/>\n<div><strong data-start=\"1019\" data-end=\"1088\">Foro: Asesoramiento jur\u00eddico sobre normativa del empleo del hogar<\/strong><br data-start=\"1088\" data-end=\"1091\" \/>Fecha: Lunes 28 de noviembre de 2022<br data-start=\"1127\" data-end=\"1130\" \/>Hora: 18:00 a 20:00 h<br data-start=\"1151\" data-end=\"1154\" \/>Lugar: Asociaci\u00f3n Latinoamericana, Huelva para todos y todas<br data-start=\"1214\" data-end=\"1217\" \/>Organiza: C\u00e1tedra de Estudios de G\u00e9nero \u00abClara Campoamor\u00bb y entidades colaboradoras<br data-start=\"1300\" data-end=\"1303\" \/>Invitado: Abogado Guillermo Bellourard<\/div>\n<div><span>\u00a0<\/span><\/div>\n<div style=\"text-align: center;\"><span><img decoding=\"async\" loading=\"lazy\" src=\"https:\/\/www.uhu.es\/catedra-genero-campoamor\/wp-content\/uploads\/2023\/12\/Foro-asesoramiento-juri\u0301dico-300x300.jpg\" width=\"300\" height=\"300\" alt=\"\" class=\"wp-image-195 alignnone size-medium\" srcset=\"https:\/\/www.uhu.es\/catedra-genero-campoamor\/wp-content\/uploads\/2023\/12\/Foro-asesoramiento-juri\u0301dico-300x300.jpg 300w, https:\/\/www.uhu.es\/catedra-genero-campoamor\/wp-content\/uploads\/2023\/12\/Foro-asesoramiento-juri\u0301dico-1024x1024.jpg 1024w, https:\/\/www.uhu.es\/catedra-genero-campoamor\/wp-content\/uploads\/2023\/12\/Foro-asesoramiento-juri\u0301dico-150x150.jpg 150w, https:\/\/www.uhu.es\/catedra-genero-campoamor\/wp-content\/uploads\/2023\/12\/Foro-asesoramiento-juri\u0301dico-768x768.jpg 768w, https:\/\/www.uhu.es\/catedra-genero-campoamor\/wp-content\/uploads\/2023\/12\/Foro-asesoramiento-juri\u0301dico-1536x1536.jpg 1536w, https:\/\/www.uhu.es\/catedra-genero-campoamor\/wp-content\/uploads\/2023\/12\/Foro-asesoramiento-juri\u0301dico-1080x1080.jpg 1080w, https:\/\/www.uhu.es\/catedra-genero-campoamor\/wp-content\/uploads\/2023\/12\/Foro-asesoramiento-juri\u0301dico-1280x1280.jpg 1280w, https:\/\/www.uhu.es\/catedra-genero-campoamor\/wp-content\/uploads\/2023\/12\/Foro-asesoramiento-juri\u0301dico-980x980.jpg 980w, https:\/\/www.uhu.es\/catedra-genero-campoamor\/wp-content\/uploads\/2023\/12\/Foro-asesoramiento-juri\u0301dico-480x480.jpg 480w, https:\/\/www.uhu.es\/catedra-genero-campoamor\/wp-content\/uploads\/2023\/12\/Foro-asesoramiento-juri\u0301dico.jpg 2048w\" sizes=\"(max-width: 300px) 100vw, 300px\" \/><\/span><\/div>\n<p class=\"p1\"><b><\/b><\/p>\n<hr \/>\n<p><strong data-start=\"1345\" data-end=\"1370\">Invierte tiempo en ti<\/strong><b><\/b><\/p>\n<div>Fecha: Mi\u00e9rcoles 30 de noviembre de 2022<br data-start=\"1413\" data-end=\"1416\" \/>Hora: 18:00 a 20:00 h<br data-start=\"1437\" data-end=\"1440\" \/>Lugar: Sala Galileo 2.1, Campus El Carmen, Universidad de Huelva<br data-start=\"1504\" data-end=\"1507\" \/>Imparte: Psic\u00f3loga Ana Garc\u00eda Mart\u00ednez<br data-start=\"1545\" data-end=\"1548\" \/>Organiza: C\u00e1tedra de Estudios de G\u00e9nero \u00abClara Campoamor\u00bb<\/div>\n<div style=\"text-align: center;\"><img decoding=\"async\" loading=\"lazy\" src=\"https:\/\/www.uhu.es\/catedra-genero-campoamor\/wp-content\/uploads\/2023\/12\/charla-informativa-1-300x300.jpg\" width=\"300\" height=\"300\" alt=\"\" class=\"wp-image-190 alignnone size-medium\" \/><\/div>\n<p class=\"p1\"><b>\u00a0<\/b><\/p>\n<hr \/>\n<div><strong data-start=\"1609\" data-end=\"1664\">I Seminario Permanente sobre Migraciones e Igualdad<\/strong><br data-start=\"1664\" data-end=\"1667\" \/>Fecha: Jueves 1 de diciembre de 2022<br data-start=\"1703\" data-end=\"1706\" \/>Hora: 9:30 a 14:30 h<br data-start=\"1726\" data-end=\"1729\" \/>Lugar: Aula de Grados de la Facultad de Derecho<br data-start=\"1776\" data-end=\"1779\" \/>Organiza: Universidad de Huelva<\/div>\n<div style=\"text-align: center;\"><img decoding=\"async\" loading=\"lazy\" src=\"https:\/\/www.uhu.es\/catedra-genero-campoamor\/wp-content\/uploads\/2023\/12\/Captura-266x300.png\" width=\"266\" height=\"300\" alt=\"\" class=\"wp-image-198 alignnone size-medium\" \/><\/div>\n<div><\/div>\n<div><\/div>\n<div><span>\u00a0<\/span><\/div>\n<hr \/>\n<p class=\"p1\"><b>\u00a0<\/b><\/p>\n<p><strong data-start=\"1829\" data-end=\"1867\">Recon\u00f3cete como mujer con derechos<\/strong><br data-start=\"1867\" data-end=\"1870\" \/>Fecha: Viernes 2 de diciembre de 2022<br data-start=\"1907\" data-end=\"1910\" \/>Hora: 18:00 a 20:00 h<br data-start=\"1931\" data-end=\"1934\" \/>Lugar: Asociaci\u00f3n Latinoamericana, Huelva para todos y todas<br data-start=\"1994\" data-end=\"1997\" \/>Imparte: Psic\u00f3loga Ana Garc\u00eda Mart\u00ednez<br data-start=\"2035\" data-end=\"2038\" \/>Organiza: C\u00e1tedra de Estudios de G\u00e9nero \u00abClara Campoamor\u00bb<\/p>\n<p style=\"text-align: center;\"><img decoding=\"async\" loading=\"lazy\" src=\"https:\/\/www.uhu.es\/catedra-genero-campoamor\/wp-content\/uploads\/2023\/12\/Charla-informativa-2-300x300.jpg\" width=\"300\" height=\"300\" alt=\"\" class=\"wp-image-189 alignnone size-medium\" \/><\/p>\n<div><span><\/span><\/div>\n<div><span>\u00a0<\/span><\/div>\n<p class=\"p1\"><b>\u00a0<\/b><\/p>\n<hr \/>\n<div><strong data-start=\"2099\" data-end=\"2138\">Cine F\u00f3rum \u201cCuidando entre tierras\u201d<\/strong><br data-start=\"2138\" data-end=\"2141\" \/>Fecha: Domingo 4 de diciembre de 2022<br data-start=\"2178\" data-end=\"2181\" \/>Hora: 16:00 a 18:00 h<br data-start=\"2202\" data-end=\"2205\" \/>Lugar: Asociaci\u00f3n Latinoamericana, Paseo Independencia 19, entreplanta<br data-start=\"2275\" data-end=\"2278\" \/>Organiza: C\u00e1tedra de Estudios de G\u00e9nero \u00abClara Campoamor\u00bb<\/div>\n<div style=\"text-align: center;\"><span><img decoding=\"async\" loading=\"lazy\" src=\"https:\/\/www.uhu.es\/catedra-genero-campoamor\/wp-content\/uploads\/2023\/12\/Cine-forum-300x300.jpg\" width=\"300\" height=\"300\" alt=\"\" class=\"wp-image-179 alignnone size-medium\" \/><\/span><\/div>\n<div><span>\u00a0<\/span><\/div>\n<p class=\"p1\"><b>\u00a0<\/b><\/p>\n<hr \/>\n<div><strong data-start=\"2616\" data-end=\"2678\">Encuentro Intercultural de Autoras \u00abRecuperando la utop\u00eda\u00bb<\/strong><br data-start=\"2678\" data-end=\"2681\" \/>Fecha: Mi\u00e9rcoles 14 de diciembre de 2022<br data-start=\"2721\" data-end=\"2724\" \/>Hora: 20:00 h<br data-start=\"2737\" data-end=\"2740\" \/>Lugar: 1900 Company Bar<br data-start=\"2763\" data-end=\"2766\" \/>Participantes: Larissa Lai, Teresa Su\u00e1rez, Paqui Aquino, Julia Guti\u00e9rrez, Pilar Cuder (lectura traducida), Daniel Doce (m\u00fasica)<br data-start=\"2893\" data-end=\"2896\" \/>Organiza: C\u00e1tedra de Estudios de G\u00e9nero \u00abClara Campoamor\u00bb, Universidad de Huelva, M\u00e1ster y Doctorado en Estudios de G\u00e9nero<\/div>\n<div style=\"text-align: center;\"><span><img decoding=\"async\" loading=\"lazy\" src=\"https:\/\/www.uhu.es\/catedra-genero-campoamor\/wp-content\/uploads\/2023\/12\/Encuentro-Intercultural-de-Autoras_ok_ok_1-212x300.jpg\" width=\"212\" height=\"300\" alt=\"\" class=\"wp-image-196 alignnone size-medium\" \/><\/span><\/div>\n<p class=\"p1\"><b><\/b><\/p>\n<p><b> <\/b><\/p>\n<p><b><\/b><\/p>\n<hr \/>\n<p>[\/et_pb_text][\/et_pb_column][\/et_pb_row][\/et_pb_section]<\/p>\n","protected":false},"excerpt":{"rendered":"<p>Actividades 2022\u00a0 Performance \u00abMariposa Monarca\u00bbFecha: Jueves 17 de noviembre de 2022Hora: 18:00 hLugar: Paseo Santa Fe, HuelvaOrganiza: C\u00e1tedra de Estudios de G\u00e9nero \u00abClara Campoamor\u00bb Charla Informativa sobre el Trabajo del Hogar y los CuidadosFecha: Viernes 18 de noviembre de 2022Hora: 11:30 h (Nuevo Molino), 12:30 h (La Hispanidad), 17:00 h (Los Rosales)Lugar: Asociaciones Vecinales Nuevo [&hellip;]<\/p>\n","protected":false},"author":1,"featured_media":0,"parent":0,"menu_order":0,"comment_status":"closed","ping_status":"closed","template":"","meta":{"_et_pb_use_builder":"on","_et_pb_old_content":"","_et_gb_content_width":"","footnotes":""},"_links":{"self":[{"href":"https:\/\/www.uhu.es\/catedra-genero-campoamor\/wp-json\/wp\/v2\/pages\/344"}],"collection":[{"href":"https:\/\/www.uhu.es\/catedra-genero-campoamor\/wp-json\/wp\/v2\/pages"}],"about":[{"href":"https:\/\/www.uhu.es\/catedra-genero-campoamor\/wp-json\/wp\/v2\/types\/page"}],"author":[{"embeddable":true,"href":"https:\/\/www.uhu.es\/catedra-genero-campoamor\/wp-json\/wp\/v2\/users\/1"}],"replies":[{"embeddable":true,"href":"https:\/\/www.uhu.es\/catedra-genero-campoamor\/wp-json\/wp\/v2\/comments?post=344"}],"version-history":[{"count":2,"href":"https:\/\/www.uhu.es\/catedra-genero-campoamor\/wp-json\/wp\/v2\/pages\/344\/revisions"}],"predecessor-version":[{"id":347,"href":"https:\/\/www.uhu.es\/catedra-genero-campoamor\/wp-json\/wp\/v2\/pages\/344\/revisions\/347"}],"wp:attachment":[{"href":"https:\/\/www.uhu.es\/catedra-genero-campoamor\/wp-json\/wp\/v2\/media?parent=344"}],"curies":[{"name":"wp","href":"https:\/\/api.w.org\/{rel}","templated":true}]}}