{"id":397,"date":"2026-01-23T12:33:47","date_gmt":"2026-01-23T11:33:47","guid":{"rendered":"https:\/\/www.uhu.es\/catedra-genero-campoamor\/?page_id=397"},"modified":"2026-04-21T11:50:58","modified_gmt":"2026-04-21T09:50:58","slug":"actividades-2026","status":"publish","type":"page","link":"https:\/\/www.uhu.es\/catedra-genero-campoamor\/actividades-2026\/","title":{"rendered":"Actividades 2026"},"content":{"rendered":"<p>[et_pb_section fb_built=\u00bb1&#8243; _builder_version=\u00bb4.17.3&#8243; _module_preset=\u00bbdefault\u00bb background_color=\u00bbgcid-93b9d874-7f68-47d3-8771-5fbe336d6b66&#8243; background_enable_pattern_style=\u00bbon\u00bb background_pattern_style=\u00bbsmiles\u00bb global_colors_info=\u00bb{%22gcid-93b9d874-7f68-47d3-8771-5fbe336d6b66%22:%91%22background_color%22%93}\u00bb][et_pb_row _builder_version=\u00bb4.17.3&#8243; _module_preset=\u00bbdefault\u00bb global_colors_info=\u00bb{}\u00bb][et_pb_column type=\u00bb4_4&#8243; _builder_version=\u00bb4.17.3&#8243; _module_preset=\u00bbdefault\u00bb global_colors_info=\u00bb{}\u00bb][et_pb_text _builder_version=\u00bb4.17.3&#8243; _module_preset=\u00bbdefault\u00bb header_font=\u00bbPlayfair Display||||||||\u00bb header_text_color=\u00bb#FFFFFF\u00bb header_font_size=\u00bb41px\u00bb global_colors_info=\u00bb{}\u00bb]<\/p>\n<h1>Actividades 2026<\/h1>\n<p>[\/et_pb_text][\/et_pb_column][\/et_pb_row][\/et_pb_section][et_pb_section fb_built=\u00bb1&#8243; _builder_version=\u00bb4.17.3&#8243; _module_preset=\u00bbdefault\u00bb custom_padding=\u00bb16px|||||\u00bb global_colors_info=\u00bb{}\u00bb][et_pb_row _builder_version=\u00bb4.17.3&#8243; _module_preset=\u00bbdefault\u00bb custom_padding=\u00bb48px|||||\u00bb global_colors_info=\u00bb{}\u00bb][et_pb_column type=\u00bb4_4&#8243; _builder_version=\u00bb4.17.3&#8243; _module_preset=\u00bbdefault\u00bb hover_enabled=\u00bb0&#8243; global_colors_info=\u00bb{}\u00bb sticky_enabled=\u00bb0&#8243;][et_pb_text _builder_version=\u00bb4.17.3&#8243; _module_preset=\u00bbdefault\u00bb animation_style=\u00bbfade\u00bb hover_enabled=\u00bb0&#8243; global_colors_info=\u00bb{}\u00bb sticky_enabled=\u00bb0&#8243;]<\/p>\n<div><b>Mesa redonda: \u00abUna mirada interdisciplinar a la violencia de g\u00e9nero desde la abogac\u00eda, la psicolog\u00eda y la ling\u00fc\u00edstica\u00bb<\/b><\/div>\n<div><b><\/b><\/div>\n<div><b><\/b>Fecha: 27 de abril de 2026 a las 12:00h, Aula de Grados de la Facultad de Humanidades de la Universidad de Huelva<\/div>\n<div><\/div>\n<div><\/div>\n<div><\/div>\n<div>\n<p>&nbsp;<\/p>\n<div><img decoding=\"async\" loading=\"lazy\" src=\"https:\/\/www.uhu.es\/catedra-genero-campoamor\/wp-content\/uploads\/2026\/04\/ACTIVIDAD_27_ABRIL-1.jpg\" width=\"240\" height=\"300\" alt=\"\" class=\"wp-image-412 alignnone size-medium\" style=\"display: block; margin-left: auto; margin-right: auto;\" \/><\/div>\n<p>&nbsp;<\/p>\n<p>&nbsp;<\/p>\n<hr \/>\n<p><b><\/b><b><\/b><\/p>\n<div><\/div>\n<\/div>\n<p>&nbsp;<\/p>\n<p>&nbsp;<\/p>\n<div><b>II Reconocimiento \u00abClara Campoamor\u00bb y Premios a Trabajos Fin de M\u00e1ster \u00abElena Ru\u00edz \u00c1ngel\u00bb y Tesis Doctoral de la C\u00e1tedra de Estudios de G\u00e9nero \u00abClara Campoamor\u00bb<\/b><\/div>\n<div><b><\/b><\/div>\n<div><b><\/b>Fecha: 21 de abril de 2026 a las 17:00h, Aula Grados de la Escuelta T\u00e9cnica Superior de Ingenier\u00eda de la Universidad de Huelva<\/div>\n<div><\/div>\n<div><\/div>\n<div><\/div>\n<div>\n<p>&nbsp;<\/p>\n<div><img decoding=\"async\" loading=\"lazy\" src=\"https:\/\/www.uhu.es\/catedra-genero-campoamor\/wp-content\/uploads\/2026\/04\/Seminario-mujer-latinoamericana-mujer-andaluza.png\" width=\"240\" height=\"300\" alt=\"\" class=\"wp-image-412 alignnone size-medium\" style=\"display: block; margin-left: auto; margin-right: auto;\" \/><\/div>\n<p>&nbsp;<\/p>\n<p>&nbsp;<\/p>\n<hr \/>\n<p><b><\/b><b><\/b><\/p>\n<div><\/div>\n<\/div>\n<p>&nbsp;<\/p>\n<p>&nbsp;<\/p>\n<div><b>Representaci\u00f3n teatral \u00bb En el alto balc\u00f3n de tu silencio: homenaje teatral a Mar\u00eda Moliner\u00bb<\/b><\/div>\n<div>\n<div>Fecha: 20 de. marzo de 2026 a las 18:00h, Sal\u00f3n de Actos de la Facultad de Trabajo Social y Ciencias del Trabajo.<\/div>\n<div><\/div>\n<p>&nbsp;<\/p>\n<div><img decoding=\"async\" loading=\"lazy\" src=\"https:\/\/www.uhu.es\/catedra-genero-campoamor\/wp-content\/uploads\/2026\/03\/TEATRO3-240x300.jpg\" width=\"240\" height=\"300\" alt=\"\" class=\"wp-image-412 alignnone size-medium\" style=\"display: block; margin-left: auto; margin-right: auto;\" \/><\/div>\n<div><\/div>\n<div><\/div>\n<div>\n<p>&nbsp;<\/p>\n<p>&nbsp;<\/p>\n<hr \/>\n<\/div>\n<p>&nbsp;<\/p>\n<div><b><\/b><strong>Exposici\u00f3n conmemorativa del XX Aniversario del M\u00e1ster Oficial en Estudios de G\u00e9nero, Identidades y Ciudadan\u00eda<\/strong><\/div>\n<div>Fecha: 10 de marzo a las 13:30h, Aula de Grados Facultad de Humanidades y Hall Edificio Jacobo del Barco<\/div>\n<div><\/div>\n<p>&nbsp;<\/p>\n<div><img decoding=\"async\" loading=\"lazy\" src=\"https:\/\/www.uhu.es\/catedra-genero-campoamor\/wp-content\/uploads\/2026\/03\/EXPOSICIO\u0301N-MA\u0301STER-240x300.jpg\" width=\"240\" height=\"300\" alt=\"\" class=\"wp-image-421 alignnone size-medium\" style=\"display: block; margin-left: auto; margin-right: auto;\" srcset=\"https:\/\/www.uhu.es\/catedra-genero-campoamor\/wp-content\/uploads\/2026\/03\/EXPOSICIO\u0301N-MA\u0301STER-240x300.jpg 240w, https:\/\/www.uhu.es\/catedra-genero-campoamor\/wp-content\/uploads\/2026\/03\/EXPOSICIO\u0301N-MA\u0301STER-819x1024.jpg 819w, https:\/\/www.uhu.es\/catedra-genero-campoamor\/wp-content\/uploads\/2026\/03\/EXPOSICIO\u0301N-MA\u0301STER-120x150.jpg 120w, https:\/\/www.uhu.es\/catedra-genero-campoamor\/wp-content\/uploads\/2026\/03\/EXPOSICIO\u0301N-MA\u0301STER-768x960.jpg 768w, https:\/\/www.uhu.es\/catedra-genero-campoamor\/wp-content\/uploads\/2026\/03\/EXPOSICIO\u0301N-MA\u0301STER-980x1225.jpg 980w, https:\/\/www.uhu.es\/catedra-genero-campoamor\/wp-content\/uploads\/2026\/03\/EXPOSICIO\u0301N-MA\u0301STER-480x600.jpg 480w, https:\/\/www.uhu.es\/catedra-genero-campoamor\/wp-content\/uploads\/2026\/03\/EXPOSICIO\u0301N-MA\u0301STER.jpg 1080w\" sizes=\"(max-width: 240px) 100vw, 240px\" \/><\/div>\n<p>&nbsp;<\/p>\n<hr \/>\n<div><b><\/b><strong>Presentaci\u00f3n del libro <em>Hasta aqu\u00ed hemos llegado: Una historia del antifeminismo en Espa\u00f1a<\/em><\/strong><\/div>\n<div>Fecha: 9 de marzo de 2026 a las 10:30, Aula de Grados de la Facultad de Humanidades<\/div>\n<div><\/div>\n<p>&nbsp;<\/p>\n<div><img decoding=\"async\" loading=\"lazy\" src=\"https:\/\/www.uhu.es\/catedra-genero-campoamor\/wp-content\/uploads\/2026\/03\/LIBRO3-240x300.jpg\" width=\"240\" height=\"300\" alt=\"\" class=\"wp-image-415 alignnone size-medium\" style=\"display: block; margin-left: auto; margin-right: auto;\" \/><\/div>\n<div><b><\/b><\/div>\n<div><b><\/b><\/div>\n<p>&nbsp;<\/p>\n<hr \/>\n<p>&nbsp;<\/p>\n<div><b><\/b><strong>Rutas jur\u00eddicas para la protecci\u00f3n de mujeres migrantes v\u00edctimas de violencia: Un an\u00e1lisis comparativo entre M\u00e9xico y Espa\u00f1a.<\/strong><\/div>\n<div>Fecha: 13 de enero de 2026 de 16:30 a 18:00, Aula 2.6 Edificio Galileo.<\/div>\n<div><\/div>\n<p>&nbsp;<\/p>\n<div style=\"text-align: center;\"><img decoding=\"async\" loading=\"lazy\" src=\"https:\/\/www.uhu.es\/catedra-genero-campoamor\/wp-content\/uploads\/2026\/01\/Captura-de-pantalla-2026-01-23-a-las-12.22.14-215x300.png\" width=\"308\" height=\"430\" alt=\"\" class=\"wp-image-399 alignnone size-medium\" \/><\/div>\n<div><\/div>\n<div><\/div>\n<div><\/div>\n<div style=\"text-align: center;\"><\/div>\n<div><\/div>\n<div><\/div>\n<div><\/div>\n<div style=\"text-align: center;\"><\/div>\n<div style=\"text-align: center;\"><\/div>\n<div><b><\/b><\/div>\n<div><\/div>\n<\/div>\n<p>[\/et_pb_text][\/et_pb_column][\/et_pb_row][\/et_pb_section][et_pb_section fb_built=\u00bb1&#8243; _builder_version=\u00bb4.17.3&#8243; _module_preset=\u00bbdefault\u00bb global_colors_info=\u00bb{}\u00bb][\/et_pb_section]<\/p>\n","protected":false},"excerpt":{"rendered":"<p>Actividades 2026Mesa redonda: \u00abUna mirada interdisciplinar a la violencia de g\u00e9nero desde la abogac\u00eda, la psicolog\u00eda y la ling\u00fc\u00edstica\u00bb Fecha: 27 de abril de 2026 a las 12:00h, Aula de Grados de la Facultad de Humanidades de la Universidad de Huelva &nbsp; &nbsp; &nbsp; &nbsp; &nbsp; II Reconocimiento \u00abClara Campoamor\u00bb y Premios a Trabajos Fin [&hellip;]<\/p>\n","protected":false},"author":1,"featured_media":0,"parent":0,"menu_order":0,"comment_status":"closed","ping_status":"closed","template":"","meta":{"_et_pb_use_builder":"on","_et_pb_old_content":"","_et_gb_content_width":"","footnotes":""},"_links":{"self":[{"href":"https:\/\/www.uhu.es\/catedra-genero-campoamor\/wp-json\/wp\/v2\/pages\/397"}],"collection":[{"href":"https:\/\/www.uhu.es\/catedra-genero-campoamor\/wp-json\/wp\/v2\/pages"}],"about":[{"href":"https:\/\/www.uhu.es\/catedra-genero-campoamor\/wp-json\/wp\/v2\/types\/page"}],"author":[{"embeddable":true,"href":"https:\/\/www.uhu.es\/catedra-genero-campoamor\/wp-json\/wp\/v2\/users\/1"}],"replies":[{"embeddable":true,"href":"https:\/\/www.uhu.es\/catedra-genero-campoamor\/wp-json\/wp\/v2\/comments?post=397"}],"version-history":[{"count":8,"href":"https:\/\/www.uhu.es\/catedra-genero-campoamor\/wp-json\/wp\/v2\/pages\/397\/revisions"}],"predecessor-version":[{"id":432,"href":"https:\/\/www.uhu.es\/catedra-genero-campoamor\/wp-json\/wp\/v2\/pages\/397\/revisions\/432"}],"wp:attachment":[{"href":"https:\/\/www.uhu.es\/catedra-genero-campoamor\/wp-json\/wp\/v2\/media?parent=397"}],"curies":[{"name":"wp","href":"https:\/\/api.w.org\/{rel}","templated":true}]}}