{"id":8,"date":"2023-11-20T11:46:03","date_gmt":"2023-11-20T10:46:03","guid":{"rendered":"https:\/\/www.uhu.es\/catedra-genero-campoamor\/?page_id=8"},"modified":"2026-02-26T19:39:01","modified_gmt":"2026-02-26T18:39:01","slug":"consejo-de-la-catedra","status":"publish","type":"page","link":"https:\/\/www.uhu.es\/catedra-genero-campoamor\/consejo-de-la-catedra\/","title":{"rendered":"Consejo de la C\u00e1tedra"},"content":{"rendered":"<p>[et_pb_section fb_built=\u00bb1&#8243; _builder_version=\u00bb4.17.3&#8243; _module_preset=\u00bbdefault\u00bb background_color=\u00bbgcid-93b9d874-7f68-47d3-8771-5fbe336d6b66&#8243; background_enable_pattern_style=\u00bbon\u00bb background_pattern_style=\u00bbsmiles\u00bb global_colors_info=\u00bb{%22gcid-93b9d874-7f68-47d3-8771-5fbe336d6b66%22:%91%22background_color%22%93}\u00bb][et_pb_row _builder_version=\u00bb4.17.3&#8243; _module_preset=\u00bbdefault\u00bb global_colors_info=\u00bb{}\u00bb][et_pb_column type=\u00bb4_4&#8243; _builder_version=\u00bb4.17.3&#8243; _module_preset=\u00bbdefault\u00bb global_colors_info=\u00bb{}\u00bb][et_pb_text _builder_version=\u00bb4.17.3&#8243; _module_preset=\u00bbdefault\u00bb header_font=\u00bbPlayfair Display||||||||\u00bb header_text_color=\u00bb#FFFFFF\u00bb header_font_size=\u00bb41px\u00bb global_colors_info=\u00bb{}\u00bb]<\/p>\n<h1>Consejo de la c\u00e1tedra<\/h1>\n<p>[\/et_pb_text][\/et_pb_column][\/et_pb_row][\/et_pb_section][et_pb_section fb_built=\u00bb1&#8243; _builder_version=\u00bb4.17.3&#8243; _module_preset=\u00bbdefault\u00bb global_colors_info=\u00bb{}\u00bb][et_pb_row column_structure=\u00bb1_2,1_2&#8243; _builder_version=\u00bb4.17.3&#8243; _module_preset=\u00bbdefault\u00bb global_colors_info=\u00bb{}\u00bb][et_pb_column type=\u00bb1_2&#8243; _builder_version=\u00bb4.17.3&#8243; _module_preset=\u00bbdefault\u00bb global_colors_info=\u00bb{}\u00bb][et_pb_text _builder_version=\u00bb4.17.3&#8243; _module_preset=\u00bbdefault\u00bb custom_margin=\u00bb0px||||false|false\u00bb custom_padding=\u00bb10px|10px|10px|10px|true|true\u00bb hover_enabled=\u00bb0&#8243; box_shadow_style=\u00bbpreset3&#8243; global_colors_info=\u00bb{}\u00bb sticky_enabled=\u00bb0&#8243;]<\/p>\n<p><strong>Por la Universidad de Huelva:<\/strong><\/p>\n<ul>\n<li><em>Jos\u00e9 Rodr\u00edguez Quintero <\/em>, Rector de la Universidad de Huelva.<\/li>\n<li>Mar\u00eda Reyes S\u00e1nchez Herrera, Vicerrectora de Transferencia y Desarrollo Territorial (por delegaci\u00f3n del Rector).<\/li>\n<li><em>David Toscano Pardo<\/em>, Director de C\u00e1tedras Externas.<\/li>\n<li>M\u00aa \u00c1ngeles Ortiz Gonz\u00e1lez, Directora de Igualdad y Atenci\u00f3n a la Diversidad.<\/li>\n<\/ul>\n<div>\n<p><strong>Por la Diputaci\u00f3n de Huelva:<\/strong><\/p>\n<ul>\n<li><em>Rosa Mu\u00f1oz Gonz\u00e1lez<\/em>, T\u00e9cnica de Igualdad de la Diputaci\u00f3n Provincial de Huelva.<\/li>\n<li>Irene Barrado Romero, Jefa de Servicio de Igualdad y Familias de la Diputaci\u00f3n Provincial de Huelva.<\/li>\n<li><em>M\u00aa del Mar Mart\u00edn Florido<\/em><span>\u00a0<\/span>Diputada de Igualdad y Familias. Diputaci\u00f3n Provincial de Huelva.<\/li>\n<\/ul>\n<div>\n<p><strong>Direcci\u00f3n de la C\u00e1tedra:<\/strong><\/p>\n<ul>\n<li><em>Roc\u00edo Carrasco Carrasco.<\/em><\/li>\n<\/ul>\n<\/div>\n<\/div>\n<p>[\/et_pb_text][\/et_pb_column][et_pb_column type=\u00bb1_2&#8243; _builder_version=\u00bb4.17.3&#8243; _module_preset=\u00bbdefault\u00bb global_colors_info=\u00bb{}\u00bb][et_pb_text _builder_version=\u00bb4.17.3&#8243; _module_preset=\u00bbdefault\u00bb global_colors_info=\u00bb{}\u00bb][\/et_pb_text][et_pb_image src=\u00bbhttps:\/\/www.uhu.es\/catedra-genero-campoamor\/wp-content\/uploads\/2023\/11\/1.jpg\u00bb title_text=\u00bb1&#8243; align=\u00bbcenter\u00bb _builder_version=\u00bb4.17.3&#8243; _module_preset=\u00bbdefault\u00bb animation_style=\u00bbfade\u00bb border_radii=\u00bbon|50px|50px|50px|50px\u00bb border_width_all=\u00bb1px\u00bb box_shadow_style=\u00bbpreset3&#8243; global_colors_info=\u00bb{}\u00bb][\/et_pb_image][\/et_pb_column][\/et_pb_row][\/et_pb_section]<\/p>\n","protected":false},"excerpt":{"rendered":"<p>Consejo de la c\u00e1tedraPor la Universidad de Huelva: Jos\u00e9 Rodr\u00edguez Quintero , Rector de la Universidad de Huelva. Mar\u00eda Reyes S\u00e1nchez Herrera, Vicerrectora de Transferencia y Desarrollo Territorial (por delegaci\u00f3n del Rector). David Toscano Pardo, Director de C\u00e1tedras Externas. M\u00aa \u00c1ngeles Ortiz Gonz\u00e1lez, Directora de Igualdad y Atenci\u00f3n a la Diversidad. Por la Diputaci\u00f3n de [&hellip;]<\/p>\n","protected":false},"author":1,"featured_media":0,"parent":0,"menu_order":0,"comment_status":"closed","ping_status":"closed","template":"","meta":{"_et_pb_use_builder":"on","_et_pb_old_content":"","_et_gb_content_width":"","footnotes":""},"_links":{"self":[{"href":"https:\/\/www.uhu.es\/catedra-genero-campoamor\/wp-json\/wp\/v2\/pages\/8"}],"collection":[{"href":"https:\/\/www.uhu.es\/catedra-genero-campoamor\/wp-json\/wp\/v2\/pages"}],"about":[{"href":"https:\/\/www.uhu.es\/catedra-genero-campoamor\/wp-json\/wp\/v2\/types\/page"}],"author":[{"embeddable":true,"href":"https:\/\/www.uhu.es\/catedra-genero-campoamor\/wp-json\/wp\/v2\/users\/1"}],"replies":[{"embeddable":true,"href":"https:\/\/www.uhu.es\/catedra-genero-campoamor\/wp-json\/wp\/v2\/comments?post=8"}],"version-history":[{"count":9,"href":"https:\/\/www.uhu.es\/catedra-genero-campoamor\/wp-json\/wp\/v2\/pages\/8\/revisions"}],"predecessor-version":[{"id":411,"href":"https:\/\/www.uhu.es\/catedra-genero-campoamor\/wp-json\/wp\/v2\/pages\/8\/revisions\/411"}],"wp:attachment":[{"href":"https:\/\/www.uhu.es\/catedra-genero-campoamor\/wp-json\/wp\/v2\/media?parent=8"}],"curies":[{"name":"wp","href":"https:\/\/api.w.org\/{rel}","templated":true}]}}