{"id":83,"date":"2023-11-20T12:34:54","date_gmt":"2023-11-20T11:34:54","guid":{"rendered":"https:\/\/www.uhu.es\/catedra-genero-campoamor\/?page_id=83"},"modified":"2023-12-21T13:00:34","modified_gmt":"2023-12-21T12:00:34","slug":"clara-campoamor","status":"publish","type":"page","link":"https:\/\/www.uhu.es\/catedra-genero-campoamor\/clara-campoamor\/","title":{"rendered":"Clara Campoamor"},"content":{"rendered":"<p>[et_pb_section fb_built=\u00bb1&#8243; _builder_version=\u00bb4.17.3&#8243; _module_preset=\u00bbdefault\u00bb background_color=\u00bbgcid-93b9d874-7f68-47d3-8771-5fbe336d6b66&#8243; background_enable_pattern_style=\u00bbon\u00bb background_pattern_style=\u00bbsmiles\u00bb global_colors_info=\u00bb{%22gcid-93b9d874-7f68-47d3-8771-5fbe336d6b66%22:%91%22background_color%22%93}\u00bb][et_pb_row _builder_version=\u00bb4.17.3&#8243; _module_preset=\u00bbdefault\u00bb global_colors_info=\u00bb{}\u00bb][et_pb_column type=\u00bb4_4&#8243; _builder_version=\u00bb4.17.3&#8243; _module_preset=\u00bbdefault\u00bb global_colors_info=\u00bb{}\u00bb][et_pb_text _builder_version=\u00bb4.17.3&#8243; _module_preset=\u00bbdefault\u00bb header_font=\u00bbPlayfair Display||||||||\u00bb header_text_color=\u00bb#FFFFFF\u00bb header_font_size=\u00bb41px\u00bb global_colors_info=\u00bb{}\u00bb]<\/p>\n<h1>Clara Campoamor<\/h1>\n<p>[\/et_pb_text][\/et_pb_column][\/et_pb_row][\/et_pb_section][et_pb_section fb_built=\u00bb1&#8243; _builder_version=\u00bb4.17.3&#8243; _module_preset=\u00bbdefault\u00bb global_colors_info=\u00bb{}\u00bb][et_pb_row column_structure=\u00bb3_5,2_5&#8243; _builder_version=\u00bb4.17.3&#8243; _module_preset=\u00bbdefault\u00bb global_colors_info=\u00bb{}\u00bb][et_pb_column type=\u00bb3_5&#8243; _builder_version=\u00bb4.17.3&#8243; _module_preset=\u00bbdefault\u00bb global_colors_info=\u00bb{}\u00bb][et_pb_text _builder_version=\u00bb4.17.3&#8243; _module_preset=\u00bbdefault\u00bb custom_margin=\u00bb0px||0px||false|false\u00bb custom_padding=\u00bb10px|10px|10px|10px|true|true\u00bb hover_enabled=\u00bb0&#8243; box_shadow_style=\u00bbpreset3&#8243; global_colors_info=\u00bb{}\u00bb sticky_enabled=\u00bb0&#8243;]<\/p>\n<blockquote>\n<h4>Ten\u00e9is el derecho que os ha dado la ley, la ley que hicisteis vosotros, pero no ten\u00e9is el Derecho Natural, el Derecho fundamental que se basa en el respeto de todo ser humano, y lo que hac\u00e9is es detentar un poder; dejad que la mujer se manifieste y ver\u00e9is como ese poder no pod\u00e9is seguir detent\u00e1ndolo&#8230;<\/h4>\n<h4 style=\"text-align: right;\"><span style=\"font-size: small;\">(Clara Campoamor, en el Congreso de Diputados, el 1 de octubre de 1931)<\/span><\/h4>\n<\/blockquote>\n<p>Libertad e igualdad sin distinci\u00f3n de sexos eran los principios fundamentales para el ejercicio de los derechos pol\u00edticos en el contexto del a\u00f1o 1931, cuando en Espa\u00f1a se proclama la Segunda Rep\u00fablica, las mujeres son elegibles, pero no pueden votar.\u00a0 Clara Campoamor es una de las primeras mujeres diputadas que pisan las cortes y se plantean muy firmemente luchar por los derechos de la mujer y el voto femenino. Ese argumento se generaliza y hace que Clara Campoamor se vaya quedando sola en el parlamento en su defensa del sufragio universal. Despu\u00e9s de una lucha constante y m\u00faltiples traiciones, el 1 de diciembre de 1931, Campoamor consigue su objetivo: el voto para la mujer.<\/p>\n<p>No hay derechos, si \u00e9stos no son universales \u2013 fue un principio general de Clara Campoamor para que la mujer ha redefinido el contrato social del siglo XVIII. Ella destac\u00f3 como figura singular en el debate constitucional desarrollando la defensa de un sufragio universal igualitario. La idea de Clara Campoamor se sustentaba en alcanzar la igualdad, como principio que habilitaba a las mujeres para poder formar parte de la voluntad general.<\/p>\n<p>Clara Campoamor convirti\u00f3 la ciudadan\u00eda sin restricciones en la fundaci\u00f3n de la democracia espa\u00f1ola. Los principios democr\u00e1ticos deb\u00edan garantizar la universalidad de la ciudadan\u00eda, la aplicaci\u00f3n de la igualdad entre hombres y mujeres y la eliminaci\u00f3n de cualquier discriminaci\u00f3n de sexo en la Constituci\u00f3n. Estableciendo el acceso de las mujeres a la categor\u00eda de sujeto pol\u00edtico activo, ella estuvo siguiendo la l\u00f3gica feminista para criticar a un orden pol\u00edtico basado en la preeminencia masculina d\u00f3nde democracia y poder patriarcal eran incompatibles.<\/p>\n<p>La figura de Clara Campoamor sigue siendo muy importante en la lucha de los derechos de las mujeres, as\u00ed que hoy, todav\u00eda, es un emblema que representa la historia del g\u00e9nero femenino en nuestro pa\u00eds.<\/p>\n<p>[\/et_pb_text][\/et_pb_column][et_pb_column type=\u00bb2_5&#8243; _builder_version=\u00bb4.17.3&#8243; _module_preset=\u00bbdefault\u00bb global_colors_info=\u00bb{}\u00bb][et_pb_image src=\u00bbhttps:\/\/www.uhu.es\/catedra-genero-campoamor\/wp-content\/uploads\/2023\/11\/LOGO-CLARA-CARA.png\u00bb title_text=\u00bbLOGO-CLARA-CARA\u00bb _builder_version=\u00bb4.17.3&#8243; _module_preset=\u00bbdefault\u00bb animation_style=\u00bbfade\u00bb border_radii=\u00bbon|1px|1px|1px|1px\u00bb border_width_all=\u00bb1px\u00bb box_shadow_style=\u00bbpreset3&#8243; global_colors_info=\u00bb{}\u00bb][\/et_pb_image][et_pb_text _builder_version=\u00bb4.17.3&#8243; _module_preset=\u00bbdefault\u00bb global_colors_info=\u00bb{}\u00bb]<\/p>\n<p><strong>La activista feminista, abogada y diputada del Partido Radical, Clara Campoamor es la mayor reformista en la historia de Espa\u00f1a en relaci\u00f3n con extender el derecho de voto a las mujeres.<\/strong><\/p>\n<p>[\/et_pb_text][\/et_pb_column][\/et_pb_row][\/et_pb_section]<\/p>\n","protected":false},"excerpt":{"rendered":"<p>Clara Campoamor Ten\u00e9is el derecho que os ha dado la ley, la ley que hicisteis vosotros, pero no ten\u00e9is el Derecho Natural, el Derecho fundamental que se basa en el respeto de todo ser humano, y lo que hac\u00e9is es detentar un poder; dejad que la mujer se manifieste y ver\u00e9is como ese poder no [&hellip;]<\/p>\n","protected":false},"author":1,"featured_media":0,"parent":0,"menu_order":0,"comment_status":"closed","ping_status":"closed","template":"","meta":{"_et_pb_use_builder":"on","_et_pb_old_content":"","_et_gb_content_width":"","footnotes":""},"_links":{"self":[{"href":"https:\/\/www.uhu.es\/catedra-genero-campoamor\/wp-json\/wp\/v2\/pages\/83"}],"collection":[{"href":"https:\/\/www.uhu.es\/catedra-genero-campoamor\/wp-json\/wp\/v2\/pages"}],"about":[{"href":"https:\/\/www.uhu.es\/catedra-genero-campoamor\/wp-json\/wp\/v2\/types\/page"}],"author":[{"embeddable":true,"href":"https:\/\/www.uhu.es\/catedra-genero-campoamor\/wp-json\/wp\/v2\/users\/1"}],"replies":[{"embeddable":true,"href":"https:\/\/www.uhu.es\/catedra-genero-campoamor\/wp-json\/wp\/v2\/comments?post=83"}],"version-history":[{"count":6,"href":"https:\/\/www.uhu.es\/catedra-genero-campoamor\/wp-json\/wp\/v2\/pages\/83\/revisions"}],"predecessor-version":[{"id":173,"href":"https:\/\/www.uhu.es\/catedra-genero-campoamor\/wp-json\/wp\/v2\/pages\/83\/revisions\/173"}],"wp:attachment":[{"href":"https:\/\/www.uhu.es\/catedra-genero-campoamor\/wp-json\/wp\/v2\/media?parent=83"}],"curies":[{"name":"wp","href":"https:\/\/api.w.org\/{rel}","templated":true}]}}