{"id":90,"date":"2023-11-20T12:49:03","date_gmt":"2023-11-20T11:49:03","guid":{"rendered":"https:\/\/www.uhu.es\/catedra-genero-campoamor\/?page_id=90"},"modified":"2024-03-11T12:32:46","modified_gmt":"2024-03-11T11:32:46","slug":"investigacion-y-liderazgo","status":"publish","type":"page","link":"https:\/\/www.uhu.es\/catedra-genero-campoamor\/investigacion-y-liderazgo\/","title":{"rendered":"Investigaci\u00f3n y liderazgo"},"content":{"rendered":"<p>[et_pb_section fb_built=\u00bb1&#8243; _builder_version=\u00bb4.17.3&#8243; _module_preset=\u00bbdefault\u00bb background_color=\u00bbgcid-93b9d874-7f68-47d3-8771-5fbe336d6b66&#8243; background_enable_pattern_style=\u00bbon\u00bb background_pattern_style=\u00bbsmiles\u00bb global_colors_info=\u00bb{%22gcid-93b9d874-7f68-47d3-8771-5fbe336d6b66%22:%91%22background_color%22%93}\u00bb][et_pb_row _builder_version=\u00bb4.17.3&#8243; _module_preset=\u00bbdefault\u00bb global_colors_info=\u00bb{}\u00bb][et_pb_column type=\u00bb4_4&#8243; _builder_version=\u00bb4.17.3&#8243; _module_preset=\u00bbdefault\u00bb global_colors_info=\u00bb{}\u00bb][et_pb_text _builder_version=\u00bb4.17.3&#8243; _module_preset=\u00bbdefault\u00bb header_font=\u00bbPlayfair Display||||||||\u00bb header_text_color=\u00bb#FFFFFF\u00bb header_font_size=\u00bb41px\u00bb global_colors_info=\u00bb{}\u00bb]<\/p>\n<h1>Investigaci\u00f3n y liderazgo<\/h1>\n<p>[\/et_pb_text][\/et_pb_column][\/et_pb_row][\/et_pb_section][et_pb_section fb_built=\u00bb1&#8243; _builder_version=\u00bb4.17.3&#8243; _module_preset=\u00bbdefault\u00bb global_colors_info=\u00bb{}\u00bb][et_pb_row _builder_version=\u00bb4.17.3&#8243; _module_preset=\u00bbdefault\u00bb global_colors_info=\u00bb{}\u00bb][et_pb_column type=\u00bb4_4&#8243; _builder_version=\u00bb4.17.3&#8243; _module_preset=\u00bbdefault\u00bb global_colors_info=\u00bb{}\u00bb][et_pb_text _builder_version=\u00bb4.17.3&#8243; _module_preset=\u00bbdefault\u00bb global_colors_info=\u00bb{}\u00bb]<\/p>\n<p>La C\u00e1tedra de G\u00e9nero tiene una clara vocaci\u00f3n investigadora gracias a todo el trabajo colaborativo y multidisciplinar del personal investigador perteneciente a distintas \u00e1reas y facultades de la Universidad de Huelva. Por ello, se pretende consolidar los saberes adquiridos y los resultados investigadores a trav\u00e9s de planes plurianuales de investigaci\u00f3n que incluyan apartados como el apoyo a proyectos de investigaci\u00f3n con perspectiva \u00a0de g\u00e9nero, la concesi\u00f3n de premios de investigaci\u00f3n a tesis doctorales y trabajos fin de m\u00e1ster, la organizaci\u00f3n de congresos y jornadas interdisciplinares, la consolidaci\u00f3n de seminarios permanentes -Seminario permanente de cultura de la violaci\u00f3n, Seminario permanente de violencia de g\u00e9nero, Seminario permanente sobre racismo, sexismo y otras formas de discriminaci\u00f3n, entre otros- e impulso a las publicaciones con perspectiva de g\u00e9nero y, especialmente, a la colecci\u00f3n Zenobia Camprub\u00ed.<\/p>\n<p>[\/et_pb_text][\/et_pb_column][\/et_pb_row][et_pb_row _builder_version=\u00bb4.17.3&#8243; _module_preset=\u00bbdefault\u00bb global_colors_info=\u00bb{}\u00bb][et_pb_column type=\u00bb4_4&#8243; _builder_version=\u00bb4.17.3&#8243; _module_preset=\u00bbdefault\u00bb global_colors_info=\u00bb{}\u00bb][et_pb_cta button_url=\u00bbhttps:\/\/www.uhu.es\/master_egic\/\u00bb url_new_window=\u00bbon\u00bb button_text=\u00bbMatr\u00edculate\u00bb _builder_version=\u00bb4.17.3&#8243; _module_preset=\u00bbdefault\u00bb background_color=\u00bb#D6D6D6&#8243; custom_button=\u00bbon\u00bb button_text_color=\u00bb#5e005d\u00bb background_layout=\u00bblight\u00bb animation_style=\u00bbslide\u00bb animation_duration=\u00bb300ms\u00bb animation_intensity_slide=\u00bb15%\u00bb border_radii=\u00bbon|11px|11px|11px|11px\u00bb border_width_all=\u00bb1px\u00bb global_colors_info=\u00bb{}\u00bb]<\/p>\n<h1 class=\"classic-title\" style=\"color: #5e005d;\">M\u00e1ster Oficial en Estudios G\u00e9nero, Identidades y Ciudadan\u00eda<\/h1>\n<p>[\/et_pb_cta][\/et_pb_column][\/et_pb_row][\/et_pb_section]<\/p>\n","protected":false},"excerpt":{"rendered":"<p>Investigaci\u00f3n y liderazgoLa C\u00e1tedra de G\u00e9nero tiene una clara vocaci\u00f3n investigadora gracias a todo el trabajo colaborativo y multidisciplinar del personal investigador perteneciente a distintas \u00e1reas y facultades de la Universidad de Huelva. Por ello, se pretende consolidar los saberes adquiridos y los resultados investigadores a trav\u00e9s de planes plurianuales de investigaci\u00f3n que incluyan apartados [&hellip;]<\/p>\n","protected":false},"author":1,"featured_media":0,"parent":0,"menu_order":0,"comment_status":"closed","ping_status":"closed","template":"","meta":{"_et_pb_use_builder":"on","_et_pb_old_content":"","_et_gb_content_width":"","footnotes":""},"_links":{"self":[{"href":"https:\/\/www.uhu.es\/catedra-genero-campoamor\/wp-json\/wp\/v2\/pages\/90"}],"collection":[{"href":"https:\/\/www.uhu.es\/catedra-genero-campoamor\/wp-json\/wp\/v2\/pages"}],"about":[{"href":"https:\/\/www.uhu.es\/catedra-genero-campoamor\/wp-json\/wp\/v2\/types\/page"}],"author":[{"embeddable":true,"href":"https:\/\/www.uhu.es\/catedra-genero-campoamor\/wp-json\/wp\/v2\/users\/1"}],"replies":[{"embeddable":true,"href":"https:\/\/www.uhu.es\/catedra-genero-campoamor\/wp-json\/wp\/v2\/comments?post=90"}],"version-history":[{"count":6,"href":"https:\/\/www.uhu.es\/catedra-genero-campoamor\/wp-json\/wp\/v2\/pages\/90\/revisions"}],"predecessor-version":[{"id":203,"href":"https:\/\/www.uhu.es\/catedra-genero-campoamor\/wp-json\/wp\/v2\/pages\/90\/revisions\/203"}],"wp:attachment":[{"href":"https:\/\/www.uhu.es\/catedra-genero-campoamor\/wp-json\/wp\/v2\/media?parent=90"}],"curies":[{"name":"wp","href":"https:\/\/api.w.org\/{rel}","templated":true}]}}