{"id":107,"date":"2022-02-03T18:52:25","date_gmt":"2022-02-03T18:52:25","guid":{"rendered":"http:\/\/www.uhu.es\/catedra-provincia\/?page_id=107"},"modified":"2025-03-10T19:45:51","modified_gmt":"2025-03-10T19:45:51","slug":"presentacion","status":"publish","type":"page","link":"https:\/\/www.uhu.es\/catedra-provincia\/?page_id=107","title":{"rendered":"Presentaci\u00f3n"},"content":{"rendered":"<p>[et_pb_section fb_built=\u00bb1&#8243; admin_label=\u00bbCourses Hero\u00bb _builder_version=\u00bb4.16&#8243; background_color=\u00bb#006aa6&#8243; background_color_gradient_start=\u00bb#0c71c3&#8243; background_color_gradient_end=\u00bb#709dc1&#8243; background_enable_image=\u00bboff\u00bb background_blend=\u00bboverlay\u00bb min_height=\u00bb39.6px\u00bb custom_padding=\u00bb1px|0px|0px|0px|false|\u00bb animation_style=\u00bbslide\u00bb animation_direction=\u00bbtop\u00bb animation_intensity_slide=\u00bb2%\u00bb locked=\u00bboff\u00bb global_colors_info=\u00bb{}\u00bb][et_pb_row column_structure=\u00bb1_2,1_2&#8243; _builder_version=\u00bb4.16&#8243; background_size=\u00bbinitial\u00bb background_position=\u00bbtop_left\u00bb background_repeat=\u00bbrepeat\u00bb custom_margin=\u00bb|||\u00bb custom_padding=\u00bb20px||||false|false\u00bb custom_width_px=\u00bb1280px\u00bb global_colors_info=\u00bb{}\u00bb][et_pb_column type=\u00bb1_2&#8243; _builder_version=\u00bb4.16&#8243; _module_preset=\u00bbdefault\u00bb global_colors_info=\u00bb{}\u00bb][et_pb_text _builder_version=\u00bb4.16&#8243; text_text_color=\u00bb#0c71c3&#8243; header_font=\u00bb|on|||\u00bb header_font_size=\u00bb42px\u00bb header_line_height=\u00bb1.3em\u00bb background_size=\u00bbinitial\u00bb background_position=\u00bbtop_left\u00bb background_repeat=\u00bbrepeat\u00bb text_orientation=\u00bbcenter\u00bb background_layout=\u00bbdark\u00bb max_width=\u00bb530px\u00bb module_alignment=\u00bbcenter\u00bb custom_margin=\u00bb|||-111px||\u00bb custom_padding=\u00bb4px|||0px||\u00bb header_font_size_tablet=\u00bb\u00bb header_font_size_phone=\u00bb\u00bb header_font_size_last_edited=\u00bbon|desktop\u00bb locked=\u00bboff\u00bb global_colors_info=\u00bb{}\u00bb]<\/p>\n<h1>Presentaci\u00f3n<\/h1>\n<p>[\/et_pb_text][\/et_pb_column][et_pb_column type=\u00bb1_2&#8243; _builder_version=\u00bb4.16&#8243; _module_preset=\u00bbdefault\u00bb custom_padding=\u00bb0px|0px||0px|false|false\u00bb global_colors_info=\u00bb{}\u00bb][\/et_pb_column][\/et_pb_row][\/et_pb_section][et_pb_section fb_built=\u00bb1&#8243; _builder_version=\u00bb4.16&#8243; _module_preset=\u00bbdefault\u00bb global_colors_info=\u00bb{}\u00bb][et_pb_row column_structure=\u00bb1_2,1_2&#8243; _builder_version=\u00bb4.16&#8243; _module_preset=\u00bbdefault\u00bb global_colors_info=\u00bb{}\u00bb][et_pb_column type=\u00bb1_2&#8243; _builder_version=\u00bb4.16&#8243; _module_preset=\u00bbdefault\u00bb global_colors_info=\u00bb{}\u00bb][et_pb_text _builder_version=\u00bb4.16&#8243; _module_preset=\u00bbdefault\u00bb global_colors_info=\u00bb{}\u00bb]<\/p>\n<p><span style=\"font-weight: 400;\">La <\/span><b>C\u00e1tedra de la Provincia<\/b><span style=\"font-weight: 400;\"> ha sido creada en el a\u00f1o 2020 como un instrumento de colaboraci\u00f3n entre la Universidad de Huelva y la Diputaci\u00f3n Provincial de Huelva, a trav\u00e9s de la cual se canalizar\u00e1n de forma general actividades propias de la Universidad, y establecer\u00e1n las bases de colaboraci\u00f3n cient\u00edfico-educativa en el desarrollo de programas que potencien la investigaci\u00f3n, la transferencia del conocimiento, la formaci\u00f3n, la proyecci\u00f3n internacional y la cooperaci\u00f3n, creando un v\u00ednculo con la sociedad, el tejido productivo y el \u00e1mbito institucional.<\/span><\/p>\n<p><span style=\"font-weight: 400;\">Se desarrollar\u00e1n las siguiente acciones espec\u00edficas:<\/span><\/p>\n<p><span style=\"font-weight: 400;\">Dentro de cada acci\u00f3n se realizan numerosas actividades de las que unas son acad\u00e9micas y otras trascienden al conjunto de la sociedad, destacando: la convocatoria de Micro-proyectos de investigaci\u00f3n y transferencia, la de organizaci\u00f3n de cursos de formaci\u00f3n para hacer frente al reto demogr\u00e1fico, convocatoria de becas y ayudas para la celebraci\u00f3n de actividades dentro de la universidad y la recuperaci\u00f3n de la colecci\u00f3n \u201cLa provincia de Huelva. Historia de sus villas y ciudades\u201d, as\u00ed como todo tipo de publicaciones que pongan en valor el patrimonio, en todas sus representaciones, de la provincia de Huelva, entre otras.<\/span><\/p>\n<p>[\/et_pb_text][\/et_pb_column][et_pb_column type=\u00bb1_2&#8243; _builder_version=\u00bb4.16&#8243; _module_preset=\u00bbdefault\u00bb global_colors_info=\u00bb{}\u00bb][et_pb_image src=\u00bbhttps:\/\/www.uhu.es\/catedra-provincia\/wp-content\/uploads\/logo-uhu-2.png\u00bb title_text=\u00bblogo uhu 2&#8243; _builder_version=\u00bb4.16&#8243; _module_preset=\u00bbdefault\u00bb min_height=\u00bb179.9px\u00bb custom_margin=\u00bb||0px|||\u00bb global_colors_info=\u00bb{}\u00bb][\/et_pb_image][et_pb_image src=\u00bbhttps:\/\/www.uhu.es\/catedra-provincia\/wp-content\/uploads\/logo-dip-2.png\u00bb title_text=\u00bblogo-dip-2&#8243; _builder_version=\u00bb4.17.3&#8243; _module_preset=\u00bbdefault\u00bb min_height=\u00bb179.9px\u00bb custom_margin=\u00bb||0px|||\u00bb hover_enabled=\u00bb0&#8243; global_colors_info=\u00bb{}\u00bb sticky_enabled=\u00bb0&#8243;][\/et_pb_image][\/et_pb_column][\/et_pb_row][\/et_pb_section]<\/p>\n","protected":false},"excerpt":{"rendered":"<p>Presentaci\u00f3nLa C\u00e1tedra de la Provincia ha sido creada en el a\u00f1o 2020 como un instrumento de colaboraci\u00f3n entre la Universidad de Huelva y la Diputaci\u00f3n Provincial de Huelva, a trav\u00e9s de la cual se canalizar\u00e1n de forma general actividades propias de la Universidad, y establecer\u00e1n las bases de colaboraci\u00f3n cient\u00edfico-educativa en el desarrollo de programas [&hellip;]<\/p>\n","protected":false},"author":1,"featured_media":0,"parent":0,"menu_order":0,"comment_status":"closed","ping_status":"closed","template":"","meta":{"_et_pb_use_builder":"on","_et_pb_old_content":"","_et_gb_content_width":"","footnotes":""},"_links":{"self":[{"href":"https:\/\/www.uhu.es\/catedra-provincia\/index.php?rest_route=\/wp\/v2\/pages\/107"}],"collection":[{"href":"https:\/\/www.uhu.es\/catedra-provincia\/index.php?rest_route=\/wp\/v2\/pages"}],"about":[{"href":"https:\/\/www.uhu.es\/catedra-provincia\/index.php?rest_route=\/wp\/v2\/types\/page"}],"author":[{"embeddable":true,"href":"https:\/\/www.uhu.es\/catedra-provincia\/index.php?rest_route=\/wp\/v2\/users\/1"}],"replies":[{"embeddable":true,"href":"https:\/\/www.uhu.es\/catedra-provincia\/index.php?rest_route=%2Fwp%2Fv2%2Fcomments&post=107"}],"version-history":[{"count":7,"href":"https:\/\/www.uhu.es\/catedra-provincia\/index.php?rest_route=\/wp\/v2\/pages\/107\/revisions"}],"predecessor-version":[{"id":1473,"href":"https:\/\/www.uhu.es\/catedra-provincia\/index.php?rest_route=\/wp\/v2\/pages\/107\/revisions\/1473"}],"wp:attachment":[{"href":"https:\/\/www.uhu.es\/catedra-provincia\/index.php?rest_route=%2Fwp%2Fv2%2Fmedia&parent=107"}],"curies":[{"name":"wp","href":"https:\/\/api.w.org\/{rel}","templated":true}]}}