{"id":114,"date":"2022-02-03T18:54:20","date_gmt":"2022-02-03T18:54:20","guid":{"rendered":"http:\/\/www.uhu.es\/catedra-provincia\/?page_id=114"},"modified":"2023-05-08T09:21:48","modified_gmt":"2023-05-08T09:21:48","slug":"medios","status":"publish","type":"page","link":"https:\/\/www.uhu.es\/catedra-provincia\/?page_id=114","title":{"rendered":"Medios"},"content":{"rendered":"<p>[et_pb_section fb_built=\u00bb1&#8243; admin_label=\u00bbCourses Hero\u00bb _builder_version=\u00bb4.15&#8243; background_color=\u00bb#006aa6&#8243; background_color_gradient_start=\u00bb#0c71c3&#8243; background_color_gradient_end=\u00bb#709dc1&#8243; background_enable_image=\u00bboff\u00bb background_blend=\u00bboverlay\u00bb min_height=\u00bb39.6px\u00bb custom_padding=\u00bb1px|0px|0px|0px|false|\u00bb animation_style=\u00bbslide\u00bb animation_direction=\u00bbtop\u00bb animation_intensity_slide=\u00bb2%\u00bb locked=\u00bboff\u00bb global_colors_info=\u00bb{}\u00bb][et_pb_row column_structure=\u00bb1_2,1_2&#8243; _builder_version=\u00bb4.15&#8243; background_size=\u00bbinitial\u00bb background_position=\u00bbtop_left\u00bb background_repeat=\u00bbrepeat\u00bb custom_margin=\u00bb|||\u00bb custom_padding=\u00bb20px||||false|false\u00bb custom_width_px=\u00bb1280px\u00bb global_colors_info=\u00bb{}\u00bb][et_pb_column type=\u00bb1_2&#8243; _builder_version=\u00bb4.15&#8243; _module_preset=\u00bbdefault\u00bb global_colors_info=\u00bb{}\u00bb][et_pb_text _builder_version=\u00bb4.15&#8243; text_text_color=\u00bb#0c71c3&#8243; header_font=\u00bb|on|||\u00bb header_font_size=\u00bb42px\u00bb header_line_height=\u00bb1.3em\u00bb background_size=\u00bbinitial\u00bb background_position=\u00bbtop_left\u00bb background_repeat=\u00bbrepeat\u00bb text_orientation=\u00bbcenter\u00bb background_layout=\u00bbdark\u00bb max_width=\u00bb530px\u00bb module_alignment=\u00bbcenter\u00bb custom_margin=\u00bb|||-111px||\u00bb custom_padding=\u00bb4px|||0px||\u00bb header_font_size_tablet=\u00bb\u00bb header_font_size_phone=\u00bb\u00bb header_font_size_last_edited=\u00bbon|desktop\u00bb locked=\u00bboff\u00bb global_colors_info=\u00bb{}\u00bb]<\/p>\n<h1>Medios<\/h1>\n<p>[\/et_pb_text][\/et_pb_column][et_pb_column type=\u00bb1_2&#8243; _builder_version=\u00bb4.15&#8243; _module_preset=\u00bbdefault\u00bb custom_padding=\u00bb0px|0px||0px|false|false\u00bb global_colors_info=\u00bb{}\u00bb][\/et_pb_column][\/et_pb_row][\/et_pb_section][et_pb_section fb_built=\u00bb1&#8243; _builder_version=\u00bb4.15&#8243; _module_preset=\u00bbdefault\u00bb custom_padding=\u00bb13px|||||\u00bb global_colors_info=\u00bb{}\u00bb][et_pb_row _builder_version=\u00bb4.15&#8243; _module_preset=\u00bbdefault\u00bb global_colors_info=\u00bb{}\u00bb][et_pb_column type=\u00bb4_4&#8243; _builder_version=\u00bb4.15&#8243; _module_preset=\u00bbdefault\u00bb global_colors_info=\u00bb{}\u00bb][et_pb_text _builder_version=\u00bb4.15.1&#8243; _module_preset=\u00bbdefault\u00bb hover_enabled=\u00bb0&#8243; global_colors_info=\u00bb{}\u00bb sticky_enabled=\u00bb0&#8243;]<\/p>\n<p>La difusi\u00f3n de los resultados y actividades de la C\u00e1tedra de la Provincia ha sido uno de los puntos estrat\u00e9gicos durante todos estos a\u00f1os. Todo el trabajo de comunicaci\u00f3n se ha hecho de forma cooperativa y participativa con la Universidad de Huelva y la Diputaci\u00f3n de Huelva.<\/p>\n<p>En la difusi\u00f3n se han usado varias estrategias y canales. El recurso m\u00e1s disponible es el del canal UHU y las redes sociales corporativas que cuenta con una base amplia de seguidores.<\/p>\n<p>Tambi\u00e9n se ha difundido la c\u00e1tedra en los anuarios elaborados por la universidad de Huelva.<\/p>\n<p>Aparte de esta comunicaci\u00f3n social se han elaborado m\u00e1s de una docena de notas de prensa y se ha asistido a varios eventos de las c\u00e1tedras.<\/p>\n<p>Las notas de prensa difundidas han tenido los siguientes impactos en los medios locales, nacionales e internacionales:<\/p>\n<p>&#8211; <a href=\"https:\/\/www.uhu.es\/catedra-provincia\/?page_id=661\">A\u00f1o 2020<\/a><\/p>\n<p>&#8211; <a href=\"https:\/\/www.uhu.es\/catedra-provincia\/?page_id=672\">A\u00f1o 2021<\/a><\/p>\n<p>&#8211; <a href=\"https:\/\/www.uhu.es\/catedra-provincia\/?page_id=837\">A\u00f1o 2022<\/a><\/p>\n<p>&#8211; <a href=\"https:\/\/www.uhu.es\/catedra-provincia\/?page_id=1240\">A\u00f1o 2023<\/a><\/p>\n<p>[\/et_pb_text][\/et_pb_column][\/et_pb_row][\/et_pb_section]<\/p>\n","protected":false},"excerpt":{"rendered":"<p>MediosLa difusi\u00f3n de los resultados y actividades de la C\u00e1tedra de la Provincia ha sido uno de los puntos estrat\u00e9gicos durante todos estos a\u00f1os. Todo el trabajo de comunicaci\u00f3n se ha hecho de forma cooperativa y participativa con la Universidad de Huelva y la Diputaci\u00f3n de Huelva. En la difusi\u00f3n se han usado varias estrategias [&hellip;]<\/p>\n","protected":false},"author":1,"featured_media":0,"parent":0,"menu_order":0,"comment_status":"closed","ping_status":"closed","template":"","meta":{"_et_pb_use_builder":"on","_et_pb_old_content":"","_et_gb_content_width":"","footnotes":""},"_links":{"self":[{"href":"https:\/\/www.uhu.es\/catedra-provincia\/index.php?rest_route=\/wp\/v2\/pages\/114"}],"collection":[{"href":"https:\/\/www.uhu.es\/catedra-provincia\/index.php?rest_route=\/wp\/v2\/pages"}],"about":[{"href":"https:\/\/www.uhu.es\/catedra-provincia\/index.php?rest_route=\/wp\/v2\/types\/page"}],"author":[{"embeddable":true,"href":"https:\/\/www.uhu.es\/catedra-provincia\/index.php?rest_route=\/wp\/v2\/users\/1"}],"replies":[{"embeddable":true,"href":"https:\/\/www.uhu.es\/catedra-provincia\/index.php?rest_route=%2Fwp%2Fv2%2Fcomments&post=114"}],"version-history":[{"count":15,"href":"https:\/\/www.uhu.es\/catedra-provincia\/index.php?rest_route=\/wp\/v2\/pages\/114\/revisions"}],"predecessor-version":[{"id":1243,"href":"https:\/\/www.uhu.es\/catedra-provincia\/index.php?rest_route=\/wp\/v2\/pages\/114\/revisions\/1243"}],"wp:attachment":[{"href":"https:\/\/www.uhu.es\/catedra-provincia\/index.php?rest_route=%2Fwp%2Fv2%2Fmedia&parent=114"}],"curies":[{"name":"wp","href":"https:\/\/api.w.org\/{rel}","templated":true}]}}