{"id":332,"date":"2022-03-01T17:43:59","date_gmt":"2022-03-01T17:43:59","guid":{"rendered":"http:\/\/www.uhu.es\/catedra-provincia\/?page_id=332"},"modified":"2025-09-27T12:47:59","modified_gmt":"2025-09-27T12:47:59","slug":"extension-universitaria","status":"publish","type":"page","link":"https:\/\/www.uhu.es\/catedra-provincia\/?page_id=332","title":{"rendered":"Extensi\u00f3n Universitaria"},"content":{"rendered":"<p>[et_pb_section fb_built=\u00bb1&#8243; admin_label=\u00bbCourses Hero\u00bb _builder_version=\u00bb4.16&#8243; background_color=\u00bb#006aa6&#8243; background_color_gradient_start=\u00bb#0c71c3&#8243; background_color_gradient_end=\u00bb#709dc1&#8243; background_enable_image=\u00bboff\u00bb background_blend=\u00bboverlay\u00bb min_height=\u00bb39.6px\u00bb custom_padding=\u00bb1px|0px|0px|0px|false|\u00bb animation_style=\u00bbslide\u00bb animation_direction=\u00bbtop\u00bb animation_intensity_slide=\u00bb2%\u00bb locked=\u00bboff\u00bb global_colors_info=\u00bb{}\u00bb][et_pb_row _builder_version=\u00bb4.16&#8243; background_size=\u00bbinitial\u00bb background_position=\u00bbtop_left\u00bb background_repeat=\u00bbrepeat\u00bb custom_margin=\u00bb|||\u00bb custom_padding=\u00bb20px||||false|false\u00bb custom_width_px=\u00bb1280px\u00bb global_colors_info=\u00bb{}\u00bb][et_pb_column type=\u00bb4_4&#8243; _builder_version=\u00bb4.16&#8243; _module_preset=\u00bbdefault\u00bb global_colors_info=\u00bb{}\u00bb][et_pb_text _builder_version=\u00bb4.16&#8243; text_text_color=\u00bb#0c71c3&#8243; header_font=\u00bb|on|||\u00bb header_font_size=\u00bb42px\u00bb header_line_height=\u00bb1.3em\u00bb background_size=\u00bbinitial\u00bb background_position=\u00bbtop_left\u00bb background_repeat=\u00bbrepeat\u00bb text_orientation=\u00bbcenter\u00bb background_layout=\u00bbdark\u00bb max_width=\u00bb937px\u00bb module_alignment=\u00bbcenter\u00bb custom_margin=\u00bb|-208px||-111px||\u00bb custom_padding=\u00bb4px|||0px||\u00bb header_font_size_tablet=\u00bb\u00bb header_font_size_phone=\u00bb\u00bb header_font_size_last_edited=\u00bbon|desktop\u00bb locked=\u00bboff\u00bb global_colors_info=\u00bb{}\u00bb]<\/p>\n<h1 style=\"text-align: left;\">Extensi\u00f3n Universitaria<\/h1>\n<p>[\/et_pb_text][\/et_pb_column][\/et_pb_row][\/et_pb_section][et_pb_section fb_built=\u00bb1&#8243; _builder_version=\u00bb4.16&#8243; _module_preset=\u00bbdefault\u00bb custom_padding=\u00bb0px|||||\u00bb global_colors_info=\u00bb{}\u00bb][et_pb_row _builder_version=\u00bb4.16&#8243; _module_preset=\u00bbdefault\u00bb global_colors_info=\u00bb{}\u00bb][et_pb_column type=\u00bb4_4&#8243; _builder_version=\u00bb4.16&#8243; _module_preset=\u00bbdefault\u00bb global_colors_info=\u00bb{}\u00bb][et_pb_text _builder_version=\u00bb4.16&#8243; _module_preset=\u00bbdefault\u00bb custom_margin=\u00bb||-16px|||\u00bb global_colors_info=\u00bb{}\u00bb]<\/p>\n<p>La C\u00e1tedra de la provincia participa en esta convocatoria del Vicerrectorado de Innovaci\u00f3n y Empleabilidad que nace con el objeto de incrementar la visibilidad las actividades de las c\u00e1tedra externas en general y la C\u00e1tedra de la Provincia en particular.<\/p>\n<p>Todas las ayudas solicitadas por miembros de la Comunidad Universitaria a la Diputaci\u00f3n de Huelva se canalizan a trav\u00e9s de esta convocatoria.<\/p>\n<p>Se puede financiar actividades de investigaci\u00f3n, de desarrollo tecnol\u00f3gico, innovaci\u00f3n, difusi\u00f3n de resultados cient\u00edficos, preparaci\u00f3n de profesionales y formaci\u00f3n de alumnos y, en general, cualquier actividad que se contemplen entre los objetivos de la C\u00e1tedra. Las actividades pueden contemplar diferentes formatos, como conferencias, seminarios, congresos, cursos, reuniones cient\u00edficas, etc. Y estar relacionado con el \u00e1mbito human\u00edstico, cient\u00edfico, social y cultural.<\/p>\n<p><a href=\"https:\/\/www.uhu.es\/catedra-provincia\/wp-content\/uploads\/CONVOCATORIA_PARA_FINANCIACI__N_DE_ACTIVIDADES_DE_LAS_C__TEDRAS_EXTERNAS_DE_LA_UHU-1.pdf\" target=\"_blank\" rel=\"noopener\">Convocatoria<\/a><\/p>\n<p>&nbsp;<\/p>\n<p>[\/et_pb_text][\/et_pb_column][\/et_pb_row][et_pb_row column_structure=\u00bb1_2,1_2&#8243; _builder_version=\u00bb4.16&#8243; _module_preset=\u00bbdefault\u00bb animation_style=\u00bbfade\u00bb global_colors_info=\u00bb{}\u00bb][et_pb_column type=\u00bb1_2&#8243; _builder_version=\u00bb4.16&#8243; _module_preset=\u00bbdefault\u00bb global_colors_info=\u00bb{}\u00bb][et_pb_button button_url=\u00bbhttps:\/\/www.uhu.es\/catedra-provincia\/wp-content\/uploads\/Convocatoria_Financiacion_Actividades_Catedras_Externas_UHU-2025.pdf\u00bb url_new_window=\u00bbon\u00bb button_text=\u00bbConvocatoria 2025&#8243; button_alignment=\u00bbcenter\u00bb _builder_version=\u00bb4.17.3&#8243; _module_preset=\u00bbdefault\u00bb global_colors_info=\u00bb{}\u00bb][\/et_pb_button][\/et_pb_column][et_pb_column type=\u00bb1_2&#8243; _builder_version=\u00bb4.16&#8243; _module_preset=\u00bbdefault\u00bb global_colors_info=\u00bb{}\u00bb][et_pb_button button_url=\u00bb@ET-DC@eyJkeW5hbWljIjp0cnVlLCJjb250ZW50IjoicG9zdF9saW5rX3VybF9wYWdlIiwic2V0dGluZ3MiOnsicG9zdF9pZCI6IjE1MzQifX0=@\u00bb url_new_window=\u00bbon\u00bb button_text=\u00bbAyudas concedidas 2025&#8243; button_alignment=\u00bbcenter\u00bb _builder_version=\u00bb4.17.3&#8243; _dynamic_attributes=\u00bbbutton_url\u00bb _module_preset=\u00bbdefault\u00bb global_colors_info=\u00bb{}\u00bb][\/et_pb_button][\/et_pb_column][\/et_pb_row][et_pb_row column_structure=\u00bb1_3,1_3,1_3&#8243; _builder_version=\u00bb4.16&#8243; _module_preset=\u00bbdefault\u00bb global_colors_info=\u00bb{}\u00bb][et_pb_column type=\u00bb1_3&#8243; _builder_version=\u00bb4.16&#8243; _module_preset=\u00bbdefault\u00bb global_colors_info=\u00bb{}\u00bb][et_pb_text _builder_version=\u00bb4.16&#8243; _module_preset=\u00bbdefault\u00bb global_colors_info=\u00bb{}\u00bb]<\/p>\n<h3 id=\"h_29358684221647454460481\"><a href=\"https:\/\/www.uhu.es\/catedra-provincia\/?page_id=608\">Ayudas concedidas 2020<\/a><\/h3>\n<p>[\/et_pb_text][et_pb_text _builder_version=\u00bb4.17.3&#8243; _module_preset=\u00bbdefault\u00bb global_colors_info=\u00bb{}\u00bb]<\/p>\n<h3 id=\"h_29358684221647454460481\"><a href=\"https:\/\/www.uhu.es\/catedra-provincia\/?page_id=1220\">Ayudas concedidas 2023<\/a><\/h3>\n<p>[\/et_pb_text][\/et_pb_column][et_pb_column type=\u00bb1_3&#8243; _builder_version=\u00bb4.16&#8243; _module_preset=\u00bbdefault\u00bb global_colors_info=\u00bb{}\u00bb][et_pb_text _builder_version=\u00bb4.16&#8243; _module_preset=\u00bbdefault\u00bb global_colors_info=\u00bb{}\u00bb]<\/p>\n<h3 id=\"h_59126749731647454491002\"><a href=\"https:\/\/www.uhu.es\/catedra-provincia\/?page_id=683\">Ayudas concedidas 2021<\/a><\/h3>\n<p>[\/et_pb_text][et_pb_text _builder_version=\u00bb4.17.3&#8243; _module_preset=\u00bbdefault\u00bb hover_enabled=\u00bb0&#8243; global_colors_info=\u00bb{}\u00bb sticky_enabled=\u00bb0&#8243;]<\/p>\n<h3 id=\"h_59126749731647454491002\"><a href=\"https:\/\/www.uhu.es\/catedra-provincia\/?page_id=1324\">Ayudas concedidas 2024<\/a><\/h3>\n<p>[\/et_pb_text][\/et_pb_column][et_pb_column type=\u00bb1_3&#8243; _builder_version=\u00bb4.16&#8243; _module_preset=\u00bbdefault\u00bb global_colors_info=\u00bb{}\u00bb][et_pb_text _builder_version=\u00bb4.16&#8243; _module_preset=\u00bbdefault\u00bb global_colors_info=\u00bb{}\u00bb]<\/p>\n<h3 id=\"h_59126749731647454491002\"><a href=\"https:\/\/www.uhu.es\/catedra-provincia\/?page_id=815\">Ayudas concedidas 2022<\/a><\/h3>\n<p>[\/et_pb_text][\/et_pb_column][\/et_pb_row][\/et_pb_section]<\/p>\n","protected":false},"excerpt":{"rendered":"<p>Extensi\u00f3n UniversitariaLa C\u00e1tedra de la provincia participa en esta convocatoria del Vicerrectorado de Innovaci\u00f3n y Empleabilidad que nace con el objeto de incrementar la visibilidad las actividades de las c\u00e1tedra externas en general y la C\u00e1tedra de la Provincia en particular. Todas las ayudas solicitadas por miembros de la Comunidad Universitaria a la Diputaci\u00f3n de [&hellip;]<\/p>\n","protected":false},"author":1,"featured_media":0,"parent":0,"menu_order":0,"comment_status":"closed","ping_status":"closed","template":"","meta":{"_et_pb_use_builder":"on","_et_pb_old_content":"","_et_gb_content_width":"","footnotes":""},"_links":{"self":[{"href":"https:\/\/www.uhu.es\/catedra-provincia\/index.php?rest_route=\/wp\/v2\/pages\/332"}],"collection":[{"href":"https:\/\/www.uhu.es\/catedra-provincia\/index.php?rest_route=\/wp\/v2\/pages"}],"about":[{"href":"https:\/\/www.uhu.es\/catedra-provincia\/index.php?rest_route=\/wp\/v2\/types\/page"}],"author":[{"embeddable":true,"href":"https:\/\/www.uhu.es\/catedra-provincia\/index.php?rest_route=\/wp\/v2\/users\/1"}],"replies":[{"embeddable":true,"href":"https:\/\/www.uhu.es\/catedra-provincia\/index.php?rest_route=%2Fwp%2Fv2%2Fcomments&post=332"}],"version-history":[{"count":22,"href":"https:\/\/www.uhu.es\/catedra-provincia\/index.php?rest_route=\/wp\/v2\/pages\/332\/revisions"}],"predecessor-version":[{"id":1575,"href":"https:\/\/www.uhu.es\/catedra-provincia\/index.php?rest_route=\/wp\/v2\/pages\/332\/revisions\/1575"}],"wp:attachment":[{"href":"https:\/\/www.uhu.es\/catedra-provincia\/index.php?rest_route=%2Fwp%2Fv2%2Fmedia&parent=332"}],"curies":[{"name":"wp","href":"https:\/\/api.w.org\/{rel}","templated":true}]}}