{"id":72,"date":"2022-02-03T18:34:40","date_gmt":"2022-02-03T18:34:40","guid":{"rendered":"http:\/\/www.uhu.es\/catedra-provincia\/?page_id=72"},"modified":"2026-04-21T09:14:49","modified_gmt":"2026-04-21T09:14:49","slug":"convocatorias-abiertas","status":"publish","type":"page","link":"https:\/\/www.uhu.es\/catedra-provincia\/?page_id=72","title":{"rendered":"Convocatorias Abiertas"},"content":{"rendered":"<p>[et_pb_section fb_built=\u00bb1&#8243; admin_label=\u00bbCourses Hero\u00bb _builder_version=\u00bb4.16&#8243; background_color=\u00bb#006aa6&#8243; background_color_gradient_start=\u00bb#0c71c3&#8243; background_color_gradient_end=\u00bb#709dc1&#8243; background_enable_image=\u00bboff\u00bb background_blend=\u00bboverlay\u00bb min_height=\u00bb39.6px\u00bb custom_padding=\u00bb1px|0px|0px|0px|false|\u00bb animation_style=\u00bbslide\u00bb animation_direction=\u00bbtop\u00bb animation_intensity_slide=\u00bb2%\u00bb locked=\u00bboff\u00bb global_colors_info=\u00bb{}\u00bb][et_pb_row _builder_version=\u00bb4.16&#8243; background_size=\u00bbinitial\u00bb background_position=\u00bbtop_left\u00bb background_repeat=\u00bbrepeat\u00bb custom_margin=\u00bb|||\u00bb custom_padding=\u00bb20px||||false|false\u00bb custom_width_px=\u00bb1280px\u00bb global_colors_info=\u00bb{}\u00bb][et_pb_column type=\u00bb4_4&#8243; _builder_version=\u00bb4.16&#8243; _module_preset=\u00bbdefault\u00bb global_colors_info=\u00bb{}\u00bb][et_pb_text _builder_version=\u00bb4.16&#8243; text_text_color=\u00bb#0c71c3&#8243; header_font=\u00bb|on|||\u00bb header_font_size=\u00bb42px\u00bb header_line_height=\u00bb1.3em\u00bb background_size=\u00bbinitial\u00bb background_position=\u00bbtop_left\u00bb background_repeat=\u00bbrepeat\u00bb text_orientation=\u00bbcenter\u00bb background_layout=\u00bbdark\u00bb max_width=\u00bb937px\u00bb module_alignment=\u00bbcenter\u00bb custom_margin=\u00bb|-208px||-111px||\u00bb custom_padding=\u00bb4px|||0px||\u00bb header_font_size_tablet=\u00bb\u00bb header_font_size_phone=\u00bb\u00bb header_font_size_last_edited=\u00bbon|desktop\u00bb locked=\u00bboff\u00bb global_colors_info=\u00bb{}\u00bb]<\/p>\n<h1 style=\"text-align: left;\">Convocatorias abiertas<\/h1>\n<p>[\/et_pb_text][\/et_pb_column][\/et_pb_row][\/et_pb_section][et_pb_section fb_built=\u00bb1&#8243; _builder_version=\u00bb4.16&#8243; _module_preset=\u00bbdefault\u00bb custom_padding=\u00bb7px|||||\u00bb global_colors_info=\u00bb{}\u00bb][et_pb_row _builder_version=\u00bb4.16&#8243; _module_preset=\u00bbdefault\u00bb global_colors_info=\u00bb{}\u00bb][et_pb_column type=\u00bb4_4&#8243; _builder_version=\u00bb4.16&#8243; _module_preset=\u00bbdefault\u00bb global_colors_info=\u00bb{}\u00bb][et_pb_text _builder_version=\u00bb4.17.3&#8243; _module_preset=\u00bbdefault\u00bb custom_margin=\u00bb||-7px|||\u00bb animation_style=\u00bbfade\u00bb hover_enabled=\u00bb0&#8243; global_colors_info=\u00bb{}\u00bb sticky_enabled=\u00bb0&#8243;]<\/p>\n<h3>VII CONVOCATORIA DE MICRO-PROYECTOS DE INVESTIGACI\u00d3N Y TRANSFERENCIA DEL CONOCIMIENTO EN EL MARCO DE LA \u201cC\u00c1TEDRA DE LA PROVINCIA\u201d DE LA UHU (Convocatoria 2026).<\/h3>\n<p>&nbsp;<\/p>\n<p>Resoluci\u00f3n del Vicerrectorado de Transferencia y Desarrollo Territorial de la Universidad de Huelva por la que se aprueba la VII Convocatoria de Microproyectos de Investigaci\u00f3n y Transferencia del Conocimiento en el marco de la \u00abC\u00e1tedra de la Provincia\u00bb de la Universidad de Huelva.<\/p>\n<p>La solicitud, junto con la documentaci\u00f3n y el Anexo I, ir\u00e1 dirigida al Servicio de Empleo y Emprendimiento el plazo de<span>\u00a0<\/span><strong>presentaci\u00f3n de solicitudes ser\u00e1 de veinte d\u00edas a partir del d\u00eda siguineteal de la publicaci\u00f3n de la convocatoria,<\/strong><span>\u00a0<\/span>a trav\u00e9s de los registros presenciales o telem\u00e1tico de\u00a0la Universidad de Huelva o en cualquiera de los lugares\u00a0 previstos en el art. 16.4 de la\u00a0Ley 39\/2015, de 1 de octubre, de Procedimiento\u00a0 Administrativo Com\u00fan de las\u00a0Administraciones P\u00fablicas.\u00a0Adem\u00e1s, se enviar\u00e1 copia de la solicitud y de la documentaci\u00f3n al correo electr\u00f3nico:\u00a0<a href=\"mailto:catedra.provincia@uhu.es\" rel=\"nofollow noopener noreferrer\" target=\"_blank\">catedra.provincia<wbr \/>@uhu.es<\/a><\/p>\n<h5><a href=\"https:\/\/www.uhu.es\/catedra-provincia\/wp-content\/uploads\/VII-convocatoria_microproyectos_2026.-V2.report.pdf\" target=\"_blank\" rel=\"noopener\">Convocatoria<\/a><\/h5>\n<p>&nbsp;<\/p>\n<h5><a href=\"https:\/\/www.uhu.es\/catedra-provincia\/wp-content\/uploads\/Solicitud-VII-convocatoria_microproyectos_2026.pdf\">Solicitud<\/a><\/h5>\n<p>[\/et_pb_text][\/et_pb_column][\/et_pb_row][\/et_pb_section]<\/p>\n","protected":false},"excerpt":{"rendered":"<p>Convocatorias abiertasVII CONVOCATORIA DE MICRO-PROYECTOS DE INVESTIGACI\u00d3N Y TRANSFERENCIA DEL CONOCIMIENTO EN EL MARCO DE LA \u201cC\u00c1TEDRA DE LA PROVINCIA\u201d DE LA UHU (Convocatoria 2026). &nbsp; Resoluci\u00f3n del Vicerrectorado de Transferencia y Desarrollo Territorial de la Universidad de Huelva por la que se aprueba la VII Convocatoria de Microproyectos de Investigaci\u00f3n y Transferencia del Conocimiento [&hellip;]<\/p>\n","protected":false},"author":1,"featured_media":0,"parent":0,"menu_order":0,"comment_status":"closed","ping_status":"closed","template":"","meta":{"_et_pb_use_builder":"on","_et_pb_old_content":"","_et_gb_content_width":"","footnotes":""},"_links":{"self":[{"href":"https:\/\/www.uhu.es\/catedra-provincia\/index.php?rest_route=\/wp\/v2\/pages\/72"}],"collection":[{"href":"https:\/\/www.uhu.es\/catedra-provincia\/index.php?rest_route=\/wp\/v2\/pages"}],"about":[{"href":"https:\/\/www.uhu.es\/catedra-provincia\/index.php?rest_route=\/wp\/v2\/types\/page"}],"author":[{"embeddable":true,"href":"https:\/\/www.uhu.es\/catedra-provincia\/index.php?rest_route=\/wp\/v2\/users\/1"}],"replies":[{"embeddable":true,"href":"https:\/\/www.uhu.es\/catedra-provincia\/index.php?rest_route=%2Fwp%2Fv2%2Fcomments&post=72"}],"version-history":[{"count":25,"href":"https:\/\/www.uhu.es\/catedra-provincia\/index.php?rest_route=\/wp\/v2\/pages\/72\/revisions"}],"predecessor-version":[{"id":1667,"href":"https:\/\/www.uhu.es\/catedra-provincia\/index.php?rest_route=\/wp\/v2\/pages\/72\/revisions\/1667"}],"wp:attachment":[{"href":"https:\/\/www.uhu.es\/catedra-provincia\/index.php?rest_route=%2Fwp%2Fv2%2Fmedia&parent=72"}],"curies":[{"name":"wp","href":"https:\/\/api.w.org\/{rel}","templated":true}]}}