{"id":95,"date":"2022-02-03T18:49:06","date_gmt":"2022-02-03T18:49:06","guid":{"rendered":"http:\/\/www.uhu.es\/catedra-provincia\/?page_id=95"},"modified":"2022-04-25T11:53:24","modified_gmt":"2022-04-25T11:53:24","slug":"mision","status":"publish","type":"page","link":"https:\/\/www.uhu.es\/catedra-provincia\/?page_id=95","title":{"rendered":"Misi\u00f3n"},"content":{"rendered":"<p>[et_pb_section fb_built=\u00bb1&#8243; admin_label=\u00bbCourses Hero\u00bb _builder_version=\u00bb4.15&#8243; background_color=\u00bb#006aa6&#8243; background_color_gradient_start=\u00bb#0c71c3&#8243; background_color_gradient_end=\u00bb#709dc1&#8243; background_enable_image=\u00bboff\u00bb background_blend=\u00bboverlay\u00bb min_height=\u00bb39.6px\u00bb custom_padding=\u00bb1px|0px|0px|0px|false|\u00bb animation_style=\u00bbslide\u00bb animation_direction=\u00bbtop\u00bb animation_intensity_slide=\u00bb2%\u00bb locked=\u00bboff\u00bb global_colors_info=\u00bb{}\u00bb][et_pb_row _builder_version=\u00bb4.15&#8243; background_size=\u00bbinitial\u00bb background_position=\u00bbtop_left\u00bb background_repeat=\u00bbrepeat\u00bb custom_margin=\u00bb|||\u00bb custom_padding=\u00bb20px||||false|false\u00bb custom_width_px=\u00bb1280px\u00bb global_colors_info=\u00bb{}\u00bb][et_pb_column type=\u00bb4_4&#8243; _builder_version=\u00bb4.15&#8243; _module_preset=\u00bbdefault\u00bb global_colors_info=\u00bb{}\u00bb][et_pb_text _builder_version=\u00bb4.15&#8243; text_text_color=\u00bb#0c71c3&#8243; header_font=\u00bb|on|||\u00bb header_font_size=\u00bb42px\u00bb header_line_height=\u00bb1.3em\u00bb background_size=\u00bbinitial\u00bb background_position=\u00bbtop_left\u00bb background_repeat=\u00bbrepeat\u00bb text_orientation=\u00bbcenter\u00bb background_layout=\u00bbdark\u00bb max_width=\u00bb937px\u00bb module_alignment=\u00bbcenter\u00bb custom_margin=\u00bb|-208px||-111px||\u00bb custom_padding=\u00bb4px|||0px||\u00bb header_font_size_tablet=\u00bb\u00bb header_font_size_phone=\u00bb\u00bb header_font_size_last_edited=\u00bbon|desktop\u00bb locked=\u00bboff\u00bb global_colors_info=\u00bb{}\u00bb]<\/p>\n<h1 style=\"text-align: left;\">Misi\u00f3n, visi\u00f3n y valores<\/h1>\n<p>[\/et_pb_text][\/et_pb_column][\/et_pb_row][\/et_pb_section][et_pb_section fb_built=\u00bb1&#8243; _builder_version=\u00bb4.15&#8243; _module_preset=\u00bbdefault\u00bb custom_padding=\u00bb0px|||||\u00bb global_colors_info=\u00bb{}\u00bb][et_pb_row column_structure=\u00bb1_2,1_2&#8243; _builder_version=\u00bb4.15&#8243; _module_preset=\u00bbdefault\u00bb global_colors_info=\u00bb{}\u00bb][et_pb_column type=\u00bb1_2&#8243; _builder_version=\u00bb4.15&#8243; _module_preset=\u00bbdefault\u00bb global_colors_info=\u00bb{}\u00bb][et_pb_text _builder_version=\u00bb4.15&#8243; _module_preset=\u00bbdefault\u00bb min_height=\u00bb30.6px\u00bb custom_margin=\u00bb0px||12px|||\u00bb global_colors_info=\u00bb{}\u00bb][\/et_pb_text][et_pb_text _builder_version=\u00bb4.15&#8243; _module_preset=\u00bbdefault\u00bb global_colors_info=\u00bb{}\u00bb]<\/p>\n<h3>Misi\u00f3n<\/h3>\n<p>La C\u00e1tedra de la Provincia de la Universidad de Huelva tiene como fin principal la ordenaci\u00f3n de las relaciones entre la Universidad de Huelva y la Diputaci\u00f3n de Huelva creando este instrumento de colaboraci\u00f3n a trav\u00e9s del<br \/>cual se canalizar\u00e1n de forma general actividades propias de la Universidad, y se establecer\u00e1n las bases de colaboraci\u00f3n cient\u00edfico-educativa en el desarrollo de programas que potencien la investigaci\u00f3n, la transferencia del conocimiento, la formaci\u00f3n, la proyecci\u00f3n internacional y la cooperaci\u00f3n.<\/p>\n<p>[\/et_pb_text][et_pb_text _builder_version=\u00bb4.15&#8243; _module_preset=\u00bbdefault\u00bb global_colors_info=\u00bb{}\u00bb]<\/p>\n<h3>Visi\u00f3n<\/h3>\n<p style=\"text-align: left;\">La Diputaci\u00f3n de Huelva y la Universidad de\u00a0 Huelva quieren dar la m\u00e1xima relevancia a las relaciones entra ambas instituciones y potenciar las actividades destinadas a poner en valor y mejorar la proyecci\u00f3n social y econ\u00f3mica a la Provincia de Huelva a trav\u00e9s de acciones espec\u00edficas vinculadas a la Investigaci\u00f3n, Transferencia del Conocimiento, Formaci\u00f3n, Proyecci\u00f3n Internacional y Cooperaci\u00f3n, entre otras. Fortaleciendo el papel de la Universidad de Huelva en la sociedad como motor de desarrollo econ\u00f3mico, social y cultural y como referente para la Provincia de Huelva.<\/p>\n<p>[\/et_pb_text][et_pb_text _builder_version=\u00bb4.15.1&#8243; _module_preset=\u00bbdefault\u00bb hover_enabled=\u00bb0&#8243; global_colors_info=\u00bb{}\u00bb sticky_enabled=\u00bb0&#8243;]<\/p>\n<h3>Valores<\/h3>\n<p>El desarrollo de esta C\u00e1tedra est\u00e1 presidido por el principio de buena fe y transparencia, fomentado por una comunicaci\u00f3n permanente en la ejecuci\u00f3n y consecuci\u00f3n de todas las actividades que acomete. Se informa de su gesti\u00f3n a trav\u00e9s de los Consejo de la C\u00e1tedra y se lleva a cabo la divulgaci\u00f3n de todos los resultados y materiales de utilidad para la sociedad onubense.<\/p>\n<p>La C\u00e1tedra se crea con la finalidad de ser \u00fatil para afrontar los retos de la Provincia de Huelva por lo que sustenta a los principios de compromiso y responsabilidad social, adem\u00e1s del compromiso del cumplimiento y alineamiento con los Objetivos de Desarrollo Sostenible (ODS), concretamente los objetivos, 4, 8, 9 y 17.<\/p>\n<p>[\/et_pb_text][\/et_pb_column][et_pb_column type=\u00bb1_2&#8243; _builder_version=\u00bb4.15&#8243; _module_preset=\u00bbdefault\u00bb custom_padding=\u00bb100px|||40px|false|false\u00bb global_colors_info=\u00bb{}\u00bb][et_pb_image src=\u00bbhttps:\/\/www.uhu.es\/catedra-provincia\/wp-content\/uploads\/provincia.png\u00bb title_text=\u00bbprovincia\u00bb align=\u00bbcenter\u00bb _builder_version=\u00bb4.15&#8243; _module_preset=\u00bbdefault\u00bb width=\u00bb69%\u00bb custom_margin=\u00bb-6px|||||\u00bb global_colors_info=\u00bb{}\u00bb][\/et_pb_image][\/et_pb_column][\/et_pb_row][\/et_pb_section]<\/p>\n","protected":false},"excerpt":{"rendered":"<p>Misi\u00f3n, visi\u00f3n y valoresMisi\u00f3n La C\u00e1tedra de la Provincia de la Universidad de Huelva tiene como fin principal la ordenaci\u00f3n de las relaciones entre la Universidad de Huelva y la Diputaci\u00f3n de Huelva creando este instrumento de colaboraci\u00f3n a trav\u00e9s delcual se canalizar\u00e1n de forma general actividades propias de la Universidad, y se establecer\u00e1n las [&hellip;]<\/p>\n","protected":false},"author":1,"featured_media":0,"parent":0,"menu_order":0,"comment_status":"closed","ping_status":"closed","template":"","meta":{"_et_pb_use_builder":"on","_et_pb_old_content":"","_et_gb_content_width":"","footnotes":""},"_links":{"self":[{"href":"https:\/\/www.uhu.es\/catedra-provincia\/index.php?rest_route=\/wp\/v2\/pages\/95"}],"collection":[{"href":"https:\/\/www.uhu.es\/catedra-provincia\/index.php?rest_route=\/wp\/v2\/pages"}],"about":[{"href":"https:\/\/www.uhu.es\/catedra-provincia\/index.php?rest_route=\/wp\/v2\/types\/page"}],"author":[{"embeddable":true,"href":"https:\/\/www.uhu.es\/catedra-provincia\/index.php?rest_route=\/wp\/v2\/users\/1"}],"replies":[{"embeddable":true,"href":"https:\/\/www.uhu.es\/catedra-provincia\/index.php?rest_route=%2Fwp%2Fv2%2Fcomments&post=95"}],"version-history":[{"count":9,"href":"https:\/\/www.uhu.es\/catedra-provincia\/index.php?rest_route=\/wp\/v2\/pages\/95\/revisions"}],"predecessor-version":[{"id":748,"href":"https:\/\/www.uhu.es\/catedra-provincia\/index.php?rest_route=\/wp\/v2\/pages\/95\/revisions\/748"}],"wp:attachment":[{"href":"https:\/\/www.uhu.es\/catedra-provincia\/index.php?rest_route=%2Fwp%2Fv2%2Fmedia&parent=95"}],"curies":[{"name":"wp","href":"https:\/\/api.w.org\/{rel}","templated":true}]}}