
{"id":107,"date":"2017-06-26T08:48:06","date_gmt":"2017-06-26T08:48:06","guid":{"rendered":"http:\/\/www.uhu.es\/ccth\/?page_id=107"},"modified":"2026-03-23T17:23:41","modified_gmt":"2026-03-23T17:23:41","slug":"grupos-de-investigacion","status":"publish","type":"page","link":"https:\/\/www.uhu.es\/ccth\/grupos-de-investigacion\/","title":{"rendered":"Departamentos"},"content":{"rendered":"<p style=\"text-align: justify;\">El Centro de Investigaci\u00f3n<strong> Centro Cient\u00edfico Tecnol\u00f3gico de Huelva<\/strong> (CCTH) es un centro p\u00fablico dedicado a la investigaci\u00f3n, desarrollo y transferencia de tecnolog\u00eda, orientada a la resoluci\u00f3n de paradigmas de la naturaleza y retos de la sociedad siguiendo una estrategia multidisciplinar.<\/p>\n<p style=\"text-align: justify;\">Los Departamentos de nuestro centro de investigaci\u00f3n est\u00e1n formados por los grupos de investigaci\u00f3n del Plan Andaluz de Investigaci\u00f3n Desarrollo e Innovaci\u00f3n (PAIDI) son los siguientes:<\/p>\n<p>Centro Cient\u00edfico Tecnol\u00f3gico de Huelva, Universidad de Huelva:<\/p>\n<ul style=\"text-align: justify;\">\n<li><strong><a href=\"http:\/\/www.uhu.es\/ccth\/tic165-sistemas-electronicos-y-mecatronica\/\">Departamento de Electr\u00f3nica y Mecatr\u00f3nica.<\/a><\/strong><\/li>\n<li><strong><a href=\"http:\/\/www.uhu.es\/ccth\/tep182-potencia-electrica-y-calidad-de-la-energia\/\">Departamento de Electrotecnia y Electr\u00f3nica.<\/a><\/strong><\/li>\n<li><a href=\"http:\/\/www.uhu.es\/ccth\/rnm276-geociencias-aplicadas-e-ingenieria-ambiental\/\"><strong>Departamento de Geociencias Aplicadas<\/strong>.<\/a><\/li>\n<li><strong><a href=\"http:\/\/www.uhu.es\/ccth\/departamento-de-agua-mineria-y-medioambiente\/\">Departamento de Agua, Miner\u00eda y Medioambiente.<\/a><\/strong><\/li>\n<li><a href=\"http:\/\/www.uhu.es\/ccth\/tep952-sistemas-de-vision-prediccion-optimizacion-y-control\/\"><strong>Departamento de Sistemas de Visi\u00f3n, Predicci\u00f3n, Optimizaci\u00f3n y Control<\/strong>.<\/a><\/li>\n<li><a href=\"http:\/\/www.uhu.es\/ccth\/fqm318-estructura-de-la-materia-ciencia-y-tecnologia-nuclear\/\"><b>Departamento de Tecnolog\u00eda Nuclear, Biolog\u00eda\u00a0Celular y Oncolog\u00eda.<\/b><\/a><\/li>\n<li><strong><a href=\"http:\/\/www.uhu.es\/ccth\/departamento-de-electroquimica-aplicada\/\">Departamento de Electroqu\u00edmica Aplicada.<\/a><\/strong><\/li>\n<li><a href=\"http:\/\/www.uhu.es\/ccth\/departamento-de-economia-computacional-y-digital\/\"><strong>Departamento de Econom\u00eda Computacional y Digital.<\/strong><\/a><\/li>\n<li><a href=\"http:\/\/www.uhu.es\/ccth\/tep192-grupo-de-control-y-robotica\/\"><strong>Departamento de Electr\u00f3nica, Rob\u00f3tica y Tecnolog\u00eda de la Informaci\u00f3n.<\/strong><\/a><\/li>\n<li><strong><a href=\"https:\/\/www.uhu.es\/ccth\/departamento-ciencia-de-los-materiales-e-ingenieria-metalurgica\/\">Departamento de Ciencia de los Materiales e Ingenier\u00eda Metal\u00fargica.<\/a><\/strong><\/li>\n<\/ul>\n","protected":false},"excerpt":{"rendered":"<p>El Centro de Investigaci\u00f3n Centro Cient\u00edfico Tecnol\u00f3gico de Huelva (CCTH) es un centro p\u00fablico dedicado a la investigaci\u00f3n, desarrollo y transferencia de tecnolog\u00eda, orientada a la resoluci\u00f3n de paradigmas de la naturaleza y retos de la sociedad siguiendo una estrategia multidisciplinar. Los Departamentos de nuestro centro de investigaci\u00f3n est\u00e1n formados por los grupos de investigaci\u00f3n&hellip; <br \/> <a class=\"read-more\" href=\"https:\/\/www.uhu.es\/ccth\/grupos-de-investigacion\/\">Read more<\/a><\/p>\n","protected":false},"author":1,"featured_media":0,"parent":0,"menu_order":0,"comment_status":"closed","ping_status":"closed","template":"","meta":{"footnotes":""},"_links":{"self":[{"href":"https:\/\/www.uhu.es\/ccth\/wp-json\/wp\/v2\/pages\/107"}],"collection":[{"href":"https:\/\/www.uhu.es\/ccth\/wp-json\/wp\/v2\/pages"}],"about":[{"href":"https:\/\/www.uhu.es\/ccth\/wp-json\/wp\/v2\/types\/page"}],"author":[{"embeddable":true,"href":"https:\/\/www.uhu.es\/ccth\/wp-json\/wp\/v2\/users\/1"}],"replies":[{"embeddable":true,"href":"https:\/\/www.uhu.es\/ccth\/wp-json\/wp\/v2\/comments?post=107"}],"version-history":[{"count":51,"href":"https:\/\/www.uhu.es\/ccth\/wp-json\/wp\/v2\/pages\/107\/revisions"}],"predecessor-version":[{"id":2088,"href":"https:\/\/www.uhu.es\/ccth\/wp-json\/wp\/v2\/pages\/107\/revisions\/2088"}],"wp:attachment":[{"href":"https:\/\/www.uhu.es\/ccth\/wp-json\/wp\/v2\/media?parent=107"}],"curies":[{"name":"wp","href":"https:\/\/api.w.org\/{rel}","templated":true}]}}