
{"id":1489,"date":"2023-02-27T13:10:22","date_gmt":"2023-02-27T13:10:22","guid":{"rendered":"https:\/\/web5n.uhu.es\/ccth\/mesmerize\/"},"modified":"2025-07-18T08:58:14","modified_gmt":"2025-07-18T08:58:14","slug":"mesmerize","status":"publish","type":"page","link":"https:\/\/www.uhu.es\/ccth\/","title":{"rendered":"Front Page"},"content":{"rendered":"<div  id=\"features-2\" style=\"background-color: rgb(245, 250, 253); background-image: none;\" data-label=\"Features\" data-id=\"features-ov-4-mc\" data-export-id=\"features-ov-4-mc\" data-category=\"features\" class=\"features-ov-4-mc content-section content-section-spacing\"><div  class=\"gridContainer\"> <div  data-type=\"row\" class=\"row spaced-cols text-center center-sm\"> <div  class=\"col-xs-12 col-sm-4 col-padding\"> <a data-cp-link=\"1\" href=\"https:\/\/www.uhu.es\/ccth\/ccth-newsletter\" target=\"_self\" rel=\"noopener\"><i  class=\"fa icon shadow-large-black aligncenter color2 fa-file-text-o reverse round large\"><\/i><\/a> <div  data-type=\"column\" class=\"\"><h5  class=\"font-400\">CCTH \u2013 NEWSLETTER<\/h5> <p  class=\"\"><\/p><\/div> <\/div> <div  class=\"col-xs-12 col-sm-4 col-padding\"> <a data-cp-link=\"1\" href=\"https:\/\/www.uhu.es\/ccth\/noticias\" target=\"_self\" rel=\"noopener\"><i  class=\"fa icon shadow-large-black aligncenter color4 fa-newspaper-o reverse round large\"><\/i><\/a> <div  data-type=\"column\" class=\"\"><h5  class=\"font-400\">NOTICIAS<\/h5> <p  class=\"\"><\/p><\/div> <\/div><\/div> <\/div><\/div><div  id=\"latest-news-1\" style=\"background-color: rgb(245, 250, 253); background-image: none;\" data-label=\"Latest-news\" data-id=\"blog-section-mc\" data-export-id=\"blog-section-mc\" data-category=\"latest_news\" class=\"blog-section-mc blog-section-standard content-section content-section-spacing\"><div  class=\"gridContainer\"> <div  class=\"row\"><div  data-type=\"column\" class=\"section-title-col\"> <h5  class=\"\"><\/h5> <h2  class=\"\">Lo \u00faltimo de nuestro blog<\/h2> <p  class=\"lead\"><\/p><\/div> <\/div> <div  class=\"row\"> <div  data-type=\"row\" data-dynamic-columns=\"handled\" data-content-shortcode=\"mesmerize_latest_news posts=&quot;3&quot;\">\t\t<div class=\"row center-sm content-left-sm\">\n\t\t\t\t\t<div id=\"post-1145\" class=\"col-sm-6 col-md-4 space-bottom space-bottom-xs\">\n\t\t\t\t<div class=\"post-content card y-move bordered\">\n\t\t\t\t\t<div class=\"post-thumbnail\">\n   <a href=\"https:\/\/www.uhu.es\/ccth\/semana-de-la-ciencia-2019\/\" class=\"post-list-item-thumb \">\n      <img width=\"823\" height=\"288\" src=\"https:\/\/www.uhu.es\/ccth\/wp-content\/uploads\/2019\/10\/cartel-semana-ciencia-823x288.png\" class=\"attachment-post-thumbnail size-post-thumbnail wp-post-image\" alt=\"\" decoding=\"async\" \/>   <\/a>\n<\/div>\n\t\t\t\t\t<div class=\"col-padding col-padding-xs\">\n\t\t\t\t\t\t<h3 class=\"post-title space-bottom-small\">\n\t\t\t\t\t\t\t<a href=\"https:\/\/www.uhu.es\/ccth\/semana-de-la-ciencia-2019\/\" rel=\"bookmark\">\n\t\t\t\t\t\t\t\tSemana de la Ciencia 2019\t\t\t\t\t\t\t<\/a>\n\t\t\t\t\t\t<\/h3>\n\t\t\t\t\t\t<p>La Universidad de Huelva celebra, un a\u00f1o m\u00e1s, este evento de divulgaci\u00f3n cient\u00edfica, especialmente dirigido a estudiantes de Centros de Ense\u00f1anza Secundaria de la provincia de Huelva, con el objeto[&hellip;]<\/p>\n\t\t\t\t\t\t<a class=\"read-more link\" href=\"https:\/\/www.uhu.es\/ccth\/semana-de-la-ciencia-2019\/\">\n\t\t\t\t\t\t\tRead more\t\t\t\t\t\t<\/a>\n\t\t\t\t\t<\/div>\n\t\t\t\t<\/div>\n\t\t\t<\/div>\n\t\t\t\t\t\t<div id=\"post-1111\" class=\"col-sm-6 col-md-4 space-bottom space-bottom-xs\">\n\t\t\t\t<div class=\"post-content card y-move bordered\">\n\t\t\t\t\t<div class=\"post-thumbnail\">\n   <a href=\"https:\/\/www.uhu.es\/ccth\/call-paper-ccth\/\" class=\"post-list-item-thumb \">\n      <img width=\"650\" height=\"288\" src=\"https:\/\/www.uhu.es\/ccth\/wp-content\/uploads\/2019\/06\/Sin-t\u00edtulo-650x288.png\" class=\"attachment-post-thumbnail size-post-thumbnail wp-post-image\" alt=\"\" decoding=\"async\" \/>   <\/a>\n<\/div>\n\t\t\t\t\t<div class=\"col-padding col-padding-xs\">\n\t\t\t\t\t\t<h3 class=\"post-title space-bottom-small\">\n\t\t\t\t\t\t\t<a href=\"https:\/\/www.uhu.es\/ccth\/call-paper-ccth\/\" rel=\"bookmark\">\n\t\t\t\t\t\t\t\tNewsletter CCTH &#8211; Volume II\t\t\t\t\t\t\t<\/a>\n\t\t\t\t\t\t<\/h3>\n\t\t\t\t\t\t<p>La revista \u201cCCTH Newsletter\u201d es la publicaci\u00f3n cient\u00edfica del centro en formato electr\u00f3nico. \u00a0En ella se recogen las actividades cient\u00edficas, de formaci\u00f3n acad\u00e9mica y transferencia del conocimiento al entorno econ\u00f3mico[&hellip;]<\/p>\n\t\t\t\t\t\t<a class=\"read-more link\" href=\"https:\/\/www.uhu.es\/ccth\/call-paper-ccth\/\">\n\t\t\t\t\t\t\tRead more\t\t\t\t\t\t<\/a>\n\t\t\t\t\t<\/div>\n\t\t\t\t<\/div>\n\t\t\t<\/div>\n\t\t\t\t\t\t<div id=\"post-853\" class=\"col-sm-6 col-md-4 space-bottom space-bottom-xs\">\n\t\t\t\t<div class=\"post-content card y-move bordered\">\n\t\t\t\t\t<div class=\"post-thumbnail\">\n   <a href=\"https:\/\/www.uhu.es\/ccth\/853-2\/\" class=\"post-list-item-thumb \">\n      <img width=\"632\" height=\"288\" src=\"https:\/\/www.uhu.es\/ccth\/wp-content\/uploads\/2018\/05\/Captura-de-pantalla-1-632x288.png\" class=\"attachment-post-thumbnail size-post-thumbnail wp-post-image\" alt=\"\" decoding=\"async\" \/>   <\/a>\n<\/div>\n\t\t\t\t\t<div class=\"col-padding col-padding-xs\">\n\t\t\t\t\t\t<h3 class=\"post-title space-bottom-small\">\n\t\t\t\t\t\t\t<a href=\"https:\/\/www.uhu.es\/ccth\/853-2\/\" rel=\"bookmark\">\n\t\t\t\t\t\t\t\tProyecto Sustainable Urban Race\t\t\t\t\t\t\t<\/a>\n\t\t\t\t\t\t<\/h3>\n\t\t\t\t\t\t<p>S.U.R 18,\u00a0es una competici\u00f3n de veh\u00edculos el\u00e9ctricos solares, que tiene como objetivos\u00a0incentivar a los alumnos y alumnas de ESO, Formaci\u00f3n Profesional y Bachillerato del suroeste peninsular (Huelva, Badajoz y el[&hellip;]<\/p>\n\t\t\t\t\t\t<a class=\"read-more link\" href=\"https:\/\/www.uhu.es\/ccth\/853-2\/\">\n\t\t\t\t\t\t\tRead more\t\t\t\t\t\t<\/a>\n\t\t\t\t\t<\/div>\n\t\t\t\t<\/div>\n\t\t\t<\/div>\n\t\t\t\t<\/div>\n\t<\/div><\/div> <div  class=\"row\"><div  class=\"text-center\"> <a  class=\"button color1\" data-attr-shortcode=\"href:mesmerize_blog_link\" href=\"https:\/\/www.uhu.es\/ccth\/blog\/\">Ver nuestro blog<\/a><\/div> <\/div><\/div><\/div>","protected":false},"excerpt":{"rendered":"<p>CCTH \u2013 NEWSLETTER NOTICIAS Lo \u00faltimo de nuestro blog Ver nuestro blog<\/p>\n","protected":false},"author":1,"featured_media":0,"parent":0,"menu_order":0,"comment_status":"closed","ping_status":"closed","template":"page-templates\/homepage.php","meta":{"footnotes":""},"_links":{"self":[{"href":"https:\/\/www.uhu.es\/ccth\/wp-json\/wp\/v2\/pages\/1489"}],"collection":[{"href":"https:\/\/www.uhu.es\/ccth\/wp-json\/wp\/v2\/pages"}],"about":[{"href":"https:\/\/www.uhu.es\/ccth\/wp-json\/wp\/v2\/types\/page"}],"author":[{"embeddable":true,"href":"https:\/\/www.uhu.es\/ccth\/wp-json\/wp\/v2\/users\/1"}],"replies":[{"embeddable":true,"href":"https:\/\/www.uhu.es\/ccth\/wp-json\/wp\/v2\/comments?post=1489"}],"version-history":[{"count":16,"href":"https:\/\/www.uhu.es\/ccth\/wp-json\/wp\/v2\/pages\/1489\/revisions"}],"predecessor-version":[{"id":2045,"href":"https:\/\/www.uhu.es\/ccth\/wp-json\/wp\/v2\/pages\/1489\/revisions\/2045"}],"wp:attachment":[{"href":"https:\/\/www.uhu.es\/ccth\/wp-json\/wp\/v2\/media?parent=1489"}],"curies":[{"name":"wp","href":"https:\/\/api.w.org\/{rel}","templated":true}]}}