
{"id":1872,"date":"2023-08-09T21:51:13","date_gmt":"2023-08-09T21:51:13","guid":{"rendered":"http:\/\/www.uhu.es\/ccth\/?page_id=1872"},"modified":"2026-01-13T11:31:25","modified_gmt":"2026-01-13T11:31:25","slug":"proyectos","status":"publish","type":"page","link":"https:\/\/www.uhu.es\/ccth\/proyectos\/","title":{"rendered":"Proyectos"},"content":{"rendered":"<h4 style=\"text-align: left;\">En este cat\u00e1logo de proyectos de investigaci\u00f3n, exploramos las fronteras de la ciencia y la ingenier\u00eda.<\/h4>\n<p>&nbsp;<\/p>\n<table style=\"border-collapse: collapse; width: 100.066%; height: 363px;\">\n<tbody>\n<tr>\n<td style=\"width: 50%;\">\n<p style=\"text-align: center;\"><a href=\"https:\/\/www.uhu.es\/isrs\/\">Isolde Superconducting Recoil Separator (ISRS)<\/a><\/p>\n<p>El proyecto ISRS busca construir el &#8220;Separador de retroceso superconductor ISOLDE&#8221; en el CERN para estudiar la estructura y reacciones nucleares de is\u00f3topos ex\u00f3ticos, incluyendo investigar mecanismos de reacci\u00f3n, evoluci\u00f3n de la estructura nuclear, nucleos\u00edntesis y astrof\u00edsica, utilizando diferentes dispositivos detectores en HIE-ISOLDE.<\/p>\n<p><img decoding=\"async\" loading=\"lazy\" class=\"aligncenter\" src=\"https:\/\/www.uhu.es\/ccth\/wp-content\/uploads\/2026\/01\/ISRS.jpg\" width=\"363\" height=\"363\" \/><\/p>\n<p style=\"text-align: center;\">ISRS Setup at ISOLDE<br \/>\nAI generated &#8211; Gemini<\/p>\n<p>&nbsp;<\/td>\n<td style=\"width: 50%;\"><\/td>\n<\/tr>\n<tr>\n<td style=\"width: 50%;\"><\/td>\n<td style=\"width: 50%;\"><\/td>\n<\/tr>\n<tr>\n<td style=\"width: 50%;\"><\/td>\n<td style=\"width: 50%;\"><\/td>\n<\/tr>\n<\/tbody>\n<\/table>\n<p>&nbsp;<\/p>\n<p>&nbsp;<\/p>\n","protected":false},"excerpt":{"rendered":"<p>En este cat\u00e1logo de proyectos de investigaci\u00f3n, exploramos las fronteras de la ciencia y la ingenier\u00eda. &nbsp; Isolde Superconducting Recoil Separator (ISRS) El proyecto ISRS busca construir el &#8220;Separador de retroceso superconductor ISOLDE&#8221; en el CERN para estudiar la estructura y reacciones nucleares de is\u00f3topos ex\u00f3ticos, incluyendo investigar mecanismos de reacci\u00f3n, evoluci\u00f3n de la estructura&hellip; <br \/> <a class=\"read-more\" href=\"https:\/\/www.uhu.es\/ccth\/proyectos\/\">Read more<\/a><\/p>\n","protected":false},"author":1,"featured_media":0,"parent":0,"menu_order":0,"comment_status":"closed","ping_status":"closed","template":"","meta":{"footnotes":""},"_links":{"self":[{"href":"https:\/\/www.uhu.es\/ccth\/wp-json\/wp\/v2\/pages\/1872"}],"collection":[{"href":"https:\/\/www.uhu.es\/ccth\/wp-json\/wp\/v2\/pages"}],"about":[{"href":"https:\/\/www.uhu.es\/ccth\/wp-json\/wp\/v2\/types\/page"}],"author":[{"embeddable":true,"href":"https:\/\/www.uhu.es\/ccth\/wp-json\/wp\/v2\/users\/1"}],"replies":[{"embeddable":true,"href":"https:\/\/www.uhu.es\/ccth\/wp-json\/wp\/v2\/comments?post=1872"}],"version-history":[{"count":20,"href":"https:\/\/www.uhu.es\/ccth\/wp-json\/wp\/v2\/pages\/1872\/revisions"}],"predecessor-version":[{"id":2061,"href":"https:\/\/www.uhu.es\/ccth\/wp-json\/wp\/v2\/pages\/1872\/revisions\/2061"}],"wp:attachment":[{"href":"https:\/\/www.uhu.es\/ccth\/wp-json\/wp\/v2\/media?parent=1872"}],"curies":[{"name":"wp","href":"https:\/\/api.w.org\/{rel}","templated":true}]}}