
{"id":192,"date":"2017-06-29T11:20:01","date_gmt":"2017-06-29T11:20:01","guid":{"rendered":"http:\/\/www.uhu.es\/ccth\/?page_id=192"},"modified":"2026-03-24T13:57:35","modified_gmt":"2026-03-24T13:57:35","slug":"directorio","status":"publish","type":"page","link":"https:\/\/www.uhu.es\/ccth\/directorio\/","title":{"rendered":"Equipo Directivo"},"content":{"rendered":"<table style=\"border-collapse: collapse; width: 100%; margin-bottom: 20px;\">\n<tbody>\n<tr>\n<td style=\"width: 50%; padding: 10px; vertical-align: top;\">\n<h2 style=\"text-align: center;\"><strong>DIRECTOR<\/strong><\/h2>\n<h3 style=\"text-align: center;\">Eladio Dur\u00e1n Aranda<\/h3>\n<div style=\"text-align: center;\"><a href=\"http:\/\/web5n.uhu.es\/ccth\/wp-content\/uploads\/2017\/06\/4.jpg\"><img decoding=\"async\" loading=\"lazy\" class=\"aligncenter wp-image-656\" src=\"http:\/\/web5n.uhu.es\/ccth\/wp-content\/uploads\/2017\/06\/4.jpg\" alt=\"\" width=\"183\" height=\"244\" srcset=\"https:\/\/www.uhu.es\/ccth\/wp-content\/uploads\/2017\/06\/4.jpg 300w, https:\/\/www.uhu.es\/ccth\/wp-content\/uploads\/2017\/06\/4-225x300.jpg 225w\" sizes=\"(max-width: 183px) 100vw, 183px\" \/><\/a><\/div>\n<p style=\"text-align: center; margin: 5px 0;\">E-mail: aranda@uhu.es<\/p>\n<p style=\"text-align: center; margin: 5px 0;\">Telf.: +34 959 21 76 55<\/p>\n<p style=\"text-align: center; margin: 5px 0;\">Researcher ID: F-1653-2016<\/p>\n<p style=\"text-align: center; margin: 5px 0;\">C\u00f3d.: Orcid 0000-0001-9230-165X<\/p>\n<\/td>\n<td style=\"width: 50%; padding: 10px; vertical-align: top;\">\n<h2 style=\"text-align: center;\"><strong>SECRETARIO<\/strong><\/h2>\n<h3 style=\"text-align: center;\">Jos\u00e9 Luis \u00c1lvarez Mac\u00edas<\/h3>\n<div style=\"text-align: center;\"><a href=\"http:\/\/web5n.uhu.es\/ccth\/wp-content\/uploads\/2017\/06\/foto.png\"><img decoding=\"async\" loading=\"lazy\" class=\"aligncenter wp-image-1322\" src=\"http:\/\/web5n.uhu.es\/ccth\/wp-content\/uploads\/2017\/06\/foto.png\" alt=\"\" width=\"145\" height=\"244\" srcset=\"https:\/\/www.uhu.es\/ccth\/wp-content\/uploads\/2017\/06\/foto.png 200w, https:\/\/www.uhu.es\/ccth\/wp-content\/uploads\/2017\/06\/foto-178x300.png 178w\" sizes=\"(max-width: 145px) 100vw, 145px\" \/><\/a><\/div>\n<p style=\"text-align: center; margin: 5px 0;\">E-mail: alvarez@dti.uhu.es<\/p>\n<p style=\"text-align: center; margin: 5px 0;\">Telf.: +34 959 21 76 51<\/p>\n<p style=\"text-align: center; margin: 5px 0;\">Researcher ID: AAJ-7126-2021<\/p>\n<p style=\"text-align: center; margin: 5px 0;\">C\u00f3d.: Orcid 0000-0003-2767-7137<\/p>\n<\/td>\n<\/tr>\n<\/tbody>\n<\/table>\n<table style=\"border-collapse: collapse; width: 100%; margin-bottom: 40px;\">\n<tbody>\n<tr>\n<td style=\"width: 33.3%; padding: 10px; vertical-align: top;\">\n<h2 style=\"text-align: center;\"><strong>COORDINADOR<\/strong><\/h2>\n<h3 style=\"text-align: center;\">Ismael Martel Bravo<\/h3>\n<div style=\"text-align: center;\"><a href=\"http:\/\/web5n.uhu.es\/ccth\/wp-content\/uploads\/2017\/06\/Martel.jpeg\"><img decoding=\"async\" loading=\"lazy\" class=\"aligncenter wp-image-920\" src=\"http:\/\/web5n.uhu.es\/ccth\/wp-content\/uploads\/2017\/06\/Martel.jpeg\" alt=\"\" width=\"175\" height=\"244\" srcset=\"https:\/\/www.uhu.es\/ccth\/wp-content\/uploads\/2017\/06\/Martel.jpeg 229w, https:\/\/www.uhu.es\/ccth\/wp-content\/uploads\/2017\/06\/Martel-215x300.jpeg 215w\" sizes=\"(max-width: 175px) 100vw, 175px\" \/><\/a><\/div>\n<p style=\"text-align: center; margin: 5px 0;\">E-mail: imartel@uhu.es<\/p>\n<p style=\"text-align: center; margin: 5px 0;\">Telf.: +34 959 21 97 85<\/p>\n<p style=\"text-align: center; margin: 5px 0;\">Researcher ID: I-5491-2015<\/p>\n<p style=\"text-align: center; margin: 5px 0;\">C\u00f3d.: Orcid 0000-0002-4895-2305<\/p>\n<\/td>\n<td style=\"width: 33.3%; padding: 10px; vertical-align: top;\">\n<h2 style=\"text-align: center;\"><strong>COORDINADOR<\/strong><\/h2>\n<h3 style=\"text-align: center;\">Jos\u00e9 S\u00e1nchez Segovia<\/h3>\n<div style=\"text-align: center;\"><a href=\"http:\/\/web5n.uhu.es\/ccth\/wp-content\/uploads\/2017\/06\/2.jpg\"><img decoding=\"async\" loading=\"lazy\" class=\"aligncenter wp-image-654\" src=\"http:\/\/web5n.uhu.es\/ccth\/wp-content\/uploads\/2017\/06\/2.jpg\" alt=\"\" width=\"183\" height=\"244\" srcset=\"https:\/\/www.uhu.es\/ccth\/wp-content\/uploads\/2017\/06\/2.jpg 300w, https:\/\/www.uhu.es\/ccth\/wp-content\/uploads\/2017\/06\/2-225x300.jpg 225w\" sizes=\"(max-width: 183px) 100vw, 183px\" \/><\/a><\/div>\n<p style=\"text-align: center; margin: 5px 0;\">E-mail: josesanchez.oncort@gmail.com<\/p>\n<p style=\"text-align: center; margin: 5px 0;\">Researcher ID:<\/p>\n<p style=\"text-align: center; margin: 5px 0;\">C\u00f3d.: orcid.org\/0000-0003-0619-964X<\/p>\n<\/td>\n<td style=\"width: 33.3%; padding: 10px; vertical-align: top;\">\n<h2 style=\"text-align: center;\"><strong>COORDINADOR<\/strong><\/h2>\n<h3 style=\"text-align: center;\">Juan Daniel Mozo Llamazares<\/h3>\n<div style=\"text-align: center;\"><a href=\"http:\/\/www.uhu.es\/ccth\/wp-content\/uploads\/2023\/03\/Sin-titulo-1.png\"><img decoding=\"async\" loading=\"lazy\" class=\"aligncenter wp-image-1837\" src=\"http:\/\/www.uhu.es\/ccth\/wp-content\/uploads\/2023\/03\/Sin-titulo-1.png\" alt=\"\" width=\"236\" height=\"244\" srcset=\"https:\/\/www.uhu.es\/ccth\/wp-content\/uploads\/2023\/03\/Sin-titulo-1.png 2144w, https:\/\/www.uhu.es\/ccth\/wp-content\/uploads\/2023\/03\/Sin-titulo-1-291x300.png 291w, https:\/\/www.uhu.es\/ccth\/wp-content\/uploads\/2023\/03\/Sin-titulo-1-992x1024.png 992w, https:\/\/www.uhu.es\/ccth\/wp-content\/uploads\/2023\/03\/Sin-titulo-1-768x793.png 768w, https:\/\/www.uhu.es\/ccth\/wp-content\/uploads\/2023\/03\/Sin-titulo-1-1488x1536.png 1488w, https:\/\/www.uhu.es\/ccth\/wp-content\/uploads\/2023\/03\/Sin-titulo-1-1984x2048.png 1984w, https:\/\/www.uhu.es\/ccth\/wp-content\/uploads\/2023\/03\/Sin-titulo-1-1024x1057.png 1024w, https:\/\/www.uhu.es\/ccth\/wp-content\/uploads\/2023\/03\/Sin-titulo-1-1046x1080.png 1046w\" sizes=\"(max-width: 236px) 100vw, 236px\" \/><\/a><\/div>\n<p style=\"text-align: center; margin: 5px 0;\">E-mail: jdaniel.mozo@diq.uhu.es<\/p>\n<p style=\"text-align: center; margin: 5px 0;\">Telf.: +34 959 21 99 92<\/p>\n<p style=\"text-align: center; margin: 5px 0;\">Researcher ID: F-8504-2016<\/p>\n<p style=\"text-align: center; margin: 5px 0;\">C\u00f3d.: Orcid 0000-0001-6605-2223<\/p>\n<\/td>\n<\/tr>\n<\/tbody>\n<\/table>\n<table style=\"border-collapse: collapse; width: 100%;\">\n<tbody>\n<tr>\n<td style=\"width: 50%; padding: 20px 10px; vertical-align: top;\">\n<h2 style=\"text-align: center;\"><strong>DEPARTAMENTO DE ELECTR\u00d3NICA Y MECATR\u00d3NICA<\/strong><\/h2>\n<h3 style=\"text-align: center;\">Coordinador Juan Antonio G\u00f3mez Gal\u00e1n<\/h3>\n<div style=\"text-align: center;\"><a href=\"http:\/\/web5n.uhu.es\/ccth\/wp-content\/uploads\/2023\/03\/foto-JuanAntonio.png\"><img decoding=\"async\" loading=\"lazy\" class=\"aligncenter wp-image-1704\" src=\"http:\/\/web5n.uhu.es\/ccth\/wp-content\/uploads\/2023\/03\/foto-JuanAntonio.png\" alt=\"\" width=\"150\" height=\"244\" srcset=\"https:\/\/www.uhu.es\/ccth\/wp-content\/uploads\/2023\/03\/foto-JuanAntonio.png 260w, https:\/\/www.uhu.es\/ccth\/wp-content\/uploads\/2023\/03\/foto-JuanAntonio-184x300.png 184w\" sizes=\"(max-width: 150px) 100vw, 150px\" \/><\/a><\/div>\n<p style=\"text-align: center; margin: 5px 0;\">E-mail: jgalan@diesia.uhu.es<\/p>\n<p style=\"text-align: center; margin: 5px 0;\">Telf.: +34 959 21 76 50<\/p>\n<p style=\"text-align: center; margin: 5px 0;\">Researcher ID: AAA-8579-2020<\/p>\n<p style=\"text-align: center; margin: 5px 0;\">C\u00f3d.: Orcid 0000-0003-1304-8372<\/p>\n<\/td>\n<td style=\"width: 50%; padding: 20px 10px; vertical-align: top;\">\n<h2 style=\"text-align: center;\"><strong>DEPARTAMENTO ELECTROTECNIA Y ELECTR\u00d3NICA<\/strong><\/h2>\n<h3 style=\"text-align: center;\">Coordinador Patricio Salmer\u00f3n Revuelta<\/h3>\n<div style=\"text-align: center;\"><a href=\"http:\/\/web5n.uhu.es\/ccth\/wp-content\/uploads\/2023\/02\/user-profile-icon-free-vector.jpg\"><img decoding=\"async\" loading=\"lazy\" class=\"aligncenter wp-image-1473\" src=\"http:\/\/web5n.uhu.es\/ccth\/wp-content\/uploads\/2023\/02\/user-profile-icon-free-vector.jpg\" alt=\"\" width=\"244\" height=\"244\" srcset=\"https:\/\/www.uhu.es\/ccth\/wp-content\/uploads\/2023\/02\/user-profile-icon-free-vector.jpg 980w, https:\/\/www.uhu.es\/ccth\/wp-content\/uploads\/2023\/02\/user-profile-icon-free-vector-300x300.jpg 300w, https:\/\/www.uhu.es\/ccth\/wp-content\/uploads\/2023\/02\/user-profile-icon-free-vector-150x150.jpg 150w, https:\/\/www.uhu.es\/ccth\/wp-content\/uploads\/2023\/02\/user-profile-icon-free-vector-768x768.jpg 768w\" sizes=\"(max-width: 244px) 100vw, 244px\" \/><\/a><\/div>\n<p style=\"text-align: center; margin: 5px 0;\">E-mail: patricio@uhu.es<\/p>\n<p style=\"text-align: center; margin: 5px 0;\">Telf.: +34 959 21 75 77<\/p>\n<p style=\"text-align: center; margin: 5px 0;\">Researcher ID:<\/p>\n<p style=\"text-align: center; margin: 5px 0;\">C\u00f3d.: 0000-0002-3863-2818<\/p>\n<\/td>\n<\/tr>\n<tr>\n<td style=\"width: 50%; padding: 20px 10px; vertical-align: top;\">\n<h2 style=\"text-align: center;\"><strong>DEPARTAMENTO GEOCIENCIAS APLICADAS<\/strong><\/h2>\n<h3 style=\"text-align: center;\">Coordinador Eduardo Jes\u00fas Mayoral Alfaro<\/h3>\n<div style=\"text-align: center;\"><a href=\"http:\/\/web5n.uhu.es\/ccth\/wp-content\/uploads\/2023\/03\/Foto-Eduardo-Mayoral.jpg\"><img decoding=\"async\" loading=\"lazy\" class=\"aligncenter wp-image-1654\" src=\"http:\/\/web5n.uhu.es\/ccth\/wp-content\/uploads\/2023\/03\/Foto-Eduardo-Mayoral.jpg\" alt=\"\" width=\"166\" height=\"244\" srcset=\"https:\/\/www.uhu.es\/ccth\/wp-content\/uploads\/2023\/03\/Foto-Eduardo-Mayoral.jpg 428w, https:\/\/www.uhu.es\/ccth\/wp-content\/uploads\/2023\/03\/Foto-Eduardo-Mayoral-204x300.jpg 204w\" sizes=\"(max-width: 166px) 100vw, 166px\" \/><\/a><\/div>\n<p style=\"text-align: center; margin: 5px 0;\">E-mail: mayoral@uhu.es<\/p>\n<p style=\"text-align: center; margin: 5px 0;\">Telf.: +34 959 21 98 58<\/p>\n<p style=\"text-align: center; margin: 5px 0;\">Researcher ID: I-5491-2015<\/p>\n<p style=\"text-align: center; margin: 5px 0;\">C\u00f3d.: Orcid 0000-0002-4895-2305<\/p>\n<\/td>\n<td style=\"width: 50%; padding: 20px 10px; vertical-align: top;\">\n<h2 style=\"text-align: center;\"><span style=\"font-size: 26pt;\"><strong>DEPARTAMENTO ELECTR\u00d3NICA, ROB\u00d3TICA Y TECNOLOG\u00cdA DE INFORMACI\u00d3N<\/strong><\/span><\/h2>\n<h3 style=\"text-align: center;\">Coordinador Fernando G\u00f3mez Bravo<\/h3>\n<div style=\"text-align: center;\"><a href=\"http:\/\/web5n.uhu.es\/ccth\/wp-content\/uploads\/2023\/02\/user-profile-icon-free-vector.jpg\"><img decoding=\"async\" loading=\"lazy\" class=\"aligncenter wp-image-1473\" src=\"http:\/\/web5n.uhu.es\/ccth\/wp-content\/uploads\/2023\/02\/user-profile-icon-free-vector.jpg\" alt=\"\" width=\"244\" height=\"244\" srcset=\"https:\/\/www.uhu.es\/ccth\/wp-content\/uploads\/2023\/02\/user-profile-icon-free-vector.jpg 980w, https:\/\/www.uhu.es\/ccth\/wp-content\/uploads\/2023\/02\/user-profile-icon-free-vector-300x300.jpg 300w, https:\/\/www.uhu.es\/ccth\/wp-content\/uploads\/2023\/02\/user-profile-icon-free-vector-150x150.jpg 150w, https:\/\/www.uhu.es\/ccth\/wp-content\/uploads\/2023\/02\/user-profile-icon-free-vector-768x768.jpg 768w\" sizes=\"(max-width: 244px) 100vw, 244px\" \/><\/a><\/div>\n<p style=\"text-align: center; margin: 5px 0;\">E-mail: Fernando.gomez@diesia.uhu.es<\/p>\n<p style=\"text-align: center; margin: 5px 0;\">Telf.: +34 959 21 76 38<\/p>\n<p style=\"text-align: center; margin: 5px 0;\">Researcher ID:<\/p>\n<p style=\"text-align: center; margin: 5px 0;\">C\u00f3d.: Orcid 0000-0002-3765-541X<\/p>\n<\/td>\n<\/tr>\n<tr>\n<td style=\"width: 50%; padding: 20px 10px; vertical-align: top;\">\n<h2 style=\"text-align: center;\"><strong>DEPARTAMENTO SISTEMAS DE VISI\u00d3N, PREDICCI\u00d3N, OPTIMIZACI\u00d3N Y CONTROL<\/strong><\/h2>\n<h3 style=\"text-align: center;\">Coordinador Manuel Emilio Geg\u00fandez Arias<\/h3>\n<div style=\"text-align: center;\"><a href=\"http:\/\/web5n.uhu.es\/ccth\/wp-content\/uploads\/2023\/02\/user-profile-icon-free-vector.jpg\"><img decoding=\"async\" loading=\"lazy\" class=\"aligncenter wp-image-1473\" src=\"http:\/\/web5n.uhu.es\/ccth\/wp-content\/uploads\/2023\/02\/user-profile-icon-free-vector.jpg\" alt=\"\" width=\"244\" height=\"244\" srcset=\"https:\/\/www.uhu.es\/ccth\/wp-content\/uploads\/2023\/02\/user-profile-icon-free-vector.jpg 980w, https:\/\/www.uhu.es\/ccth\/wp-content\/uploads\/2023\/02\/user-profile-icon-free-vector-300x300.jpg 300w, https:\/\/www.uhu.es\/ccth\/wp-content\/uploads\/2023\/02\/user-profile-icon-free-vector-150x150.jpg 150w, https:\/\/www.uhu.es\/ccth\/wp-content\/uploads\/2023\/02\/user-profile-icon-free-vector-768x768.jpg 768w\" sizes=\"(max-width: 244px) 100vw, 244px\" \/><\/a><\/div>\n<p style=\"text-align: center; margin: 5px 0;\">E-mail: gegundez@uhu.es<\/p>\n<p style=\"text-align: center; margin: 5px 0;\">Telf.: +34 959 21 99 31<\/p>\n<p style=\"text-align: center; margin: 5px 0;\">Researcher ID:<\/p>\n<p style=\"text-align: center; margin: 5px 0;\">C\u00f3d.: Orcid 0000-0001-6375-1782<\/p>\n<\/td>\n<td style=\"width: 50%; padding: 20px 10px; vertical-align: top;\">\n<h2 style=\"text-align: center;\"><strong>DEPARTAMENTO TECNOLOG\u00cdA NUCLEAR, BIOLOG\u00cdA CELULAR Y ONCOLOG\u00cdA<\/strong><\/h2>\n<h3 style=\"text-align: center;\">Coordinador Ismael Martel Bravo<\/h3>\n<div style=\"text-align: center;\"><a href=\"http:\/\/web5n.uhu.es\/ccth\/wp-content\/uploads\/2017\/06\/Martel.jpeg\"><img decoding=\"async\" loading=\"lazy\" class=\"aligncenter wp-image-920\" src=\"http:\/\/web5n.uhu.es\/ccth\/wp-content\/uploads\/2017\/06\/Martel.jpeg\" alt=\"\" width=\"175\" height=\"244\" srcset=\"https:\/\/www.uhu.es\/ccth\/wp-content\/uploads\/2017\/06\/Martel.jpeg 229w, https:\/\/www.uhu.es\/ccth\/wp-content\/uploads\/2017\/06\/Martel-215x300.jpeg 215w\" sizes=\"(max-width: 175px) 100vw, 175px\" \/><\/a><\/div>\n<p style=\"text-align: center; margin: 5px 0;\">E-mail: imartel@uhu.es<\/p>\n<p style=\"text-align: center; margin: 5px 0;\">Telf.: +34 959 21 97 85<\/p>\n<p style=\"text-align: center; margin: 5px 0;\">Researcher ID: I-5491-2015<\/p>\n<p style=\"text-align: center; margin: 5px 0;\">C\u00f3d.: Orcid 0000-0002-4895-2305<\/p>\n<\/td>\n<\/tr>\n<tr>\n<td style=\"width: 50%; padding: 20px 10px; vertical-align: top;\">\n<h2 style=\"text-align: center;\"><strong>DEPARTAMENTO ELECTROQU\u00cdMICA APLICADA<\/strong><\/h2>\n<h3 style=\"text-align: center;\">Coordinador Juan Daniel Mozo Llamazares<\/h3>\n<div style=\"text-align: center;\"><a href=\"http:\/\/www.uhu.es\/ccth\/wp-content\/uploads\/2023\/03\/Sin-titulo-1.png\"><img decoding=\"async\" loading=\"lazy\" class=\"aligncenter wp-image-1837\" src=\"http:\/\/www.uhu.es\/ccth\/wp-content\/uploads\/2023\/03\/Sin-titulo-1.png\" alt=\"\" width=\"236\" height=\"244\" srcset=\"https:\/\/www.uhu.es\/ccth\/wp-content\/uploads\/2023\/03\/Sin-titulo-1.png 2144w, https:\/\/www.uhu.es\/ccth\/wp-content\/uploads\/2023\/03\/Sin-titulo-1-291x300.png 291w, https:\/\/www.uhu.es\/ccth\/wp-content\/uploads\/2023\/03\/Sin-titulo-1-992x1024.png 992w, https:\/\/www.uhu.es\/ccth\/wp-content\/uploads\/2023\/03\/Sin-titulo-1-768x793.png 768w, https:\/\/www.uhu.es\/ccth\/wp-content\/uploads\/2023\/03\/Sin-titulo-1-1488x1536.png 1488w, https:\/\/www.uhu.es\/ccth\/wp-content\/uploads\/2023\/03\/Sin-titulo-1-1984x2048.png 1984w, https:\/\/www.uhu.es\/ccth\/wp-content\/uploads\/2023\/03\/Sin-titulo-1-1024x1057.png 1024w, https:\/\/www.uhu.es\/ccth\/wp-content\/uploads\/2023\/03\/Sin-titulo-1-1046x1080.png 1046w\" sizes=\"(max-width: 236px) 100vw, 236px\" \/><\/a><\/div>\n<p style=\"text-align: center; margin: 5px 0;\">E-mail: jdaniel.mozo@diq.uhu.es<\/p>\n<p style=\"text-align: center; margin: 5px 0;\">Telf.: +34 959 21 99 92<\/p>\n<p style=\"text-align: center; margin: 5px 0;\">Researcher ID: F-8504-2016<\/p>\n<p style=\"text-align: center; margin: 5px 0;\">C\u00f3d.: Orcid 0000-0001-6605-2223<\/p>\n<\/td>\n<td style=\"width: 50%; padding: 20px 10px; vertical-align: top;\">\n<h2 style=\"text-align: center;\"><strong>DEPARTAMENTO ECONOM\u00cdA COMPUTACIONAL Y DIGITAL<\/strong><\/h2>\n<h3 style=\"text-align: center;\">Coordinador Emilio Congregado Ram\u00edrez De Aguilera<\/h3>\n<div style=\"text-align: center;\"><a href=\"http:\/\/web5n.uhu.es\/ccth\/wp-content\/uploads\/2023\/02\/user-profile-icon-free-vector.jpg\"><img decoding=\"async\" loading=\"lazy\" class=\"aligncenter wp-image-1473\" src=\"http:\/\/web5n.uhu.es\/ccth\/wp-content\/uploads\/2023\/02\/user-profile-icon-free-vector.jpg\" alt=\"\" width=\"244\" height=\"244\" srcset=\"https:\/\/www.uhu.es\/ccth\/wp-content\/uploads\/2023\/02\/user-profile-icon-free-vector.jpg 980w, https:\/\/www.uhu.es\/ccth\/wp-content\/uploads\/2023\/02\/user-profile-icon-free-vector-300x300.jpg 300w, https:\/\/www.uhu.es\/ccth\/wp-content\/uploads\/2023\/02\/user-profile-icon-free-vector-150x150.jpg 150w, https:\/\/www.uhu.es\/ccth\/wp-content\/uploads\/2023\/02\/user-profile-icon-free-vector-768x768.jpg 768w\" sizes=\"(max-width: 244px) 100vw, 244px\" \/><\/a><\/div>\n<p style=\"text-align: center; margin: 5px 0;\">E-mail: congregado@uhu.es<\/p>\n<p style=\"text-align: center; margin: 5px 0;\">Telf.: +34 959 21 78 32<\/p>\n<p style=\"text-align: center; margin: 5px 0;\">Researcher ID: H-8465-2012<\/p>\n<p style=\"text-align: center; margin: 5px 0;\">C\u00f3d.: Orcid 0000-0001-7409-0799<\/p>\n<\/td>\n<\/tr>\n<tr>\n<td style=\"width: 50%; padding: 20px 10px; vertical-align: top;\">\n<h2 style=\"text-align: center;\"><strong>DEPARTAMENTO AGUA, MINER\u00cdA Y MEDIOAMBIENTE<\/strong><\/h2>\n<h3 style=\"text-align: center;\">Coordinadora Mar\u00eda Santisteban Fern\u00e1ndez<\/h3>\n<div style=\"text-align: center;\"><a href=\"http:\/\/web5n.uhu.es\/ccth\/wp-content\/uploads\/2023\/02\/user-profile-icon-free-vector.jpg\"><img decoding=\"async\" loading=\"lazy\" class=\"aligncenter wp-image-1473\" src=\"http:\/\/web5n.uhu.es\/ccth\/wp-content\/uploads\/2023\/02\/user-profile-icon-free-vector.jpg\" alt=\"\" width=\"244\" height=\"244\" srcset=\"https:\/\/www.uhu.es\/ccth\/wp-content\/uploads\/2023\/02\/user-profile-icon-free-vector.jpg 980w, https:\/\/www.uhu.es\/ccth\/wp-content\/uploads\/2023\/02\/user-profile-icon-free-vector-300x300.jpg 300w, https:\/\/www.uhu.es\/ccth\/wp-content\/uploads\/2023\/02\/user-profile-icon-free-vector-150x150.jpg 150w, https:\/\/www.uhu.es\/ccth\/wp-content\/uploads\/2023\/02\/user-profile-icon-free-vector-768x768.jpg 768w\" sizes=\"(max-width: 244px) 100vw, 244px\" \/><\/a><\/div>\n<p style=\"text-align: center; margin: 5px 0;\">E-mail: maria.santisteban@dimme.uhu.es<\/p>\n<p style=\"text-align: center; margin: 5px 0;\">Telf.: +34 959 21 73 40<\/p>\n<p style=\"text-align: center; margin: 5px 0;\">Researcher ID: B-7022-2018<\/p>\n<p style=\"text-align: center; margin: 5px 0;\">C\u00f3d.: Orcid 0000-0002-9811-8343<\/p>\n<\/td>\n<td style=\"width: 50%; padding: 20px 10px; vertical-align: top;\">\n<h2 style=\"text-align: center;\"><strong>DEPARTAMENTO CIENCIA DE LOS MATERIALES E INGENIER\u00cdA METAL\u00daRGICA<\/strong><\/h2>\n<h3 style=\"text-align: center;\">Coordinadora Francisco Paula G\u00f3mez Cuevas<\/h3>\n<p><img decoding=\"async\" loading=\"lazy\" class=\"aligncenter\" src=\"https:\/\/www.uhu.es\/ccth\/wp-content\/uploads\/2023\/02\/user-profile-icon-free-vector.jpg\" alt=\"\" width=\"245\" height=\"245\" \/><\/p>\n<p style=\"text-align: center; margin: 5px 0;\">E-mail: fgcuevas@dqcm.uhu.es<\/p>\n<p style=\"text-align: center; margin: 5px 0;\">Telf.: +34 959 21 74 48<\/p>\n<p style=\"text-align: center; margin: 5px 0;\">Researcher ID: AAB-9031-2019<\/p>\n<p style=\"text-align: center; margin: 5px 0;\">C\u00f3d.: Orcid 0000-0002-1167-1569<\/p>\n<\/td>\n<\/tr>\n<\/tbody>\n<\/table>\n","protected":false},"excerpt":{"rendered":"<p>DIRECTOR Eladio Dur\u00e1n Aranda E-mail: aranda@uhu.es Telf.: +34 959 21 76 55 Researcher ID: F-1653-2016 C\u00f3d.: Orcid 0000-0001-9230-165X SECRETARIO Jos\u00e9 Luis \u00c1lvarez Mac\u00edas E-mail: alvarez@dti.uhu.es Telf.: +34 959 21 76 51 Researcher ID: AAJ-7126-2021 C\u00f3d.: Orcid 0000-0003-2767-7137 COORDINADOR Ismael Martel Bravo E-mail: imartel@uhu.es Telf.: +34 959 21 97 85 Researcher ID: I-5491-2015 C\u00f3d.: Orcid 0000-0002-4895-2305&hellip; <br \/> <a class=\"read-more\" href=\"https:\/\/www.uhu.es\/ccth\/directorio\/\">Read more<\/a><\/p>\n","protected":false},"author":1,"featured_media":0,"parent":0,"menu_order":0,"comment_status":"closed","ping_status":"closed","template":"","meta":{"footnotes":""},"_links":{"self":[{"href":"https:\/\/www.uhu.es\/ccth\/wp-json\/wp\/v2\/pages\/192"}],"collection":[{"href":"https:\/\/www.uhu.es\/ccth\/wp-json\/wp\/v2\/pages"}],"about":[{"href":"https:\/\/www.uhu.es\/ccth\/wp-json\/wp\/v2\/types\/page"}],"author":[{"embeddable":true,"href":"https:\/\/www.uhu.es\/ccth\/wp-json\/wp\/v2\/users\/1"}],"replies":[{"embeddable":true,"href":"https:\/\/www.uhu.es\/ccth\/wp-json\/wp\/v2\/comments?post=192"}],"version-history":[{"count":228,"href":"https:\/\/www.uhu.es\/ccth\/wp-json\/wp\/v2\/pages\/192\/revisions"}],"predecessor-version":[{"id":2108,"href":"https:\/\/www.uhu.es\/ccth\/wp-json\/wp\/v2\/pages\/192\/revisions\/2108"}],"wp:attachment":[{"href":"https:\/\/www.uhu.es\/ccth\/wp-json\/wp\/v2\/media?parent=192"}],"curies":[{"name":"wp","href":"https:\/\/api.w.org\/{rel}","templated":true}]}}