
{"id":2005,"date":"2023-09-04T10:35:54","date_gmt":"2023-09-04T10:35:54","guid":{"rendered":"http:\/\/www.uhu.es\/ccth\/?page_id=2005"},"modified":"2023-09-04T10:53:26","modified_gmt":"2023-09-04T10:53:26","slug":"ofertas-de-empleo","status":"publish","type":"page","link":"https:\/\/www.uhu.es\/ccth\/ofertas-de-empleo\/","title":{"rendered":"Ofertas de empleo"},"content":{"rendered":"<p>En del CCTH, consideramos que la investigaci\u00f3n es un pilar esencial de nuestro compromiso con la excelencia y la innovaci\u00f3n. Estamos en la b\u00fasqueda de individuos altamente cualificados y enfocados que deseen formar parte de nuestro equipo de investigaci\u00f3n y contribuir al avance del conocimiento.<\/p>\n<ul>\n<li><a href=\"https:\/\/www.uhu.es\/personal-tecnico-apoyo\/\">Personal T\u00e9cnico de Apoyo a la Investigaci\u00f3n.<\/a><\/li>\n<\/ul>\n","protected":false},"excerpt":{"rendered":"<p>En del CCTH, consideramos que la investigaci\u00f3n es un pilar esencial de nuestro compromiso con la excelencia y la innovaci\u00f3n. Estamos en la b\u00fasqueda de individuos altamente cualificados y enfocados que deseen formar parte de nuestro equipo de investigaci\u00f3n y contribuir al avance del conocimiento. Personal T\u00e9cnico de Apoyo a la Investigaci\u00f3n.<\/p>\n","protected":false},"author":1,"featured_media":0,"parent":0,"menu_order":0,"comment_status":"closed","ping_status":"closed","template":"","meta":{"footnotes":""},"_links":{"self":[{"href":"https:\/\/www.uhu.es\/ccth\/wp-json\/wp\/v2\/pages\/2005"}],"collection":[{"href":"https:\/\/www.uhu.es\/ccth\/wp-json\/wp\/v2\/pages"}],"about":[{"href":"https:\/\/www.uhu.es\/ccth\/wp-json\/wp\/v2\/types\/page"}],"author":[{"embeddable":true,"href":"https:\/\/www.uhu.es\/ccth\/wp-json\/wp\/v2\/users\/1"}],"replies":[{"embeddable":true,"href":"https:\/\/www.uhu.es\/ccth\/wp-json\/wp\/v2\/comments?post=2005"}],"version-history":[{"count":3,"href":"https:\/\/www.uhu.es\/ccth\/wp-json\/wp\/v2\/pages\/2005\/revisions"}],"predecessor-version":[{"id":2022,"href":"https:\/\/www.uhu.es\/ccth\/wp-json\/wp\/v2\/pages\/2005\/revisions\/2022"}],"wp:attachment":[{"href":"https:\/\/www.uhu.es\/ccth\/wp-json\/wp\/v2\/media?parent=2005"}],"curies":[{"name":"wp","href":"https:\/\/api.w.org\/{rel}","templated":true}]}}